{"id":9743,"date":"2025-10-23T05:34:58","date_gmt":"2025-10-23T05:34:58","guid":{"rendered":"https:\/\/miilakoogid.ee\/?post_type=product&#038;p=9743"},"modified":"2025-10-24T05:53:58","modified_gmt":"2025-10-24T05:53:58","slug":"red-velvet-tassikoogid-vaarikamoosiga","status":"publish","type":"product","link":"https:\/\/miilakoogid.ee\/en\/product\/red-velvet-tassikoogid-vaarikamoosiga\/","title":{"rendered":"Red velvet tassikoogid vaarikamoosiga"},"content":{"rendered":"<p data-start=\"743\" data-end=\"767\"><strong>Retseptis \u00f5petan:<\/strong><\/p>\n<ul>\n<li data-start=\"770\" data-end=\"812\">Red Velvet tassikoogi taina valmistamist ja kookide k\u00fcpsetamist<\/li>\n<li data-start=\"770\" data-end=\"812\">Hapuka vaarikat\u00e4idise valmistamist<\/li>\n<li data-start=\"770\" data-end=\"812\">Toorjuustukreemi valmistamist ja kookide katmist<\/li>\n<li data-start=\"849\" data-end=\"947\">Kaunistamist efektsete \u201cklaasikildudega\u201d kahel viisil<\/li>\n<\/ul>\n<p><strong>Retsept sisaldab:<\/strong><\/p>\n<ul>\n<li>7-lehek\u00fcljelist (A4 formaadis) p\u00f5hjalikku juhendit retseptide ja juhistega<\/li>\n<li data-start=\"1036\" data-end=\"1079\">Abistavad fotod t\u00f6\u00f6k\u00e4igust<\/li>\n<li data-start=\"1118\" data-end=\"1162\">Soovitusi kaunistamiseks ja serveerimiseks<\/li>\n<li data-start=\"1118\" data-end=\"1162\">Infot t\u00f6\u00f6vahendite ja tooraine soetamiseks<\/li>\n<\/ul>","protected":false},"excerpt":{"rendered":"<p>Need <strong>Red Velvet tassikoogid vaarikamoosiga<\/strong> on sametiselt pehmed, hapukasmagusad ja efektsed \u2013 sobides nii Halloweeni peoks kui ka \u00fcksk\u00f5ik millisele pidup\u00e4evale.<\/p>\n<p>Lisaks tassikookide valmistamisele leiad retseptist kaks erinevat varianti \u201cklaasikildude\u201d valmistamiseks \u2013 m\u00f5lemad nii s\u00f6\u00f6davad kui ka dekoratiivsed, mis teevad tassikoogid t\u00f5eliselt pilkup\u00fc\u00fcdvaks just Halloweenil.<\/p>","protected":false},"featured_media":9741,"comment_status":"closed","ping_status":"closed","template":"","meta":{"site-sidebar-layout":"default","site-content-layout":"","ast-site-content-layout":"default","site-content-style":"default","site-sidebar-style":"default","ast-global-header-display":"","ast-banner-title-visibility":"","ast-main-header-display":"","ast-hfb-above-header-display":"","ast-hfb-below-header-display":"","ast-hfb-mobile-header-display":"","site-post-title":"","ast-breadcrumbs-content":"","ast-featured-img":"","footer-sml-layout":"","ast-disable-related-posts":"","theme-transparent-header-meta":"default","adv-header-id-meta":"","stick-header-meta":"","header-above-stick-meta":"","header-main-stick-meta":"","header-below-stick-meta":"","astra-migrate-meta-layouts":"set","ast-page-background-enabled":"default","ast-page-background-meta":{"desktop":{"background-color":"","background-image":"","background-repeat":"repeat","background-position":"center center","background-size":"auto","background-attachment":"scroll","background-type":"","background-media":"","overlay-type":"","overlay-color":"","overlay-opacity":"","overlay-gradient":""},"tablet":{"background-color":"","background-image":"","background-repeat":"repeat","background-position":"center center","background-size":"auto","background-attachment":"scroll","background-type":"","background-media":"","overlay-type":"","overlay-color":"","overlay-opacity":"","overlay-gradient":""},"mobile":{"background-color":"","background-image":"","background-repeat":"repeat","background-position":"center center","background-size":"auto","background-attachment":"scroll","background-type":"","background-media":"","overlay-type":"","overlay-color":"","overlay-opacity":"","overlay-gradient":""}},"ast-content-background-meta":{"desktop":{"background-color":"var(--ast-global-color-5)","background-image":"","background-repeat":"repeat","background-position":"center center","background-size":"auto","background-attachment":"scroll","background-type":"","background-media":"","overlay-type":"","overlay-color":"","overlay-opacity":"","overlay-gradient":""},"tablet":{"background-color":"var(--ast-global-color-5)","background-image":"","background-repeat":"repeat","background-position":"center center","background-size":"auto","background-attachment":"scroll","background-type":"","background-media":"","overlay-type":"","overlay-color":"","overlay-opacity":"","overlay-gradient":""},"mobile":{"background-color":"var(--ast-global-color-5)","background-image":"","background-repeat":"repeat","background-position":"center center","background-size":"auto","background-attachment":"scroll","background-type":"","background-media":"","overlay-type":"","overlay-color":"","overlay-opacity":"","overlay-gradient":""}}},"product_brand":[],"product_cat":[37],"product_tag":[259,255,86,207],"class_list":{"0":"post-9743","1":"product","2":"type-product","3":"status-publish","4":"has-post-thumbnail","6":"product_cat-retseptid","7":"product_tag-halloween","8":"product_tag-red-velvet","9":"product_tag-tassikook","10":"product_tag-vaarikamoos","11":"desktop-align-center","12":"tablet-align-left","13":"mobile-align-left","15":"first","16":"instock","17":"downloadable","18":"virtual","19":"sold-individually","20":"taxable","21":"purchasable","22":"product-type-simple"},"yoast_head":"<!-- This site is optimized with the Yoast SEO plugin v27.4 - https:\/\/yoast.com\/product\/yoast-seo-wordpress\/ -->\n<title>Red velvet tassikoogid vaarikamoosiga - Miila koogid<\/title>\n<meta name=\"description\" content=\"Halloweeni teemaline Red Velvet tassikookide retsept \u2013 vaarikamoos, klaasikillud ja samm-sammuline juhend fotodega, et tulemus oleks t\u00e4iuslik.\" \/>\n<meta name=\"robots\" content=\"index, follow, max-snippet:-1, max-image-preview:large, max-video-preview:-1\" \/>\n<link rel=\"canonical\" href=\"https:\/\/miilakoogid.ee\/en\/product\/red-velvet-tassikoogid-vaarikamoosiga\/\" \/>\n<meta property=\"og:locale\" content=\"en_US\" \/>\n<meta property=\"og:type\" content=\"article\" \/>\n<meta property=\"og:title\" content=\"Red velvet tassikoogid vaarikamoosiga - Miila koogid\" \/>\n<meta property=\"og:description\" content=\"Halloweeni teemaline Red Velvet tassikookide retsept \u2013 vaarikamoos, klaasikillud ja samm-sammuline juhend fotodega, et tulemus oleks t\u00e4iuslik.\" \/>\n<meta property=\"og:url\" content=\"https:\/\/miilakoogid.ee\/en\/product\/red-velvet-tassikoogid-vaarikamoosiga\/\" \/>\n<meta property=\"og:site_name\" content=\"Miila koogid\" \/>\n<meta property=\"article:modified_time\" content=\"2025-10-24T05:53:58+00:00\" \/>\n<meta property=\"og:image\" content=\"https:\/\/miilakoogid.ee\/wp-content\/uploads\/2025\/10\/IMG_6218-scaled-e1761136872815.jpg\" \/>\n\t<meta property=\"og:image:width\" content=\"1920\" \/>\n\t<meta property=\"og:image:height\" content=\"1920\" \/>\n\t<meta property=\"og:image:type\" content=\"image\/jpeg\" \/>\n<meta name=\"twitter:card\" content=\"summary_large_image\" \/>\n<meta name=\"twitter:label1\" content=\"Est. reading time\" \/>\n\t<meta name=\"twitter:data1\" content=\"1 minute\" \/>\n<script type=\"application\/ld+json\" class=\"yoast-schema-graph\">{\"@context\":\"https:\\\/\\\/schema.org\",\"@graph\":[{\"@type\":\"WebPage\",\"@id\":\"https:\\\/\\\/miilakoogid.ee\\\/product\\\/red-velvet-tassikoogid-vaarikamoosiga\\\/\",\"url\":\"https:\\\/\\\/miilakoogid.ee\\\/product\\\/red-velvet-tassikoogid-vaarikamoosiga\\\/\",\"name\":\"Red velvet tassikoogid vaarikamoosiga - Miila koogid\",\"isPartOf\":{\"@id\":\"https:\\\/\\\/miilakoogid.ee\\\/#website\"},\"primaryImageOfPage\":{\"@id\":\"https:\\\/\\\/miilakoogid.ee\\\/product\\\/red-velvet-tassikoogid-vaarikamoosiga\\\/#primaryimage\"},\"image\":{\"@id\":\"https:\\\/\\\/miilakoogid.ee\\\/product\\\/red-velvet-tassikoogid-vaarikamoosiga\\\/#primaryimage\"},\"thumbnailUrl\":\"https:\\\/\\\/miilakoogid.ee\\\/wp-content\\\/uploads\\\/2025\\\/10\\\/IMG_6218-scaled-e1761136872815.jpg\",\"datePublished\":\"2025-10-23T05:34:58+00:00\",\"dateModified\":\"2025-10-24T05:53:58+00:00\",\"description\":\"Halloweeni teemaline Red Velvet tassikookide retsept \u2013 vaarikamoos, klaasikillud ja samm-sammuline juhend fotodega, et tulemus oleks t\u00e4iuslik.\",\"breadcrumb\":{\"@id\":\"https:\\\/\\\/miilakoogid.ee\\\/product\\\/red-velvet-tassikoogid-vaarikamoosiga\\\/#breadcrumb\"},\"inLanguage\":\"en-US\",\"potentialAction\":[{\"@type\":\"ReadAction\",\"target\":[\"https:\\\/\\\/miilakoogid.ee\\\/product\\\/red-velvet-tassikoogid-vaarikamoosiga\\\/\"]}]},{\"@type\":\"ImageObject\",\"inLanguage\":\"en-US\",\"@id\":\"https:\\\/\\\/miilakoogid.ee\\\/product\\\/red-velvet-tassikoogid-vaarikamoosiga\\\/#primaryimage\",\"url\":\"https:\\\/\\\/miilakoogid.ee\\\/wp-content\\\/uploads\\\/2025\\\/10\\\/IMG_6218-scaled-e1761136872815.jpg\",\"contentUrl\":\"https:\\\/\\\/miilakoogid.ee\\\/wp-content\\\/uploads\\\/2025\\\/10\\\/IMG_6218-scaled-e1761136872815.jpg\",\"width\":1920,\"height\":1920},{\"@type\":\"BreadcrumbList\",\"@id\":\"https:\\\/\\\/miilakoogid.ee\\\/product\\\/red-velvet-tassikoogid-vaarikamoosiga\\\/#breadcrumb\",\"itemListElement\":[{\"@type\":\"ListItem\",\"position\":1,\"name\":\"Esileht\",\"item\":\"https:\\\/\\\/miilakoogid.ee\\\/\"},{\"@type\":\"ListItem\",\"position\":2,\"name\":\"E-Pood\",\"item\":\"https:\\\/\\\/miilakoogid.ee\\\/e-pood\\\/\"},{\"@type\":\"ListItem\",\"position\":3,\"name\":\"Red velvet tassikoogid vaarikamoosiga\"}]},{\"@type\":\"WebSite\",\"@id\":\"https:\\\/\\\/miilakoogid.ee\\\/#website\",\"url\":\"https:\\\/\\\/miilakoogid.ee\\\/\",\"name\":\"Miila koogid\",\"description\":\"K\u00fcpsetamise veebikoolitused\",\"publisher\":{\"@id\":\"https:\\\/\\\/miilakoogid.ee\\\/#organization\"},\"potentialAction\":[{\"@type\":\"SearchAction\",\"target\":{\"@type\":\"EntryPoint\",\"urlTemplate\":\"https:\\\/\\\/miilakoogid.ee\\\/?s={search_term_string}\"},\"query-input\":{\"@type\":\"PropertyValueSpecification\",\"valueRequired\":true,\"valueName\":\"search_term_string\"}}],\"inLanguage\":\"en-US\"},{\"@type\":\"Organization\",\"@id\":\"https:\\\/\\\/miilakoogid.ee\\\/#organization\",\"name\":\"Miila koogid\",\"url\":\"https:\\\/\\\/miilakoogid.ee\\\/\",\"logo\":{\"@type\":\"ImageObject\",\"inLanguage\":\"en-US\",\"@id\":\"https:\\\/\\\/miilakoogid.ee\\\/#\\\/schema\\\/logo\\\/image\\\/\",\"url\":\"https:\\\/\\\/miilakoogid.ee\\\/wp-content\\\/uploads\\\/2024\\\/10\\\/Miila-koogid-1.svg\",\"contentUrl\":\"https:\\\/\\\/miilakoogid.ee\\\/wp-content\\\/uploads\\\/2024\\\/10\\\/Miila-koogid-1.svg\",\"width\":100,\"height\":100,\"caption\":\"Miila koogid\"},\"image\":{\"@id\":\"https:\\\/\\\/miilakoogid.ee\\\/#\\\/schema\\\/logo\\\/image\\\/\"}}]}<\/script>\n<!-- \/ Yoast SEO plugin. -->","yoast_head_json":{"title":"Red velvet tassikoogid vaarikamoosiga - Miila koogid","description":"Halloweeni teemaline Red Velvet tassikookide retsept \u2013 vaarikamoos, klaasikillud ja samm-sammuline juhend fotodega, et tulemus oleks t\u00e4iuslik.","robots":{"index":"index","follow":"follow","max-snippet":"max-snippet:-1","max-image-preview":"max-image-preview:large","max-video-preview":"max-video-preview:-1"},"canonical":"https:\/\/miilakoogid.ee\/en\/product\/red-velvet-tassikoogid-vaarikamoosiga\/","og_locale":"en_US","og_type":"article","og_title":"Red velvet tassikoogid vaarikamoosiga - Miila koogid","og_description":"Halloweeni teemaline Red Velvet tassikookide retsept \u2013 vaarikamoos, klaasikillud ja samm-sammuline juhend fotodega, et tulemus oleks t\u00e4iuslik.","og_url":"https:\/\/miilakoogid.ee\/en\/product\/red-velvet-tassikoogid-vaarikamoosiga\/","og_site_name":"Miila koogid","article_modified_time":"2025-10-24T05:53:58+00:00","og_image":[{"width":1920,"height":1920,"url":"https:\/\/miilakoogid.ee\/wp-content\/uploads\/2025\/10\/IMG_6218-scaled-e1761136872815.jpg","type":"image\/jpeg"}],"twitter_card":"summary_large_image","twitter_misc":{"Est. reading time":"1 minute"},"schema":{"@context":"https:\/\/schema.org","@graph":[{"@type":"WebPage","@id":"https:\/\/miilakoogid.ee\/product\/red-velvet-tassikoogid-vaarikamoosiga\/","url":"https:\/\/miilakoogid.ee\/product\/red-velvet-tassikoogid-vaarikamoosiga\/","name":"Red velvet tassikoogid vaarikamoosiga - Miila koogid","isPartOf":{"@id":"https:\/\/miilakoogid.ee\/#website"},"primaryImageOfPage":{"@id":"https:\/\/miilakoogid.ee\/product\/red-velvet-tassikoogid-vaarikamoosiga\/#primaryimage"},"image":{"@id":"https:\/\/miilakoogid.ee\/product\/red-velvet-tassikoogid-vaarikamoosiga\/#primaryimage"},"thumbnailUrl":"https:\/\/miilakoogid.ee\/wp-content\/uploads\/2025\/10\/IMG_6218-scaled-e1761136872815.jpg","datePublished":"2025-10-23T05:34:58+00:00","dateModified":"2025-10-24T05:53:58+00:00","description":"Halloweeni teemaline Red Velvet tassikookide retsept \u2013 vaarikamoos, klaasikillud ja samm-sammuline juhend fotodega, et tulemus oleks t\u00e4iuslik.","breadcrumb":{"@id":"https:\/\/miilakoogid.ee\/product\/red-velvet-tassikoogid-vaarikamoosiga\/#breadcrumb"},"inLanguage":"en-US","potentialAction":[{"@type":"ReadAction","target":["https:\/\/miilakoogid.ee\/product\/red-velvet-tassikoogid-vaarikamoosiga\/"]}]},{"@type":"ImageObject","inLanguage":"en-US","@id":"https:\/\/miilakoogid.ee\/product\/red-velvet-tassikoogid-vaarikamoosiga\/#primaryimage","url":"https:\/\/miilakoogid.ee\/wp-content\/uploads\/2025\/10\/IMG_6218-scaled-e1761136872815.jpg","contentUrl":"https:\/\/miilakoogid.ee\/wp-content\/uploads\/2025\/10\/IMG_6218-scaled-e1761136872815.jpg","width":1920,"height":1920},{"@type":"BreadcrumbList","@id":"https:\/\/miilakoogid.ee\/product\/red-velvet-tassikoogid-vaarikamoosiga\/#breadcrumb","itemListElement":[{"@type":"ListItem","position":1,"name":"Esileht","item":"https:\/\/miilakoogid.ee\/"},{"@type":"ListItem","position":2,"name":"E-Pood","item":"https:\/\/miilakoogid.ee\/e-pood\/"},{"@type":"ListItem","position":3,"name":"Red velvet tassikoogid vaarikamoosiga"}]},{"@type":"WebSite","@id":"https:\/\/miilakoogid.ee\/#website","url":"https:\/\/miilakoogid.ee\/","name":"Miila koogid","description":"K\u00fcpsetamise veebikoolitused","publisher":{"@id":"https:\/\/miilakoogid.ee\/#organization"},"potentialAction":[{"@type":"SearchAction","target":{"@type":"EntryPoint","urlTemplate":"https:\/\/miilakoogid.ee\/?s={search_term_string}"},"query-input":{"@type":"PropertyValueSpecification","valueRequired":true,"valueName":"search_term_string"}}],"inLanguage":"en-US"},{"@type":"Organization","@id":"https:\/\/miilakoogid.ee\/#organization","name":"Miila koogid","url":"https:\/\/miilakoogid.ee\/","logo":{"@type":"ImageObject","inLanguage":"en-US","@id":"https:\/\/miilakoogid.ee\/#\/schema\/logo\/image\/","url":"https:\/\/miilakoogid.ee\/wp-content\/uploads\/2024\/10\/Miila-koogid-1.svg","contentUrl":"https:\/\/miilakoogid.ee\/wp-content\/uploads\/2024\/10\/Miila-koogid-1.svg","width":100,"height":100,"caption":"Miila koogid"},"image":{"@id":"https:\/\/miilakoogid.ee\/#\/schema\/logo\/image\/"}}]}},"_links":{"self":[{"href":"https:\/\/miilakoogid.ee\/en\/wp-json\/wp\/v2\/product\/9743","targetHints":{"allow":["GET"]}}],"collection":[{"href":"https:\/\/miilakoogid.ee\/en\/wp-json\/wp\/v2\/product"}],"about":[{"href":"https:\/\/miilakoogid.ee\/en\/wp-json\/wp\/v2\/types\/product"}],"replies":[{"embeddable":true,"href":"https:\/\/miilakoogid.ee\/en\/wp-json\/wp\/v2\/comments?post=9743"}],"version-history":[{"count":4,"href":"https:\/\/miilakoogid.ee\/en\/wp-json\/wp\/v2\/product\/9743\/revisions"}],"predecessor-version":[{"id":9748,"href":"https:\/\/miilakoogid.ee\/en\/wp-json\/wp\/v2\/product\/9743\/revisions\/9748"}],"wp:featuredmedia":[{"embeddable":true,"href":"https:\/\/miilakoogid.ee\/en\/wp-json\/wp\/v2\/media\/9741"}],"wp:attachment":[{"href":"https:\/\/miilakoogid.ee\/en\/wp-json\/wp\/v2\/media?parent=9743"}],"wp:term":[{"taxonomy":"product_brand","embeddable":true,"href":"https:\/\/miilakoogid.ee\/en\/wp-json\/wp\/v2\/product_brand?post=9743"},{"taxonomy":"product_cat","embeddable":true,"href":"https:\/\/miilakoogid.ee\/en\/wp-json\/wp\/v2\/product_cat?post=9743"},{"taxonomy":"product_tag","embeddable":true,"href":"https:\/\/miilakoogid.ee\/en\/wp-json\/wp\/v2\/product_tag?post=9743"}],"curies":[{"name":"wp","href":"https:\/\/api.w.org\/{rel}","templated":true}]}}