{"id":9211,"date":"2025-09-23T03:22:02","date_gmt":"2025-09-23T03:22:02","guid":{"rendered":"https:\/\/miilakoogid.ee\/?post_type=product&#038;p=9211"},"modified":"2026-03-04T08:31:58","modified_gmt":"2026-03-04T06:31:58","slug":"veebikoolitus-pirukad-ja-saiakesed-kingitus","status":"publish","type":"product","link":"https:\/\/miilakoogid.ee\/en\/product\/veebikoolitus-pirukad-ja-saiakesed-kingitus\/","title":{"rendered":"Online course \"Pies and Pastries\" + GIFT"},"content":{"rendered":"<p><b>Topics covered in the training:<\/b><\/p>\n<ul>\n<li style=\"font-weight: 400;\" aria-level=\"1\"><span style=\"font-weight: 400;\">P\u00e4rmitaigna meelespea<\/span><\/li>\n<li style=\"font-weight: 400;\" aria-level=\"1\"><span style=\"font-weight: 400;\">P\u00e4rmitaigna valmistamine ja kergitamine<\/span><\/li>\n<li style=\"font-weight: 400;\" aria-level=\"1\"><span style=\"font-weight: 400;\">Pizzasaiakeste vormimine ja kergitamine<\/span><\/li>\n<li style=\"font-weight: 400;\" aria-level=\"1\"><span style=\"font-weight: 400;\">Pizzasaiakeste k\u00fcpsetamine<\/span><\/li>\n<li style=\"font-weight: 400;\" aria-level=\"1\"><span style=\"font-weight: 400;\">Hakklihat\u00e4idise valmistamine<\/span><\/li>\n<li style=\"font-weight: 400;\" aria-level=\"1\"><span style=\"font-weight: 400;\">Lihapirukate vormimine ja kergitamine<\/span><\/li>\n<li style=\"font-weight: 400;\" aria-level=\"1\"><span style=\"font-weight: 400;\">Lihapirukate k\u00fcpsetamine<\/span><\/li>\n<li style=\"font-weight: 400;\" aria-level=\"1\"><span style=\"font-weight: 400;\">\u0160okolaadi-p\u00e4hklirulli t\u00e4idise valmistamine<\/span><\/li>\n<li style=\"font-weight: 400;\" aria-level=\"1\"><span style=\"font-weight: 400;\">\u0160okolaadi-p\u00e4hklirullide vormimine ja kergitamine<\/span><\/li>\n<li style=\"font-weight: 400;\" aria-level=\"1\"><span style=\"font-weight: 400;\">\u0160okolaadi-p\u00e4hklirullide k\u00fcpsetamine<br \/>\n<\/span>\ud83c\udf81 <b style=\"font-style: inherit;\">Lisaks saad kingitusena kaasa <\/b><span style=\"font-weight: 400;\">retsepti <\/span>kohupiimakorpide<span style=\"font-weight: 400;\"> valmistamiseks \u2013 ideaalne lihtne maius kohvi v\u00f5i tee k\u00f5rvale.<\/span><\/li>\n<\/ul>\n<p><b>The training includes:<\/b><\/p>\n<ul>\n<li style=\"font-weight: 400;\" aria-level=\"1\"><span style=\"font-weight: 400;\">Samm-sammulisi \u00f5ppevideosid saiakeste ja pirukate valmistamiseks<\/span><\/li>\n<li style=\"font-weight: 400;\" aria-level=\"1\"><span style=\"font-weight: 400;\">Downloadable file with recipes and instructions<\/span><\/li>\n<li style=\"font-weight: 400;\" aria-level=\"1\"><span style=\"font-weight: 400;\">Unlimited access to educational videos and materials.<\/span><\/li>\n<\/ul>","protected":false},"excerpt":{"rendered":"<p><span style=\"font-weight: 400;\">\u00d5pi k\u00fcpsetama <strong>kuldpruune,<\/strong> <strong>pehmeid<\/strong> ja <strong>suussulavaid<\/strong> pirukaid ning saiakesi oma koduses k\u00f6\u00f6gis! Selle veebikoolituse k\u00e4igus juhendan sind samm-sammult, kuidas valmistada maitsvaid p\u00e4rmitaignast h\u00f5rgutisi \u2013 alates klassikalistest lihapirukatest kuni \u0161okolaadi-p\u00e4hklirullide ja juustuste pizzasaiakesteni.<\/span><\/p>\n<p><span style=\"font-weight: 400;\">Koolitus sobib nii <\/span><b>algajale<\/b><span style=\"font-weight: 400;\">, kes alles alustab p\u00e4rmitaignaga katsetamist, kui ka <\/span><b>kogenumale koduk\u00fcpsetajale<\/b><span style=\"font-weight: 400;\">, kes otsib uusi ideid ja retsepte.<\/span><\/p>\n<p><b><img decoding=\"async\" class=\"emoji\" role=\"img\" draggable=\"false\" src=\"https:\/\/s.w.org\/images\/core\/emoji\/16.0.1\/svg\/1f381.svg\" alt=\"\ud83c\udf81\" \/>Lisaks saad kingitusena kaasa <\/b><strong>retsepti kohupiimakorpide valmistamiseks.<\/strong><\/p>\n<p data-pm-slice=\"1 1 []\">Olles soetanud veebikoolituse, saad liituda <a href=\"https:\/\/www.facebook.com\/groups\/1345815353548352\">Miila Koogiklubiga<\/a>&#8211; s\u00f5bralik Facebooki grupp, kus jagame ideid, nippe ja retseptide edasiarendusi. Seal saad k\u00fcsida k\u00fcsimusi, jagada oma \u00f5nnestumisi ja leida toetust teistelt k\u00fcpsetajatelt.<\/p>","protected":false},"featured_media":9317,"comment_status":"open","ping_status":"closed","template":"","meta":{"site-sidebar-layout":"default","site-content-layout":"","ast-site-content-layout":"default","site-content-style":"default","site-sidebar-style":"default","ast-global-header-display":"","ast-banner-title-visibility":"","ast-main-header-display":"","ast-hfb-above-header-display":"","ast-hfb-below-header-display":"","ast-hfb-mobile-header-display":"","site-post-title":"","ast-breadcrumbs-content":"","ast-featured-img":"","footer-sml-layout":"","ast-disable-related-posts":"","theme-transparent-header-meta":"default","adv-header-id-meta":"","stick-header-meta":"","header-above-stick-meta":"","header-main-stick-meta":"","header-below-stick-meta":"","astra-migrate-meta-layouts":"set","ast-page-background-enabled":"default","ast-page-background-meta":{"desktop":{"background-color":"","background-image":"","background-repeat":"repeat","background-position":"center center","background-size":"auto","background-attachment":"scroll","background-type":"","background-media":"","overlay-type":"","overlay-color":"","overlay-opacity":"","overlay-gradient":""},"tablet":{"background-color":"","background-image":"","background-repeat":"repeat","background-position":"center center","background-size":"auto","background-attachment":"scroll","background-type":"","background-media":"","overlay-type":"","overlay-color":"","overlay-opacity":"","overlay-gradient":""},"mobile":{"background-color":"","background-image":"","background-repeat":"repeat","background-position":"center center","background-size":"auto","background-attachment":"scroll","background-type":"","background-media":"","overlay-type":"","overlay-color":"","overlay-opacity":"","overlay-gradient":""}},"ast-content-background-meta":{"desktop":{"background-color":"var(--ast-global-color-5)","background-image":"","background-repeat":"repeat","background-position":"center center","background-size":"auto","background-attachment":"scroll","background-type":"","background-media":"","overlay-type":"","overlay-color":"","overlay-opacity":"","overlay-gradient":""},"tablet":{"background-color":"var(--ast-global-color-5)","background-image":"","background-repeat":"repeat","background-position":"center center","background-size":"auto","background-attachment":"scroll","background-type":"","background-media":"","overlay-type":"","overlay-color":"","overlay-opacity":"","overlay-gradient":""},"mobile":{"background-color":"var(--ast-global-color-5)","background-image":"","background-repeat":"repeat","background-position":"center center","background-size":"auto","background-attachment":"scroll","background-type":"","background-media":"","overlay-type":"","overlay-color":"","overlay-opacity":"","overlay-gradient":""}}},"product_brand":[],"product_cat":[24],"product_tag":[250,246,77,248,245,249,247],"class_list":{"0":"post-9211","1":"product","2":"type-product","3":"status-publish","4":"has-post-thumbnail","6":"product_cat-veebikoolitused","7":"product_tag-kohupiimakorp","8":"product_tag-lihapirukas","9":"product_tag-parmitainas","10":"product_tag-pirukad","11":"product_tag-pizzasaiake","12":"product_tag-saiakesed","13":"product_tag-sokolaadirull","14":"desktop-align-center","15":"tablet-align-left","16":"mobile-align-left","18":"first","19":"instock","20":"downloadable","21":"virtual","22":"sold-individually","23":"taxable","24":"purchasable","25":"product-type-course"},"yoast_head":"<!-- This site is optimized with the Yoast SEO plugin v27.4 - https:\/\/yoast.com\/product\/yoast-seo-wordpress\/ -->\n<title>Veebikoolitus &quot;Pirukad ja saiakesed&quot;+ KINGITUS - Miila koogid<\/title>\n<meta name=\"description\" content=\"Sobib nii algajale kui ka kogenud k\u00fcpsetajale \u2013 \u00f5pi tegema maitsvaid lihapirukaid, pizzasaiakesi ja \u0161okolaadi-p\u00e4hklirulle.\" \/>\n<meta name=\"robots\" content=\"index, follow, max-snippet:-1, max-image-preview:large, max-video-preview:-1\" \/>\n<link rel=\"canonical\" href=\"https:\/\/miilakoogid.ee\/en\/product\/veebikoolitus-pirukad-ja-saiakesed-kingitus\/\" \/>\n<meta property=\"og:locale\" content=\"en_US\" \/>\n<meta property=\"og:type\" content=\"article\" \/>\n<meta property=\"og:title\" content=\"Veebikoolitus &quot;Pirukad ja saiakesed&quot;+ KINGITUS - Miila koogid\" \/>\n<meta property=\"og:description\" content=\"Sobib nii algajale kui ka kogenud k\u00fcpsetajale \u2013 \u00f5pi tegema maitsvaid lihapirukaid, pizzasaiakesi ja \u0161okolaadi-p\u00e4hklirulle.\" \/>\n<meta property=\"og:url\" content=\"https:\/\/miilakoogid.ee\/en\/product\/veebikoolitus-pirukad-ja-saiakesed-kingitus\/\" \/>\n<meta property=\"og:site_name\" content=\"Miila koogid\" \/>\n<meta property=\"article:modified_time\" content=\"2026-03-04T06:31:58+00:00\" \/>\n<meta property=\"og:image\" content=\"https:\/\/miilakoogid.ee\/wp-content\/uploads\/2025\/09\/13.png\" \/>\n\t<meta property=\"og:image:width\" content=\"1080\" \/>\n\t<meta property=\"og:image:height\" content=\"1080\" \/>\n\t<meta property=\"og:image:type\" content=\"image\/png\" \/>\n<meta name=\"twitter:card\" content=\"summary_large_image\" \/>\n<meta name=\"twitter:label1\" content=\"Est. reading time\" \/>\n\t<meta name=\"twitter:data1\" content=\"1 minute\" \/>\n<script type=\"application\/ld+json\" class=\"yoast-schema-graph\">{\"@context\":\"https:\\\/\\\/schema.org\",\"@graph\":[{\"@type\":\"WebPage\",\"@id\":\"https:\\\/\\\/miilakoogid.ee\\\/product\\\/veebikoolitus-pirukad-ja-saiakesed-kingitus\\\/\",\"url\":\"https:\\\/\\\/miilakoogid.ee\\\/product\\\/veebikoolitus-pirukad-ja-saiakesed-kingitus\\\/\",\"name\":\"Veebikoolitus \\\"Pirukad ja saiakesed\\\"+ KINGITUS - Miila koogid\",\"isPartOf\":{\"@id\":\"https:\\\/\\\/miilakoogid.ee\\\/#website\"},\"primaryImageOfPage\":{\"@id\":\"https:\\\/\\\/miilakoogid.ee\\\/product\\\/veebikoolitus-pirukad-ja-saiakesed-kingitus\\\/#primaryimage\"},\"image\":{\"@id\":\"https:\\\/\\\/miilakoogid.ee\\\/product\\\/veebikoolitus-pirukad-ja-saiakesed-kingitus\\\/#primaryimage\"},\"thumbnailUrl\":\"https:\\\/\\\/miilakoogid.ee\\\/wp-content\\\/uploads\\\/2025\\\/09\\\/13.png\",\"datePublished\":\"2025-09-23T03:22:02+00:00\",\"dateModified\":\"2026-03-04T06:31:58+00:00\",\"description\":\"Sobib nii algajale kui ka kogenud k\u00fcpsetajale \u2013 \u00f5pi tegema maitsvaid lihapirukaid, pizzasaiakesi ja \u0161okolaadi-p\u00e4hklirulle.\",\"breadcrumb\":{\"@id\":\"https:\\\/\\\/miilakoogid.ee\\\/product\\\/veebikoolitus-pirukad-ja-saiakesed-kingitus\\\/#breadcrumb\"},\"inLanguage\":\"en-US\",\"potentialAction\":[{\"@type\":\"ReadAction\",\"target\":[\"https:\\\/\\\/miilakoogid.ee\\\/product\\\/veebikoolitus-pirukad-ja-saiakesed-kingitus\\\/\"]}]},{\"@type\":\"ImageObject\",\"inLanguage\":\"en-US\",\"@id\":\"https:\\\/\\\/miilakoogid.ee\\\/product\\\/veebikoolitus-pirukad-ja-saiakesed-kingitus\\\/#primaryimage\",\"url\":\"https:\\\/\\\/miilakoogid.ee\\\/wp-content\\\/uploads\\\/2025\\\/09\\\/13.png\",\"contentUrl\":\"https:\\\/\\\/miilakoogid.ee\\\/wp-content\\\/uploads\\\/2025\\\/09\\\/13.png\",\"width\":1080,\"height\":1080},{\"@type\":\"BreadcrumbList\",\"@id\":\"https:\\\/\\\/miilakoogid.ee\\\/product\\\/veebikoolitus-pirukad-ja-saiakesed-kingitus\\\/#breadcrumb\",\"itemListElement\":[{\"@type\":\"ListItem\",\"position\":1,\"name\":\"Esileht\",\"item\":\"https:\\\/\\\/miilakoogid.ee\\\/\"},{\"@type\":\"ListItem\",\"position\":2,\"name\":\"E-Pood\",\"item\":\"https:\\\/\\\/miilakoogid.ee\\\/e-pood\\\/\"},{\"@type\":\"ListItem\",\"position\":3,\"name\":\"Veebikoolitus &#8220;Pirukad ja saiakesed&#8221;+ KINGITUS\"}]},{\"@type\":\"WebSite\",\"@id\":\"https:\\\/\\\/miilakoogid.ee\\\/#website\",\"url\":\"https:\\\/\\\/miilakoogid.ee\\\/\",\"name\":\"Miila koogid\",\"description\":\"K\u00fcpsetamise veebikoolitused\",\"publisher\":{\"@id\":\"https:\\\/\\\/miilakoogid.ee\\\/#organization\"},\"potentialAction\":[{\"@type\":\"SearchAction\",\"target\":{\"@type\":\"EntryPoint\",\"urlTemplate\":\"https:\\\/\\\/miilakoogid.ee\\\/?s={search_term_string}\"},\"query-input\":{\"@type\":\"PropertyValueSpecification\",\"valueRequired\":true,\"valueName\":\"search_term_string\"}}],\"inLanguage\":\"en-US\"},{\"@type\":\"Organization\",\"@id\":\"https:\\\/\\\/miilakoogid.ee\\\/#organization\",\"name\":\"Miila koogid\",\"url\":\"https:\\\/\\\/miilakoogid.ee\\\/\",\"logo\":{\"@type\":\"ImageObject\",\"inLanguage\":\"en-US\",\"@id\":\"https:\\\/\\\/miilakoogid.ee\\\/#\\\/schema\\\/logo\\\/image\\\/\",\"url\":\"https:\\\/\\\/miilakoogid.ee\\\/wp-content\\\/uploads\\\/2024\\\/10\\\/Miila-koogid-1.svg\",\"contentUrl\":\"https:\\\/\\\/miilakoogid.ee\\\/wp-content\\\/uploads\\\/2024\\\/10\\\/Miila-koogid-1.svg\",\"width\":100,\"height\":100,\"caption\":\"Miila koogid\"},\"image\":{\"@id\":\"https:\\\/\\\/miilakoogid.ee\\\/#\\\/schema\\\/logo\\\/image\\\/\"}}]}<\/script>\n<!-- \/ Yoast SEO plugin. -->","yoast_head_json":{"title":"Veebikoolitus \"Pirukad ja saiakesed\"+ KINGITUS - Miila koogid","description":"Sobib nii algajale kui ka kogenud k\u00fcpsetajale \u2013 \u00f5pi tegema maitsvaid lihapirukaid, pizzasaiakesi ja \u0161okolaadi-p\u00e4hklirulle.","robots":{"index":"index","follow":"follow","max-snippet":"max-snippet:-1","max-image-preview":"max-image-preview:large","max-video-preview":"max-video-preview:-1"},"canonical":"https:\/\/miilakoogid.ee\/en\/product\/veebikoolitus-pirukad-ja-saiakesed-kingitus\/","og_locale":"en_US","og_type":"article","og_title":"Veebikoolitus \"Pirukad ja saiakesed\"+ KINGITUS - Miila koogid","og_description":"Sobib nii algajale kui ka kogenud k\u00fcpsetajale \u2013 \u00f5pi tegema maitsvaid lihapirukaid, pizzasaiakesi ja \u0161okolaadi-p\u00e4hklirulle.","og_url":"https:\/\/miilakoogid.ee\/en\/product\/veebikoolitus-pirukad-ja-saiakesed-kingitus\/","og_site_name":"Miila koogid","article_modified_time":"2026-03-04T06:31:58+00:00","og_image":[{"width":1080,"height":1080,"url":"https:\/\/miilakoogid.ee\/wp-content\/uploads\/2025\/09\/13.png","type":"image\/png"}],"twitter_card":"summary_large_image","twitter_misc":{"Est. reading time":"1 minute"},"schema":{"@context":"https:\/\/schema.org","@graph":[{"@type":"WebPage","@id":"https:\/\/miilakoogid.ee\/product\/veebikoolitus-pirukad-ja-saiakesed-kingitus\/","url":"https:\/\/miilakoogid.ee\/product\/veebikoolitus-pirukad-ja-saiakesed-kingitus\/","name":"Veebikoolitus \"Pirukad ja saiakesed\"+ KINGITUS - Miila koogid","isPartOf":{"@id":"https:\/\/miilakoogid.ee\/#website"},"primaryImageOfPage":{"@id":"https:\/\/miilakoogid.ee\/product\/veebikoolitus-pirukad-ja-saiakesed-kingitus\/#primaryimage"},"image":{"@id":"https:\/\/miilakoogid.ee\/product\/veebikoolitus-pirukad-ja-saiakesed-kingitus\/#primaryimage"},"thumbnailUrl":"https:\/\/miilakoogid.ee\/wp-content\/uploads\/2025\/09\/13.png","datePublished":"2025-09-23T03:22:02+00:00","dateModified":"2026-03-04T06:31:58+00:00","description":"Sobib nii algajale kui ka kogenud k\u00fcpsetajale \u2013 \u00f5pi tegema maitsvaid lihapirukaid, pizzasaiakesi ja \u0161okolaadi-p\u00e4hklirulle.","breadcrumb":{"@id":"https:\/\/miilakoogid.ee\/product\/veebikoolitus-pirukad-ja-saiakesed-kingitus\/#breadcrumb"},"inLanguage":"en-US","potentialAction":[{"@type":"ReadAction","target":["https:\/\/miilakoogid.ee\/product\/veebikoolitus-pirukad-ja-saiakesed-kingitus\/"]}]},{"@type":"ImageObject","inLanguage":"en-US","@id":"https:\/\/miilakoogid.ee\/product\/veebikoolitus-pirukad-ja-saiakesed-kingitus\/#primaryimage","url":"https:\/\/miilakoogid.ee\/wp-content\/uploads\/2025\/09\/13.png","contentUrl":"https:\/\/miilakoogid.ee\/wp-content\/uploads\/2025\/09\/13.png","width":1080,"height":1080},{"@type":"BreadcrumbList","@id":"https:\/\/miilakoogid.ee\/product\/veebikoolitus-pirukad-ja-saiakesed-kingitus\/#breadcrumb","itemListElement":[{"@type":"ListItem","position":1,"name":"Esileht","item":"https:\/\/miilakoogid.ee\/"},{"@type":"ListItem","position":2,"name":"E-Pood","item":"https:\/\/miilakoogid.ee\/e-pood\/"},{"@type":"ListItem","position":3,"name":"Veebikoolitus &#8220;Pirukad ja saiakesed&#8221;+ KINGITUS"}]},{"@type":"WebSite","@id":"https:\/\/miilakoogid.ee\/#website","url":"https:\/\/miilakoogid.ee\/","name":"Miila koogid","description":"K\u00fcpsetamise veebikoolitused","publisher":{"@id":"https:\/\/miilakoogid.ee\/#organization"},"potentialAction":[{"@type":"SearchAction","target":{"@type":"EntryPoint","urlTemplate":"https:\/\/miilakoogid.ee\/?s={search_term_string}"},"query-input":{"@type":"PropertyValueSpecification","valueRequired":true,"valueName":"search_term_string"}}],"inLanguage":"en-US"},{"@type":"Organization","@id":"https:\/\/miilakoogid.ee\/#organization","name":"Miila koogid","url":"https:\/\/miilakoogid.ee\/","logo":{"@type":"ImageObject","inLanguage":"en-US","@id":"https:\/\/miilakoogid.ee\/#\/schema\/logo\/image\/","url":"https:\/\/miilakoogid.ee\/wp-content\/uploads\/2024\/10\/Miila-koogid-1.svg","contentUrl":"https:\/\/miilakoogid.ee\/wp-content\/uploads\/2024\/10\/Miila-koogid-1.svg","width":100,"height":100,"caption":"Miila koogid"},"image":{"@id":"https:\/\/miilakoogid.ee\/#\/schema\/logo\/image\/"}}]}},"_links":{"self":[{"href":"https:\/\/miilakoogid.ee\/en\/wp-json\/wp\/v2\/product\/9211","targetHints":{"allow":["GET"]}}],"collection":[{"href":"https:\/\/miilakoogid.ee\/en\/wp-json\/wp\/v2\/product"}],"about":[{"href":"https:\/\/miilakoogid.ee\/en\/wp-json\/wp\/v2\/types\/product"}],"replies":[{"embeddable":true,"href":"https:\/\/miilakoogid.ee\/en\/wp-json\/wp\/v2\/comments?post=9211"}],"version-history":[{"count":5,"href":"https:\/\/miilakoogid.ee\/en\/wp-json\/wp\/v2\/product\/9211\/revisions"}],"predecessor-version":[{"id":9440,"href":"https:\/\/miilakoogid.ee\/en\/wp-json\/wp\/v2\/product\/9211\/revisions\/9440"}],"wp:featuredmedia":[{"embeddable":true,"href":"https:\/\/miilakoogid.ee\/en\/wp-json\/wp\/v2\/media\/9317"}],"wp:attachment":[{"href":"https:\/\/miilakoogid.ee\/en\/wp-json\/wp\/v2\/media?parent=9211"}],"wp:term":[{"taxonomy":"product_brand","embeddable":true,"href":"https:\/\/miilakoogid.ee\/en\/wp-json\/wp\/v2\/product_brand?post=9211"},{"taxonomy":"product_cat","embeddable":true,"href":"https:\/\/miilakoogid.ee\/en\/wp-json\/wp\/v2\/product_cat?post=9211"},{"taxonomy":"product_tag","embeddable":true,"href":"https:\/\/miilakoogid.ee\/en\/wp-json\/wp\/v2\/product_tag?post=9211"}],"curies":[{"name":"wp","href":"https:\/\/api.w.org\/{rel}","templated":true}]}}