{"id":7225,"date":"2025-09-08T12:09:37","date_gmt":"2025-09-08T12:09:37","guid":{"rendered":"https:\/\/miilakoogid.ee\/?post_type=product&#038;p=7225"},"modified":"2025-10-03T12:00:07","modified_gmt":"2025-10-03T12:00:07","slug":"veebikoolitus-kupsised","status":"publish","type":"product","link":"https:\/\/miilakoogid.ee\/en\/product\/veebikoolitus-kupsised\/","title":{"rendered":"Online course \"Cookies\""},"content":{"rendered":"<p><b>Topics covered in the training:<\/b><\/p>\n<ul>\n<li style=\"font-weight: 400;\" aria-level=\"1\"><span style=\"font-weight: 400;\">Sidruniv\u00f5ide valmistamine<\/span><\/li>\n<li style=\"font-weight: 400;\" aria-level=\"1\"><span style=\"font-weight: 400;\">Sidrunik\u00fcpsiste taigna valmistamine<\/span><\/li>\n<li style=\"font-weight: 400;\" aria-level=\"1\"><span style=\"font-weight: 400;\">Mandlimassi valmistamine<\/span><\/li>\n<li style=\"font-weight: 400;\" aria-level=\"1\"><span style=\"font-weight: 400;\">Mandlik\u00fcpsiste taigna valmistamine<\/span><\/li>\n<li style=\"font-weight: 400;\" aria-level=\"1\"><span style=\"font-weight: 400;\">\u0160okolaadit\u00fckkidega k\u00fcpsisetaigna valmistamine<\/span><\/li>\n<li style=\"font-weight: 400;\" aria-level=\"1\"><span style=\"font-weight: 400;\">Kr\u00f5psulisandiga k\u00fcpsised<\/span><\/li>\n<li style=\"font-weight: 400;\" aria-level=\"1\"><span style=\"font-weight: 400;\">Toorjuustut\u00e4idise valmistamine<\/span><\/li>\n<li style=\"font-weight: 400;\" aria-level=\"1\"><span style=\"font-weight: 400;\">Toorjuustut\u00e4idisega k\u00fcpsiste valmistamine<\/span><\/li>\n<li style=\"font-weight: 400;\" aria-level=\"1\"><span style=\"font-weight: 400;\">\u201cDubai \u0161okolaadi\u201d t\u00e4idise valmistamine<\/span><\/li>\n<li style=\"font-weight: 400;\" aria-level=\"1\"><span style=\"font-weight: 400;\">\u201cDubai \u0161okolaadi\u201d k\u00fcpsiste valmistamine<\/span><\/li>\n<li style=\"font-weight: 400;\" aria-level=\"1\"><span style=\"font-weight: 400;\">K\u00fcpsiste jahutamine ja k\u00fcpsetamine\u00a0<\/span><\/li>\n<\/ul>\n<p><b>The training includes:<\/b><\/p>\n<ul>\n<li style=\"font-weight: 400;\" aria-level=\"1\"><b>1 tunnist \u00f5ppevideot<\/b><span style=\"font-weight: 400;\"> erinevate k\u00fcpsiste valmistamisest<\/span><\/li>\n<li style=\"font-weight: 400;\" aria-level=\"1\"><b>Allalaetavat retseptifaili<\/b><span style=\"font-weight: 400;\"> koos selgete juhiste ja kogustega<\/span><\/li>\n<li style=\"font-weight: 400;\" aria-level=\"1\"><b>Piiramatut ligip\u00e4\u00e4su<\/b><span style=\"font-weight: 400;\"> videole ja materjalidele<\/span><\/li>\n<\/ul>\n<p data-start=\"1397\" data-end=\"1531\"><strong data-start=\"1400\" data-end=\"1427\">Kuidas koolitusele ligi p\u00e4\u00e4seda?<\/strong><br data-start=\"1427\" data-end=\"1430\" \/>Materjalidele ligip\u00e4\u00e4suks <strong data-start=\"1456\" data-end=\"1497\">registreeri kasutajaks v\u00f5i logi sisse<\/strong>.<\/p>","protected":false},"excerpt":{"rendered":"<p><span style=\"font-weight: 400;\">Koolitusel \u00f5pid valmistama kolme t\u00e4iesti erinevat k\u00fcpsiset\u00fc\u00fcpi, mis r\u00f5\u00f5mustavad nii suuremaid kui v\u00e4iksemaid magusas\u00f5pru.<\/span><\/p>\n<p><b>\ud83c\udf6a Koolituse k\u00e4igus valmivad:<\/b><\/p>\n<ul>\n<li style=\"font-weight: 400;\" aria-level=\"1\"><b>Sidruni- valge \u0161okolaadik\u00fcpsised<\/b><span style=\"font-weight: 400;\"> \u2013 v\u00e4rske ja pehme kooslus, mis toob igasse ampsu hapuka n\u00fcansi<\/span><\/li>\n<li style=\"font-weight: 400;\" aria-level=\"1\"><b>Mandli-mustikak\u00fcpsised<\/b><span style=\"font-weight: 400;\"> \u2013 kergelt p\u00e4hkline ja marjane kooslus, mis sulab suus<\/span><\/li>\n<li style=\"font-weight: 400;\" aria-level=\"1\"><b style=\"font-style: inherit;\">\u0160okolaadit\u00fckkidega k\u00fcpsised<\/b><span style=\"font-weight: 400;\"> \u2013 klassika v\u00e4ikese kiiksuga: kata k\u00fcpsised <strong>kartulikr\u00f5psudega<\/strong><\/span><b style=\"font-style: inherit;\">, <\/b>t\u00e4ida<b style=\"font-style: inherit;\"> toorjuustukreemi <\/b>v\u00f5i <b style=\"font-style: inherit;\">\u201cDubai \u0161okolaadi\u201d<\/b><span style=\"font-weight: 400;\">\u00a0 t\u00e4idisega ja \u00fcllata end (ja teisi) uue maitseelamusega<\/span><\/li>\n<\/ul>\n<p>Olles soetanud veebikoolituse, saad liituda <a href=\"https:\/\/www.facebook.com\/groups\/1345815353548352\">Miila Koogiklubiga<\/a>&#8211; s\u00f5bralik Facebooki grupp, kus jagame ideid, nippe ja retseptide edasiarendusi. Seal saad k\u00fcsida k\u00fcsimusi, jagada oma \u00f5nnestumisi ja leida toetust teistelt k\u00fcpsetajatelt.<\/p>","protected":false},"featured_media":7226,"comment_status":"open","ping_status":"closed","template":"","meta":{"site-sidebar-layout":"default","site-content-layout":"","ast-site-content-layout":"default","site-content-style":"default","site-sidebar-style":"default","ast-global-header-display":"","ast-banner-title-visibility":"","ast-main-header-display":"","ast-hfb-above-header-display":"","ast-hfb-below-header-display":"","ast-hfb-mobile-header-display":"","site-post-title":"","ast-breadcrumbs-content":"","ast-featured-img":"","footer-sml-layout":"","ast-disable-related-posts":"","theme-transparent-header-meta":"default","adv-header-id-meta":"","stick-header-meta":"","header-above-stick-meta":"","header-main-stick-meta":"","header-below-stick-meta":"","astra-migrate-meta-layouts":"set","ast-page-background-enabled":"default","ast-page-background-meta":{"desktop":{"background-color":"","background-image":"","background-repeat":"repeat","background-position":"center center","background-size":"auto","background-attachment":"scroll","background-type":"","background-media":"","overlay-type":"","overlay-color":"","overlay-opacity":"","overlay-gradient":""},"tablet":{"background-color":"","background-image":"","background-repeat":"repeat","background-position":"center center","background-size":"auto","background-attachment":"scroll","background-type":"","background-media":"","overlay-type":"","overlay-color":"","overlay-opacity":"","overlay-gradient":""},"mobile":{"background-color":"","background-image":"","background-repeat":"repeat","background-position":"center center","background-size":"auto","background-attachment":"scroll","background-type":"","background-media":"","overlay-type":"","overlay-color":"","overlay-opacity":"","overlay-gradient":""}},"ast-content-background-meta":{"desktop":{"background-color":"var(--ast-global-color-5)","background-image":"","background-repeat":"repeat","background-position":"center center","background-size":"auto","background-attachment":"scroll","background-type":"","background-media":"","overlay-type":"","overlay-color":"","overlay-opacity":"","overlay-gradient":""},"tablet":{"background-color":"var(--ast-global-color-5)","background-image":"","background-repeat":"repeat","background-position":"center center","background-size":"auto","background-attachment":"scroll","background-type":"","background-media":"","overlay-type":"","overlay-color":"","overlay-opacity":"","overlay-gradient":""},"mobile":{"background-color":"var(--ast-global-color-5)","background-image":"","background-repeat":"repeat","background-position":"center center","background-size":"auto","background-attachment":"scroll","background-type":"","background-media":"","overlay-type":"","overlay-color":"","overlay-opacity":"","overlay-gradient":""}}},"product_brand":[],"product_cat":[24],"product_tag":[229,68,227,230,226,107,228],"class_list":{"0":"post-7225","1":"product","2":"type-product","3":"status-publish","4":"has-post-thumbnail","6":"product_cat-veebikoolitused","7":"product_tag-dubai-sokolaadi-kupsised","8":"product_tag-kupsised","9":"product_tag-mandlikupsised","10":"product_tag-sidrunikupsised","11":"product_tag-sidrunivoie","12":"product_tag-sokolaadikupsised","13":"product_tag-toorjuustukupsised","14":"desktop-align-center","15":"tablet-align-left","16":"mobile-align-left","18":"first","19":"instock","20":"downloadable","21":"virtual","22":"sold-individually","23":"taxable","24":"purchasable","25":"product-type-course"},"yoast_head":"<!-- This site is optimized with the Yoast SEO plugin v27.4 - https:\/\/yoast.com\/product\/yoast-seo-wordpress\/ -->\n<title>Veebikoolitus &quot;K\u00fcpsised&quot; - Miila koogid<\/title>\n<meta name=\"description\" content=\"Kr\u00f5bedad, seest pehmed ja suussulavad maitse\u00fcllatusi t\u00e4is k\u00fcpsised \u2013 just sellised, mis kaovad laualt enne, kui need j\u00f5uavad maha jahtuda.\" \/>\n<meta name=\"robots\" content=\"index, follow, max-snippet:-1, max-image-preview:large, max-video-preview:-1\" \/>\n<link rel=\"canonical\" href=\"https:\/\/miilakoogid.ee\/en\/product\/veebikoolitus-kupsised\/\" \/>\n<meta property=\"og:locale\" content=\"en_US\" \/>\n<meta property=\"og:type\" content=\"article\" \/>\n<meta property=\"og:title\" content=\"Veebikoolitus &quot;K\u00fcpsised&quot; - Miila koogid\" \/>\n<meta property=\"og:description\" content=\"Kr\u00f5bedad, seest pehmed ja suussulavad maitse\u00fcllatusi t\u00e4is k\u00fcpsised \u2013 just sellised, mis kaovad laualt enne, kui need j\u00f5uavad maha jahtuda.\" \/>\n<meta property=\"og:url\" content=\"https:\/\/miilakoogid.ee\/en\/product\/veebikoolitus-kupsised\/\" \/>\n<meta property=\"og:site_name\" content=\"Miila koogid\" \/>\n<meta property=\"article:modified_time\" content=\"2025-10-03T12:00:07+00:00\" \/>\n<meta property=\"og:image\" content=\"https:\/\/miilakoogid.ee\/wp-content\/uploads\/2025\/08\/Kupsised-6-1024x1024.png\" \/>\n\t<meta property=\"og:image:width\" content=\"1024\" \/>\n\t<meta property=\"og:image:height\" content=\"1024\" \/>\n\t<meta property=\"og:image:type\" content=\"image\/png\" \/>\n<meta name=\"twitter:card\" content=\"summary_large_image\" \/>\n<meta name=\"twitter:label1\" content=\"Est. reading time\" \/>\n\t<meta name=\"twitter:data1\" content=\"1 minute\" \/>\n<script type=\"application\/ld+json\" class=\"yoast-schema-graph\">{\"@context\":\"https:\\\/\\\/schema.org\",\"@graph\":[{\"@type\":\"WebPage\",\"@id\":\"https:\\\/\\\/miilakoogid.ee\\\/product\\\/veebikoolitus-kupsised\\\/\",\"url\":\"https:\\\/\\\/miilakoogid.ee\\\/product\\\/veebikoolitus-kupsised\\\/\",\"name\":\"Veebikoolitus \\\"K\u00fcpsised\\\" - Miila koogid\",\"isPartOf\":{\"@id\":\"https:\\\/\\\/miilakoogid.ee\\\/#website\"},\"primaryImageOfPage\":{\"@id\":\"https:\\\/\\\/miilakoogid.ee\\\/product\\\/veebikoolitus-kupsised\\\/#primaryimage\"},\"image\":{\"@id\":\"https:\\\/\\\/miilakoogid.ee\\\/product\\\/veebikoolitus-kupsised\\\/#primaryimage\"},\"thumbnailUrl\":\"https:\\\/\\\/miilakoogid.ee\\\/wp-content\\\/uploads\\\/2025\\\/08\\\/Kupsised-6.png\",\"datePublished\":\"2025-09-08T12:09:37+00:00\",\"dateModified\":\"2025-10-03T12:00:07+00:00\",\"description\":\"Kr\u00f5bedad, seest pehmed ja suussulavad maitse\u00fcllatusi t\u00e4is k\u00fcpsised \u2013 just sellised, mis kaovad laualt enne, kui need j\u00f5uavad maha jahtuda.\",\"breadcrumb\":{\"@id\":\"https:\\\/\\\/miilakoogid.ee\\\/product\\\/veebikoolitus-kupsised\\\/#breadcrumb\"},\"inLanguage\":\"en-US\",\"potentialAction\":[{\"@type\":\"ReadAction\",\"target\":[\"https:\\\/\\\/miilakoogid.ee\\\/product\\\/veebikoolitus-kupsised\\\/\"]}]},{\"@type\":\"ImageObject\",\"inLanguage\":\"en-US\",\"@id\":\"https:\\\/\\\/miilakoogid.ee\\\/product\\\/veebikoolitus-kupsised\\\/#primaryimage\",\"url\":\"https:\\\/\\\/miilakoogid.ee\\\/wp-content\\\/uploads\\\/2025\\\/08\\\/Kupsised-6.png\",\"contentUrl\":\"https:\\\/\\\/miilakoogid.ee\\\/wp-content\\\/uploads\\\/2025\\\/08\\\/Kupsised-6.png\",\"width\":1080,\"height\":1080},{\"@type\":\"BreadcrumbList\",\"@id\":\"https:\\\/\\\/miilakoogid.ee\\\/product\\\/veebikoolitus-kupsised\\\/#breadcrumb\",\"itemListElement\":[{\"@type\":\"ListItem\",\"position\":1,\"name\":\"Esileht\",\"item\":\"https:\\\/\\\/miilakoogid.ee\\\/\"},{\"@type\":\"ListItem\",\"position\":2,\"name\":\"E-Pood\",\"item\":\"https:\\\/\\\/miilakoogid.ee\\\/e-pood\\\/\"},{\"@type\":\"ListItem\",\"position\":3,\"name\":\"Veebikoolitus &#8220;K\u00fcpsised&#8221;\"}]},{\"@type\":\"WebSite\",\"@id\":\"https:\\\/\\\/miilakoogid.ee\\\/#website\",\"url\":\"https:\\\/\\\/miilakoogid.ee\\\/\",\"name\":\"Miila koogid\",\"description\":\"K\u00fcpsetamise veebikoolitused\",\"publisher\":{\"@id\":\"https:\\\/\\\/miilakoogid.ee\\\/#organization\"},\"potentialAction\":[{\"@type\":\"SearchAction\",\"target\":{\"@type\":\"EntryPoint\",\"urlTemplate\":\"https:\\\/\\\/miilakoogid.ee\\\/?s={search_term_string}\"},\"query-input\":{\"@type\":\"PropertyValueSpecification\",\"valueRequired\":true,\"valueName\":\"search_term_string\"}}],\"inLanguage\":\"en-US\"},{\"@type\":\"Organization\",\"@id\":\"https:\\\/\\\/miilakoogid.ee\\\/#organization\",\"name\":\"Miila koogid\",\"url\":\"https:\\\/\\\/miilakoogid.ee\\\/\",\"logo\":{\"@type\":\"ImageObject\",\"inLanguage\":\"en-US\",\"@id\":\"https:\\\/\\\/miilakoogid.ee\\\/#\\\/schema\\\/logo\\\/image\\\/\",\"url\":\"https:\\\/\\\/miilakoogid.ee\\\/wp-content\\\/uploads\\\/2024\\\/10\\\/Miila-koogid-1.svg\",\"contentUrl\":\"https:\\\/\\\/miilakoogid.ee\\\/wp-content\\\/uploads\\\/2024\\\/10\\\/Miila-koogid-1.svg\",\"width\":100,\"height\":100,\"caption\":\"Miila koogid\"},\"image\":{\"@id\":\"https:\\\/\\\/miilakoogid.ee\\\/#\\\/schema\\\/logo\\\/image\\\/\"}}]}<\/script>\n<!-- \/ Yoast SEO plugin. -->","yoast_head_json":{"title":"Veebikoolitus \"K\u00fcpsised\" - Miila koogid","description":"Kr\u00f5bedad, seest pehmed ja suussulavad maitse\u00fcllatusi t\u00e4is k\u00fcpsised \u2013 just sellised, mis kaovad laualt enne, kui need j\u00f5uavad maha jahtuda.","robots":{"index":"index","follow":"follow","max-snippet":"max-snippet:-1","max-image-preview":"max-image-preview:large","max-video-preview":"max-video-preview:-1"},"canonical":"https:\/\/miilakoogid.ee\/en\/product\/veebikoolitus-kupsised\/","og_locale":"en_US","og_type":"article","og_title":"Veebikoolitus \"K\u00fcpsised\" - Miila koogid","og_description":"Kr\u00f5bedad, seest pehmed ja suussulavad maitse\u00fcllatusi t\u00e4is k\u00fcpsised \u2013 just sellised, mis kaovad laualt enne, kui need j\u00f5uavad maha jahtuda.","og_url":"https:\/\/miilakoogid.ee\/en\/product\/veebikoolitus-kupsised\/","og_site_name":"Miila koogid","article_modified_time":"2025-10-03T12:00:07+00:00","og_image":[{"width":1024,"height":1024,"url":"https:\/\/miilakoogid.ee\/wp-content\/uploads\/2025\/08\/Kupsised-6-1024x1024.png","type":"image\/png"}],"twitter_card":"summary_large_image","twitter_misc":{"Est. reading time":"1 minute"},"schema":{"@context":"https:\/\/schema.org","@graph":[{"@type":"WebPage","@id":"https:\/\/miilakoogid.ee\/product\/veebikoolitus-kupsised\/","url":"https:\/\/miilakoogid.ee\/product\/veebikoolitus-kupsised\/","name":"Veebikoolitus \"K\u00fcpsised\" - Miila koogid","isPartOf":{"@id":"https:\/\/miilakoogid.ee\/#website"},"primaryImageOfPage":{"@id":"https:\/\/miilakoogid.ee\/product\/veebikoolitus-kupsised\/#primaryimage"},"image":{"@id":"https:\/\/miilakoogid.ee\/product\/veebikoolitus-kupsised\/#primaryimage"},"thumbnailUrl":"https:\/\/miilakoogid.ee\/wp-content\/uploads\/2025\/08\/Kupsised-6.png","datePublished":"2025-09-08T12:09:37+00:00","dateModified":"2025-10-03T12:00:07+00:00","description":"Kr\u00f5bedad, seest pehmed ja suussulavad maitse\u00fcllatusi t\u00e4is k\u00fcpsised \u2013 just sellised, mis kaovad laualt enne, kui need j\u00f5uavad maha jahtuda.","breadcrumb":{"@id":"https:\/\/miilakoogid.ee\/product\/veebikoolitus-kupsised\/#breadcrumb"},"inLanguage":"en-US","potentialAction":[{"@type":"ReadAction","target":["https:\/\/miilakoogid.ee\/product\/veebikoolitus-kupsised\/"]}]},{"@type":"ImageObject","inLanguage":"en-US","@id":"https:\/\/miilakoogid.ee\/product\/veebikoolitus-kupsised\/#primaryimage","url":"https:\/\/miilakoogid.ee\/wp-content\/uploads\/2025\/08\/Kupsised-6.png","contentUrl":"https:\/\/miilakoogid.ee\/wp-content\/uploads\/2025\/08\/Kupsised-6.png","width":1080,"height":1080},{"@type":"BreadcrumbList","@id":"https:\/\/miilakoogid.ee\/product\/veebikoolitus-kupsised\/#breadcrumb","itemListElement":[{"@type":"ListItem","position":1,"name":"Esileht","item":"https:\/\/miilakoogid.ee\/"},{"@type":"ListItem","position":2,"name":"E-Pood","item":"https:\/\/miilakoogid.ee\/e-pood\/"},{"@type":"ListItem","position":3,"name":"Veebikoolitus &#8220;K\u00fcpsised&#8221;"}]},{"@type":"WebSite","@id":"https:\/\/miilakoogid.ee\/#website","url":"https:\/\/miilakoogid.ee\/","name":"Miila koogid","description":"K\u00fcpsetamise veebikoolitused","publisher":{"@id":"https:\/\/miilakoogid.ee\/#organization"},"potentialAction":[{"@type":"SearchAction","target":{"@type":"EntryPoint","urlTemplate":"https:\/\/miilakoogid.ee\/?s={search_term_string}"},"query-input":{"@type":"PropertyValueSpecification","valueRequired":true,"valueName":"search_term_string"}}],"inLanguage":"en-US"},{"@type":"Organization","@id":"https:\/\/miilakoogid.ee\/#organization","name":"Miila koogid","url":"https:\/\/miilakoogid.ee\/","logo":{"@type":"ImageObject","inLanguage":"en-US","@id":"https:\/\/miilakoogid.ee\/#\/schema\/logo\/image\/","url":"https:\/\/miilakoogid.ee\/wp-content\/uploads\/2024\/10\/Miila-koogid-1.svg","contentUrl":"https:\/\/miilakoogid.ee\/wp-content\/uploads\/2024\/10\/Miila-koogid-1.svg","width":100,"height":100,"caption":"Miila koogid"},"image":{"@id":"https:\/\/miilakoogid.ee\/#\/schema\/logo\/image\/"}}]}},"_links":{"self":[{"href":"https:\/\/miilakoogid.ee\/en\/wp-json\/wp\/v2\/product\/7225","targetHints":{"allow":["GET"]}}],"collection":[{"href":"https:\/\/miilakoogid.ee\/en\/wp-json\/wp\/v2\/product"}],"about":[{"href":"https:\/\/miilakoogid.ee\/en\/wp-json\/wp\/v2\/types\/product"}],"replies":[{"embeddable":true,"href":"https:\/\/miilakoogid.ee\/en\/wp-json\/wp\/v2\/comments?post=7225"}],"version-history":[{"count":5,"href":"https:\/\/miilakoogid.ee\/en\/wp-json\/wp\/v2\/product\/7225\/revisions"}],"predecessor-version":[{"id":7261,"href":"https:\/\/miilakoogid.ee\/en\/wp-json\/wp\/v2\/product\/7225\/revisions\/7261"}],"wp:featuredmedia":[{"embeddable":true,"href":"https:\/\/miilakoogid.ee\/en\/wp-json\/wp\/v2\/media\/7226"}],"wp:attachment":[{"href":"https:\/\/miilakoogid.ee\/en\/wp-json\/wp\/v2\/media?parent=7225"}],"wp:term":[{"taxonomy":"product_brand","embeddable":true,"href":"https:\/\/miilakoogid.ee\/en\/wp-json\/wp\/v2\/product_brand?post=7225"},{"taxonomy":"product_cat","embeddable":true,"href":"https:\/\/miilakoogid.ee\/en\/wp-json\/wp\/v2\/product_cat?post=7225"},{"taxonomy":"product_tag","embeddable":true,"href":"https:\/\/miilakoogid.ee\/en\/wp-json\/wp\/v2\/product_tag?post=7225"}],"curies":[{"name":"wp","href":"https:\/\/api.w.org\/{rel}","templated":true}]}}