{"id":6458,"date":"2025-08-07T17:14:08","date_gmt":"2025-08-07T17:14:08","guid":{"rendered":"https:\/\/miilakoogid.ee\/?post_type=product&#038;p=6458"},"modified":"2026-01-08T05:36:49","modified_gmt":"2026-01-08T03:36:49","slug":"veebikoolitus-napoleon-vaarikamoosiga","status":"publish","type":"product","link":"https:\/\/miilakoogid.ee\/en\/product\/veebikoolitus-napoleon-vaarikamoosiga\/","title":{"rendered":"Online course \"Napoleon with Raspberry Jam\""},"content":{"rendered":"<p><b>Topics covered in the training:<\/b><\/p>\n<ul>\n<li aria-level=\"1\">Napoleonip\u00f5hjade taigna valmistamine<\/li>\n<li aria-level=\"1\"><span style=\"font-weight: 400;\">Taigna rullimine ja k\u00fcpsetamine<\/span><\/li>\n<li aria-level=\"1\"><span style=\"font-weight: 400;\">Vaarikamoosi keetmine<\/span><\/li>\n<li aria-level=\"1\"><span style=\"font-weight: 400;\">Keedukreemi valmistamine<\/span><\/li>\n<li aria-level=\"1\"><span style=\"font-weight: 400;\">Koogi kokkupanek ja kaunistamine<\/span><\/li>\n<\/ul>\n<p><span style=\"font-size: 16px;\"><strong style=\"font-size: 16px;\">The training includes:<\/strong><br \/>\n<\/span><\/p>\n<ul>\n<li data-start=\"1206\" data-end=\"1267\"><strong data-start=\"1206\" data-end=\"1234\">45-minutilist \u00f5ppevideot<\/strong> Napoleoni koogi valmistamisest<\/li>\n<li data-start=\"1206\" data-end=\"1267\"><strong data-start=\"1270\" data-end=\"1300\">Allalaetavat retseptifaili<\/strong> koos selgete juhiste ja kogustega<\/li>\n<li data-start=\"1337\" data-end=\"1390\">\n<p data-start=\"1339\" data-end=\"1390\"><strong data-start=\"1339\" data-end=\"1363\">Piiramatut ligip\u00e4\u00e4su<\/strong> videole ja materjalidele<\/p>\n<\/li>\n<\/ul>\n<p data-start=\"1397\" data-end=\"1531\"><strong data-start=\"1400\" data-end=\"1427\">Kuidas koolitusele ligip\u00e4\u00e4seda?<\/strong><br data-start=\"1427\" data-end=\"1430\" \/>Materjalidele ligip\u00e4\u00e4suks <strong data-start=\"1456\" data-end=\"1497\">registreeri kasutajaks v\u00f5i logi sisse<\/strong>.<br data-start=\"1498\" data-end=\"1501\" \/>Peale ostu sooritamist saad:<\/p>\n<ul>\n<li data-start=\"1534\" data-end=\"1584\"><strong data-start=\"1534\" data-end=\"1565\">Retseptifailid alla laadida<\/strong> &#8220;Minu konto&#8221; alt<\/li>\n<li data-start=\"1534\" data-end=\"1584\"><strong data-start=\"1587\" data-end=\"1609\">\u00d5ppevideot vaadata<\/strong> &#8220;Veebikoolitused&#8221; lehel, valides oma koolituse juurest \u201cLiitu koolitusega\u201d<\/li>\n<\/ul>","protected":false},"excerpt":{"rendered":"<h5><span style=\"font-weight: 400;\">Kr\u00f5bedad kihid, siidine keedukreem ja s\u00e4rtsakas vaarikamoos.<\/span><\/h5>\n<p><strong>Sellel koolitusel valmistad Napoleoni algusest l\u00f5puni ise, kasutades naturaalseid tooraineid ja lihtsaid, aga t\u00f5husaid v\u00f5tteid.<br \/>\n<\/strong><\/p>\n<p>Kr\u00f5bedad, kihilised ja \u00f5hukesed lehttaignast p\u00f5hjad. Siidine keedukreem, millele saad lisada vanilli, tsitrust v\u00f5i tilga meelep\u00e4rast alkoholi. Ja k\u00f5ige selle keskel <strong data-start=\"858\" data-end=\"912\">hapukas, maitseid tasakaalustav kodune vaarikamoos<\/strong> \u2013 just see kiht, mis teeb koogi eriliseks.<\/p>\n<p>Olles soetanud veebikoolituse, saad liituda <a href=\"https:\/\/www.facebook.com\/groups\/1345815353548352\">Miila Koogiklubiga<\/a>&#8211; s\u00f5bralik Facebooki grupp, kus jagame ideid, nippe ja retseptide edasiarendusi. Seal saad k\u00fcsida k\u00fcsimusi, jagada oma \u00f5nnestumisi ja leida toetust teistelt k\u00fcpsetajatelt.<\/p>\n<p>&nbsp;<\/p>","protected":false},"featured_media":6462,"comment_status":"open","ping_status":"closed","template":"","meta":{"site-sidebar-layout":"default","site-content-layout":"","ast-site-content-layout":"default","site-content-style":"default","site-sidebar-style":"default","ast-global-header-display":"","ast-banner-title-visibility":"","ast-main-header-display":"","ast-hfb-above-header-display":"","ast-hfb-below-header-display":"","ast-hfb-mobile-header-display":"","site-post-title":"","ast-breadcrumbs-content":"","ast-featured-img":"","footer-sml-layout":"","ast-disable-related-posts":"","theme-transparent-header-meta":"default","adv-header-id-meta":"","stick-header-meta":"","header-above-stick-meta":"","header-main-stick-meta":"","header-below-stick-meta":"","astra-migrate-meta-layouts":"set","ast-page-background-enabled":"default","ast-page-background-meta":{"desktop":{"background-color":"","background-image":"","background-repeat":"repeat","background-position":"center center","background-size":"auto","background-attachment":"scroll","background-type":"","background-media":"","overlay-type":"","overlay-color":"","overlay-opacity":"","overlay-gradient":""},"tablet":{"background-color":"","background-image":"","background-repeat":"repeat","background-position":"center center","background-size":"auto","background-attachment":"scroll","background-type":"","background-media":"","overlay-type":"","overlay-color":"","overlay-opacity":"","overlay-gradient":""},"mobile":{"background-color":"","background-image":"","background-repeat":"repeat","background-position":"center center","background-size":"auto","background-attachment":"scroll","background-type":"","background-media":"","overlay-type":"","overlay-color":"","overlay-opacity":"","overlay-gradient":""}},"ast-content-background-meta":{"desktop":{"background-color":"var(--ast-global-color-5)","background-image":"","background-repeat":"repeat","background-position":"center center","background-size":"auto","background-attachment":"scroll","background-type":"","background-media":"","overlay-type":"","overlay-color":"","overlay-opacity":"","overlay-gradient":""},"tablet":{"background-color":"var(--ast-global-color-5)","background-image":"","background-repeat":"repeat","background-position":"center center","background-size":"auto","background-attachment":"scroll","background-type":"","background-media":"","overlay-type":"","overlay-color":"","overlay-opacity":"","overlay-gradient":""},"mobile":{"background-color":"var(--ast-global-color-5)","background-image":"","background-repeat":"repeat","background-position":"center center","background-size":"auto","background-attachment":"scroll","background-type":"","background-media":"","overlay-type":"","overlay-color":"","overlay-opacity":"","overlay-gradient":""}}},"product_brand":[],"product_cat":[24],"product_tag":[209,206,208,207],"class_list":{"0":"post-6458","1":"product","2":"type-product","3":"status-publish","4":"has-post-thumbnail","6":"product_cat-veebikoolitused","7":"product_tag-keedukreem","8":"product_tag-napoleon","9":"product_tag-napoleonikook","10":"product_tag-vaarikamoos","11":"desktop-align-center","12":"tablet-align-left","13":"mobile-align-left","15":"first","16":"instock","17":"downloadable","18":"virtual","19":"sold-individually","20":"taxable","21":"purchasable","22":"product-type-course"},"yoast_head":"<!-- This site is optimized with the Yoast SEO plugin v27.4 - https:\/\/yoast.com\/product\/yoast-seo-wordpress\/ -->\n<title>Veebikoolitus &quot;Napoleon vaarikamoosiga&quot; - Miila koogid<\/title>\n<meta name=\"description\" content=\"Samm-sammuline veebikoolitus koos videomaterjali ja allalaetava retseptiga. Liitu kohe ja valmista klassika, mille maitse j\u00e4\u00e4b meelde!\" \/>\n<meta name=\"robots\" content=\"index, follow, max-snippet:-1, max-image-preview:large, max-video-preview:-1\" \/>\n<link rel=\"canonical\" href=\"https:\/\/miilakoogid.ee\/en\/product\/veebikoolitus-napoleon-vaarikamoosiga\/\" \/>\n<meta property=\"og:locale\" content=\"en_US\" \/>\n<meta property=\"og:type\" content=\"article\" \/>\n<meta property=\"og:title\" content=\"Veebikoolitus &quot;Napoleon vaarikamoosiga&quot; - Miila koogid\" \/>\n<meta property=\"og:description\" content=\"Samm-sammuline veebikoolitus koos videomaterjali ja allalaetava retseptiga. Liitu kohe ja valmista klassika, mille maitse j\u00e4\u00e4b meelde!\" \/>\n<meta property=\"og:url\" content=\"https:\/\/miilakoogid.ee\/en\/product\/veebikoolitus-napoleon-vaarikamoosiga\/\" \/>\n<meta property=\"og:site_name\" content=\"Miila koogid\" \/>\n<meta property=\"article:modified_time\" content=\"2026-01-08T03:36:49+00:00\" \/>\n<meta property=\"og:image\" content=\"https:\/\/miilakoogid.ee\/wp-content\/uploads\/2025\/08\/Napoleon-3.png\" \/>\n\t<meta property=\"og:image:width\" content=\"1080\" \/>\n\t<meta property=\"og:image:height\" content=\"1080\" \/>\n\t<meta property=\"og:image:type\" content=\"image\/png\" \/>\n<meta name=\"twitter:card\" content=\"summary_large_image\" \/>\n<meta name=\"twitter:label1\" content=\"Est. reading time\" \/>\n\t<meta name=\"twitter:data1\" content=\"1 minute\" \/>\n<script type=\"application\/ld+json\" class=\"yoast-schema-graph\">{\"@context\":\"https:\\\/\\\/schema.org\",\"@graph\":[{\"@type\":\"WebPage\",\"@id\":\"https:\\\/\\\/miilakoogid.ee\\\/product\\\/veebikoolitus-napoleon-vaarikamoosiga\\\/\",\"url\":\"https:\\\/\\\/miilakoogid.ee\\\/product\\\/veebikoolitus-napoleon-vaarikamoosiga\\\/\",\"name\":\"Veebikoolitus \\\"Napoleon vaarikamoosiga\\\" - Miila koogid\",\"isPartOf\":{\"@id\":\"https:\\\/\\\/miilakoogid.ee\\\/#website\"},\"primaryImageOfPage\":{\"@id\":\"https:\\\/\\\/miilakoogid.ee\\\/product\\\/veebikoolitus-napoleon-vaarikamoosiga\\\/#primaryimage\"},\"image\":{\"@id\":\"https:\\\/\\\/miilakoogid.ee\\\/product\\\/veebikoolitus-napoleon-vaarikamoosiga\\\/#primaryimage\"},\"thumbnailUrl\":\"https:\\\/\\\/miilakoogid.ee\\\/wp-content\\\/uploads\\\/2025\\\/08\\\/Napoleon-3.png\",\"datePublished\":\"2025-08-07T17:14:08+00:00\",\"dateModified\":\"2026-01-08T03:36:49+00:00\",\"description\":\"Samm-sammuline veebikoolitus koos videomaterjali ja allalaetava retseptiga. Liitu kohe ja valmista klassika, mille maitse j\u00e4\u00e4b meelde!\",\"breadcrumb\":{\"@id\":\"https:\\\/\\\/miilakoogid.ee\\\/product\\\/veebikoolitus-napoleon-vaarikamoosiga\\\/#breadcrumb\"},\"inLanguage\":\"en-US\",\"potentialAction\":[{\"@type\":\"ReadAction\",\"target\":[\"https:\\\/\\\/miilakoogid.ee\\\/product\\\/veebikoolitus-napoleon-vaarikamoosiga\\\/\"]}]},{\"@type\":\"ImageObject\",\"inLanguage\":\"en-US\",\"@id\":\"https:\\\/\\\/miilakoogid.ee\\\/product\\\/veebikoolitus-napoleon-vaarikamoosiga\\\/#primaryimage\",\"url\":\"https:\\\/\\\/miilakoogid.ee\\\/wp-content\\\/uploads\\\/2025\\\/08\\\/Napoleon-3.png\",\"contentUrl\":\"https:\\\/\\\/miilakoogid.ee\\\/wp-content\\\/uploads\\\/2025\\\/08\\\/Napoleon-3.png\",\"width\":1080,\"height\":1080},{\"@type\":\"BreadcrumbList\",\"@id\":\"https:\\\/\\\/miilakoogid.ee\\\/product\\\/veebikoolitus-napoleon-vaarikamoosiga\\\/#breadcrumb\",\"itemListElement\":[{\"@type\":\"ListItem\",\"position\":1,\"name\":\"Esileht\",\"item\":\"https:\\\/\\\/miilakoogid.ee\\\/\"},{\"@type\":\"ListItem\",\"position\":2,\"name\":\"E-Pood\",\"item\":\"https:\\\/\\\/miilakoogid.ee\\\/e-pood\\\/\"},{\"@type\":\"ListItem\",\"position\":3,\"name\":\"Veebikoolitus &#8220;Napoleon vaarikamoosiga&#8221;\"}]},{\"@type\":\"WebSite\",\"@id\":\"https:\\\/\\\/miilakoogid.ee\\\/#website\",\"url\":\"https:\\\/\\\/miilakoogid.ee\\\/\",\"name\":\"Miila koogid\",\"description\":\"K\u00fcpsetamise veebikoolitused\",\"publisher\":{\"@id\":\"https:\\\/\\\/miilakoogid.ee\\\/#organization\"},\"potentialAction\":[{\"@type\":\"SearchAction\",\"target\":{\"@type\":\"EntryPoint\",\"urlTemplate\":\"https:\\\/\\\/miilakoogid.ee\\\/?s={search_term_string}\"},\"query-input\":{\"@type\":\"PropertyValueSpecification\",\"valueRequired\":true,\"valueName\":\"search_term_string\"}}],\"inLanguage\":\"en-US\"},{\"@type\":\"Organization\",\"@id\":\"https:\\\/\\\/miilakoogid.ee\\\/#organization\",\"name\":\"Miila koogid\",\"url\":\"https:\\\/\\\/miilakoogid.ee\\\/\",\"logo\":{\"@type\":\"ImageObject\",\"inLanguage\":\"en-US\",\"@id\":\"https:\\\/\\\/miilakoogid.ee\\\/#\\\/schema\\\/logo\\\/image\\\/\",\"url\":\"https:\\\/\\\/miilakoogid.ee\\\/wp-content\\\/uploads\\\/2024\\\/10\\\/Miila-koogid-1.svg\",\"contentUrl\":\"https:\\\/\\\/miilakoogid.ee\\\/wp-content\\\/uploads\\\/2024\\\/10\\\/Miila-koogid-1.svg\",\"width\":100,\"height\":100,\"caption\":\"Miila koogid\"},\"image\":{\"@id\":\"https:\\\/\\\/miilakoogid.ee\\\/#\\\/schema\\\/logo\\\/image\\\/\"}}]}<\/script>\n<!-- \/ Yoast SEO plugin. -->","yoast_head_json":{"title":"Veebikoolitus \"Napoleon vaarikamoosiga\" - Miila koogid","description":"Samm-sammuline veebikoolitus koos videomaterjali ja allalaetava retseptiga. Liitu kohe ja valmista klassika, mille maitse j\u00e4\u00e4b meelde!","robots":{"index":"index","follow":"follow","max-snippet":"max-snippet:-1","max-image-preview":"max-image-preview:large","max-video-preview":"max-video-preview:-1"},"canonical":"https:\/\/miilakoogid.ee\/en\/product\/veebikoolitus-napoleon-vaarikamoosiga\/","og_locale":"en_US","og_type":"article","og_title":"Veebikoolitus \"Napoleon vaarikamoosiga\" - Miila koogid","og_description":"Samm-sammuline veebikoolitus koos videomaterjali ja allalaetava retseptiga. Liitu kohe ja valmista klassika, mille maitse j\u00e4\u00e4b meelde!","og_url":"https:\/\/miilakoogid.ee\/en\/product\/veebikoolitus-napoleon-vaarikamoosiga\/","og_site_name":"Miila koogid","article_modified_time":"2026-01-08T03:36:49+00:00","og_image":[{"width":1080,"height":1080,"url":"https:\/\/miilakoogid.ee\/wp-content\/uploads\/2025\/08\/Napoleon-3.png","type":"image\/png"}],"twitter_card":"summary_large_image","twitter_misc":{"Est. reading time":"1 minute"},"schema":{"@context":"https:\/\/schema.org","@graph":[{"@type":"WebPage","@id":"https:\/\/miilakoogid.ee\/product\/veebikoolitus-napoleon-vaarikamoosiga\/","url":"https:\/\/miilakoogid.ee\/product\/veebikoolitus-napoleon-vaarikamoosiga\/","name":"Veebikoolitus \"Napoleon vaarikamoosiga\" - Miila koogid","isPartOf":{"@id":"https:\/\/miilakoogid.ee\/#website"},"primaryImageOfPage":{"@id":"https:\/\/miilakoogid.ee\/product\/veebikoolitus-napoleon-vaarikamoosiga\/#primaryimage"},"image":{"@id":"https:\/\/miilakoogid.ee\/product\/veebikoolitus-napoleon-vaarikamoosiga\/#primaryimage"},"thumbnailUrl":"https:\/\/miilakoogid.ee\/wp-content\/uploads\/2025\/08\/Napoleon-3.png","datePublished":"2025-08-07T17:14:08+00:00","dateModified":"2026-01-08T03:36:49+00:00","description":"Samm-sammuline veebikoolitus koos videomaterjali ja allalaetava retseptiga. Liitu kohe ja valmista klassika, mille maitse j\u00e4\u00e4b meelde!","breadcrumb":{"@id":"https:\/\/miilakoogid.ee\/product\/veebikoolitus-napoleon-vaarikamoosiga\/#breadcrumb"},"inLanguage":"en-US","potentialAction":[{"@type":"ReadAction","target":["https:\/\/miilakoogid.ee\/product\/veebikoolitus-napoleon-vaarikamoosiga\/"]}]},{"@type":"ImageObject","inLanguage":"en-US","@id":"https:\/\/miilakoogid.ee\/product\/veebikoolitus-napoleon-vaarikamoosiga\/#primaryimage","url":"https:\/\/miilakoogid.ee\/wp-content\/uploads\/2025\/08\/Napoleon-3.png","contentUrl":"https:\/\/miilakoogid.ee\/wp-content\/uploads\/2025\/08\/Napoleon-3.png","width":1080,"height":1080},{"@type":"BreadcrumbList","@id":"https:\/\/miilakoogid.ee\/product\/veebikoolitus-napoleon-vaarikamoosiga\/#breadcrumb","itemListElement":[{"@type":"ListItem","position":1,"name":"Esileht","item":"https:\/\/miilakoogid.ee\/"},{"@type":"ListItem","position":2,"name":"E-Pood","item":"https:\/\/miilakoogid.ee\/e-pood\/"},{"@type":"ListItem","position":3,"name":"Veebikoolitus &#8220;Napoleon vaarikamoosiga&#8221;"}]},{"@type":"WebSite","@id":"https:\/\/miilakoogid.ee\/#website","url":"https:\/\/miilakoogid.ee\/","name":"Miila koogid","description":"K\u00fcpsetamise veebikoolitused","publisher":{"@id":"https:\/\/miilakoogid.ee\/#organization"},"potentialAction":[{"@type":"SearchAction","target":{"@type":"EntryPoint","urlTemplate":"https:\/\/miilakoogid.ee\/?s={search_term_string}"},"query-input":{"@type":"PropertyValueSpecification","valueRequired":true,"valueName":"search_term_string"}}],"inLanguage":"en-US"},{"@type":"Organization","@id":"https:\/\/miilakoogid.ee\/#organization","name":"Miila koogid","url":"https:\/\/miilakoogid.ee\/","logo":{"@type":"ImageObject","inLanguage":"en-US","@id":"https:\/\/miilakoogid.ee\/#\/schema\/logo\/image\/","url":"https:\/\/miilakoogid.ee\/wp-content\/uploads\/2024\/10\/Miila-koogid-1.svg","contentUrl":"https:\/\/miilakoogid.ee\/wp-content\/uploads\/2024\/10\/Miila-koogid-1.svg","width":100,"height":100,"caption":"Miila koogid"},"image":{"@id":"https:\/\/miilakoogid.ee\/#\/schema\/logo\/image\/"}}]}},"_links":{"self":[{"href":"https:\/\/miilakoogid.ee\/en\/wp-json\/wp\/v2\/product\/6458","targetHints":{"allow":["GET"]}}],"collection":[{"href":"https:\/\/miilakoogid.ee\/en\/wp-json\/wp\/v2\/product"}],"about":[{"href":"https:\/\/miilakoogid.ee\/en\/wp-json\/wp\/v2\/types\/product"}],"replies":[{"embeddable":true,"href":"https:\/\/miilakoogid.ee\/en\/wp-json\/wp\/v2\/comments?post=6458"}],"version-history":[{"count":2,"href":"https:\/\/miilakoogid.ee\/en\/wp-json\/wp\/v2\/product\/6458\/revisions"}],"predecessor-version":[{"id":9579,"href":"https:\/\/miilakoogid.ee\/en\/wp-json\/wp\/v2\/product\/6458\/revisions\/9579"}],"wp:featuredmedia":[{"embeddable":true,"href":"https:\/\/miilakoogid.ee\/en\/wp-json\/wp\/v2\/media\/6462"}],"wp:attachment":[{"href":"https:\/\/miilakoogid.ee\/en\/wp-json\/wp\/v2\/media?parent=6458"}],"wp:term":[{"taxonomy":"product_brand","embeddable":true,"href":"https:\/\/miilakoogid.ee\/en\/wp-json\/wp\/v2\/product_brand?post=6458"},{"taxonomy":"product_cat","embeddable":true,"href":"https:\/\/miilakoogid.ee\/en\/wp-json\/wp\/v2\/product_cat?post=6458"},{"taxonomy":"product_tag","embeddable":true,"href":"https:\/\/miilakoogid.ee\/en\/wp-json\/wp\/v2\/product_tag?post=6458"}],"curies":[{"name":"wp","href":"https:\/\/api.w.org\/{rel}","templated":true}]}}