{"id":6333,"date":"2025-09-06T05:36:11","date_gmt":"2025-09-06T05:36:11","guid":{"rendered":"https:\/\/miilakoogid.ee\/?post_type=product&#038;p=6333"},"modified":"2026-04-17T07:59:49","modified_gmt":"2026-04-17T04:59:49","slug":"veebikoolitus-suupisted","status":"publish","type":"product","link":"https:\/\/miilakoogid.ee\/en\/product\/veebikoolitus-suupisted\/","title":{"rendered":"Online course \"Appetizers\""},"content":{"rendered":"<p><strong>Topics covered in the training:<\/strong><\/p>\n<ul>\n<li><span style=\"font-weight: 400;\">Kanamaksapasteedi valmistamine<\/span><\/li>\n<li><span style=\"font-size: 16px;\">Marineeritud kurgi ja redise valmistamine<\/span><\/li>\n<li><span style=\"font-size: 16px;\">Pasteedileibade kokkupanek ja kaunistamine<\/span><\/li>\n<li><span style=\"font-size: 16px;\">Kreeka jogurti- toorjuustkreemi valmistamine<\/span><\/li>\n<li><span style=\"font-size: 16px;\">L\u00f5hesuupistete kokkupanek ja kaunistamine<\/span><\/li>\n<li><span style=\"font-size: 16px;\">Suitsukanakreemi valmistamine<\/span><\/li>\n<li><span style=\"font-size: 16px;\">Lavashi kokkupanek ja kaunistamine<\/span><\/li>\n<li><span style=\"font-size: 16px;\">Toorjuustu-suitsukanakreemi valmistamine<\/span><\/li>\n<li><span style=\"font-size: 16px;\">Suitsukana suupistete kokkupanek ja kaunistamine<\/span><\/li>\n<li><span style=\"font-size: 16px;\">Tuunikalam\u00e4\u00e4rde valmistamine<\/span><\/li>\n<li><span style=\"font-size: 16px;\">Nori-riisipaberi chipside valmistamine<\/span><\/li>\n<li><span style=\"font-size: 16px;\">Tuunikalasuupistete kokupanek ja kaunistamine<\/span><\/li>\n<li><span style=\"font-size: 16px;\">Pesto valmistamine<\/span><\/li>\n<li><span style=\"font-size: 16px;\">Pasta salati valmistamine<\/span><\/li>\n<li><span style=\"font-size: 16px;\">Brownie k\u00fcpsetamine<\/span><\/li>\n<li><span style=\"font-size: 16px;\">Mangokreemi valmistamine<\/span><\/li>\n<li><span style=\"font-size: 16px;\">Brownie ruutude kokkupanek ja kaunistamine<\/span><\/li>\n<\/ul>\n<p><span style=\"font-size: 16px;\"><span style=\"font-size: 16px;\"><strong style=\"font-size: 16px;\">The training includes:<\/strong><br \/>\n<\/span><\/span><\/p>\n<ul>\n<li style=\"font-weight: 400;\" aria-level=\"1\"><span style=\"font-weight: 400;\">7 erineva suupiste valmistamise \u00f5ppevideo (1h 50 minutit)<\/span><\/li>\n<li style=\"font-weight: 400;\" aria-level=\"1\"><span style=\"font-weight: 400;\">Downloadable file with recipes and instructions<\/span><\/li>\n<li style=\"font-weight: 400;\" aria-level=\"1\"><span style=\"font-weight: 400;\">Unlimited access to educational videos and materials.<\/span><\/li>\n<\/ul>\n<p><em>Materjalidele ligip\u00e4\u00e4suks registreeri kasutajaks v\u00f5i logi sisse.\u00a0<\/em><\/p>","protected":false},"excerpt":{"rendered":"<p><span style=\"font-weight: 400;\">See koolitus on m\u00f5eldud Sulle, kui Sa hindad <\/span><b>h\u00e4sti l\u00e4bim\u00f5eldud, maitserikkaid ja visuaalselt kauneid suupisteid<\/b><span style=\"font-weight: 400;\">, mis sobivad suurep\u00e4raselt nii <\/span><b>peolauale kui ka argi\u00f5htusse erilisust tooma.<\/b><\/p>\n<p><b>Koolituse k\u00e4igus \u00f5pid valmistama:<\/b><\/p>\n<ul>\n<li style=\"font-weight: 400;\" aria-level=\"1\"><b>Kanamaksapasteeti marineeritud kurgiga<\/b><span style=\"font-weight: 400;\"> \u2013 ehe ja kodune klassika, millele m\u00f5nusa v\u00e4rskuse lisab v\u00e4rske kurk<\/span><\/li>\n<li style=\"font-weight: 400;\" aria-level=\"1\"><b>Pastasalat pestoga<\/b><span style=\"font-weight: 400;\"> \u2013 v\u00e4rske, toitev ja h\u00e4sti sobituv lisand grilli v\u00f5i prae k\u00f5rvale<\/span><\/li>\n<li style=\"font-weight: 400;\" aria-level=\"1\"><b>Toorjuustukreemiga l\u00f5he suupisted marineeritud redisega<\/b><span style=\"font-weight: 400;\"> \u2013 mahe ja suus sulav amps kerge s\u00e4rtsuga<\/span><\/li>\n<li style=\"font-weight: 400;\" aria-level=\"1\"><b>Suitsukana ja p\u00e4ikesekuivatatud tomati lavashi<\/b><span style=\"font-weight: 400;\"> \u2013 lihtne kokku panna, maitsetest tulvil ja mugav igalepoole kaasa v\u00f5tta.<\/span><\/li>\n<li style=\"font-weight: 400;\" aria-level=\"1\"><b>Suitsukanakreemiga suupisteid<\/b><span style=\"font-weight: 400;\"> \u2013 rikkalikult kaunistatud baguette v\u00f5i rukkikorvike.<\/span><\/li>\n<li style=\"font-weight: 400;\" aria-level=\"1\"><b>Tuunikalam\u00e4\u00e4ret kr\u00f5bedate chipsidega<\/b><span style=\"font-weight: 400;\"> \u2013 kergelt v\u00fcrtsine tuunikala, kr\u00f5mpsud ja soolakad chipsid<\/span><\/li>\n<li style=\"font-weight: 400;\" aria-level=\"1\"><b style=\"font-style: inherit;\">Brownieruudud mangokreemiga<\/b><span style=\"font-weight: 400;\"> \u2013 v\u00e4ike \u0161okolaadine maiuspala troopilise v\u00e4rskusega<\/span><\/li>\n<\/ul>\n<p>Olles soetanud veebikoolituse, saad liituda <a href=\"https:\/\/www.facebook.com\/groups\/1345815353548352\">Miila Koogiklubiga<\/a>&#8211; s\u00f5bralik Facebooki grupp, kus jagame ideid, nippe ja retseptide edasiarendusi. Seal saad k\u00fcsida k\u00fcsimusi, jagada oma \u00f5nnestumisi ja leida toetust teistelt k\u00fcpsetajatelt.<\/p>\n<p>&nbsp;<\/p>\n<p>&nbsp;<\/p>","protected":false},"featured_media":6367,"comment_status":"open","ping_status":"closed","template":"","meta":{"site-sidebar-layout":"default","site-content-layout":"","ast-site-content-layout":"default","site-content-style":"default","site-sidebar-style":"default","ast-global-header-display":"","ast-banner-title-visibility":"","ast-main-header-display":"","ast-hfb-above-header-display":"","ast-hfb-below-header-display":"","ast-hfb-mobile-header-display":"","site-post-title":"","ast-breadcrumbs-content":"","ast-featured-img":"","footer-sml-layout":"","ast-disable-related-posts":"","theme-transparent-header-meta":"default","adv-header-id-meta":"","stick-header-meta":"","header-above-stick-meta":"","header-main-stick-meta":"","header-below-stick-meta":"","astra-migrate-meta-layouts":"set","ast-page-background-enabled":"default","ast-page-background-meta":{"desktop":{"background-color":"","background-image":"","background-repeat":"repeat","background-position":"center center","background-size":"auto","background-attachment":"scroll","background-type":"","background-media":"","overlay-type":"","overlay-color":"","overlay-opacity":"","overlay-gradient":""},"tablet":{"background-color":"","background-image":"","background-repeat":"repeat","background-position":"center center","background-size":"auto","background-attachment":"scroll","background-type":"","background-media":"","overlay-type":"","overlay-color":"","overlay-opacity":"","overlay-gradient":""},"mobile":{"background-color":"","background-image":"","background-repeat":"repeat","background-position":"center center","background-size":"auto","background-attachment":"scroll","background-type":"","background-media":"","overlay-type":"","overlay-color":"","overlay-opacity":"","overlay-gradient":""}},"ast-content-background-meta":{"desktop":{"background-color":"var(--ast-global-color-5)","background-image":"","background-repeat":"repeat","background-position":"center center","background-size":"auto","background-attachment":"scroll","background-type":"","background-media":"","overlay-type":"","overlay-color":"","overlay-opacity":"","overlay-gradient":""},"tablet":{"background-color":"var(--ast-global-color-5)","background-image":"","background-repeat":"repeat","background-position":"center center","background-size":"auto","background-attachment":"scroll","background-type":"","background-media":"","overlay-type":"","overlay-color":"","overlay-opacity":"","overlay-gradient":""},"mobile":{"background-color":"var(--ast-global-color-5)","background-image":"","background-repeat":"repeat","background-position":"center center","background-size":"auto","background-attachment":"scroll","background-type":"","background-media":"","overlay-type":"","overlay-color":"","overlay-opacity":"","overlay-gradient":""}}},"product_brand":[],"product_cat":[24],"product_tag":[203,200,204,205,158,202,199,201],"class_list":{"0":"post-6333","1":"product","2":"type-product","3":"status-publish","4":"has-post-thumbnail","6":"product_cat-veebikoolitused","7":"product_tag-brownieruudud","8":"product_tag-kanamaksapasteet","9":"product_tag-lohe-suupisted","10":"product_tag-pastasalat","11":"product_tag-pesto","12":"product_tag-suitsukanakreem","13":"product_tag-suupisted","14":"product_tag-tuunikalamaare","15":"desktop-align-center","16":"tablet-align-left","17":"mobile-align-left","19":"first","20":"instock","21":"downloadable","22":"virtual","23":"sold-individually","24":"taxable","25":"purchasable","26":"product-type-course"},"yoast_head":"<!-- This site is optimized with the Yoast SEO plugin v27.4 - https:\/\/yoast.com\/product\/yoast-seo-wordpress\/ -->\n<title>Veebikoolitus &quot;Suupisted&quot; - Miila koogid<\/title>\n<meta name=\"description\" content=\"Koolitus on k\u00f5igile, kes hindavad l\u00e4bim\u00f5eldud, maitserikkaid ja visuaalselt kauneid suupisteid, mis sobivad peolauale kui ka argi\u00f5htusse erilisust tooma.\" \/>\n<meta name=\"robots\" content=\"index, follow, max-snippet:-1, max-image-preview:large, max-video-preview:-1\" \/>\n<link rel=\"canonical\" href=\"https:\/\/miilakoogid.ee\/en\/product\/veebikoolitus-suupisted\/\" \/>\n<meta property=\"og:locale\" content=\"en_US\" \/>\n<meta property=\"og:type\" content=\"article\" \/>\n<meta property=\"og:title\" content=\"Veebikoolitus &quot;Suupisted&quot; - Miila koogid\" \/>\n<meta property=\"og:description\" content=\"Koolitus on k\u00f5igile, kes hindavad l\u00e4bim\u00f5eldud, maitserikkaid ja visuaalselt kauneid suupisteid, mis sobivad peolauale kui ka argi\u00f5htusse erilisust tooma.\" \/>\n<meta property=\"og:url\" content=\"https:\/\/miilakoogid.ee\/en\/product\/veebikoolitus-suupisted\/\" \/>\n<meta property=\"og:site_name\" content=\"Miila koogid\" \/>\n<meta property=\"article:modified_time\" content=\"2026-04-17T04:59:49+00:00\" \/>\n<meta property=\"og:image\" content=\"https:\/\/miilakoogid.ee\/wp-content\/uploads\/2025\/07\/Karina-31-1.png\" \/>\n\t<meta property=\"og:image:width\" content=\"1080\" \/>\n\t<meta property=\"og:image:height\" content=\"1080\" \/>\n\t<meta property=\"og:image:type\" content=\"image\/png\" \/>\n<meta name=\"twitter:card\" content=\"summary_large_image\" \/>\n<meta name=\"twitter:label1\" content=\"Est. reading time\" \/>\n\t<meta name=\"twitter:data1\" content=\"1 minute\" \/>\n<script type=\"application\/ld+json\" class=\"yoast-schema-graph\">{\"@context\":\"https:\\\/\\\/schema.org\",\"@graph\":[{\"@type\":\"WebPage\",\"@id\":\"https:\\\/\\\/miilakoogid.ee\\\/product\\\/veebikoolitus-suupisted\\\/\",\"url\":\"https:\\\/\\\/miilakoogid.ee\\\/product\\\/veebikoolitus-suupisted\\\/\",\"name\":\"Veebikoolitus \\\"Suupisted\\\" - Miila koogid\",\"isPartOf\":{\"@id\":\"https:\\\/\\\/miilakoogid.ee\\\/#website\"},\"primaryImageOfPage\":{\"@id\":\"https:\\\/\\\/miilakoogid.ee\\\/product\\\/veebikoolitus-suupisted\\\/#primaryimage\"},\"image\":{\"@id\":\"https:\\\/\\\/miilakoogid.ee\\\/product\\\/veebikoolitus-suupisted\\\/#primaryimage\"},\"thumbnailUrl\":\"https:\\\/\\\/miilakoogid.ee\\\/wp-content\\\/uploads\\\/2025\\\/07\\\/Karina-31-1.png\",\"datePublished\":\"2025-09-06T05:36:11+00:00\",\"dateModified\":\"2026-04-17T04:59:49+00:00\",\"description\":\"Koolitus on k\u00f5igile, kes hindavad l\u00e4bim\u00f5eldud, maitserikkaid ja visuaalselt kauneid suupisteid, mis sobivad peolauale kui ka argi\u00f5htusse erilisust tooma.\",\"breadcrumb\":{\"@id\":\"https:\\\/\\\/miilakoogid.ee\\\/product\\\/veebikoolitus-suupisted\\\/#breadcrumb\"},\"inLanguage\":\"en-US\",\"potentialAction\":[{\"@type\":\"ReadAction\",\"target\":[\"https:\\\/\\\/miilakoogid.ee\\\/product\\\/veebikoolitus-suupisted\\\/\"]}]},{\"@type\":\"ImageObject\",\"inLanguage\":\"en-US\",\"@id\":\"https:\\\/\\\/miilakoogid.ee\\\/product\\\/veebikoolitus-suupisted\\\/#primaryimage\",\"url\":\"https:\\\/\\\/miilakoogid.ee\\\/wp-content\\\/uploads\\\/2025\\\/07\\\/Karina-31-1.png\",\"contentUrl\":\"https:\\\/\\\/miilakoogid.ee\\\/wp-content\\\/uploads\\\/2025\\\/07\\\/Karina-31-1.png\",\"width\":1080,\"height\":1080},{\"@type\":\"BreadcrumbList\",\"@id\":\"https:\\\/\\\/miilakoogid.ee\\\/product\\\/veebikoolitus-suupisted\\\/#breadcrumb\",\"itemListElement\":[{\"@type\":\"ListItem\",\"position\":1,\"name\":\"Esileht\",\"item\":\"https:\\\/\\\/miilakoogid.ee\\\/\"},{\"@type\":\"ListItem\",\"position\":2,\"name\":\"E-Pood\",\"item\":\"https:\\\/\\\/miilakoogid.ee\\\/e-pood\\\/\"},{\"@type\":\"ListItem\",\"position\":3,\"name\":\"Veebikoolitus &#8220;Suupisted&#8221;\"}]},{\"@type\":\"WebSite\",\"@id\":\"https:\\\/\\\/miilakoogid.ee\\\/#website\",\"url\":\"https:\\\/\\\/miilakoogid.ee\\\/\",\"name\":\"Miila koogid\",\"description\":\"K\u00fcpsetamise veebikoolitused\",\"publisher\":{\"@id\":\"https:\\\/\\\/miilakoogid.ee\\\/#organization\"},\"potentialAction\":[{\"@type\":\"SearchAction\",\"target\":{\"@type\":\"EntryPoint\",\"urlTemplate\":\"https:\\\/\\\/miilakoogid.ee\\\/?s={search_term_string}\"},\"query-input\":{\"@type\":\"PropertyValueSpecification\",\"valueRequired\":true,\"valueName\":\"search_term_string\"}}],\"inLanguage\":\"en-US\"},{\"@type\":\"Organization\",\"@id\":\"https:\\\/\\\/miilakoogid.ee\\\/#organization\",\"name\":\"Miila koogid\",\"url\":\"https:\\\/\\\/miilakoogid.ee\\\/\",\"logo\":{\"@type\":\"ImageObject\",\"inLanguage\":\"en-US\",\"@id\":\"https:\\\/\\\/miilakoogid.ee\\\/#\\\/schema\\\/logo\\\/image\\\/\",\"url\":\"https:\\\/\\\/miilakoogid.ee\\\/wp-content\\\/uploads\\\/2024\\\/10\\\/Miila-koogid-1.svg\",\"contentUrl\":\"https:\\\/\\\/miilakoogid.ee\\\/wp-content\\\/uploads\\\/2024\\\/10\\\/Miila-koogid-1.svg\",\"width\":100,\"height\":100,\"caption\":\"Miila koogid\"},\"image\":{\"@id\":\"https:\\\/\\\/miilakoogid.ee\\\/#\\\/schema\\\/logo\\\/image\\\/\"}}]}<\/script>\n<!-- \/ Yoast SEO plugin. -->","yoast_head_json":{"title":"Veebikoolitus \"Suupisted\" - Miila koogid","description":"Koolitus on k\u00f5igile, kes hindavad l\u00e4bim\u00f5eldud, maitserikkaid ja visuaalselt kauneid suupisteid, mis sobivad peolauale kui ka argi\u00f5htusse erilisust tooma.","robots":{"index":"index","follow":"follow","max-snippet":"max-snippet:-1","max-image-preview":"max-image-preview:large","max-video-preview":"max-video-preview:-1"},"canonical":"https:\/\/miilakoogid.ee\/en\/product\/veebikoolitus-suupisted\/","og_locale":"en_US","og_type":"article","og_title":"Veebikoolitus \"Suupisted\" - Miila koogid","og_description":"Koolitus on k\u00f5igile, kes hindavad l\u00e4bim\u00f5eldud, maitserikkaid ja visuaalselt kauneid suupisteid, mis sobivad peolauale kui ka argi\u00f5htusse erilisust tooma.","og_url":"https:\/\/miilakoogid.ee\/en\/product\/veebikoolitus-suupisted\/","og_site_name":"Miila koogid","article_modified_time":"2026-04-17T04:59:49+00:00","og_image":[{"width":1080,"height":1080,"url":"https:\/\/miilakoogid.ee\/wp-content\/uploads\/2025\/07\/Karina-31-1.png","type":"image\/png"}],"twitter_card":"summary_large_image","twitter_misc":{"Est. reading time":"1 minute"},"schema":{"@context":"https:\/\/schema.org","@graph":[{"@type":"WebPage","@id":"https:\/\/miilakoogid.ee\/product\/veebikoolitus-suupisted\/","url":"https:\/\/miilakoogid.ee\/product\/veebikoolitus-suupisted\/","name":"Veebikoolitus \"Suupisted\" - Miila koogid","isPartOf":{"@id":"https:\/\/miilakoogid.ee\/#website"},"primaryImageOfPage":{"@id":"https:\/\/miilakoogid.ee\/product\/veebikoolitus-suupisted\/#primaryimage"},"image":{"@id":"https:\/\/miilakoogid.ee\/product\/veebikoolitus-suupisted\/#primaryimage"},"thumbnailUrl":"https:\/\/miilakoogid.ee\/wp-content\/uploads\/2025\/07\/Karina-31-1.png","datePublished":"2025-09-06T05:36:11+00:00","dateModified":"2026-04-17T04:59:49+00:00","description":"Koolitus on k\u00f5igile, kes hindavad l\u00e4bim\u00f5eldud, maitserikkaid ja visuaalselt kauneid suupisteid, mis sobivad peolauale kui ka argi\u00f5htusse erilisust tooma.","breadcrumb":{"@id":"https:\/\/miilakoogid.ee\/product\/veebikoolitus-suupisted\/#breadcrumb"},"inLanguage":"en-US","potentialAction":[{"@type":"ReadAction","target":["https:\/\/miilakoogid.ee\/product\/veebikoolitus-suupisted\/"]}]},{"@type":"ImageObject","inLanguage":"en-US","@id":"https:\/\/miilakoogid.ee\/product\/veebikoolitus-suupisted\/#primaryimage","url":"https:\/\/miilakoogid.ee\/wp-content\/uploads\/2025\/07\/Karina-31-1.png","contentUrl":"https:\/\/miilakoogid.ee\/wp-content\/uploads\/2025\/07\/Karina-31-1.png","width":1080,"height":1080},{"@type":"BreadcrumbList","@id":"https:\/\/miilakoogid.ee\/product\/veebikoolitus-suupisted\/#breadcrumb","itemListElement":[{"@type":"ListItem","position":1,"name":"Esileht","item":"https:\/\/miilakoogid.ee\/"},{"@type":"ListItem","position":2,"name":"E-Pood","item":"https:\/\/miilakoogid.ee\/e-pood\/"},{"@type":"ListItem","position":3,"name":"Veebikoolitus &#8220;Suupisted&#8221;"}]},{"@type":"WebSite","@id":"https:\/\/miilakoogid.ee\/#website","url":"https:\/\/miilakoogid.ee\/","name":"Miila koogid","description":"K\u00fcpsetamise veebikoolitused","publisher":{"@id":"https:\/\/miilakoogid.ee\/#organization"},"potentialAction":[{"@type":"SearchAction","target":{"@type":"EntryPoint","urlTemplate":"https:\/\/miilakoogid.ee\/?s={search_term_string}"},"query-input":{"@type":"PropertyValueSpecification","valueRequired":true,"valueName":"search_term_string"}}],"inLanguage":"en-US"},{"@type":"Organization","@id":"https:\/\/miilakoogid.ee\/#organization","name":"Miila koogid","url":"https:\/\/miilakoogid.ee\/","logo":{"@type":"ImageObject","inLanguage":"en-US","@id":"https:\/\/miilakoogid.ee\/#\/schema\/logo\/image\/","url":"https:\/\/miilakoogid.ee\/wp-content\/uploads\/2024\/10\/Miila-koogid-1.svg","contentUrl":"https:\/\/miilakoogid.ee\/wp-content\/uploads\/2024\/10\/Miila-koogid-1.svg","width":100,"height":100,"caption":"Miila koogid"},"image":{"@id":"https:\/\/miilakoogid.ee\/#\/schema\/logo\/image\/"}}]}},"_links":{"self":[{"href":"https:\/\/miilakoogid.ee\/en\/wp-json\/wp\/v2\/product\/6333","targetHints":{"allow":["GET"]}}],"collection":[{"href":"https:\/\/miilakoogid.ee\/en\/wp-json\/wp\/v2\/product"}],"about":[{"href":"https:\/\/miilakoogid.ee\/en\/wp-json\/wp\/v2\/types\/product"}],"replies":[{"embeddable":true,"href":"https:\/\/miilakoogid.ee\/en\/wp-json\/wp\/v2\/comments?post=6333"}],"version-history":[{"count":2,"href":"https:\/\/miilakoogid.ee\/en\/wp-json\/wp\/v2\/product\/6333\/revisions"}],"predecessor-version":[{"id":9565,"href":"https:\/\/miilakoogid.ee\/en\/wp-json\/wp\/v2\/product\/6333\/revisions\/9565"}],"wp:featuredmedia":[{"embeddable":true,"href":"https:\/\/miilakoogid.ee\/en\/wp-json\/wp\/v2\/media\/6367"}],"wp:attachment":[{"href":"https:\/\/miilakoogid.ee\/en\/wp-json\/wp\/v2\/media?parent=6333"}],"wp:term":[{"taxonomy":"product_brand","embeddable":true,"href":"https:\/\/miilakoogid.ee\/en\/wp-json\/wp\/v2\/product_brand?post=6333"},{"taxonomy":"product_cat","embeddable":true,"href":"https:\/\/miilakoogid.ee\/en\/wp-json\/wp\/v2\/product_cat?post=6333"},{"taxonomy":"product_tag","embeddable":true,"href":"https:\/\/miilakoogid.ee\/en\/wp-json\/wp\/v2\/product_tag?post=6333"}],"curies":[{"name":"wp","href":"https:\/\/api.w.org\/{rel}","templated":true}]}}