{"id":5992,"date":"2025-09-04T11:53:35","date_gmt":"2025-09-04T11:53:35","guid":{"rendered":"https:\/\/miilakoogid.ee\/?post_type=product&#038;p=5992"},"modified":"2025-10-03T12:04:10","modified_gmt":"2025-10-03T12:04:10","slug":"veebikoolitus-pizza","status":"publish","type":"product","link":"https:\/\/miilakoogid.ee\/en\/product\/veebikoolitus-pizza\/","title":{"rendered":"Online course \"Pizza\" + sweet gift"},"content":{"rendered":"<p><strong>Sa saad luua oma unikaalse pizza vastavalt isiklikule maitsele ja vajadusele. Valides ise oma tooraine, saad v\u00e4hendada s\u00e4ilitusainete hulka ja teha tervislikumaid valikuid.<\/strong><\/p>\n<p><strong>Topics covered in the training:<\/strong><\/p>\n<ul>\n<li><span style=\"font-weight: 400;\">Tomatikastme valmistamine, s\u00e4ilitamine ja k\u00fclmutamine<\/span><\/li>\n<li><span style=\"font-size: 16px;\">&#8220;Kiire&#8221; pizzataigna valmistamine, kergitamine ja s\u00fcgavk\u00fclmutamine<\/span><\/li>\n<li><span style=\"font-size: 16px;\">Pikalt kerkinud pizzataigna valmistamine, kergitamine ja s\u00fcgavk\u00fclmutamine<\/span><\/li>\n<li><span style=\"font-size: 16px;\">Marineeritud punase sibula valmistamine<\/span><\/li>\n<li><span style=\"font-size: 16px;\">Pizza vormimine ja lisandite valimine<\/span><\/li>\n<li><span style=\"font-size: 16px;\">Pizza k\u00fcpsetamine ahjus<\/span><\/li>\n<li><span style=\"font-size: 16px;\">Pizza k\u00fcpsetamine grillil<\/span><\/li>\n<li>K\u00fclmutatud pizza valmistamine ja k\u00fcpsetamine<\/li>\n<\/ul>\n<p><strong>The training includes:<\/strong><\/p>\n<ul>\n<li><span style=\"font-weight: 400;\">Koduse pizza valmistamise \u00f5ppevideo (57 minutit)<\/span><\/li>\n<li><span style=\"font-weight: 400;\">Downloadable file with recipes and instructions<\/span><\/li>\n<li>Unlimited access to educational videos and materials.<\/li>\n<\/ul>\n<p><em>Materjalidele ligip\u00e4\u00e4suks registreeri kasutajaks v\u00f5i logi sisse. Peale ostu sooritamist saad retseptid alla laadida &#8220;minu konto&#8221; alt. Video n\u00e4gemiseks mine &#8220;Veebikoolitused&#8221; ja soetatud koolituse juures &#8220;liitu koolitusega&#8221;.<\/em><\/p>","protected":false},"excerpt":{"rendered":"<p><strong>Kodune pizza-\u00a0 pizzeria maitse ja v\u00e4ljan\u00e4gemisega.<\/strong><\/p>\n<p><span style=\"font-weight: 400;\">\u00d5pi looma t\u00e4iuslikku pizzat kodustes tingimustes, kasutades lihtsaid vahendeid. Ei mingit lisa v\u00e4ljaminekut pizzaahju, kiviplaadi v\u00f5i pizzalabida jaoks.<\/span><\/p>\n<p><span style=\"font-weight: 400;\">Alates ideaalsest pizzataignast ja maitsekast tomatikastmest kuni maitsvate lisanditeni \u2013 <strong>see veebikoolitus \u00f5petab sind valmistama pizzasid, mis \u00fcletavad nii m\u00f5negi pizzeria taseme.<\/strong><\/span><\/p>\n<p><span style=\"font-weight: 400;\">Kutsu s\u00f5brad kokku ja korraldage pizzapidu! Iga\u00fchel on v\u00f5imalus valida oma lemmik koostisosad ja luua isikup\u00e4rane pizza.<br \/>\n<\/span><span style=\"font-weight: 400;\">K\u00fcpsetage neid ahjus v\u00f5i grillil.<\/span><\/p>\n<p><strong>KINGITUSEKS<\/strong> <strong>lihtsate p\u00e4rmi-lehttaignast maasikapirukate retsept.<\/strong><\/p>\n<p>Olles soetanud veebikoolituse, saad liituda <a href=\"https:\/\/www.facebook.com\/groups\/1345815353548352\">Miila Koogiklubiga<\/a>&#8211; s\u00f5bralik Facebooki grupp, kus jagame ideid, nippe ja retseptide edasiarendusi. Seal saad k\u00fcsida k\u00fcsimusi, jagada oma \u00f5nnestumisi ja leida toetust teistelt k\u00fcpsetajatelt.<\/p>\n<p>&nbsp;<\/p>","protected":false},"featured_media":6009,"comment_status":"open","ping_status":"closed","template":"","meta":{"site-sidebar-layout":"default","site-content-layout":"","ast-site-content-layout":"default","site-content-style":"default","site-sidebar-style":"default","ast-global-header-display":"","ast-banner-title-visibility":"","ast-main-header-display":"","ast-hfb-above-header-display":"","ast-hfb-below-header-display":"","ast-hfb-mobile-header-display":"","site-post-title":"","ast-breadcrumbs-content":"","ast-featured-img":"","footer-sml-layout":"","ast-disable-related-posts":"","theme-transparent-header-meta":"default","adv-header-id-meta":"","stick-header-meta":"","header-above-stick-meta":"","header-main-stick-meta":"","header-below-stick-meta":"","astra-migrate-meta-layouts":"set","ast-page-background-enabled":"default","ast-page-background-meta":{"desktop":{"background-color":"","background-image":"","background-repeat":"repeat","background-position":"center center","background-size":"auto","background-attachment":"scroll","background-type":"","background-media":"","overlay-type":"","overlay-color":"","overlay-opacity":"","overlay-gradient":""},"tablet":{"background-color":"","background-image":"","background-repeat":"repeat","background-position":"center center","background-size":"auto","background-attachment":"scroll","background-type":"","background-media":"","overlay-type":"","overlay-color":"","overlay-opacity":"","overlay-gradient":""},"mobile":{"background-color":"","background-image":"","background-repeat":"repeat","background-position":"center center","background-size":"auto","background-attachment":"scroll","background-type":"","background-media":"","overlay-type":"","overlay-color":"","overlay-opacity":"","overlay-gradient":""}},"ast-content-background-meta":{"desktop":{"background-color":"var(--ast-global-color-5)","background-image":"","background-repeat":"repeat","background-position":"center center","background-size":"auto","background-attachment":"scroll","background-type":"","background-media":"","overlay-type":"","overlay-color":"","overlay-opacity":"","overlay-gradient":""},"tablet":{"background-color":"var(--ast-global-color-5)","background-image":"","background-repeat":"repeat","background-position":"center center","background-size":"auto","background-attachment":"scroll","background-type":"","background-media":"","overlay-type":"","overlay-color":"","overlay-opacity":"","overlay-gradient":""},"mobile":{"background-color":"var(--ast-global-color-5)","background-image":"","background-repeat":"repeat","background-position":"center center","background-size":"auto","background-attachment":"scroll","background-type":"","background-media":"","overlay-type":"","overlay-color":"","overlay-opacity":"","overlay-gradient":""}}},"product_brand":[],"product_cat":[24],"product_tag":[],"class_list":{"0":"post-5992","1":"product","2":"type-product","3":"status-publish","4":"has-post-thumbnail","6":"product_cat-veebikoolitused","7":"desktop-align-center","8":"tablet-align-left","9":"mobile-align-left","11":"first","12":"instock","13":"downloadable","14":"virtual","15":"sold-individually","16":"taxable","17":"purchasable","18":"product-type-course"},"yoast_head":"<!-- This site is optimized with the Yoast SEO plugin v27.4 - https:\/\/yoast.com\/product\/yoast-seo-wordpress\/ -->\n<title>Veebikoolitus &quot;Pizza&quot;+ magus kingitus - Miila koogid<\/title>\n<meta name=\"description\" content=\"Alates ideaalsest pizzataignast ja maitsekast tomatikastmest kuni maitsvate lisanditeni \u2013 \u00f5pi valmistada pizzasid, mis \u00fcletavad nii m\u00f5negi pizzeria taseme.\" \/>\n<meta name=\"robots\" content=\"index, follow, max-snippet:-1, max-image-preview:large, max-video-preview:-1\" \/>\n<link rel=\"canonical\" href=\"https:\/\/miilakoogid.ee\/en\/product\/veebikoolitus-pizza\/\" \/>\n<meta property=\"og:locale\" content=\"en_US\" \/>\n<meta property=\"og:type\" content=\"article\" \/>\n<meta property=\"og:title\" content=\"Veebikoolitus &quot;Pizza&quot;+ magus kingitus - Miila koogid\" \/>\n<meta property=\"og:description\" content=\"Alates ideaalsest pizzataignast ja maitsekast tomatikastmest kuni maitsvate lisanditeni \u2013 \u00f5pi valmistada pizzasid, mis \u00fcletavad nii m\u00f5negi pizzeria taseme.\" \/>\n<meta property=\"og:url\" content=\"https:\/\/miilakoogid.ee\/en\/product\/veebikoolitus-pizza\/\" \/>\n<meta property=\"og:site_name\" content=\"Miila koogid\" \/>\n<meta property=\"article:modified_time\" content=\"2025-10-03T12:04:10+00:00\" \/>\n<meta property=\"og:image\" content=\"https:\/\/miilakoogid.ee\/wp-content\/uploads\/2025\/06\/Pizza-13.png\" \/>\n\t<meta property=\"og:image:width\" content=\"1080\" \/>\n\t<meta property=\"og:image:height\" content=\"1080\" \/>\n\t<meta property=\"og:image:type\" content=\"image\/png\" \/>\n<meta name=\"twitter:card\" content=\"summary_large_image\" \/>\n<meta name=\"twitter:label1\" content=\"Est. reading time\" \/>\n\t<meta name=\"twitter:data1\" content=\"1 minute\" \/>\n<script type=\"application\/ld+json\" class=\"yoast-schema-graph\">{\"@context\":\"https:\\\/\\\/schema.org\",\"@graph\":[{\"@type\":\"WebPage\",\"@id\":\"https:\\\/\\\/miilakoogid.ee\\\/product\\\/veebikoolitus-pizza\\\/\",\"url\":\"https:\\\/\\\/miilakoogid.ee\\\/product\\\/veebikoolitus-pizza\\\/\",\"name\":\"Veebikoolitus \\\"Pizza\\\"+ magus kingitus - Miila koogid\",\"isPartOf\":{\"@id\":\"https:\\\/\\\/miilakoogid.ee\\\/#website\"},\"primaryImageOfPage\":{\"@id\":\"https:\\\/\\\/miilakoogid.ee\\\/product\\\/veebikoolitus-pizza\\\/#primaryimage\"},\"image\":{\"@id\":\"https:\\\/\\\/miilakoogid.ee\\\/product\\\/veebikoolitus-pizza\\\/#primaryimage\"},\"thumbnailUrl\":\"https:\\\/\\\/miilakoogid.ee\\\/wp-content\\\/uploads\\\/2025\\\/06\\\/Pizza-13.png\",\"datePublished\":\"2025-09-04T11:53:35+00:00\",\"dateModified\":\"2025-10-03T12:04:10+00:00\",\"description\":\"Alates ideaalsest pizzataignast ja maitsekast tomatikastmest kuni maitsvate lisanditeni \u2013 \u00f5pi valmistada pizzasid, mis \u00fcletavad nii m\u00f5negi pizzeria taseme.\",\"breadcrumb\":{\"@id\":\"https:\\\/\\\/miilakoogid.ee\\\/product\\\/veebikoolitus-pizza\\\/#breadcrumb\"},\"inLanguage\":\"en-US\",\"potentialAction\":[{\"@type\":\"ReadAction\",\"target\":[\"https:\\\/\\\/miilakoogid.ee\\\/product\\\/veebikoolitus-pizza\\\/\"]}]},{\"@type\":\"ImageObject\",\"inLanguage\":\"en-US\",\"@id\":\"https:\\\/\\\/miilakoogid.ee\\\/product\\\/veebikoolitus-pizza\\\/#primaryimage\",\"url\":\"https:\\\/\\\/miilakoogid.ee\\\/wp-content\\\/uploads\\\/2025\\\/06\\\/Pizza-13.png\",\"contentUrl\":\"https:\\\/\\\/miilakoogid.ee\\\/wp-content\\\/uploads\\\/2025\\\/06\\\/Pizza-13.png\",\"width\":1080,\"height\":1080},{\"@type\":\"BreadcrumbList\",\"@id\":\"https:\\\/\\\/miilakoogid.ee\\\/product\\\/veebikoolitus-pizza\\\/#breadcrumb\",\"itemListElement\":[{\"@type\":\"ListItem\",\"position\":1,\"name\":\"Esileht\",\"item\":\"https:\\\/\\\/miilakoogid.ee\\\/\"},{\"@type\":\"ListItem\",\"position\":2,\"name\":\"E-Pood\",\"item\":\"https:\\\/\\\/miilakoogid.ee\\\/e-pood\\\/\"},{\"@type\":\"ListItem\",\"position\":3,\"name\":\"Veebikoolitus &#8220;Pizza&#8221;+ magus kingitus\"}]},{\"@type\":\"WebSite\",\"@id\":\"https:\\\/\\\/miilakoogid.ee\\\/#website\",\"url\":\"https:\\\/\\\/miilakoogid.ee\\\/\",\"name\":\"Miila koogid\",\"description\":\"K\u00fcpsetamise veebikoolitused\",\"publisher\":{\"@id\":\"https:\\\/\\\/miilakoogid.ee\\\/#organization\"},\"potentialAction\":[{\"@type\":\"SearchAction\",\"target\":{\"@type\":\"EntryPoint\",\"urlTemplate\":\"https:\\\/\\\/miilakoogid.ee\\\/?s={search_term_string}\"},\"query-input\":{\"@type\":\"PropertyValueSpecification\",\"valueRequired\":true,\"valueName\":\"search_term_string\"}}],\"inLanguage\":\"en-US\"},{\"@type\":\"Organization\",\"@id\":\"https:\\\/\\\/miilakoogid.ee\\\/#organization\",\"name\":\"Miila koogid\",\"url\":\"https:\\\/\\\/miilakoogid.ee\\\/\",\"logo\":{\"@type\":\"ImageObject\",\"inLanguage\":\"en-US\",\"@id\":\"https:\\\/\\\/miilakoogid.ee\\\/#\\\/schema\\\/logo\\\/image\\\/\",\"url\":\"https:\\\/\\\/miilakoogid.ee\\\/wp-content\\\/uploads\\\/2024\\\/10\\\/Miila-koogid-1.svg\",\"contentUrl\":\"https:\\\/\\\/miilakoogid.ee\\\/wp-content\\\/uploads\\\/2024\\\/10\\\/Miila-koogid-1.svg\",\"width\":100,\"height\":100,\"caption\":\"Miila koogid\"},\"image\":{\"@id\":\"https:\\\/\\\/miilakoogid.ee\\\/#\\\/schema\\\/logo\\\/image\\\/\"}}]}<\/script>\n<!-- \/ Yoast SEO plugin. -->","yoast_head_json":{"title":"Veebikoolitus \"Pizza\"+ magus kingitus - Miila koogid","description":"Alates ideaalsest pizzataignast ja maitsekast tomatikastmest kuni maitsvate lisanditeni \u2013 \u00f5pi valmistada pizzasid, mis \u00fcletavad nii m\u00f5negi pizzeria taseme.","robots":{"index":"index","follow":"follow","max-snippet":"max-snippet:-1","max-image-preview":"max-image-preview:large","max-video-preview":"max-video-preview:-1"},"canonical":"https:\/\/miilakoogid.ee\/en\/product\/veebikoolitus-pizza\/","og_locale":"en_US","og_type":"article","og_title":"Veebikoolitus \"Pizza\"+ magus kingitus - Miila koogid","og_description":"Alates ideaalsest pizzataignast ja maitsekast tomatikastmest kuni maitsvate lisanditeni \u2013 \u00f5pi valmistada pizzasid, mis \u00fcletavad nii m\u00f5negi pizzeria taseme.","og_url":"https:\/\/miilakoogid.ee\/en\/product\/veebikoolitus-pizza\/","og_site_name":"Miila koogid","article_modified_time":"2025-10-03T12:04:10+00:00","og_image":[{"width":1080,"height":1080,"url":"https:\/\/miilakoogid.ee\/wp-content\/uploads\/2025\/06\/Pizza-13.png","type":"image\/png"}],"twitter_card":"summary_large_image","twitter_misc":{"Est. reading time":"1 minute"},"schema":{"@context":"https:\/\/schema.org","@graph":[{"@type":"WebPage","@id":"https:\/\/miilakoogid.ee\/product\/veebikoolitus-pizza\/","url":"https:\/\/miilakoogid.ee\/product\/veebikoolitus-pizza\/","name":"Veebikoolitus \"Pizza\"+ magus kingitus - Miila koogid","isPartOf":{"@id":"https:\/\/miilakoogid.ee\/#website"},"primaryImageOfPage":{"@id":"https:\/\/miilakoogid.ee\/product\/veebikoolitus-pizza\/#primaryimage"},"image":{"@id":"https:\/\/miilakoogid.ee\/product\/veebikoolitus-pizza\/#primaryimage"},"thumbnailUrl":"https:\/\/miilakoogid.ee\/wp-content\/uploads\/2025\/06\/Pizza-13.png","datePublished":"2025-09-04T11:53:35+00:00","dateModified":"2025-10-03T12:04:10+00:00","description":"Alates ideaalsest pizzataignast ja maitsekast tomatikastmest kuni maitsvate lisanditeni \u2013 \u00f5pi valmistada pizzasid, mis \u00fcletavad nii m\u00f5negi pizzeria taseme.","breadcrumb":{"@id":"https:\/\/miilakoogid.ee\/product\/veebikoolitus-pizza\/#breadcrumb"},"inLanguage":"en-US","potentialAction":[{"@type":"ReadAction","target":["https:\/\/miilakoogid.ee\/product\/veebikoolitus-pizza\/"]}]},{"@type":"ImageObject","inLanguage":"en-US","@id":"https:\/\/miilakoogid.ee\/product\/veebikoolitus-pizza\/#primaryimage","url":"https:\/\/miilakoogid.ee\/wp-content\/uploads\/2025\/06\/Pizza-13.png","contentUrl":"https:\/\/miilakoogid.ee\/wp-content\/uploads\/2025\/06\/Pizza-13.png","width":1080,"height":1080},{"@type":"BreadcrumbList","@id":"https:\/\/miilakoogid.ee\/product\/veebikoolitus-pizza\/#breadcrumb","itemListElement":[{"@type":"ListItem","position":1,"name":"Esileht","item":"https:\/\/miilakoogid.ee\/"},{"@type":"ListItem","position":2,"name":"E-Pood","item":"https:\/\/miilakoogid.ee\/e-pood\/"},{"@type":"ListItem","position":3,"name":"Veebikoolitus &#8220;Pizza&#8221;+ magus kingitus"}]},{"@type":"WebSite","@id":"https:\/\/miilakoogid.ee\/#website","url":"https:\/\/miilakoogid.ee\/","name":"Miila koogid","description":"K\u00fcpsetamise veebikoolitused","publisher":{"@id":"https:\/\/miilakoogid.ee\/#organization"},"potentialAction":[{"@type":"SearchAction","target":{"@type":"EntryPoint","urlTemplate":"https:\/\/miilakoogid.ee\/?s={search_term_string}"},"query-input":{"@type":"PropertyValueSpecification","valueRequired":true,"valueName":"search_term_string"}}],"inLanguage":"en-US"},{"@type":"Organization","@id":"https:\/\/miilakoogid.ee\/#organization","name":"Miila koogid","url":"https:\/\/miilakoogid.ee\/","logo":{"@type":"ImageObject","inLanguage":"en-US","@id":"https:\/\/miilakoogid.ee\/#\/schema\/logo\/image\/","url":"https:\/\/miilakoogid.ee\/wp-content\/uploads\/2024\/10\/Miila-koogid-1.svg","contentUrl":"https:\/\/miilakoogid.ee\/wp-content\/uploads\/2024\/10\/Miila-koogid-1.svg","width":100,"height":100,"caption":"Miila koogid"},"image":{"@id":"https:\/\/miilakoogid.ee\/#\/schema\/logo\/image\/"}}]}},"_links":{"self":[{"href":"https:\/\/miilakoogid.ee\/en\/wp-json\/wp\/v2\/product\/5992","targetHints":{"allow":["GET"]}}],"collection":[{"href":"https:\/\/miilakoogid.ee\/en\/wp-json\/wp\/v2\/product"}],"about":[{"href":"https:\/\/miilakoogid.ee\/en\/wp-json\/wp\/v2\/types\/product"}],"replies":[{"embeddable":true,"href":"https:\/\/miilakoogid.ee\/en\/wp-json\/wp\/v2\/comments?post=5992"}],"version-history":[{"count":3,"href":"https:\/\/miilakoogid.ee\/en\/wp-json\/wp\/v2\/product\/5992\/revisions"}],"predecessor-version":[{"id":9567,"href":"https:\/\/miilakoogid.ee\/en\/wp-json\/wp\/v2\/product\/5992\/revisions\/9567"}],"wp:featuredmedia":[{"embeddable":true,"href":"https:\/\/miilakoogid.ee\/en\/wp-json\/wp\/v2\/media\/6009"}],"wp:attachment":[{"href":"https:\/\/miilakoogid.ee\/en\/wp-json\/wp\/v2\/media?parent=5992"}],"wp:term":[{"taxonomy":"product_brand","embeddable":true,"href":"https:\/\/miilakoogid.ee\/en\/wp-json\/wp\/v2\/product_brand?post=5992"},{"taxonomy":"product_cat","embeddable":true,"href":"https:\/\/miilakoogid.ee\/en\/wp-json\/wp\/v2\/product_cat?post=5992"},{"taxonomy":"product_tag","embeddable":true,"href":"https:\/\/miilakoogid.ee\/en\/wp-json\/wp\/v2\/product_tag?post=5992"}],"curies":[{"name":"wp","href":"https:\/\/api.w.org\/{rel}","templated":true}]}}