{"id":5863,"date":"2025-06-08T06:40:39","date_gmt":"2025-06-08T06:40:39","guid":{"rendered":"https:\/\/miilakoogid.ee\/?post_type=product&#038;p=5863"},"modified":"2025-12-10T10:15:04","modified_gmt":"2025-12-10T08:15:04","slug":"mustika-martsipanikringel-toorjuustuglasuuriga","status":"publish","type":"product","link":"https:\/\/miilakoogid.ee\/en\/product\/mustika-martsipanikringel-toorjuustuglasuuriga\/","title":{"rendered":"Mustika- martsipanikringel toorjuustuglasuuriga"},"content":{"rendered":"<p><b>Materjalid sisaldavad retsepte ja juhiseid, et valmistada:<\/b><\/p>\n<ul>\n<li><span style=\"font-weight: 400;\">Sooja ja &#8220;k\u00fclmkapi&#8221; tainast<\/span><\/li>\n<li><span style=\"font-weight: 400;\">Kohevat p\u00e4rmitainast ja seda kergitada<\/span><\/li>\n<li><span style=\"font-size: 16px;\">Tasakaalus maitsetega metsmustika ja martsipaniga kringli t\u00e4idist<\/span><\/li>\n<li>\u00dchtlase kuju ja esindusliku v\u00e4limusega l\u00f5igatud kringlit<\/li>\n<li>P\u00f6\u00f6rd\u00f5hu ja p\u00f6\u00f6rd\u00f5huta \u00f5igete temperatuuride ja k\u00fcpsetusajaga kringel<\/li>\n<li><span style=\"font-size: 16px;\">Hapukat toorjuustuglasuuri<\/span><\/li>\n<li>Glasuuritud kringlit ja seda s\u00e4ilitada<\/li>\n<\/ul>\n<p>Lisaks on materjalides p\u00f5hilised p\u00e4rmitaigna nipid ja meelespea. Tooraine kogused 1.5kg ja 2kg kringli valmistamiseks. Abistavad pildid t\u00f6\u00f6k\u00e4ikude juures.<\/p>\n<p><em>Retseptidele ligip\u00e4\u00e4suks registreeri kasutajaks v\u00f5i logi sisse. Peale ostu sooritamist saab materjalid alla laadida &#8220;minu konto&#8221; alt.<\/em><\/p>\n<p>&nbsp;<\/p>","protected":false},"excerpt":{"rendered":"<p><strong>Nii mahlane ja suussulav p\u00e4rmitaignast kringel. Just see on minu enda isiklik lemmik magus kringel.<\/strong><\/p>\n<p>Kas kringel j\u00e4\u00e4b eba\u00fchtlase kujuga ja \u00fchenduskoht on n\u00e4ha? Kringel vajub peale k\u00fcpsemist alla? Tahad, et kringel s\u00e4iliks mahlane ka j\u00e4rgmisel p\u00e4eval?<\/p>\n<p><strong>K\u00f5ikidele k\u00fcsimustele leiad vastused nendest materjalidest.<\/strong><\/p>\n<p><strong><em>Ps! Ainult retseptid sobivad edasij\u00f5udnutele. Kui sa teed kringlit esimest korda v\u00f5i oled eelnevalt h\u00e4tta j\u00e4\u00e4nud siis p\u00f5hjalikumaks \u00f5ppeks soovitan soetada kringli veebikoolituse, mis sisaldab ka \u00f5ppevideo. N\u00e4iteks suitsukanakringel pestoga v\u00f5i kaneeli- kakao kringel iirise ja p\u00e4hklitega.<\/em><\/strong><\/p>\n<p><a href=\"https:\/\/miilakoogid.ee\/en\/product\/veebikoolitus-suitsukanakringel-pestoga\/\">https:\/\/miilakoogid.ee\/product\/veebikoolitus-suitsukanakringel-pestoga\/<br \/>\n<\/a><\/p>\n<p><a href=\"https:\/\/miilakoogid.ee\/en\/product\/veebikoolitus-parmitaignast-iirise-kringel\/\">https:\/\/miilakoogid.ee\/product\/veebikoolitus-parmitaignast-iirise-kringel\/<\/a><\/p>","protected":false},"featured_media":5864,"comment_status":"closed","ping_status":"closed","template":"","meta":{"site-sidebar-layout":"default","site-content-layout":"","ast-site-content-layout":"default","site-content-style":"default","site-sidebar-style":"default","ast-global-header-display":"","ast-banner-title-visibility":"","ast-main-header-display":"","ast-hfb-above-header-display":"","ast-hfb-below-header-display":"","ast-hfb-mobile-header-display":"","site-post-title":"","ast-breadcrumbs-content":"","ast-featured-img":"","footer-sml-layout":"","ast-disable-related-posts":"","theme-transparent-header-meta":"default","adv-header-id-meta":"","stick-header-meta":"","header-above-stick-meta":"","header-main-stick-meta":"","header-below-stick-meta":"","astra-migrate-meta-layouts":"set","ast-page-background-enabled":"default","ast-page-background-meta":{"desktop":{"background-color":"","background-image":"","background-repeat":"repeat","background-position":"center center","background-size":"auto","background-attachment":"scroll","background-type":"","background-media":"","overlay-type":"","overlay-color":"","overlay-opacity":"","overlay-gradient":""},"tablet":{"background-color":"","background-image":"","background-repeat":"repeat","background-position":"center center","background-size":"auto","background-attachment":"scroll","background-type":"","background-media":"","overlay-type":"","overlay-color":"","overlay-opacity":"","overlay-gradient":""},"mobile":{"background-color":"","background-image":"","background-repeat":"repeat","background-position":"center center","background-size":"auto","background-attachment":"scroll","background-type":"","background-media":"","overlay-type":"","overlay-color":"","overlay-opacity":"","overlay-gradient":""}},"ast-content-background-meta":{"desktop":{"background-color":"var(--ast-global-color-5)","background-image":"","background-repeat":"repeat","background-position":"center center","background-size":"auto","background-attachment":"scroll","background-type":"","background-media":"","overlay-type":"","overlay-color":"","overlay-opacity":"","overlay-gradient":""},"tablet":{"background-color":"var(--ast-global-color-5)","background-image":"","background-repeat":"repeat","background-position":"center center","background-size":"auto","background-attachment":"scroll","background-type":"","background-media":"","overlay-type":"","overlay-color":"","overlay-opacity":"","overlay-gradient":""},"mobile":{"background-color":"var(--ast-global-color-5)","background-image":"","background-repeat":"repeat","background-position":"center center","background-size":"auto","background-attachment":"scroll","background-type":"","background-media":"","overlay-type":"","overlay-color":"","overlay-opacity":"","overlay-gradient":""}}},"product_brand":[],"product_cat":[37],"product_tag":[109,179,177,178,180,77,181],"class_list":{"0":"post-5863","1":"product","2":"type-product","3":"status-publish","4":"has-post-thumbnail","6":"product_cat-retseptid","7":"product_tag-kringel","8":"product_tag-magus-kringel","9":"product_tag-martsipanikringel","10":"product_tag-mustikad","11":"product_tag-mustikakringel","12":"product_tag-parmitainas","13":"product_tag-toorjuustuglasuur","14":"desktop-align-center","15":"tablet-align-left","16":"mobile-align-left","18":"first","19":"instock","20":"downloadable","21":"virtual","22":"sold-individually","23":"taxable","24":"purchasable","25":"product-type-simple"},"yoast_head":"<!-- This site is optimized with the Yoast SEO plugin v27.4 - https:\/\/yoast.com\/product\/yoast-seo-wordpress\/ -->\n<title>Mustika- martsipanikringel toorjuustuglasuuriga - Miila koogid<\/title>\n<meta name=\"description\" content=\"Kohev p\u00e4rmitainas, eestimaised mustikad, magus martsipan ning suussulav toorjuustuglasuur. Samm-sammuline \u00f5petus ideaalse kringli valmistamiseks.\" \/>\n<meta name=\"robots\" content=\"index, follow, max-snippet:-1, max-image-preview:large, max-video-preview:-1\" \/>\n<link rel=\"canonical\" href=\"https:\/\/miilakoogid.ee\/en\/product\/mustika-martsipanikringel-toorjuustuglasuuriga\/\" \/>\n<meta property=\"og:locale\" content=\"en_US\" \/>\n<meta property=\"og:type\" content=\"article\" \/>\n<meta property=\"og:title\" content=\"Mustika- martsipanikringel toorjuustuglasuuriga - Miila koogid\" \/>\n<meta property=\"og:description\" content=\"Kohev p\u00e4rmitainas, eestimaised mustikad, magus martsipan ning suussulav toorjuustuglasuur. Samm-sammuline \u00f5petus ideaalse kringli valmistamiseks.\" \/>\n<meta property=\"og:url\" content=\"https:\/\/miilakoogid.ee\/en\/product\/mustika-martsipanikringel-toorjuustuglasuuriga\/\" \/>\n<meta property=\"og:site_name\" content=\"Miila koogid\" \/>\n<meta property=\"article:modified_time\" content=\"2025-12-10T08:15:04+00:00\" \/>\n<meta property=\"og:image\" content=\"https:\/\/miilakoogid.ee\/wp-content\/uploads\/2025\/06\/Mustika-martsipanikringel-2.png\" \/>\n\t<meta property=\"og:image:width\" content=\"1080\" \/>\n\t<meta property=\"og:image:height\" content=\"1080\" \/>\n\t<meta property=\"og:image:type\" content=\"image\/png\" \/>\n<meta name=\"twitter:card\" content=\"summary_large_image\" \/>\n<meta name=\"twitter:label1\" content=\"Est. reading time\" \/>\n\t<meta name=\"twitter:data1\" content=\"1 minute\" \/>\n<script type=\"application\/ld+json\" class=\"yoast-schema-graph\">{\"@context\":\"https:\\\/\\\/schema.org\",\"@graph\":[{\"@type\":\"WebPage\",\"@id\":\"https:\\\/\\\/miilakoogid.ee\\\/product\\\/mustika-martsipanikringel-toorjuustuglasuuriga\\\/\",\"url\":\"https:\\\/\\\/miilakoogid.ee\\\/product\\\/mustika-martsipanikringel-toorjuustuglasuuriga\\\/\",\"name\":\"Mustika- martsipanikringel toorjuustuglasuuriga - Miila koogid\",\"isPartOf\":{\"@id\":\"https:\\\/\\\/miilakoogid.ee\\\/#website\"},\"primaryImageOfPage\":{\"@id\":\"https:\\\/\\\/miilakoogid.ee\\\/product\\\/mustika-martsipanikringel-toorjuustuglasuuriga\\\/#primaryimage\"},\"image\":{\"@id\":\"https:\\\/\\\/miilakoogid.ee\\\/product\\\/mustika-martsipanikringel-toorjuustuglasuuriga\\\/#primaryimage\"},\"thumbnailUrl\":\"https:\\\/\\\/miilakoogid.ee\\\/wp-content\\\/uploads\\\/2025\\\/06\\\/Mustika-martsipanikringel-2.png\",\"datePublished\":\"2025-06-08T06:40:39+00:00\",\"dateModified\":\"2025-12-10T08:15:04+00:00\",\"description\":\"Kohev p\u00e4rmitainas, eestimaised mustikad, magus martsipan ning suussulav toorjuustuglasuur. Samm-sammuline \u00f5petus ideaalse kringli valmistamiseks.\",\"breadcrumb\":{\"@id\":\"https:\\\/\\\/miilakoogid.ee\\\/product\\\/mustika-martsipanikringel-toorjuustuglasuuriga\\\/#breadcrumb\"},\"inLanguage\":\"en-US\",\"potentialAction\":[{\"@type\":\"ReadAction\",\"target\":[\"https:\\\/\\\/miilakoogid.ee\\\/product\\\/mustika-martsipanikringel-toorjuustuglasuuriga\\\/\"]}]},{\"@type\":\"ImageObject\",\"inLanguage\":\"en-US\",\"@id\":\"https:\\\/\\\/miilakoogid.ee\\\/product\\\/mustika-martsipanikringel-toorjuustuglasuuriga\\\/#primaryimage\",\"url\":\"https:\\\/\\\/miilakoogid.ee\\\/wp-content\\\/uploads\\\/2025\\\/06\\\/Mustika-martsipanikringel-2.png\",\"contentUrl\":\"https:\\\/\\\/miilakoogid.ee\\\/wp-content\\\/uploads\\\/2025\\\/06\\\/Mustika-martsipanikringel-2.png\",\"width\":1080,\"height\":1080},{\"@type\":\"BreadcrumbList\",\"@id\":\"https:\\\/\\\/miilakoogid.ee\\\/product\\\/mustika-martsipanikringel-toorjuustuglasuuriga\\\/#breadcrumb\",\"itemListElement\":[{\"@type\":\"ListItem\",\"position\":1,\"name\":\"Esileht\",\"item\":\"https:\\\/\\\/miilakoogid.ee\\\/\"},{\"@type\":\"ListItem\",\"position\":2,\"name\":\"E-Pood\",\"item\":\"https:\\\/\\\/miilakoogid.ee\\\/e-pood\\\/\"},{\"@type\":\"ListItem\",\"position\":3,\"name\":\"Mustika- martsipanikringel toorjuustuglasuuriga\"}]},{\"@type\":\"WebSite\",\"@id\":\"https:\\\/\\\/miilakoogid.ee\\\/#website\",\"url\":\"https:\\\/\\\/miilakoogid.ee\\\/\",\"name\":\"Miila koogid\",\"description\":\"K\u00fcpsetamise veebikoolitused\",\"publisher\":{\"@id\":\"https:\\\/\\\/miilakoogid.ee\\\/#organization\"},\"potentialAction\":[{\"@type\":\"SearchAction\",\"target\":{\"@type\":\"EntryPoint\",\"urlTemplate\":\"https:\\\/\\\/miilakoogid.ee\\\/?s={search_term_string}\"},\"query-input\":{\"@type\":\"PropertyValueSpecification\",\"valueRequired\":true,\"valueName\":\"search_term_string\"}}],\"inLanguage\":\"en-US\"},{\"@type\":\"Organization\",\"@id\":\"https:\\\/\\\/miilakoogid.ee\\\/#organization\",\"name\":\"Miila koogid\",\"url\":\"https:\\\/\\\/miilakoogid.ee\\\/\",\"logo\":{\"@type\":\"ImageObject\",\"inLanguage\":\"en-US\",\"@id\":\"https:\\\/\\\/miilakoogid.ee\\\/#\\\/schema\\\/logo\\\/image\\\/\",\"url\":\"https:\\\/\\\/miilakoogid.ee\\\/wp-content\\\/uploads\\\/2024\\\/10\\\/Miila-koogid-1.svg\",\"contentUrl\":\"https:\\\/\\\/miilakoogid.ee\\\/wp-content\\\/uploads\\\/2024\\\/10\\\/Miila-koogid-1.svg\",\"width\":100,\"height\":100,\"caption\":\"Miila koogid\"},\"image\":{\"@id\":\"https:\\\/\\\/miilakoogid.ee\\\/#\\\/schema\\\/logo\\\/image\\\/\"}}]}<\/script>\n<!-- \/ Yoast SEO plugin. -->","yoast_head_json":{"title":"Mustika- martsipanikringel toorjuustuglasuuriga - Miila koogid","description":"Kohev p\u00e4rmitainas, eestimaised mustikad, magus martsipan ning suussulav toorjuustuglasuur. Samm-sammuline \u00f5petus ideaalse kringli valmistamiseks.","robots":{"index":"index","follow":"follow","max-snippet":"max-snippet:-1","max-image-preview":"max-image-preview:large","max-video-preview":"max-video-preview:-1"},"canonical":"https:\/\/miilakoogid.ee\/en\/product\/mustika-martsipanikringel-toorjuustuglasuuriga\/","og_locale":"en_US","og_type":"article","og_title":"Mustika- martsipanikringel toorjuustuglasuuriga - Miila koogid","og_description":"Kohev p\u00e4rmitainas, eestimaised mustikad, magus martsipan ning suussulav toorjuustuglasuur. Samm-sammuline \u00f5petus ideaalse kringli valmistamiseks.","og_url":"https:\/\/miilakoogid.ee\/en\/product\/mustika-martsipanikringel-toorjuustuglasuuriga\/","og_site_name":"Miila koogid","article_modified_time":"2025-12-10T08:15:04+00:00","og_image":[{"width":1080,"height":1080,"url":"https:\/\/miilakoogid.ee\/wp-content\/uploads\/2025\/06\/Mustika-martsipanikringel-2.png","type":"image\/png"}],"twitter_card":"summary_large_image","twitter_misc":{"Est. reading time":"1 minute"},"schema":{"@context":"https:\/\/schema.org","@graph":[{"@type":"WebPage","@id":"https:\/\/miilakoogid.ee\/product\/mustika-martsipanikringel-toorjuustuglasuuriga\/","url":"https:\/\/miilakoogid.ee\/product\/mustika-martsipanikringel-toorjuustuglasuuriga\/","name":"Mustika- martsipanikringel toorjuustuglasuuriga - Miila koogid","isPartOf":{"@id":"https:\/\/miilakoogid.ee\/#website"},"primaryImageOfPage":{"@id":"https:\/\/miilakoogid.ee\/product\/mustika-martsipanikringel-toorjuustuglasuuriga\/#primaryimage"},"image":{"@id":"https:\/\/miilakoogid.ee\/product\/mustika-martsipanikringel-toorjuustuglasuuriga\/#primaryimage"},"thumbnailUrl":"https:\/\/miilakoogid.ee\/wp-content\/uploads\/2025\/06\/Mustika-martsipanikringel-2.png","datePublished":"2025-06-08T06:40:39+00:00","dateModified":"2025-12-10T08:15:04+00:00","description":"Kohev p\u00e4rmitainas, eestimaised mustikad, magus martsipan ning suussulav toorjuustuglasuur. Samm-sammuline \u00f5petus ideaalse kringli valmistamiseks.","breadcrumb":{"@id":"https:\/\/miilakoogid.ee\/product\/mustika-martsipanikringel-toorjuustuglasuuriga\/#breadcrumb"},"inLanguage":"en-US","potentialAction":[{"@type":"ReadAction","target":["https:\/\/miilakoogid.ee\/product\/mustika-martsipanikringel-toorjuustuglasuuriga\/"]}]},{"@type":"ImageObject","inLanguage":"en-US","@id":"https:\/\/miilakoogid.ee\/product\/mustika-martsipanikringel-toorjuustuglasuuriga\/#primaryimage","url":"https:\/\/miilakoogid.ee\/wp-content\/uploads\/2025\/06\/Mustika-martsipanikringel-2.png","contentUrl":"https:\/\/miilakoogid.ee\/wp-content\/uploads\/2025\/06\/Mustika-martsipanikringel-2.png","width":1080,"height":1080},{"@type":"BreadcrumbList","@id":"https:\/\/miilakoogid.ee\/product\/mustika-martsipanikringel-toorjuustuglasuuriga\/#breadcrumb","itemListElement":[{"@type":"ListItem","position":1,"name":"Esileht","item":"https:\/\/miilakoogid.ee\/"},{"@type":"ListItem","position":2,"name":"E-Pood","item":"https:\/\/miilakoogid.ee\/e-pood\/"},{"@type":"ListItem","position":3,"name":"Mustika- martsipanikringel toorjuustuglasuuriga"}]},{"@type":"WebSite","@id":"https:\/\/miilakoogid.ee\/#website","url":"https:\/\/miilakoogid.ee\/","name":"Miila koogid","description":"K\u00fcpsetamise veebikoolitused","publisher":{"@id":"https:\/\/miilakoogid.ee\/#organization"},"potentialAction":[{"@type":"SearchAction","target":{"@type":"EntryPoint","urlTemplate":"https:\/\/miilakoogid.ee\/?s={search_term_string}"},"query-input":{"@type":"PropertyValueSpecification","valueRequired":true,"valueName":"search_term_string"}}],"inLanguage":"en-US"},{"@type":"Organization","@id":"https:\/\/miilakoogid.ee\/#organization","name":"Miila koogid","url":"https:\/\/miilakoogid.ee\/","logo":{"@type":"ImageObject","inLanguage":"en-US","@id":"https:\/\/miilakoogid.ee\/#\/schema\/logo\/image\/","url":"https:\/\/miilakoogid.ee\/wp-content\/uploads\/2024\/10\/Miila-koogid-1.svg","contentUrl":"https:\/\/miilakoogid.ee\/wp-content\/uploads\/2024\/10\/Miila-koogid-1.svg","width":100,"height":100,"caption":"Miila koogid"},"image":{"@id":"https:\/\/miilakoogid.ee\/#\/schema\/logo\/image\/"}}]}},"_links":{"self":[{"href":"https:\/\/miilakoogid.ee\/en\/wp-json\/wp\/v2\/product\/5863","targetHints":{"allow":["GET"]}}],"collection":[{"href":"https:\/\/miilakoogid.ee\/en\/wp-json\/wp\/v2\/product"}],"about":[{"href":"https:\/\/miilakoogid.ee\/en\/wp-json\/wp\/v2\/types\/product"}],"replies":[{"embeddable":true,"href":"https:\/\/miilakoogid.ee\/en\/wp-json\/wp\/v2\/comments?post=5863"}],"version-history":[{"count":0,"href":"https:\/\/miilakoogid.ee\/en\/wp-json\/wp\/v2\/product\/5863\/revisions"}],"wp:featuredmedia":[{"embeddable":true,"href":"https:\/\/miilakoogid.ee\/en\/wp-json\/wp\/v2\/media\/5864"}],"wp:attachment":[{"href":"https:\/\/miilakoogid.ee\/en\/wp-json\/wp\/v2\/media?parent=5863"}],"wp:term":[{"taxonomy":"product_brand","embeddable":true,"href":"https:\/\/miilakoogid.ee\/en\/wp-json\/wp\/v2\/product_brand?post=5863"},{"taxonomy":"product_cat","embeddable":true,"href":"https:\/\/miilakoogid.ee\/en\/wp-json\/wp\/v2\/product_cat?post=5863"},{"taxonomy":"product_tag","embeddable":true,"href":"https:\/\/miilakoogid.ee\/en\/wp-json\/wp\/v2\/product_tag?post=5863"}],"curies":[{"name":"wp","href":"https:\/\/api.w.org\/{rel}","templated":true}]}}