{"id":5623,"date":"2025-09-02T17:58:33","date_gmt":"2025-09-02T17:58:33","guid":{"rendered":"https:\/\/miilakoogid.ee\/?post_type=product&#038;p=5623"},"modified":"2025-10-03T12:05:36","modified_gmt":"2025-10-03T12:05:36","slug":"veebikoolitus-troopiline-kohupiimatort","status":"publish","type":"product","link":"https:\/\/miilakoogid.ee\/en\/product\/veebikoolitus-troopiline-kohupiimatort\/","title":{"rendered":"Veebikoolitus &#8220;Troopiline kohupiimatort &#8220;"},"content":{"rendered":"<p><em><strong>Miks on oluline lasta tordil \u00f6\u00f6p\u00e4ev seista k\u00fclmas enne katmist ja kaunistamist? Kuidas saada kreem \u00fchtlaselt ja siledalt tordile? Miks on v\u00f5ide tegemisel temperatuur oluline? <\/strong><span style=\"font-weight: 400;\"><strong>Kuidas panna tort sirgelt ka korrektselt kokku?<\/strong><br \/>\n<\/span><\/em><\/p>\n<p><span style=\"font-weight: 400;\">Nendele ja paljudele teistele t\u00e4htsatele k\u00fcsimustele saad lihtsad vastused veebikoolituse \u00f5ppevideost.<\/span><\/p>\n<p><strong>Topics covered in the training:<\/strong><\/p>\n<ul>\n<li><span style=\"font-weight: 400;\">Selecting raw materials and tools<\/span><\/li>\n<li><span style=\"font-weight: 400;\">Kookosega biskviittaigna segamine ja k\u00fcpsetamine<\/span><\/li>\n<li><span style=\"font-weight: 400;\">Siidise passioniv\u00f5ide valmistamine<\/span><\/li>\n<li><span style=\"font-weight: 400;\">Kr\u00f5bedat teksuuri lisava kookoskr\u00f5bediku k\u00fcpsetamine<\/span><\/li>\n<li><span style=\"font-weight: 400;\">\u00d5hulise kohupiimakreemi vahustamine<\/span><\/li>\n<li><span style=\"font-weight: 400;\">Correct assembly of the cake<\/span><\/li>\n<li><span style=\"font-weight: 400;\">Kattekreemi valmistamine ja toonimine<\/span><\/li>\n<li><span style=\"font-weight: 400;\">Sileda ja sirge tordi saavutamine kreemiga katmisel<\/span><\/li>\n<li><span style=\"font-size: 16px;\">Tordi kaunistamine<\/span><\/li>\n<\/ul>\n<p><strong>The training includes:<\/strong><\/p>\n<ul>\n<li><span style=\"font-weight: 400;\">Troopilise kohupiimatordi valmistamise \u00f5ppevideo (1h 10minutit)<\/span><\/li>\n<li><span style=\"font-weight: 400;\">Downloadable file with recipes and instructions<\/span><\/li>\n<li>Unlimited access to educational videos and materials.<\/li>\n<\/ul>\n<p><em>Materjalidele ligip\u00e4\u00e4suks registreeri kasutajaks v\u00f5i logi sisse. Peale ostu sooritamist saad retseptid alla laadida &#8220;minu konto&#8221; alt.<\/em><\/p>","protected":false},"excerpt":{"rendered":"<p><strong>Kas oled valmis viima oma k\u00fcpsetus oskused uuele tasemele? Meie uus &#8220;Troopiline kohupiimatort&#8221; veebikoolitus on just see, mida vajad! \u00d5pi looma maitsvat, visuaalselt kaunist ja korrektselt \u00fcles ehitatud torti.<\/strong><\/p>\n<p><span style=\"font-weight: 400;\">Maitseelamus, kus kohtub pehme kookosbiskviit, siidine passioniv\u00f5ie, kr\u00f5be kookos, \u00f5huline kohupiimakreem ja hapukad vaarikad, luues eksootilise ja v\u00e4rskendava koosluse, mis toob troopilised maitsed otse sinu lauale.<\/span><\/p>\n<p><strong>Meie koolitus on loodud just sinu jaoks \u2013 olenemata sellest, kas oled algaja v\u00f5i juba kogenud kodukokk. \u00d5pi omas tempos, naudi igat sammu ning loo midagi t\u00f5eliselt erilist.<\/strong><\/p>\n<p><em><span style=\"font-weight: 400;\">Lisa oma tordile v\u00e4rvi, tekstuuri\u00a0 ja efektsust maitsvate ja kr\u00f5bedate beseek\u00fcpsistega. Veebikoolitusega kaasa beseek\u00fcpsiste valmistamise retsept koos valmistamis\u00f5petusega.<\/span><\/em><\/p>\n<p>Olles soetanud veebikoolituse, saad liituda <a href=\"https:\/\/www.facebook.com\/groups\/1345815353548352\">Miila Koogiklubiga<\/a>&#8211; s\u00f5bralik Facebooki grupp, kus jagame ideid, nippe ja retseptide edasiarendusi. Seal saad k\u00fcsida k\u00fcsimusi, jagada oma \u00f5nnestumisi ja leida toetust teistelt k\u00fcpsetajatelt.<\/p>\n<p>&nbsp;<\/p>","protected":false},"featured_media":5627,"comment_status":"open","ping_status":"closed","template":"","meta":{"site-sidebar-layout":"default","site-content-layout":"","ast-site-content-layout":"default","site-content-style":"default","site-sidebar-style":"default","ast-global-header-display":"","ast-banner-title-visibility":"","ast-main-header-display":"","ast-hfb-above-header-display":"","ast-hfb-below-header-display":"","ast-hfb-mobile-header-display":"","site-post-title":"","ast-breadcrumbs-content":"","ast-featured-img":"","footer-sml-layout":"","ast-disable-related-posts":"","theme-transparent-header-meta":"default","adv-header-id-meta":"","stick-header-meta":"","header-above-stick-meta":"","header-main-stick-meta":"","header-below-stick-meta":"","astra-migrate-meta-layouts":"set","ast-page-background-enabled":"default","ast-page-background-meta":{"desktop":{"background-color":"","background-image":"","background-repeat":"repeat","background-position":"center center","background-size":"auto","background-attachment":"scroll","background-type":"","background-media":"","overlay-type":"","overlay-color":"","overlay-opacity":"","overlay-gradient":""},"tablet":{"background-color":"","background-image":"","background-repeat":"repeat","background-position":"center center","background-size":"auto","background-attachment":"scroll","background-type":"","background-media":"","overlay-type":"","overlay-color":"","overlay-opacity":"","overlay-gradient":""},"mobile":{"background-color":"","background-image":"","background-repeat":"repeat","background-position":"center center","background-size":"auto","background-attachment":"scroll","background-type":"","background-media":"","overlay-type":"","overlay-color":"","overlay-opacity":"","overlay-gradient":""}},"ast-content-background-meta":{"desktop":{"background-color":"var(--ast-global-color-5)","background-image":"","background-repeat":"repeat","background-position":"center center","background-size":"auto","background-attachment":"scroll","background-type":"","background-media":"","overlay-type":"","overlay-color":"","overlay-opacity":"","overlay-gradient":""},"tablet":{"background-color":"var(--ast-global-color-5)","background-image":"","background-repeat":"repeat","background-position":"center center","background-size":"auto","background-attachment":"scroll","background-type":"","background-media":"","overlay-type":"","overlay-color":"","overlay-opacity":"","overlay-gradient":""},"mobile":{"background-color":"var(--ast-global-color-5)","background-image":"","background-repeat":"repeat","background-position":"center center","background-size":"auto","background-attachment":"scroll","background-type":"","background-media":"","overlay-type":"","overlay-color":"","overlay-opacity":"","overlay-gradient":""}}},"product_brand":[],"product_cat":[24],"product_tag":[166,165,167,164,168],"class_list":{"0":"post-5623","1":"product","2":"type-product","3":"status-publish","4":"has-post-thumbnail","6":"product_cat-veebikoolitused","7":"product_tag-kohupiimatort","8":"product_tag-kookosbiskviit","9":"product_tag-krobekiht","10":"product_tag-passionivoie","11":"product_tag-troopiline-tort","12":"desktop-align-center","13":"tablet-align-left","14":"mobile-align-left","16":"first","17":"instock","18":"downloadable","19":"virtual","20":"sold-individually","21":"taxable","22":"purchasable","23":"product-type-course"},"yoast_head":"<!-- This site is optimized with the Yoast SEO plugin v27.4 - https:\/\/yoast.com\/product\/yoast-seo-wordpress\/ -->\n<title>Veebikoolitus &quot;Troopiline kohupiimatort &quot; - Miila koogid<\/title>\n<meta name=\"description\" content=\"Loo maitsev, visuaalselt kaunis ja korrektselt \u00fcles ehitatud tort, mis on troopilistest maitsetest tulvil, luues eksootilise ja v\u00e4rskendava koosluse.\" \/>\n<meta name=\"robots\" content=\"index, follow, max-snippet:-1, max-image-preview:large, max-video-preview:-1\" \/>\n<link rel=\"canonical\" href=\"https:\/\/miilakoogid.ee\/en\/product\/veebikoolitus-troopiline-kohupiimatort\/\" \/>\n<meta property=\"og:locale\" content=\"en_US\" \/>\n<meta property=\"og:type\" content=\"article\" \/>\n<meta property=\"og:title\" content=\"Veebikoolitus &quot;Troopiline kohupiimatort &quot; - Miila koogid\" \/>\n<meta property=\"og:description\" content=\"Loo maitsev, visuaalselt kaunis ja korrektselt \u00fcles ehitatud tort, mis on troopilistest maitsetest tulvil, luues eksootilise ja v\u00e4rskendava koosluse.\" \/>\n<meta property=\"og:url\" content=\"https:\/\/miilakoogid.ee\/en\/product\/veebikoolitus-troopiline-kohupiimatort\/\" \/>\n<meta property=\"og:site_name\" content=\"Miila koogid\" \/>\n<meta property=\"article:modified_time\" content=\"2025-10-03T12:05:36+00:00\" \/>\n<meta property=\"og:image\" content=\"https:\/\/miilakoogid.ee\/wp-content\/uploads\/2025\/04\/Kohupiimatort-8.png\" \/>\n\t<meta property=\"og:image:width\" content=\"1080\" \/>\n\t<meta property=\"og:image:height\" content=\"1080\" \/>\n\t<meta property=\"og:image:type\" content=\"image\/png\" \/>\n<meta name=\"twitter:card\" content=\"summary_large_image\" \/>\n<meta name=\"twitter:label1\" content=\"Est. reading time\" \/>\n\t<meta name=\"twitter:data1\" content=\"1 minute\" \/>\n<script type=\"application\/ld+json\" class=\"yoast-schema-graph\">{\"@context\":\"https:\\\/\\\/schema.org\",\"@graph\":[{\"@type\":\"WebPage\",\"@id\":\"https:\\\/\\\/miilakoogid.ee\\\/product\\\/veebikoolitus-troopiline-kohupiimatort\\\/\",\"url\":\"https:\\\/\\\/miilakoogid.ee\\\/product\\\/veebikoolitus-troopiline-kohupiimatort\\\/\",\"name\":\"Veebikoolitus \\\"Troopiline kohupiimatort \\\" - Miila koogid\",\"isPartOf\":{\"@id\":\"https:\\\/\\\/miilakoogid.ee\\\/#website\"},\"primaryImageOfPage\":{\"@id\":\"https:\\\/\\\/miilakoogid.ee\\\/product\\\/veebikoolitus-troopiline-kohupiimatort\\\/#primaryimage\"},\"image\":{\"@id\":\"https:\\\/\\\/miilakoogid.ee\\\/product\\\/veebikoolitus-troopiline-kohupiimatort\\\/#primaryimage\"},\"thumbnailUrl\":\"https:\\\/\\\/miilakoogid.ee\\\/wp-content\\\/uploads\\\/2025\\\/04\\\/Kohupiimatort-8.png\",\"datePublished\":\"2025-09-02T17:58:33+00:00\",\"dateModified\":\"2025-10-03T12:05:36+00:00\",\"description\":\"Loo maitsev, visuaalselt kaunis ja korrektselt \u00fcles ehitatud tort, mis on troopilistest maitsetest tulvil, luues eksootilise ja v\u00e4rskendava koosluse.\",\"breadcrumb\":{\"@id\":\"https:\\\/\\\/miilakoogid.ee\\\/product\\\/veebikoolitus-troopiline-kohupiimatort\\\/#breadcrumb\"},\"inLanguage\":\"en-US\",\"potentialAction\":[{\"@type\":\"ReadAction\",\"target\":[\"https:\\\/\\\/miilakoogid.ee\\\/product\\\/veebikoolitus-troopiline-kohupiimatort\\\/\"]}]},{\"@type\":\"ImageObject\",\"inLanguage\":\"en-US\",\"@id\":\"https:\\\/\\\/miilakoogid.ee\\\/product\\\/veebikoolitus-troopiline-kohupiimatort\\\/#primaryimage\",\"url\":\"https:\\\/\\\/miilakoogid.ee\\\/wp-content\\\/uploads\\\/2025\\\/04\\\/Kohupiimatort-8.png\",\"contentUrl\":\"https:\\\/\\\/miilakoogid.ee\\\/wp-content\\\/uploads\\\/2025\\\/04\\\/Kohupiimatort-8.png\",\"width\":1080,\"height\":1080},{\"@type\":\"BreadcrumbList\",\"@id\":\"https:\\\/\\\/miilakoogid.ee\\\/product\\\/veebikoolitus-troopiline-kohupiimatort\\\/#breadcrumb\",\"itemListElement\":[{\"@type\":\"ListItem\",\"position\":1,\"name\":\"Esileht\",\"item\":\"https:\\\/\\\/miilakoogid.ee\\\/\"},{\"@type\":\"ListItem\",\"position\":2,\"name\":\"E-Pood\",\"item\":\"https:\\\/\\\/miilakoogid.ee\\\/e-pood\\\/\"},{\"@type\":\"ListItem\",\"position\":3,\"name\":\"Veebikoolitus &#8220;Troopiline kohupiimatort &#8220;\"}]},{\"@type\":\"WebSite\",\"@id\":\"https:\\\/\\\/miilakoogid.ee\\\/#website\",\"url\":\"https:\\\/\\\/miilakoogid.ee\\\/\",\"name\":\"Miila koogid\",\"description\":\"K\u00fcpsetamise veebikoolitused\",\"publisher\":{\"@id\":\"https:\\\/\\\/miilakoogid.ee\\\/#organization\"},\"potentialAction\":[{\"@type\":\"SearchAction\",\"target\":{\"@type\":\"EntryPoint\",\"urlTemplate\":\"https:\\\/\\\/miilakoogid.ee\\\/?s={search_term_string}\"},\"query-input\":{\"@type\":\"PropertyValueSpecification\",\"valueRequired\":true,\"valueName\":\"search_term_string\"}}],\"inLanguage\":\"en-US\"},{\"@type\":\"Organization\",\"@id\":\"https:\\\/\\\/miilakoogid.ee\\\/#organization\",\"name\":\"Miila koogid\",\"url\":\"https:\\\/\\\/miilakoogid.ee\\\/\",\"logo\":{\"@type\":\"ImageObject\",\"inLanguage\":\"en-US\",\"@id\":\"https:\\\/\\\/miilakoogid.ee\\\/#\\\/schema\\\/logo\\\/image\\\/\",\"url\":\"https:\\\/\\\/miilakoogid.ee\\\/wp-content\\\/uploads\\\/2024\\\/10\\\/Miila-koogid-1.svg\",\"contentUrl\":\"https:\\\/\\\/miilakoogid.ee\\\/wp-content\\\/uploads\\\/2024\\\/10\\\/Miila-koogid-1.svg\",\"width\":100,\"height\":100,\"caption\":\"Miila koogid\"},\"image\":{\"@id\":\"https:\\\/\\\/miilakoogid.ee\\\/#\\\/schema\\\/logo\\\/image\\\/\"}}]}<\/script>\n<!-- \/ Yoast SEO plugin. -->","yoast_head_json":{"title":"Veebikoolitus \"Troopiline kohupiimatort \" - Miila koogid","description":"Loo maitsev, visuaalselt kaunis ja korrektselt \u00fcles ehitatud tort, mis on troopilistest maitsetest tulvil, luues eksootilise ja v\u00e4rskendava koosluse.","robots":{"index":"index","follow":"follow","max-snippet":"max-snippet:-1","max-image-preview":"max-image-preview:large","max-video-preview":"max-video-preview:-1"},"canonical":"https:\/\/miilakoogid.ee\/en\/product\/veebikoolitus-troopiline-kohupiimatort\/","og_locale":"en_US","og_type":"article","og_title":"Veebikoolitus \"Troopiline kohupiimatort \" - Miila koogid","og_description":"Loo maitsev, visuaalselt kaunis ja korrektselt \u00fcles ehitatud tort, mis on troopilistest maitsetest tulvil, luues eksootilise ja v\u00e4rskendava koosluse.","og_url":"https:\/\/miilakoogid.ee\/en\/product\/veebikoolitus-troopiline-kohupiimatort\/","og_site_name":"Miila koogid","article_modified_time":"2025-10-03T12:05:36+00:00","og_image":[{"width":1080,"height":1080,"url":"https:\/\/miilakoogid.ee\/wp-content\/uploads\/2025\/04\/Kohupiimatort-8.png","type":"image\/png"}],"twitter_card":"summary_large_image","twitter_misc":{"Est. reading time":"1 minute"},"schema":{"@context":"https:\/\/schema.org","@graph":[{"@type":"WebPage","@id":"https:\/\/miilakoogid.ee\/product\/veebikoolitus-troopiline-kohupiimatort\/","url":"https:\/\/miilakoogid.ee\/product\/veebikoolitus-troopiline-kohupiimatort\/","name":"Veebikoolitus \"Troopiline kohupiimatort \" - Miila koogid","isPartOf":{"@id":"https:\/\/miilakoogid.ee\/#website"},"primaryImageOfPage":{"@id":"https:\/\/miilakoogid.ee\/product\/veebikoolitus-troopiline-kohupiimatort\/#primaryimage"},"image":{"@id":"https:\/\/miilakoogid.ee\/product\/veebikoolitus-troopiline-kohupiimatort\/#primaryimage"},"thumbnailUrl":"https:\/\/miilakoogid.ee\/wp-content\/uploads\/2025\/04\/Kohupiimatort-8.png","datePublished":"2025-09-02T17:58:33+00:00","dateModified":"2025-10-03T12:05:36+00:00","description":"Loo maitsev, visuaalselt kaunis ja korrektselt \u00fcles ehitatud tort, mis on troopilistest maitsetest tulvil, luues eksootilise ja v\u00e4rskendava koosluse.","breadcrumb":{"@id":"https:\/\/miilakoogid.ee\/product\/veebikoolitus-troopiline-kohupiimatort\/#breadcrumb"},"inLanguage":"en-US","potentialAction":[{"@type":"ReadAction","target":["https:\/\/miilakoogid.ee\/product\/veebikoolitus-troopiline-kohupiimatort\/"]}]},{"@type":"ImageObject","inLanguage":"en-US","@id":"https:\/\/miilakoogid.ee\/product\/veebikoolitus-troopiline-kohupiimatort\/#primaryimage","url":"https:\/\/miilakoogid.ee\/wp-content\/uploads\/2025\/04\/Kohupiimatort-8.png","contentUrl":"https:\/\/miilakoogid.ee\/wp-content\/uploads\/2025\/04\/Kohupiimatort-8.png","width":1080,"height":1080},{"@type":"BreadcrumbList","@id":"https:\/\/miilakoogid.ee\/product\/veebikoolitus-troopiline-kohupiimatort\/#breadcrumb","itemListElement":[{"@type":"ListItem","position":1,"name":"Esileht","item":"https:\/\/miilakoogid.ee\/"},{"@type":"ListItem","position":2,"name":"E-Pood","item":"https:\/\/miilakoogid.ee\/e-pood\/"},{"@type":"ListItem","position":3,"name":"Veebikoolitus &#8220;Troopiline kohupiimatort &#8220;"}]},{"@type":"WebSite","@id":"https:\/\/miilakoogid.ee\/#website","url":"https:\/\/miilakoogid.ee\/","name":"Miila koogid","description":"K\u00fcpsetamise veebikoolitused","publisher":{"@id":"https:\/\/miilakoogid.ee\/#organization"},"potentialAction":[{"@type":"SearchAction","target":{"@type":"EntryPoint","urlTemplate":"https:\/\/miilakoogid.ee\/?s={search_term_string}"},"query-input":{"@type":"PropertyValueSpecification","valueRequired":true,"valueName":"search_term_string"}}],"inLanguage":"en-US"},{"@type":"Organization","@id":"https:\/\/miilakoogid.ee\/#organization","name":"Miila koogid","url":"https:\/\/miilakoogid.ee\/","logo":{"@type":"ImageObject","inLanguage":"en-US","@id":"https:\/\/miilakoogid.ee\/#\/schema\/logo\/image\/","url":"https:\/\/miilakoogid.ee\/wp-content\/uploads\/2024\/10\/Miila-koogid-1.svg","contentUrl":"https:\/\/miilakoogid.ee\/wp-content\/uploads\/2024\/10\/Miila-koogid-1.svg","width":100,"height":100,"caption":"Miila koogid"},"image":{"@id":"https:\/\/miilakoogid.ee\/#\/schema\/logo\/image\/"}}]}},"_links":{"self":[{"href":"https:\/\/miilakoogid.ee\/en\/wp-json\/wp\/v2\/product\/5623","targetHints":{"allow":["GET"]}}],"collection":[{"href":"https:\/\/miilakoogid.ee\/en\/wp-json\/wp\/v2\/product"}],"about":[{"href":"https:\/\/miilakoogid.ee\/en\/wp-json\/wp\/v2\/types\/product"}],"replies":[{"embeddable":true,"href":"https:\/\/miilakoogid.ee\/en\/wp-json\/wp\/v2\/comments?post=5623"}],"version-history":[{"count":3,"href":"https:\/\/miilakoogid.ee\/en\/wp-json\/wp\/v2\/product\/5623\/revisions"}],"predecessor-version":[{"id":9569,"href":"https:\/\/miilakoogid.ee\/en\/wp-json\/wp\/v2\/product\/5623\/revisions\/9569"}],"wp:featuredmedia":[{"embeddable":true,"href":"https:\/\/miilakoogid.ee\/en\/wp-json\/wp\/v2\/media\/5627"}],"wp:attachment":[{"href":"https:\/\/miilakoogid.ee\/en\/wp-json\/wp\/v2\/media?parent=5623"}],"wp:term":[{"taxonomy":"product_brand","embeddable":true,"href":"https:\/\/miilakoogid.ee\/en\/wp-json\/wp\/v2\/product_brand?post=5623"},{"taxonomy":"product_cat","embeddable":true,"href":"https:\/\/miilakoogid.ee\/en\/wp-json\/wp\/v2\/product_cat?post=5623"},{"taxonomy":"product_tag","embeddable":true,"href":"https:\/\/miilakoogid.ee\/en\/wp-json\/wp\/v2\/product_tag?post=5623"}],"curies":[{"name":"wp","href":"https:\/\/api.w.org\/{rel}","templated":true}]}}