{"id":5545,"date":"2025-04-02T08:37:40","date_gmt":"2025-04-02T08:37:40","guid":{"rendered":"https:\/\/miilakoogid.ee\/?post_type=product&#038;p=5545"},"modified":"2025-08-13T06:03:32","modified_gmt":"2025-08-13T06:03:32","slug":"suitsukanakringel-pestoga","status":"publish","type":"product","link":"https:\/\/miilakoogid.ee\/en\/product\/suitsukanakringel-pestoga\/","title":{"rendered":"Suitsukanakringel pestoga"},"content":{"rendered":"<p><b>Materjalid sisaldavad retsepte ja juhiseid, et valmistada:<\/b><\/p>\n<ul>\n<li><span style=\"font-weight: 400;\">Kohevat p\u00e4rmitainast ja seda kergitada<\/span><\/li>\n<li><span style=\"font-size: 16px;\">\u00d5ige konsistentsiga p\u00e4ikesekuivatatud tomatitest pesto<\/span><\/li>\n<li>Mahlane BBQ kastmega suitsukana t\u00e4idis<\/li>\n<li><span style=\"font-size: 16px;\">Lihtsalt ja kiiresti vormitud kringel ja selle kergitamine<\/span><\/li>\n<li><span style=\"font-size: 16px;\">\u00d5igete temperatuuride ja ajaga k\u00fcpsenud kringel<\/span><\/li>\n<li>Ja s\u00e4ilitada kringlit nii, et pehmus ja maitse s\u00e4iliks.<\/li>\n<\/ul>\n<p><em>Retseptidele ligip\u00e4\u00e4suks registreeri kasutajaks v\u00f5i logi sisse. Peale ostu sooritamist saab materjalid alla laadida &#8220;minu konto&#8221; alt.<\/em><\/p>\n<p>&nbsp;<\/p>","protected":false},"excerpt":{"rendered":"<p><strong>Otsid efektiivset ja maitsvat retsepti, mida on samas lihtne valmistada? Mis oleks eriline ja pakuks sulle t\u00f5elist maitseelamust? Siis see veebikoolitus on ideaalne lahendus, et t\u00e4iendada oma retseptikogumikku ja saada osa erilistest maitsetest.<\/strong><\/p>\n<p>Siit edasi l\u00e4heb k\u00f5ik juba palju lihtsamaks. Asenda p\u00e4ikesekuivatatud tomati pesto n\u00e4iteks v\u00e4rske karulaugupestoga. Mine veel lihtsamat ja klassikalisemat teed pidi ja k\u00fcpseta hoopis singi-juustuga kringel. Ja mis k\u00f5ige \u00e4gedam&#8230; ka kaneeli kringli saad selle sama taignaga tehtud.<\/p>\n<p>KUI UNIVERSAALNE!<\/p>\n<p><em>Ps! Ainult retseptid sobivad edasij\u00f5udnutele. P\u00f5hjalikumaks \u00f5ppeks soovitan soetada veebikoolituse (sisaldab ka \u00f5ppevideo).<\/em><\/p>","protected":false},"featured_media":5480,"comment_status":"closed","ping_status":"closed","template":"","meta":{"site-sidebar-layout":"default","site-content-layout":"","ast-site-content-layout":"default","site-content-style":"default","site-sidebar-style":"default","ast-global-header-display":"","ast-banner-title-visibility":"","ast-main-header-display":"","ast-hfb-above-header-display":"","ast-hfb-below-header-display":"","ast-hfb-mobile-header-display":"","site-post-title":"","ast-breadcrumbs-content":"","ast-featured-img":"","footer-sml-layout":"","ast-disable-related-posts":"","theme-transparent-header-meta":"default","adv-header-id-meta":"","stick-header-meta":"","header-above-stick-meta":"","header-main-stick-meta":"","header-below-stick-meta":"","astra-migrate-meta-layouts":"set","ast-page-background-enabled":"default","ast-page-background-meta":{"desktop":{"background-color":"","background-image":"","background-repeat":"repeat","background-position":"center center","background-size":"auto","background-attachment":"scroll","background-type":"","background-media":"","overlay-type":"","overlay-color":"","overlay-opacity":"","overlay-gradient":""},"tablet":{"background-color":"","background-image":"","background-repeat":"repeat","background-position":"center center","background-size":"auto","background-attachment":"scroll","background-type":"","background-media":"","overlay-type":"","overlay-color":"","overlay-opacity":"","overlay-gradient":""},"mobile":{"background-color":"","background-image":"","background-repeat":"repeat","background-position":"center center","background-size":"auto","background-attachment":"scroll","background-type":"","background-media":"","overlay-type":"","overlay-color":"","overlay-opacity":"","overlay-gradient":""}},"ast-content-background-meta":{"desktop":{"background-color":"var(--ast-global-color-5)","background-image":"","background-repeat":"repeat","background-position":"center center","background-size":"auto","background-attachment":"scroll","background-type":"","background-media":"","overlay-type":"","overlay-color":"","overlay-opacity":"","overlay-gradient":""},"tablet":{"background-color":"var(--ast-global-color-5)","background-image":"","background-repeat":"repeat","background-position":"center center","background-size":"auto","background-attachment":"scroll","background-type":"","background-media":"","overlay-type":"","overlay-color":"","overlay-opacity":"","overlay-gradient":""},"mobile":{"background-color":"var(--ast-global-color-5)","background-image":"","background-repeat":"repeat","background-position":"center center","background-size":"auto","background-attachment":"scroll","background-type":"","background-media":"","overlay-type":"","overlay-color":"","overlay-opacity":"","overlay-gradient":""}}},"product_brand":[],"product_cat":[37],"product_tag":[109,162,77,158,159,157],"class_list":{"0":"post-5545","1":"product","2":"type-product","3":"status-publish","4":"has-post-thumbnail","6":"product_cat-retseptid","7":"product_tag-kringel","8":"product_tag-kringel-pestoga","9":"product_tag-parmitainas","10":"product_tag-pesto","11":"product_tag-soolane-kringel","12":"product_tag-suitsukana-kringel","13":"desktop-align-center","14":"tablet-align-left","15":"mobile-align-left","17":"first","18":"instock","19":"downloadable","20":"virtual","21":"sold-individually","22":"taxable","23":"purchasable","24":"product-type-simple"},"yoast_head":"<!-- This site is optimized with the Yoast SEO plugin v27.4 - https:\/\/yoast.com\/product\/yoast-seo-wordpress\/ -->\n<title>Suitsukanakringel pestoga - Miila koogid<\/title>\n<meta name=\"description\" content=\"Kringli valmistamine ei ole vaid k\u00f5htu t\u00e4itev, k\u00fcpsetamise k\u00e4igus omandad ka hulga praktilisi oskusi, mis t\u00f5stavad toiduvalmistamisel su enesekindlust.\" \/>\n<meta name=\"robots\" content=\"index, follow, max-snippet:-1, max-image-preview:large, max-video-preview:-1\" \/>\n<link rel=\"canonical\" href=\"https:\/\/miilakoogid.ee\/en\/product\/suitsukanakringel-pestoga\/\" \/>\n<meta property=\"og:locale\" content=\"en_US\" \/>\n<meta property=\"og:type\" content=\"article\" \/>\n<meta property=\"og:title\" content=\"Suitsukanakringel pestoga - Miila koogid\" \/>\n<meta property=\"og:description\" content=\"Kringli valmistamine ei ole vaid k\u00f5htu t\u00e4itev, k\u00fcpsetamise k\u00e4igus omandad ka hulga praktilisi oskusi, mis t\u00f5stavad toiduvalmistamisel su enesekindlust.\" \/>\n<meta property=\"og:url\" content=\"https:\/\/miilakoogid.ee\/en\/product\/suitsukanakringel-pestoga\/\" \/>\n<meta property=\"og:site_name\" content=\"Miila koogid\" \/>\n<meta property=\"article:modified_time\" content=\"2025-08-13T06:03:32+00:00\" \/>\n<meta property=\"og:image\" content=\"https:\/\/miilakoogid.ee\/wp-content\/uploads\/2025\/03\/Suitsukana-kringel-5.png\" \/>\n\t<meta property=\"og:image:width\" content=\"1080\" \/>\n\t<meta property=\"og:image:height\" content=\"1080\" \/>\n\t<meta property=\"og:image:type\" content=\"image\/png\" \/>\n<meta name=\"twitter:card\" content=\"summary_large_image\" \/>\n<meta name=\"twitter:label1\" content=\"Est. reading time\" \/>\n\t<meta name=\"twitter:data1\" content=\"1 minute\" \/>\n<script type=\"application\/ld+json\" class=\"yoast-schema-graph\">{\"@context\":\"https:\\\/\\\/schema.org\",\"@graph\":[{\"@type\":\"WebPage\",\"@id\":\"https:\\\/\\\/miilakoogid.ee\\\/product\\\/suitsukanakringel-pestoga\\\/\",\"url\":\"https:\\\/\\\/miilakoogid.ee\\\/product\\\/suitsukanakringel-pestoga\\\/\",\"name\":\"Suitsukanakringel pestoga - Miila koogid\",\"isPartOf\":{\"@id\":\"https:\\\/\\\/miilakoogid.ee\\\/#website\"},\"primaryImageOfPage\":{\"@id\":\"https:\\\/\\\/miilakoogid.ee\\\/product\\\/suitsukanakringel-pestoga\\\/#primaryimage\"},\"image\":{\"@id\":\"https:\\\/\\\/miilakoogid.ee\\\/product\\\/suitsukanakringel-pestoga\\\/#primaryimage\"},\"thumbnailUrl\":\"https:\\\/\\\/miilakoogid.ee\\\/wp-content\\\/uploads\\\/2025\\\/03\\\/Suitsukana-kringel-5.png\",\"datePublished\":\"2025-04-02T08:37:40+00:00\",\"dateModified\":\"2025-08-13T06:03:32+00:00\",\"description\":\"Kringli valmistamine ei ole vaid k\u00f5htu t\u00e4itev, k\u00fcpsetamise k\u00e4igus omandad ka hulga praktilisi oskusi, mis t\u00f5stavad toiduvalmistamisel su enesekindlust.\",\"breadcrumb\":{\"@id\":\"https:\\\/\\\/miilakoogid.ee\\\/product\\\/suitsukanakringel-pestoga\\\/#breadcrumb\"},\"inLanguage\":\"en-US\",\"potentialAction\":[{\"@type\":\"ReadAction\",\"target\":[\"https:\\\/\\\/miilakoogid.ee\\\/product\\\/suitsukanakringel-pestoga\\\/\"]}]},{\"@type\":\"ImageObject\",\"inLanguage\":\"en-US\",\"@id\":\"https:\\\/\\\/miilakoogid.ee\\\/product\\\/suitsukanakringel-pestoga\\\/#primaryimage\",\"url\":\"https:\\\/\\\/miilakoogid.ee\\\/wp-content\\\/uploads\\\/2025\\\/03\\\/Suitsukana-kringel-5.png\",\"contentUrl\":\"https:\\\/\\\/miilakoogid.ee\\\/wp-content\\\/uploads\\\/2025\\\/03\\\/Suitsukana-kringel-5.png\",\"width\":1080,\"height\":1080},{\"@type\":\"BreadcrumbList\",\"@id\":\"https:\\\/\\\/miilakoogid.ee\\\/product\\\/suitsukanakringel-pestoga\\\/#breadcrumb\",\"itemListElement\":[{\"@type\":\"ListItem\",\"position\":1,\"name\":\"Esileht\",\"item\":\"https:\\\/\\\/miilakoogid.ee\\\/\"},{\"@type\":\"ListItem\",\"position\":2,\"name\":\"E-Pood\",\"item\":\"https:\\\/\\\/miilakoogid.ee\\\/e-pood\\\/\"},{\"@type\":\"ListItem\",\"position\":3,\"name\":\"Suitsukanakringel pestoga\"}]},{\"@type\":\"WebSite\",\"@id\":\"https:\\\/\\\/miilakoogid.ee\\\/#website\",\"url\":\"https:\\\/\\\/miilakoogid.ee\\\/\",\"name\":\"Miila koogid\",\"description\":\"K\u00fcpsetamise veebikoolitused\",\"publisher\":{\"@id\":\"https:\\\/\\\/miilakoogid.ee\\\/#organization\"},\"potentialAction\":[{\"@type\":\"SearchAction\",\"target\":{\"@type\":\"EntryPoint\",\"urlTemplate\":\"https:\\\/\\\/miilakoogid.ee\\\/?s={search_term_string}\"},\"query-input\":{\"@type\":\"PropertyValueSpecification\",\"valueRequired\":true,\"valueName\":\"search_term_string\"}}],\"inLanguage\":\"en-US\"},{\"@type\":\"Organization\",\"@id\":\"https:\\\/\\\/miilakoogid.ee\\\/#organization\",\"name\":\"Miila koogid\",\"url\":\"https:\\\/\\\/miilakoogid.ee\\\/\",\"logo\":{\"@type\":\"ImageObject\",\"inLanguage\":\"en-US\",\"@id\":\"https:\\\/\\\/miilakoogid.ee\\\/#\\\/schema\\\/logo\\\/image\\\/\",\"url\":\"https:\\\/\\\/miilakoogid.ee\\\/wp-content\\\/uploads\\\/2024\\\/10\\\/Miila-koogid-1.svg\",\"contentUrl\":\"https:\\\/\\\/miilakoogid.ee\\\/wp-content\\\/uploads\\\/2024\\\/10\\\/Miila-koogid-1.svg\",\"width\":100,\"height\":100,\"caption\":\"Miila koogid\"},\"image\":{\"@id\":\"https:\\\/\\\/miilakoogid.ee\\\/#\\\/schema\\\/logo\\\/image\\\/\"}}]}<\/script>\n<!-- \/ Yoast SEO plugin. -->","yoast_head_json":{"title":"Suitsukanakringel pestoga - Miila koogid","description":"Kringli valmistamine ei ole vaid k\u00f5htu t\u00e4itev, k\u00fcpsetamise k\u00e4igus omandad ka hulga praktilisi oskusi, mis t\u00f5stavad toiduvalmistamisel su enesekindlust.","robots":{"index":"index","follow":"follow","max-snippet":"max-snippet:-1","max-image-preview":"max-image-preview:large","max-video-preview":"max-video-preview:-1"},"canonical":"https:\/\/miilakoogid.ee\/en\/product\/suitsukanakringel-pestoga\/","og_locale":"en_US","og_type":"article","og_title":"Suitsukanakringel pestoga - Miila koogid","og_description":"Kringli valmistamine ei ole vaid k\u00f5htu t\u00e4itev, k\u00fcpsetamise k\u00e4igus omandad ka hulga praktilisi oskusi, mis t\u00f5stavad toiduvalmistamisel su enesekindlust.","og_url":"https:\/\/miilakoogid.ee\/en\/product\/suitsukanakringel-pestoga\/","og_site_name":"Miila koogid","article_modified_time":"2025-08-13T06:03:32+00:00","og_image":[{"width":1080,"height":1080,"url":"https:\/\/miilakoogid.ee\/wp-content\/uploads\/2025\/03\/Suitsukana-kringel-5.png","type":"image\/png"}],"twitter_card":"summary_large_image","twitter_misc":{"Est. reading time":"1 minute"},"schema":{"@context":"https:\/\/schema.org","@graph":[{"@type":"WebPage","@id":"https:\/\/miilakoogid.ee\/product\/suitsukanakringel-pestoga\/","url":"https:\/\/miilakoogid.ee\/product\/suitsukanakringel-pestoga\/","name":"Suitsukanakringel pestoga - Miila koogid","isPartOf":{"@id":"https:\/\/miilakoogid.ee\/#website"},"primaryImageOfPage":{"@id":"https:\/\/miilakoogid.ee\/product\/suitsukanakringel-pestoga\/#primaryimage"},"image":{"@id":"https:\/\/miilakoogid.ee\/product\/suitsukanakringel-pestoga\/#primaryimage"},"thumbnailUrl":"https:\/\/miilakoogid.ee\/wp-content\/uploads\/2025\/03\/Suitsukana-kringel-5.png","datePublished":"2025-04-02T08:37:40+00:00","dateModified":"2025-08-13T06:03:32+00:00","description":"Kringli valmistamine ei ole vaid k\u00f5htu t\u00e4itev, k\u00fcpsetamise k\u00e4igus omandad ka hulga praktilisi oskusi, mis t\u00f5stavad toiduvalmistamisel su enesekindlust.","breadcrumb":{"@id":"https:\/\/miilakoogid.ee\/product\/suitsukanakringel-pestoga\/#breadcrumb"},"inLanguage":"en-US","potentialAction":[{"@type":"ReadAction","target":["https:\/\/miilakoogid.ee\/product\/suitsukanakringel-pestoga\/"]}]},{"@type":"ImageObject","inLanguage":"en-US","@id":"https:\/\/miilakoogid.ee\/product\/suitsukanakringel-pestoga\/#primaryimage","url":"https:\/\/miilakoogid.ee\/wp-content\/uploads\/2025\/03\/Suitsukana-kringel-5.png","contentUrl":"https:\/\/miilakoogid.ee\/wp-content\/uploads\/2025\/03\/Suitsukana-kringel-5.png","width":1080,"height":1080},{"@type":"BreadcrumbList","@id":"https:\/\/miilakoogid.ee\/product\/suitsukanakringel-pestoga\/#breadcrumb","itemListElement":[{"@type":"ListItem","position":1,"name":"Esileht","item":"https:\/\/miilakoogid.ee\/"},{"@type":"ListItem","position":2,"name":"E-Pood","item":"https:\/\/miilakoogid.ee\/e-pood\/"},{"@type":"ListItem","position":3,"name":"Suitsukanakringel pestoga"}]},{"@type":"WebSite","@id":"https:\/\/miilakoogid.ee\/#website","url":"https:\/\/miilakoogid.ee\/","name":"Miila koogid","description":"K\u00fcpsetamise veebikoolitused","publisher":{"@id":"https:\/\/miilakoogid.ee\/#organization"},"potentialAction":[{"@type":"SearchAction","target":{"@type":"EntryPoint","urlTemplate":"https:\/\/miilakoogid.ee\/?s={search_term_string}"},"query-input":{"@type":"PropertyValueSpecification","valueRequired":true,"valueName":"search_term_string"}}],"inLanguage":"en-US"},{"@type":"Organization","@id":"https:\/\/miilakoogid.ee\/#organization","name":"Miila koogid","url":"https:\/\/miilakoogid.ee\/","logo":{"@type":"ImageObject","inLanguage":"en-US","@id":"https:\/\/miilakoogid.ee\/#\/schema\/logo\/image\/","url":"https:\/\/miilakoogid.ee\/wp-content\/uploads\/2024\/10\/Miila-koogid-1.svg","contentUrl":"https:\/\/miilakoogid.ee\/wp-content\/uploads\/2024\/10\/Miila-koogid-1.svg","width":100,"height":100,"caption":"Miila koogid"},"image":{"@id":"https:\/\/miilakoogid.ee\/#\/schema\/logo\/image\/"}}]}},"_links":{"self":[{"href":"https:\/\/miilakoogid.ee\/en\/wp-json\/wp\/v2\/product\/5545","targetHints":{"allow":["GET"]}}],"collection":[{"href":"https:\/\/miilakoogid.ee\/en\/wp-json\/wp\/v2\/product"}],"about":[{"href":"https:\/\/miilakoogid.ee\/en\/wp-json\/wp\/v2\/types\/product"}],"replies":[{"embeddable":true,"href":"https:\/\/miilakoogid.ee\/en\/wp-json\/wp\/v2\/comments?post=5545"}],"version-history":[{"count":0,"href":"https:\/\/miilakoogid.ee\/en\/wp-json\/wp\/v2\/product\/5545\/revisions"}],"wp:featuredmedia":[{"embeddable":true,"href":"https:\/\/miilakoogid.ee\/en\/wp-json\/wp\/v2\/media\/5480"}],"wp:attachment":[{"href":"https:\/\/miilakoogid.ee\/en\/wp-json\/wp\/v2\/media?parent=5545"}],"wp:term":[{"taxonomy":"product_brand","embeddable":true,"href":"https:\/\/miilakoogid.ee\/en\/wp-json\/wp\/v2\/product_brand?post=5545"},{"taxonomy":"product_cat","embeddable":true,"href":"https:\/\/miilakoogid.ee\/en\/wp-json\/wp\/v2\/product_cat?post=5545"},{"taxonomy":"product_tag","embeddable":true,"href":"https:\/\/miilakoogid.ee\/en\/wp-json\/wp\/v2\/product_tag?post=5545"}],"curies":[{"name":"wp","href":"https:\/\/api.w.org\/{rel}","templated":true}]}}