{"id":5484,"date":"2025-09-01T08:12:55","date_gmt":"2025-09-01T08:12:55","guid":{"rendered":"https:\/\/miilakoogid.ee\/?post_type=product&#038;p=5484"},"modified":"2026-02-14T20:42:44","modified_gmt":"2026-02-14T18:42:44","slug":"veebikoolitus-suitsukanakringel-pestoga","status":"publish","type":"product","link":"https:\/\/miilakoogid.ee\/en\/product\/veebikoolitus-suitsukanakringel-pestoga\/","title":{"rendered":"Veebikoolitus &#8220;Suitsukanakringel pestoga&#8221;+ KINGITUS"},"content":{"rendered":"<p><em>See p\u00e4ikesekuivatatud tomati pestoga maitsekooslus on \u00fcllatusi pakkuv ja t\u00f5eliselt rikkalik. Sellel on intensiivne, kergelt magus ja suitsune tomatimaitse.Tekstuurilt on pesto tihe ja kreemjas, kuid siiski piisavalt pehme, et \u00fchtlaselt kringlile m\u00e4\u00e4rida. Eriti mahlaseks teeb kringli suitsutatud kanafilee mis on segatud kergelt suitsuse ja magusa BBQ kastmega, lisades kringlile intensiivselt magusa \u00a0ja karamellise maitse.<\/em><\/p>\n<p><strong>Koolitusel k\u00e4sitletavad teemad<\/strong>:<\/p>\n<ul>\n<li><span style=\"font-weight: 400;\">P\u00e4rmitaigna s\u00f5tkumine ja kergitamine<\/span><\/li>\n<li><span style=\"font-size: 16px;\">P\u00e4ikesekuivatatud tomati pesto valmistamine<\/span><\/li>\n<li>Suitsukana t\u00e4idise valmistamine<\/li>\n<li><span style=\"font-size: 16px;\">Kringli vormimine ja kergitamine<\/span><\/li>\n<li><span style=\"font-size: 16px;\">Kringli k\u00fcpsetamine<\/span><\/li>\n<li><span style=\"font-size: 16px;\">Kringli s\u00e4ilitamine<\/span><\/li>\n<\/ul>\n<p><strong>Veebikoolitus sisaldab<\/strong>:<\/p>\n<ul>\n<li><span style=\"font-weight: 400;\">P\u00f5hjalikku \u00f5ppevideot (40 minutit)<\/span><\/li>\n<li><span style=\"font-size: 16px;\">Allalaetavat materjali mis sisaldab retsepte ja l\u00fchidat t\u00f6\u00f6k\u00e4iku<\/span><\/li>\n<li><span style=\"font-size: 16px;\">Piiramatut ligip\u00e4\u00e4su videole ja materjalidele<\/span><\/li>\n<\/ul>\n<p>&nbsp;<\/p>","protected":false},"excerpt":{"rendered":"<p><strong>KINGITUSENA kaasa singi-juustukringli retsept ja karulaugupesto ja mozzarellaga kringli retsept. Kokku 3 retsepti!!<\/strong><\/p>\n<p><strong>Otsid efektiivset ja maitsvat retsepti, mida on samas lihtne valmistada? Mis oleks eriline ja pakuks sulle t\u00f5elist maitseelamust? Siis see veebikoolitus on ideaalne lahendus, et t\u00e4iendada oma retseptikogumikku ja saada osa erilistest maitsetest.<\/strong><\/p>\n<p>Siit edasi l\u00e4heb k\u00f5ik juba palju lihtsamaks. Asenda p\u00e4ikesekuivatatud tomati pesto n\u00e4iteks v\u00e4rske karulaugupestoga. Mine veel lihtsamat ja klassikalisemat teed pidi ja k\u00fcpseta hoopis singi-juustuga kringel. Ja mis k\u00f5ige \u00e4gedam&#8230; ka kaneeli kringli saad selle sama taignaga tehtud.<\/p>\n<p>KUI UNIVERSAALNE!<\/p>\n<p>Olles soetanud veebikoolituse, saad liituda <a href=\"https:\/\/www.facebook.com\/groups\/1345815353548352\">Miila Koogiklubiga<\/a>&#8211; s\u00f5bralik Facebooki grupp, kus jagame ideid, nippe ja retseptide edasiarendusi. Seal saad k\u00fcsida k\u00fcsimusi, jagada oma \u00f5nnestumisi ja leida toetust teistelt k\u00fcpsetajatelt.<\/p>\n<p>&nbsp;<\/p>","protected":false},"featured_media":5482,"comment_status":"open","ping_status":"closed","template":"","meta":{"site-sidebar-layout":"default","site-content-layout":"","ast-site-content-layout":"default","site-content-style":"default","site-sidebar-style":"default","ast-global-header-display":"","ast-banner-title-visibility":"","ast-main-header-display":"","ast-hfb-above-header-display":"","ast-hfb-below-header-display":"","ast-hfb-mobile-header-display":"","site-post-title":"","ast-breadcrumbs-content":"","ast-featured-img":"","footer-sml-layout":"","ast-disable-related-posts":"","theme-transparent-header-meta":"default","adv-header-id-meta":"","stick-header-meta":"","header-above-stick-meta":"","header-main-stick-meta":"","header-below-stick-meta":"","astra-migrate-meta-layouts":"set","ast-page-background-enabled":"default","ast-page-background-meta":{"desktop":{"background-color":"","background-image":"","background-repeat":"repeat","background-position":"center center","background-size":"auto","background-attachment":"scroll","background-type":"","background-media":"","overlay-type":"","overlay-color":"","overlay-opacity":"","overlay-gradient":""},"tablet":{"background-color":"","background-image":"","background-repeat":"repeat","background-position":"center center","background-size":"auto","background-attachment":"scroll","background-type":"","background-media":"","overlay-type":"","overlay-color":"","overlay-opacity":"","overlay-gradient":""},"mobile":{"background-color":"","background-image":"","background-repeat":"repeat","background-position":"center center","background-size":"auto","background-attachment":"scroll","background-type":"","background-media":"","overlay-type":"","overlay-color":"","overlay-opacity":"","overlay-gradient":""}},"ast-content-background-meta":{"desktop":{"background-color":"var(--ast-global-color-5)","background-image":"","background-repeat":"repeat","background-position":"center center","background-size":"auto","background-attachment":"scroll","background-type":"","background-media":"","overlay-type":"","overlay-color":"","overlay-opacity":"","overlay-gradient":""},"tablet":{"background-color":"var(--ast-global-color-5)","background-image":"","background-repeat":"repeat","background-position":"center center","background-size":"auto","background-attachment":"scroll","background-type":"","background-media":"","overlay-type":"","overlay-color":"","overlay-opacity":"","overlay-gradient":""},"mobile":{"background-color":"var(--ast-global-color-5)","background-image":"","background-repeat":"repeat","background-position":"center center","background-size":"auto","background-attachment":"scroll","background-type":"","background-media":"","overlay-type":"","overlay-color":"","overlay-opacity":"","overlay-gradient":""}}},"product_brand":[],"product_cat":[24],"product_tag":[163,109,77,158,161,159,157],"class_list":{"0":"post-5484","1":"product","2":"type-product","3":"status-publish","4":"has-post-thumbnail","6":"product_cat-veebikoolitused","7":"product_tag-karulauk","8":"product_tag-kringel","9":"product_tag-parmitainas","10":"product_tag-pesto","11":"product_tag-singi-juustukringel","12":"product_tag-soolane-kringel","13":"product_tag-suitsukana-kringel","14":"desktop-align-center","15":"tablet-align-left","16":"mobile-align-left","18":"first","19":"instock","20":"downloadable","21":"virtual","22":"sold-individually","23":"taxable","24":"purchasable","25":"product-type-course"},"yoast_head":"<!-- This site is optimized with the Yoast SEO plugin v27.4 - https:\/\/yoast.com\/product\/yoast-seo-wordpress\/ -->\n<title>Veebikoolitus &quot;Suitsukanakringel pestoga&quot;+ KINGITUS - Miila koogid<\/title>\n<meta name=\"description\" content=\"Kringli valmistamine ei ole vaid k\u00f5htu t\u00e4itev, k\u00fcpsetamise k\u00e4igus omandad ka hulga praktilisi oskusi, mis t\u00f5stavad toiduvalmistamisel su enesekindlust.\" \/>\n<meta name=\"robots\" content=\"index, follow, max-snippet:-1, max-image-preview:large, max-video-preview:-1\" \/>\n<link rel=\"canonical\" href=\"https:\/\/miilakoogid.ee\/en\/product\/veebikoolitus-suitsukanakringel-pestoga\/\" \/>\n<meta property=\"og:locale\" content=\"en_US\" \/>\n<meta property=\"og:type\" content=\"article\" \/>\n<meta property=\"og:title\" content=\"Veebikoolitus &quot;Suitsukanakringel pestoga&quot;+ KINGITUS - Miila koogid\" \/>\n<meta property=\"og:description\" content=\"Kringli valmistamine ei ole vaid k\u00f5htu t\u00e4itev, k\u00fcpsetamise k\u00e4igus omandad ka hulga praktilisi oskusi, mis t\u00f5stavad toiduvalmistamisel su enesekindlust.\" \/>\n<meta property=\"og:url\" content=\"https:\/\/miilakoogid.ee\/en\/product\/veebikoolitus-suitsukanakringel-pestoga\/\" \/>\n<meta property=\"og:site_name\" content=\"Miila koogid\" \/>\n<meta property=\"article:modified_time\" content=\"2026-02-14T18:42:44+00:00\" \/>\n<meta property=\"og:image\" content=\"https:\/\/miilakoogid.ee\/wp-content\/uploads\/2025\/03\/Suitsukana-kringel.png\" \/>\n\t<meta property=\"og:image:width\" content=\"1080\" \/>\n\t<meta property=\"og:image:height\" content=\"1080\" \/>\n\t<meta property=\"og:image:type\" content=\"image\/png\" \/>\n<meta name=\"twitter:card\" content=\"summary_large_image\" \/>\n<meta name=\"twitter:label1\" content=\"Est. reading time\" \/>\n\t<meta name=\"twitter:data1\" content=\"1 minute\" \/>\n<script type=\"application\/ld+json\" class=\"yoast-schema-graph\">{\"@context\":\"https:\\\/\\\/schema.org\",\"@graph\":[{\"@type\":\"WebPage\",\"@id\":\"https:\\\/\\\/miilakoogid.ee\\\/product\\\/veebikoolitus-suitsukanakringel-pestoga\\\/\",\"url\":\"https:\\\/\\\/miilakoogid.ee\\\/product\\\/veebikoolitus-suitsukanakringel-pestoga\\\/\",\"name\":\"Veebikoolitus \\\"Suitsukanakringel pestoga\\\"+ KINGITUS - Miila koogid\",\"isPartOf\":{\"@id\":\"https:\\\/\\\/miilakoogid.ee\\\/#website\"},\"primaryImageOfPage\":{\"@id\":\"https:\\\/\\\/miilakoogid.ee\\\/product\\\/veebikoolitus-suitsukanakringel-pestoga\\\/#primaryimage\"},\"image\":{\"@id\":\"https:\\\/\\\/miilakoogid.ee\\\/product\\\/veebikoolitus-suitsukanakringel-pestoga\\\/#primaryimage\"},\"thumbnailUrl\":\"https:\\\/\\\/miilakoogid.ee\\\/wp-content\\\/uploads\\\/2025\\\/03\\\/Suitsukana-kringel.png\",\"datePublished\":\"2025-09-01T08:12:55+00:00\",\"dateModified\":\"2026-02-14T18:42:44+00:00\",\"description\":\"Kringli valmistamine ei ole vaid k\u00f5htu t\u00e4itev, k\u00fcpsetamise k\u00e4igus omandad ka hulga praktilisi oskusi, mis t\u00f5stavad toiduvalmistamisel su enesekindlust.\",\"breadcrumb\":{\"@id\":\"https:\\\/\\\/miilakoogid.ee\\\/product\\\/veebikoolitus-suitsukanakringel-pestoga\\\/#breadcrumb\"},\"inLanguage\":\"en-US\",\"potentialAction\":[{\"@type\":\"ReadAction\",\"target\":[\"https:\\\/\\\/miilakoogid.ee\\\/product\\\/veebikoolitus-suitsukanakringel-pestoga\\\/\"]}]},{\"@type\":\"ImageObject\",\"inLanguage\":\"en-US\",\"@id\":\"https:\\\/\\\/miilakoogid.ee\\\/product\\\/veebikoolitus-suitsukanakringel-pestoga\\\/#primaryimage\",\"url\":\"https:\\\/\\\/miilakoogid.ee\\\/wp-content\\\/uploads\\\/2025\\\/03\\\/Suitsukana-kringel.png\",\"contentUrl\":\"https:\\\/\\\/miilakoogid.ee\\\/wp-content\\\/uploads\\\/2025\\\/03\\\/Suitsukana-kringel.png\",\"width\":1080,\"height\":1080},{\"@type\":\"BreadcrumbList\",\"@id\":\"https:\\\/\\\/miilakoogid.ee\\\/product\\\/veebikoolitus-suitsukanakringel-pestoga\\\/#breadcrumb\",\"itemListElement\":[{\"@type\":\"ListItem\",\"position\":1,\"name\":\"Esileht\",\"item\":\"https:\\\/\\\/miilakoogid.ee\\\/\"},{\"@type\":\"ListItem\",\"position\":2,\"name\":\"E-Pood\",\"item\":\"https:\\\/\\\/miilakoogid.ee\\\/e-pood\\\/\"},{\"@type\":\"ListItem\",\"position\":3,\"name\":\"Veebikoolitus &#8220;Suitsukanakringel pestoga&#8221;+ KINGITUS\"}]},{\"@type\":\"WebSite\",\"@id\":\"https:\\\/\\\/miilakoogid.ee\\\/#website\",\"url\":\"https:\\\/\\\/miilakoogid.ee\\\/\",\"name\":\"Miila koogid\",\"description\":\"K\u00fcpsetamise veebikoolitused\",\"publisher\":{\"@id\":\"https:\\\/\\\/miilakoogid.ee\\\/#organization\"},\"potentialAction\":[{\"@type\":\"SearchAction\",\"target\":{\"@type\":\"EntryPoint\",\"urlTemplate\":\"https:\\\/\\\/miilakoogid.ee\\\/?s={search_term_string}\"},\"query-input\":{\"@type\":\"PropertyValueSpecification\",\"valueRequired\":true,\"valueName\":\"search_term_string\"}}],\"inLanguage\":\"en-US\"},{\"@type\":\"Organization\",\"@id\":\"https:\\\/\\\/miilakoogid.ee\\\/#organization\",\"name\":\"Miila koogid\",\"url\":\"https:\\\/\\\/miilakoogid.ee\\\/\",\"logo\":{\"@type\":\"ImageObject\",\"inLanguage\":\"en-US\",\"@id\":\"https:\\\/\\\/miilakoogid.ee\\\/#\\\/schema\\\/logo\\\/image\\\/\",\"url\":\"https:\\\/\\\/miilakoogid.ee\\\/wp-content\\\/uploads\\\/2024\\\/10\\\/Miila-koogid-1.svg\",\"contentUrl\":\"https:\\\/\\\/miilakoogid.ee\\\/wp-content\\\/uploads\\\/2024\\\/10\\\/Miila-koogid-1.svg\",\"width\":100,\"height\":100,\"caption\":\"Miila koogid\"},\"image\":{\"@id\":\"https:\\\/\\\/miilakoogid.ee\\\/#\\\/schema\\\/logo\\\/image\\\/\"}}]}<\/script>\n<!-- \/ Yoast SEO plugin. -->","yoast_head_json":{"title":"Veebikoolitus \"Suitsukanakringel pestoga\"+ KINGITUS - Miila koogid","description":"Kringli valmistamine ei ole vaid k\u00f5htu t\u00e4itev, k\u00fcpsetamise k\u00e4igus omandad ka hulga praktilisi oskusi, mis t\u00f5stavad toiduvalmistamisel su enesekindlust.","robots":{"index":"index","follow":"follow","max-snippet":"max-snippet:-1","max-image-preview":"max-image-preview:large","max-video-preview":"max-video-preview:-1"},"canonical":"https:\/\/miilakoogid.ee\/en\/product\/veebikoolitus-suitsukanakringel-pestoga\/","og_locale":"en_US","og_type":"article","og_title":"Veebikoolitus \"Suitsukanakringel pestoga\"+ KINGITUS - Miila koogid","og_description":"Kringli valmistamine ei ole vaid k\u00f5htu t\u00e4itev, k\u00fcpsetamise k\u00e4igus omandad ka hulga praktilisi oskusi, mis t\u00f5stavad toiduvalmistamisel su enesekindlust.","og_url":"https:\/\/miilakoogid.ee\/en\/product\/veebikoolitus-suitsukanakringel-pestoga\/","og_site_name":"Miila koogid","article_modified_time":"2026-02-14T18:42:44+00:00","og_image":[{"width":1080,"height":1080,"url":"https:\/\/miilakoogid.ee\/wp-content\/uploads\/2025\/03\/Suitsukana-kringel.png","type":"image\/png"}],"twitter_card":"summary_large_image","twitter_misc":{"Est. reading time":"1 minute"},"schema":{"@context":"https:\/\/schema.org","@graph":[{"@type":"WebPage","@id":"https:\/\/miilakoogid.ee\/product\/veebikoolitus-suitsukanakringel-pestoga\/","url":"https:\/\/miilakoogid.ee\/product\/veebikoolitus-suitsukanakringel-pestoga\/","name":"Veebikoolitus \"Suitsukanakringel pestoga\"+ KINGITUS - Miila koogid","isPartOf":{"@id":"https:\/\/miilakoogid.ee\/#website"},"primaryImageOfPage":{"@id":"https:\/\/miilakoogid.ee\/product\/veebikoolitus-suitsukanakringel-pestoga\/#primaryimage"},"image":{"@id":"https:\/\/miilakoogid.ee\/product\/veebikoolitus-suitsukanakringel-pestoga\/#primaryimage"},"thumbnailUrl":"https:\/\/miilakoogid.ee\/wp-content\/uploads\/2025\/03\/Suitsukana-kringel.png","datePublished":"2025-09-01T08:12:55+00:00","dateModified":"2026-02-14T18:42:44+00:00","description":"Kringli valmistamine ei ole vaid k\u00f5htu t\u00e4itev, k\u00fcpsetamise k\u00e4igus omandad ka hulga praktilisi oskusi, mis t\u00f5stavad toiduvalmistamisel su enesekindlust.","breadcrumb":{"@id":"https:\/\/miilakoogid.ee\/product\/veebikoolitus-suitsukanakringel-pestoga\/#breadcrumb"},"inLanguage":"en-US","potentialAction":[{"@type":"ReadAction","target":["https:\/\/miilakoogid.ee\/product\/veebikoolitus-suitsukanakringel-pestoga\/"]}]},{"@type":"ImageObject","inLanguage":"en-US","@id":"https:\/\/miilakoogid.ee\/product\/veebikoolitus-suitsukanakringel-pestoga\/#primaryimage","url":"https:\/\/miilakoogid.ee\/wp-content\/uploads\/2025\/03\/Suitsukana-kringel.png","contentUrl":"https:\/\/miilakoogid.ee\/wp-content\/uploads\/2025\/03\/Suitsukana-kringel.png","width":1080,"height":1080},{"@type":"BreadcrumbList","@id":"https:\/\/miilakoogid.ee\/product\/veebikoolitus-suitsukanakringel-pestoga\/#breadcrumb","itemListElement":[{"@type":"ListItem","position":1,"name":"Esileht","item":"https:\/\/miilakoogid.ee\/"},{"@type":"ListItem","position":2,"name":"E-Pood","item":"https:\/\/miilakoogid.ee\/e-pood\/"},{"@type":"ListItem","position":3,"name":"Veebikoolitus &#8220;Suitsukanakringel pestoga&#8221;+ KINGITUS"}]},{"@type":"WebSite","@id":"https:\/\/miilakoogid.ee\/#website","url":"https:\/\/miilakoogid.ee\/","name":"Miila koogid","description":"K\u00fcpsetamise veebikoolitused","publisher":{"@id":"https:\/\/miilakoogid.ee\/#organization"},"potentialAction":[{"@type":"SearchAction","target":{"@type":"EntryPoint","urlTemplate":"https:\/\/miilakoogid.ee\/?s={search_term_string}"},"query-input":{"@type":"PropertyValueSpecification","valueRequired":true,"valueName":"search_term_string"}}],"inLanguage":"en-US"},{"@type":"Organization","@id":"https:\/\/miilakoogid.ee\/#organization","name":"Miila koogid","url":"https:\/\/miilakoogid.ee\/","logo":{"@type":"ImageObject","inLanguage":"en-US","@id":"https:\/\/miilakoogid.ee\/#\/schema\/logo\/image\/","url":"https:\/\/miilakoogid.ee\/wp-content\/uploads\/2024\/10\/Miila-koogid-1.svg","contentUrl":"https:\/\/miilakoogid.ee\/wp-content\/uploads\/2024\/10\/Miila-koogid-1.svg","width":100,"height":100,"caption":"Miila koogid"},"image":{"@id":"https:\/\/miilakoogid.ee\/#\/schema\/logo\/image\/"}}]}},"_links":{"self":[{"href":"https:\/\/miilakoogid.ee\/en\/wp-json\/wp\/v2\/product\/5484","targetHints":{"allow":["GET"]}}],"collection":[{"href":"https:\/\/miilakoogid.ee\/en\/wp-json\/wp\/v2\/product"}],"about":[{"href":"https:\/\/miilakoogid.ee\/en\/wp-json\/wp\/v2\/types\/product"}],"replies":[{"embeddable":true,"href":"https:\/\/miilakoogid.ee\/en\/wp-json\/wp\/v2\/comments?post=5484"}],"version-history":[{"count":2,"href":"https:\/\/miilakoogid.ee\/en\/wp-json\/wp\/v2\/product\/5484\/revisions"}],"predecessor-version":[{"id":9570,"href":"https:\/\/miilakoogid.ee\/en\/wp-json\/wp\/v2\/product\/5484\/revisions\/9570"}],"wp:featuredmedia":[{"embeddable":true,"href":"https:\/\/miilakoogid.ee\/en\/wp-json\/wp\/v2\/media\/5482"}],"wp:attachment":[{"href":"https:\/\/miilakoogid.ee\/en\/wp-json\/wp\/v2\/media?parent=5484"}],"wp:term":[{"taxonomy":"product_brand","embeddable":true,"href":"https:\/\/miilakoogid.ee\/en\/wp-json\/wp\/v2\/product_brand?post=5484"},{"taxonomy":"product_cat","embeddable":true,"href":"https:\/\/miilakoogid.ee\/en\/wp-json\/wp\/v2\/product_cat?post=5484"},{"taxonomy":"product_tag","embeddable":true,"href":"https:\/\/miilakoogid.ee\/en\/wp-json\/wp\/v2\/product_tag?post=5484"}],"curies":[{"name":"wp","href":"https:\/\/api.w.org\/{rel}","templated":true}]}}