{"id":4960,"date":"2025-08-30T08:48:18","date_gmt":"2025-08-30T08:48:18","guid":{"rendered":"https:\/\/miilakoogid.ee\/?post_type=product&#038;p=4960"},"modified":"2026-02-21T19:36:11","modified_gmt":"2026-02-21T17:36:11","slug":"veebikoolitus-voileivatort-tuunikalaga","status":"publish","type":"product","link":"https:\/\/miilakoogid.ee\/en\/product\/veebikoolitus-voileivatort-tuunikalaga\/","title":{"rendered":"Online course \"Tuna sandwich cake\""},"content":{"rendered":"<p><strong>Topics covered in the training:<\/strong><\/p>\n<ul>\n<li><span style=\"font-weight: 400;\">Selecting raw materials and tools<\/span><\/li>\n<li><span style=\"font-weight: 400;\">T\u00e4idiskreemi valmistamine<\/span><\/li>\n<li><span style=\"font-weight: 400;\">Correct assembly of the cake<\/span><\/li>\n<li><span style=\"font-weight: 400;\">Kattekreemi valmistamine<\/span><\/li>\n<li><span style=\"font-weight: 400;\">Tordi katmine kreemiga<\/span><span style=\"font-weight: 400;\"><br \/>\n<\/span><\/li>\n<li><span style=\"font-weight: 400;\">Tordi kaunistamine<\/span><\/li>\n<\/ul>\n<p><strong>The training includes:<\/strong><\/p>\n<ul>\n<li><span style=\"font-weight: 400;\">Tuunikalaga v\u00f5ileivatordi\u00a0 \u00f5ppevideo (43 minutit)<\/span><\/li>\n<li><span style=\"font-weight: 400;\">Allalaetavat faili retseptide ja valmistamis\u00f5petusega.(6tk A4)<\/span><\/li>\n<\/ul>\n<p><em>KINGITUSENA KAASA SINGIGA V\u00d5ILEIVATORDI RETSEPT.<\/em><\/p>\n<p><span style=\"font-weight: 400;\">Ligip\u00e4\u00e4s videole ja materjalidele on piiramatu.<\/span><\/p>\n<p>&nbsp;<\/p>","protected":false},"excerpt":{"rendered":"<p><em><strong>KINGITUSENA KAASA SINGIGA V\u00d5ILEIVATORDI RETSEPT.<\/strong><\/em><\/p>\n<p><strong>Lisaks tuunikala ja singi v\u00f5ileivatordile, omandad veebikoolitusel ka teadmised ja oskused, mis aitavad sul valmistada ka korrektset magusat torti. \u00d5pid kaunistamisv\u00f5tteid, mis annavad sinu k\u00fcpsetistele professionaalse ilme.<\/strong><\/p>\n<p><span style=\"font-weight: 400;\">P\u00f5hjalik retsept koos vajalike koostisosade ja \u00f5ppevideoga samm sammulisest t\u00f6\u00f6k\u00e4igust. N\u00e4itan sulle kuidas saad oma k\u00fcpsetised visuaalselt ahvatlevaks muuta. K\u00f5ik vajalik alates koostisosade valikust kuni kaunistamiseni.<\/span><\/p>\n<p>Olles soetanud veebikoolituse, saad liituda <a href=\"https:\/\/www.facebook.com\/groups\/1345815353548352\">Miila Koogiklubiga<\/a>&#8211; s\u00f5bralik Facebooki grupp, kus jagame ideid, nippe ja retseptide edasiarendusi. Seal saad k\u00fcsida k\u00fcsimusi, jagada oma \u00f5nnestumisi ja leida toetust teistelt k\u00fcpsetajatelt.<\/p>\n<p>&nbsp;<\/p>","protected":false},"featured_media":4964,"comment_status":"open","ping_status":"closed","template":"","meta":{"site-sidebar-layout":"default","site-content-layout":"","ast-site-content-layout":"default","site-content-style":"default","site-sidebar-style":"default","ast-global-header-display":"","ast-banner-title-visibility":"","ast-main-header-display":"","ast-hfb-above-header-display":"","ast-hfb-below-header-display":"","ast-hfb-mobile-header-display":"","site-post-title":"","ast-breadcrumbs-content":"","ast-featured-img":"","footer-sml-layout":"","ast-disable-related-posts":"","theme-transparent-header-meta":"default","adv-header-id-meta":"","stick-header-meta":"","header-above-stick-meta":"","header-main-stick-meta":"","header-below-stick-meta":"","astra-migrate-meta-layouts":"set","ast-page-background-enabled":"default","ast-page-background-meta":{"desktop":{"background-color":"","background-image":"","background-repeat":"repeat","background-position":"center center","background-size":"auto","background-attachment":"scroll","background-type":"","background-media":"","overlay-type":"","overlay-color":"","overlay-opacity":"","overlay-gradient":""},"tablet":{"background-color":"","background-image":"","background-repeat":"repeat","background-position":"center center","background-size":"auto","background-attachment":"scroll","background-type":"","background-media":"","overlay-type":"","overlay-color":"","overlay-opacity":"","overlay-gradient":""},"mobile":{"background-color":"","background-image":"","background-repeat":"repeat","background-position":"center center","background-size":"auto","background-attachment":"scroll","background-type":"","background-media":"","overlay-type":"","overlay-color":"","overlay-opacity":"","overlay-gradient":""}},"ast-content-background-meta":{"desktop":{"background-color":"var(--ast-global-color-5)","background-image":"","background-repeat":"repeat","background-position":"center center","background-size":"auto","background-attachment":"scroll","background-type":"","background-media":"","overlay-type":"","overlay-color":"","overlay-opacity":"","overlay-gradient":""},"tablet":{"background-color":"var(--ast-global-color-5)","background-image":"","background-repeat":"repeat","background-position":"center center","background-size":"auto","background-attachment":"scroll","background-type":"","background-media":"","overlay-type":"","overlay-color":"","overlay-opacity":"","overlay-gradient":""},"mobile":{"background-color":"var(--ast-global-color-5)","background-image":"","background-repeat":"repeat","background-position":"center center","background-size":"auto","background-attachment":"scroll","background-type":"","background-media":"","overlay-type":"","overlay-color":"","overlay-opacity":"","overlay-gradient":""}}},"product_brand":[],"product_cat":[24],"product_tag":[132,133,131,72,130],"class_list":{"0":"post-4960","1":"product","2":"type-product","3":"status-publish","4":"has-post-thumbnail","6":"product_cat-veebikoolitused","7":"product_tag-singiga-voileivatort","8":"product_tag-soolane-tort","9":"product_tag-tuunikalaga-voileivatort","10":"product_tag-veebikoolitus","11":"product_tag-voileivatort","12":"desktop-align-center","13":"tablet-align-left","14":"mobile-align-left","16":"first","17":"instock","18":"downloadable","19":"virtual","20":"sold-individually","21":"taxable","22":"purchasable","23":"product-type-course"},"yoast_head":"<!-- This site is optimized with the Yoast SEO plugin v27.4 - https:\/\/yoast.com\/product\/yoast-seo-wordpress\/ -->\n<title>Veebikoolitus &quot;V\u00f5ileivatort tuunikalaga&quot; - Miila koogid<\/title>\n<meta name=\"description\" content=\"Hinnad t\u00f5usevad, kuid s\u00fcnnip\u00e4eva tahaks t\u00e4histada ikka tordiga\u2013 muuda oma t\u00e4htp\u00e4ev eriliseks enda valmistatud v\u00f5ileivatordiga!\" \/>\n<meta name=\"robots\" content=\"index, follow, max-snippet:-1, max-image-preview:large, max-video-preview:-1\" \/>\n<link rel=\"canonical\" href=\"https:\/\/miilakoogid.ee\/en\/product\/veebikoolitus-voileivatort-tuunikalaga\/\" \/>\n<meta property=\"og:locale\" content=\"en_US\" \/>\n<meta property=\"og:type\" content=\"article\" \/>\n<meta property=\"og:title\" content=\"Veebikoolitus &quot;V\u00f5ileivatort tuunikalaga&quot; - Miila koogid\" \/>\n<meta property=\"og:description\" content=\"Hinnad t\u00f5usevad, kuid s\u00fcnnip\u00e4eva tahaks t\u00e4histada ikka tordiga\u2013 muuda oma t\u00e4htp\u00e4ev eriliseks enda valmistatud v\u00f5ileivatordiga!\" \/>\n<meta property=\"og:url\" content=\"https:\/\/miilakoogid.ee\/en\/product\/veebikoolitus-voileivatort-tuunikalaga\/\" \/>\n<meta property=\"og:site_name\" content=\"Miila koogid\" \/>\n<meta property=\"article:modified_time\" content=\"2026-02-21T17:36:11+00:00\" \/>\n<meta property=\"og:image\" content=\"https:\/\/miilakoogid.ee\/wp-content\/uploads\/2025\/01\/Tuunikalaga-voileivatort-4.png\" \/>\n\t<meta property=\"og:image:width\" content=\"1080\" \/>\n\t<meta property=\"og:image:height\" content=\"1080\" \/>\n\t<meta property=\"og:image:type\" content=\"image\/png\" \/>\n<meta name=\"twitter:card\" content=\"summary_large_image\" \/>\n<meta name=\"twitter:label1\" content=\"Est. reading time\" \/>\n\t<meta name=\"twitter:data1\" content=\"1 minute\" \/>\n<script type=\"application\/ld+json\" class=\"yoast-schema-graph\">{\"@context\":\"https:\\\/\\\/schema.org\",\"@graph\":[{\"@type\":\"WebPage\",\"@id\":\"https:\\\/\\\/miilakoogid.ee\\\/product\\\/veebikoolitus-voileivatort-tuunikalaga\\\/\",\"url\":\"https:\\\/\\\/miilakoogid.ee\\\/product\\\/veebikoolitus-voileivatort-tuunikalaga\\\/\",\"name\":\"Veebikoolitus \\\"V\u00f5ileivatort tuunikalaga\\\" - Miila koogid\",\"isPartOf\":{\"@id\":\"https:\\\/\\\/miilakoogid.ee\\\/#website\"},\"primaryImageOfPage\":{\"@id\":\"https:\\\/\\\/miilakoogid.ee\\\/product\\\/veebikoolitus-voileivatort-tuunikalaga\\\/#primaryimage\"},\"image\":{\"@id\":\"https:\\\/\\\/miilakoogid.ee\\\/product\\\/veebikoolitus-voileivatort-tuunikalaga\\\/#primaryimage\"},\"thumbnailUrl\":\"https:\\\/\\\/miilakoogid.ee\\\/wp-content\\\/uploads\\\/2025\\\/01\\\/Tuunikalaga-voileivatort-4.png\",\"datePublished\":\"2025-08-30T08:48:18+00:00\",\"dateModified\":\"2026-02-21T17:36:11+00:00\",\"description\":\"Hinnad t\u00f5usevad, kuid s\u00fcnnip\u00e4eva tahaks t\u00e4histada ikka tordiga\u2013 muuda oma t\u00e4htp\u00e4ev eriliseks enda valmistatud v\u00f5ileivatordiga!\",\"breadcrumb\":{\"@id\":\"https:\\\/\\\/miilakoogid.ee\\\/product\\\/veebikoolitus-voileivatort-tuunikalaga\\\/#breadcrumb\"},\"inLanguage\":\"en-US\",\"potentialAction\":[{\"@type\":\"ReadAction\",\"target\":[\"https:\\\/\\\/miilakoogid.ee\\\/product\\\/veebikoolitus-voileivatort-tuunikalaga\\\/\"]}]},{\"@type\":\"ImageObject\",\"inLanguage\":\"en-US\",\"@id\":\"https:\\\/\\\/miilakoogid.ee\\\/product\\\/veebikoolitus-voileivatort-tuunikalaga\\\/#primaryimage\",\"url\":\"https:\\\/\\\/miilakoogid.ee\\\/wp-content\\\/uploads\\\/2025\\\/01\\\/Tuunikalaga-voileivatort-4.png\",\"contentUrl\":\"https:\\\/\\\/miilakoogid.ee\\\/wp-content\\\/uploads\\\/2025\\\/01\\\/Tuunikalaga-voileivatort-4.png\",\"width\":1080,\"height\":1080},{\"@type\":\"BreadcrumbList\",\"@id\":\"https:\\\/\\\/miilakoogid.ee\\\/product\\\/veebikoolitus-voileivatort-tuunikalaga\\\/#breadcrumb\",\"itemListElement\":[{\"@type\":\"ListItem\",\"position\":1,\"name\":\"Esileht\",\"item\":\"https:\\\/\\\/miilakoogid.ee\\\/\"},{\"@type\":\"ListItem\",\"position\":2,\"name\":\"E-Pood\",\"item\":\"https:\\\/\\\/miilakoogid.ee\\\/e-pood\\\/\"},{\"@type\":\"ListItem\",\"position\":3,\"name\":\"Veebikoolitus &#8220;V\u00f5ileivatort tuunikalaga&#8221;\"}]},{\"@type\":\"WebSite\",\"@id\":\"https:\\\/\\\/miilakoogid.ee\\\/#website\",\"url\":\"https:\\\/\\\/miilakoogid.ee\\\/\",\"name\":\"Miila koogid\",\"description\":\"K\u00fcpsetamise veebikoolitused\",\"publisher\":{\"@id\":\"https:\\\/\\\/miilakoogid.ee\\\/#organization\"},\"potentialAction\":[{\"@type\":\"SearchAction\",\"target\":{\"@type\":\"EntryPoint\",\"urlTemplate\":\"https:\\\/\\\/miilakoogid.ee\\\/?s={search_term_string}\"},\"query-input\":{\"@type\":\"PropertyValueSpecification\",\"valueRequired\":true,\"valueName\":\"search_term_string\"}}],\"inLanguage\":\"en-US\"},{\"@type\":\"Organization\",\"@id\":\"https:\\\/\\\/miilakoogid.ee\\\/#organization\",\"name\":\"Miila koogid\",\"url\":\"https:\\\/\\\/miilakoogid.ee\\\/\",\"logo\":{\"@type\":\"ImageObject\",\"inLanguage\":\"en-US\",\"@id\":\"https:\\\/\\\/miilakoogid.ee\\\/#\\\/schema\\\/logo\\\/image\\\/\",\"url\":\"https:\\\/\\\/miilakoogid.ee\\\/wp-content\\\/uploads\\\/2024\\\/10\\\/Miila-koogid-1.svg\",\"contentUrl\":\"https:\\\/\\\/miilakoogid.ee\\\/wp-content\\\/uploads\\\/2024\\\/10\\\/Miila-koogid-1.svg\",\"width\":100,\"height\":100,\"caption\":\"Miila koogid\"},\"image\":{\"@id\":\"https:\\\/\\\/miilakoogid.ee\\\/#\\\/schema\\\/logo\\\/image\\\/\"}}]}<\/script>\n<!-- \/ Yoast SEO plugin. -->","yoast_head_json":{"title":"Veebikoolitus \"V\u00f5ileivatort tuunikalaga\" - Miila koogid","description":"Hinnad t\u00f5usevad, kuid s\u00fcnnip\u00e4eva tahaks t\u00e4histada ikka tordiga\u2013 muuda oma t\u00e4htp\u00e4ev eriliseks enda valmistatud v\u00f5ileivatordiga!","robots":{"index":"index","follow":"follow","max-snippet":"max-snippet:-1","max-image-preview":"max-image-preview:large","max-video-preview":"max-video-preview:-1"},"canonical":"https:\/\/miilakoogid.ee\/en\/product\/veebikoolitus-voileivatort-tuunikalaga\/","og_locale":"en_US","og_type":"article","og_title":"Veebikoolitus \"V\u00f5ileivatort tuunikalaga\" - Miila koogid","og_description":"Hinnad t\u00f5usevad, kuid s\u00fcnnip\u00e4eva tahaks t\u00e4histada ikka tordiga\u2013 muuda oma t\u00e4htp\u00e4ev eriliseks enda valmistatud v\u00f5ileivatordiga!","og_url":"https:\/\/miilakoogid.ee\/en\/product\/veebikoolitus-voileivatort-tuunikalaga\/","og_site_name":"Miila koogid","article_modified_time":"2026-02-21T17:36:11+00:00","og_image":[{"width":1080,"height":1080,"url":"https:\/\/miilakoogid.ee\/wp-content\/uploads\/2025\/01\/Tuunikalaga-voileivatort-4.png","type":"image\/png"}],"twitter_card":"summary_large_image","twitter_misc":{"Est. reading time":"1 minute"},"schema":{"@context":"https:\/\/schema.org","@graph":[{"@type":"WebPage","@id":"https:\/\/miilakoogid.ee\/product\/veebikoolitus-voileivatort-tuunikalaga\/","url":"https:\/\/miilakoogid.ee\/product\/veebikoolitus-voileivatort-tuunikalaga\/","name":"Veebikoolitus \"V\u00f5ileivatort tuunikalaga\" - Miila koogid","isPartOf":{"@id":"https:\/\/miilakoogid.ee\/#website"},"primaryImageOfPage":{"@id":"https:\/\/miilakoogid.ee\/product\/veebikoolitus-voileivatort-tuunikalaga\/#primaryimage"},"image":{"@id":"https:\/\/miilakoogid.ee\/product\/veebikoolitus-voileivatort-tuunikalaga\/#primaryimage"},"thumbnailUrl":"https:\/\/miilakoogid.ee\/wp-content\/uploads\/2025\/01\/Tuunikalaga-voileivatort-4.png","datePublished":"2025-08-30T08:48:18+00:00","dateModified":"2026-02-21T17:36:11+00:00","description":"Hinnad t\u00f5usevad, kuid s\u00fcnnip\u00e4eva tahaks t\u00e4histada ikka tordiga\u2013 muuda oma t\u00e4htp\u00e4ev eriliseks enda valmistatud v\u00f5ileivatordiga!","breadcrumb":{"@id":"https:\/\/miilakoogid.ee\/product\/veebikoolitus-voileivatort-tuunikalaga\/#breadcrumb"},"inLanguage":"en-US","potentialAction":[{"@type":"ReadAction","target":["https:\/\/miilakoogid.ee\/product\/veebikoolitus-voileivatort-tuunikalaga\/"]}]},{"@type":"ImageObject","inLanguage":"en-US","@id":"https:\/\/miilakoogid.ee\/product\/veebikoolitus-voileivatort-tuunikalaga\/#primaryimage","url":"https:\/\/miilakoogid.ee\/wp-content\/uploads\/2025\/01\/Tuunikalaga-voileivatort-4.png","contentUrl":"https:\/\/miilakoogid.ee\/wp-content\/uploads\/2025\/01\/Tuunikalaga-voileivatort-4.png","width":1080,"height":1080},{"@type":"BreadcrumbList","@id":"https:\/\/miilakoogid.ee\/product\/veebikoolitus-voileivatort-tuunikalaga\/#breadcrumb","itemListElement":[{"@type":"ListItem","position":1,"name":"Esileht","item":"https:\/\/miilakoogid.ee\/"},{"@type":"ListItem","position":2,"name":"E-Pood","item":"https:\/\/miilakoogid.ee\/e-pood\/"},{"@type":"ListItem","position":3,"name":"Veebikoolitus &#8220;V\u00f5ileivatort tuunikalaga&#8221;"}]},{"@type":"WebSite","@id":"https:\/\/miilakoogid.ee\/#website","url":"https:\/\/miilakoogid.ee\/","name":"Miila koogid","description":"K\u00fcpsetamise veebikoolitused","publisher":{"@id":"https:\/\/miilakoogid.ee\/#organization"},"potentialAction":[{"@type":"SearchAction","target":{"@type":"EntryPoint","urlTemplate":"https:\/\/miilakoogid.ee\/?s={search_term_string}"},"query-input":{"@type":"PropertyValueSpecification","valueRequired":true,"valueName":"search_term_string"}}],"inLanguage":"en-US"},{"@type":"Organization","@id":"https:\/\/miilakoogid.ee\/#organization","name":"Miila koogid","url":"https:\/\/miilakoogid.ee\/","logo":{"@type":"ImageObject","inLanguage":"en-US","@id":"https:\/\/miilakoogid.ee\/#\/schema\/logo\/image\/","url":"https:\/\/miilakoogid.ee\/wp-content\/uploads\/2024\/10\/Miila-koogid-1.svg","contentUrl":"https:\/\/miilakoogid.ee\/wp-content\/uploads\/2024\/10\/Miila-koogid-1.svg","width":100,"height":100,"caption":"Miila koogid"},"image":{"@id":"https:\/\/miilakoogid.ee\/#\/schema\/logo\/image\/"}}]}},"_links":{"self":[{"href":"https:\/\/miilakoogid.ee\/en\/wp-json\/wp\/v2\/product\/4960","targetHints":{"allow":["GET"]}}],"collection":[{"href":"https:\/\/miilakoogid.ee\/en\/wp-json\/wp\/v2\/product"}],"about":[{"href":"https:\/\/miilakoogid.ee\/en\/wp-json\/wp\/v2\/types\/product"}],"replies":[{"embeddable":true,"href":"https:\/\/miilakoogid.ee\/en\/wp-json\/wp\/v2\/comments?post=4960"}],"version-history":[{"count":3,"href":"https:\/\/miilakoogid.ee\/en\/wp-json\/wp\/v2\/product\/4960\/revisions"}],"predecessor-version":[{"id":9572,"href":"https:\/\/miilakoogid.ee\/en\/wp-json\/wp\/v2\/product\/4960\/revisions\/9572"}],"wp:featuredmedia":[{"embeddable":true,"href":"https:\/\/miilakoogid.ee\/en\/wp-json\/wp\/v2\/media\/4964"}],"wp:attachment":[{"href":"https:\/\/miilakoogid.ee\/en\/wp-json\/wp\/v2\/media?parent=4960"}],"wp:term":[{"taxonomy":"product_brand","embeddable":true,"href":"https:\/\/miilakoogid.ee\/en\/wp-json\/wp\/v2\/product_brand?post=4960"},{"taxonomy":"product_cat","embeddable":true,"href":"https:\/\/miilakoogid.ee\/en\/wp-json\/wp\/v2\/product_cat?post=4960"},{"taxonomy":"product_tag","embeddable":true,"href":"https:\/\/miilakoogid.ee\/en\/wp-json\/wp\/v2\/product_tag?post=4960"}],"curies":[{"name":"wp","href":"https:\/\/api.w.org\/{rel}","templated":true}]}}