{"id":4450,"date":"2024-10-29T10:48:32","date_gmt":"2024-10-29T10:48:32","guid":{"rendered":"https:\/\/miilakoogid.ee\/?post_type=product&#038;p=4450"},"modified":"2026-01-01T13:08:30","modified_gmt":"2026-01-01T11:08:30","slug":"parmitaignast-iirise-kringel","status":"publish","type":"product","link":"https:\/\/miilakoogid.ee\/en\/product\/parmitaignast-iirise-kringel\/","title":{"rendered":"P\u00e4rmitaignast iirise kringel"},"content":{"rendered":"<p><b>Materjalid sisaldavad retsepte ja juhiseid, et valmistada:<\/b><\/p>\n<ul>\n<li><span style=\"font-weight: 400;\">Kohevat p\u00e4rmitainast ja seda kergitada<\/span><\/li>\n<li><span style=\"font-size: 16px;\">Kaneeli- kakao t\u00e4idist<\/span><\/li>\n<li><span style=\"font-size: 16px;\">\u00dchtlaselt vormitud kringel ja seda kergitada<\/span><\/li>\n<li><span style=\"font-size: 16px;\">\u00d5ige temperatuuriga k\u00fcpsetatud kringlit<\/span><\/li>\n<li><span style=\"font-size: 16px;\">Iirisekate ja seda peale kanda<\/span><\/li>\n<li>Ja s\u00e4ilitada kringlit nii, et pehmus ja maitse s\u00e4iliks.<\/li>\n<\/ul>\n<p><em>Retseptidele ligip\u00e4\u00e4suks registreeri kasutajaks v\u00f5i logi sisse. Peale ostu sooritamist saab materjalid alla laadida &#8220;minu konto&#8221; alt.<\/em><\/p>\n<p>&nbsp;<\/p>\n<p>&nbsp;<\/p>","protected":false},"excerpt":{"rendered":"<p><strong><em>Miila koogid kuue aasta enim tellitud toode. \u00dclimalt pehme ja mahlane kringel.<br \/>\n<\/em><\/strong><strong><em>\u00d5igetel tingimustel s\u00e4ilitades p\u00fcsib kringel v\u00e4rskena ka j\u00e4rgmisel p\u00e4eval.<\/em><\/strong><\/p>\n<p>\u00d5hulise p\u00e4rmitaigna vahele on m\u00e4\u00e4ritud rikkalik kaneeli- kakao t\u00e4idis. Kringlile lisab mahlasust voolav iirisekate mis soojana peale m\u00e4\u00e4rides valgub iga kringli kihi vahele. Magusale iirisele on tasukaaluks r\u00f6stitud ja seej\u00e4rel soolatud maap\u00e4hklid, mis on t\u00fckeldatud v\u00e4iksemateks t\u00fckkideks.<\/p>\n<p><span style=\"font-weight: 400;\">Lisaks iirise kringli k\u00fcpsetamisele saad teada ideaalse p\u00e4rmitaigna nipid.<\/span><\/p>\n<p><em>Ps! Ainult retseptid sobivad edasij\u00f5udnutele. P\u00f5hjalikumaks \u00f5ppeks soovitan soetada veebikoolituse (sisaldab ka \u00f5ppevideo).<\/em><\/p>","protected":false},"featured_media":4431,"comment_status":"open","ping_status":"closed","template":"","meta":{"site-sidebar-layout":"default","site-content-layout":"","ast-site-content-layout":"default","site-content-style":"default","site-sidebar-style":"default","ast-global-header-display":"","ast-banner-title-visibility":"","ast-main-header-display":"","ast-hfb-above-header-display":"","ast-hfb-below-header-display":"","ast-hfb-mobile-header-display":"","site-post-title":"","ast-breadcrumbs-content":"","ast-featured-img":"","footer-sml-layout":"","ast-disable-related-posts":"","theme-transparent-header-meta":"default","adv-header-id-meta":"","stick-header-meta":"","header-above-stick-meta":"","header-main-stick-meta":"","header-below-stick-meta":"","astra-migrate-meta-layouts":"set","ast-page-background-enabled":"default","ast-page-background-meta":{"desktop":{"background-color":"","background-image":"","background-repeat":"repeat","background-position":"center center","background-size":"auto","background-attachment":"scroll","background-type":"","background-media":"","overlay-type":"","overlay-color":"","overlay-opacity":"","overlay-gradient":""},"tablet":{"background-color":"","background-image":"","background-repeat":"repeat","background-position":"center center","background-size":"auto","background-attachment":"scroll","background-type":"","background-media":"","overlay-type":"","overlay-color":"","overlay-opacity":"","overlay-gradient":""},"mobile":{"background-color":"","background-image":"","background-repeat":"repeat","background-position":"center center","background-size":"auto","background-attachment":"scroll","background-type":"","background-media":"","overlay-type":"","overlay-color":"","overlay-opacity":"","overlay-gradient":""}},"ast-content-background-meta":{"desktop":{"background-color":"var(--ast-global-color-5)","background-image":"","background-repeat":"repeat","background-position":"center center","background-size":"auto","background-attachment":"scroll","background-type":"","background-media":"","overlay-type":"","overlay-color":"","overlay-opacity":"","overlay-gradient":""},"tablet":{"background-color":"var(--ast-global-color-5)","background-image":"","background-repeat":"repeat","background-position":"center center","background-size":"auto","background-attachment":"scroll","background-type":"","background-media":"","overlay-type":"","overlay-color":"","overlay-opacity":"","overlay-gradient":""},"mobile":{"background-color":"var(--ast-global-color-5)","background-image":"","background-repeat":"repeat","background-position":"center center","background-size":"auto","background-attachment":"scroll","background-type":"","background-media":"","overlay-type":"","overlay-color":"","overlay-opacity":"","overlay-gradient":""}}},"product_brand":[],"product_cat":[37],"product_tag":[110,113,109,77,84],"class_list":{"0":"post-4450","1":"product","2":"type-product","3":"status-publish","4":"has-post-thumbnail","6":"product_cat-retseptid","7":"product_tag-iirise-kringel","8":"product_tag-kaneeli-kringel","9":"product_tag-kringel","10":"product_tag-parmitainas","11":"product_tag-retsept","12":"desktop-align-center","13":"tablet-align-left","14":"mobile-align-left","16":"first","17":"instock","18":"downloadable","19":"virtual","20":"sold-individually","21":"taxable","22":"purchasable","23":"product-type-simple"},"yoast_head":"<!-- This site is optimized with the Yoast SEO plugin v27.4 - https:\/\/yoast.com\/product\/yoast-seo-wordpress\/ -->\n<title>P\u00e4rmitaignast iirise kringel - Miila koogid<\/title>\n<meta name=\"description\" content=\"Minu hitt-toode- imeliselt pehme ja mahlane p\u00e4rmitaignast iirise kringel.\" \/>\n<meta name=\"robots\" content=\"index, follow, max-snippet:-1, max-image-preview:large, max-video-preview:-1\" \/>\n<link rel=\"canonical\" href=\"https:\/\/miilakoogid.ee\/en\/product\/parmitaignast-iirise-kringel\/\" \/>\n<meta property=\"og:locale\" content=\"en_US\" \/>\n<meta property=\"og:type\" content=\"article\" \/>\n<meta property=\"og:title\" content=\"P\u00e4rmitaignast iirise kringel - Miila koogid\" \/>\n<meta property=\"og:description\" content=\"Minu hitt-toode- imeliselt pehme ja mahlane p\u00e4rmitaignast iirise kringel.\" \/>\n<meta property=\"og:url\" content=\"https:\/\/miilakoogid.ee\/en\/product\/parmitaignast-iirise-kringel\/\" \/>\n<meta property=\"og:site_name\" content=\"Miila koogid\" \/>\n<meta property=\"article:modified_time\" content=\"2026-01-01T11:08:30+00:00\" \/>\n<meta property=\"og:image\" content=\"https:\/\/miilakoogid.ee\/wp-content\/uploads\/2024\/10\/iirise-kringel-3.png\" \/>\n\t<meta property=\"og:image:width\" content=\"1080\" \/>\n\t<meta property=\"og:image:height\" content=\"1080\" \/>\n\t<meta property=\"og:image:type\" content=\"image\/png\" \/>\n<meta name=\"twitter:card\" content=\"summary_large_image\" \/>\n<meta name=\"twitter:label1\" content=\"Est. reading time\" \/>\n\t<meta name=\"twitter:data1\" content=\"1 minute\" \/>\n<script type=\"application\/ld+json\" class=\"yoast-schema-graph\">{\"@context\":\"https:\\\/\\\/schema.org\",\"@graph\":[{\"@type\":\"WebPage\",\"@id\":\"https:\\\/\\\/miilakoogid.ee\\\/product\\\/parmitaignast-iirise-kringel\\\/\",\"url\":\"https:\\\/\\\/miilakoogid.ee\\\/product\\\/parmitaignast-iirise-kringel\\\/\",\"name\":\"P\u00e4rmitaignast iirise kringel - Miila koogid\",\"isPartOf\":{\"@id\":\"https:\\\/\\\/miilakoogid.ee\\\/#website\"},\"primaryImageOfPage\":{\"@id\":\"https:\\\/\\\/miilakoogid.ee\\\/product\\\/parmitaignast-iirise-kringel\\\/#primaryimage\"},\"image\":{\"@id\":\"https:\\\/\\\/miilakoogid.ee\\\/product\\\/parmitaignast-iirise-kringel\\\/#primaryimage\"},\"thumbnailUrl\":\"https:\\\/\\\/miilakoogid.ee\\\/wp-content\\\/uploads\\\/2024\\\/10\\\/iirise-kringel-3.png\",\"datePublished\":\"2024-10-29T10:48:32+00:00\",\"dateModified\":\"2026-01-01T11:08:30+00:00\",\"description\":\"Minu hitt-toode- imeliselt pehme ja mahlane p\u00e4rmitaignast iirise kringel.\",\"breadcrumb\":{\"@id\":\"https:\\\/\\\/miilakoogid.ee\\\/product\\\/parmitaignast-iirise-kringel\\\/#breadcrumb\"},\"inLanguage\":\"en-US\",\"potentialAction\":[{\"@type\":\"ReadAction\",\"target\":[\"https:\\\/\\\/miilakoogid.ee\\\/product\\\/parmitaignast-iirise-kringel\\\/\"]}]},{\"@type\":\"ImageObject\",\"inLanguage\":\"en-US\",\"@id\":\"https:\\\/\\\/miilakoogid.ee\\\/product\\\/parmitaignast-iirise-kringel\\\/#primaryimage\",\"url\":\"https:\\\/\\\/miilakoogid.ee\\\/wp-content\\\/uploads\\\/2024\\\/10\\\/iirise-kringel-3.png\",\"contentUrl\":\"https:\\\/\\\/miilakoogid.ee\\\/wp-content\\\/uploads\\\/2024\\\/10\\\/iirise-kringel-3.png\",\"width\":1080,\"height\":1080},{\"@type\":\"BreadcrumbList\",\"@id\":\"https:\\\/\\\/miilakoogid.ee\\\/product\\\/parmitaignast-iirise-kringel\\\/#breadcrumb\",\"itemListElement\":[{\"@type\":\"ListItem\",\"position\":1,\"name\":\"Esileht\",\"item\":\"https:\\\/\\\/miilakoogid.ee\\\/\"},{\"@type\":\"ListItem\",\"position\":2,\"name\":\"E-Pood\",\"item\":\"https:\\\/\\\/miilakoogid.ee\\\/e-pood\\\/\"},{\"@type\":\"ListItem\",\"position\":3,\"name\":\"P\u00e4rmitaignast iirise kringel\"}]},{\"@type\":\"WebSite\",\"@id\":\"https:\\\/\\\/miilakoogid.ee\\\/#website\",\"url\":\"https:\\\/\\\/miilakoogid.ee\\\/\",\"name\":\"Miila koogid\",\"description\":\"K\u00fcpsetamise veebikoolitused\",\"publisher\":{\"@id\":\"https:\\\/\\\/miilakoogid.ee\\\/#organization\"},\"potentialAction\":[{\"@type\":\"SearchAction\",\"target\":{\"@type\":\"EntryPoint\",\"urlTemplate\":\"https:\\\/\\\/miilakoogid.ee\\\/?s={search_term_string}\"},\"query-input\":{\"@type\":\"PropertyValueSpecification\",\"valueRequired\":true,\"valueName\":\"search_term_string\"}}],\"inLanguage\":\"en-US\"},{\"@type\":\"Organization\",\"@id\":\"https:\\\/\\\/miilakoogid.ee\\\/#organization\",\"name\":\"Miila koogid\",\"url\":\"https:\\\/\\\/miilakoogid.ee\\\/\",\"logo\":{\"@type\":\"ImageObject\",\"inLanguage\":\"en-US\",\"@id\":\"https:\\\/\\\/miilakoogid.ee\\\/#\\\/schema\\\/logo\\\/image\\\/\",\"url\":\"https:\\\/\\\/miilakoogid.ee\\\/wp-content\\\/uploads\\\/2024\\\/10\\\/Miila-koogid-1.svg\",\"contentUrl\":\"https:\\\/\\\/miilakoogid.ee\\\/wp-content\\\/uploads\\\/2024\\\/10\\\/Miila-koogid-1.svg\",\"width\":100,\"height\":100,\"caption\":\"Miila koogid\"},\"image\":{\"@id\":\"https:\\\/\\\/miilakoogid.ee\\\/#\\\/schema\\\/logo\\\/image\\\/\"}}]}<\/script>\n<!-- \/ Yoast SEO plugin. -->","yoast_head_json":{"title":"P\u00e4rmitaignast iirise kringel - Miila koogid","description":"Minu hitt-toode- imeliselt pehme ja mahlane p\u00e4rmitaignast iirise kringel.","robots":{"index":"index","follow":"follow","max-snippet":"max-snippet:-1","max-image-preview":"max-image-preview:large","max-video-preview":"max-video-preview:-1"},"canonical":"https:\/\/miilakoogid.ee\/en\/product\/parmitaignast-iirise-kringel\/","og_locale":"en_US","og_type":"article","og_title":"P\u00e4rmitaignast iirise kringel - Miila koogid","og_description":"Minu hitt-toode- imeliselt pehme ja mahlane p\u00e4rmitaignast iirise kringel.","og_url":"https:\/\/miilakoogid.ee\/en\/product\/parmitaignast-iirise-kringel\/","og_site_name":"Miila koogid","article_modified_time":"2026-01-01T11:08:30+00:00","og_image":[{"width":1080,"height":1080,"url":"https:\/\/miilakoogid.ee\/wp-content\/uploads\/2024\/10\/iirise-kringel-3.png","type":"image\/png"}],"twitter_card":"summary_large_image","twitter_misc":{"Est. reading time":"1 minute"},"schema":{"@context":"https:\/\/schema.org","@graph":[{"@type":"WebPage","@id":"https:\/\/miilakoogid.ee\/product\/parmitaignast-iirise-kringel\/","url":"https:\/\/miilakoogid.ee\/product\/parmitaignast-iirise-kringel\/","name":"P\u00e4rmitaignast iirise kringel - Miila koogid","isPartOf":{"@id":"https:\/\/miilakoogid.ee\/#website"},"primaryImageOfPage":{"@id":"https:\/\/miilakoogid.ee\/product\/parmitaignast-iirise-kringel\/#primaryimage"},"image":{"@id":"https:\/\/miilakoogid.ee\/product\/parmitaignast-iirise-kringel\/#primaryimage"},"thumbnailUrl":"https:\/\/miilakoogid.ee\/wp-content\/uploads\/2024\/10\/iirise-kringel-3.png","datePublished":"2024-10-29T10:48:32+00:00","dateModified":"2026-01-01T11:08:30+00:00","description":"Minu hitt-toode- imeliselt pehme ja mahlane p\u00e4rmitaignast iirise kringel.","breadcrumb":{"@id":"https:\/\/miilakoogid.ee\/product\/parmitaignast-iirise-kringel\/#breadcrumb"},"inLanguage":"en-US","potentialAction":[{"@type":"ReadAction","target":["https:\/\/miilakoogid.ee\/product\/parmitaignast-iirise-kringel\/"]}]},{"@type":"ImageObject","inLanguage":"en-US","@id":"https:\/\/miilakoogid.ee\/product\/parmitaignast-iirise-kringel\/#primaryimage","url":"https:\/\/miilakoogid.ee\/wp-content\/uploads\/2024\/10\/iirise-kringel-3.png","contentUrl":"https:\/\/miilakoogid.ee\/wp-content\/uploads\/2024\/10\/iirise-kringel-3.png","width":1080,"height":1080},{"@type":"BreadcrumbList","@id":"https:\/\/miilakoogid.ee\/product\/parmitaignast-iirise-kringel\/#breadcrumb","itemListElement":[{"@type":"ListItem","position":1,"name":"Esileht","item":"https:\/\/miilakoogid.ee\/"},{"@type":"ListItem","position":2,"name":"E-Pood","item":"https:\/\/miilakoogid.ee\/e-pood\/"},{"@type":"ListItem","position":3,"name":"P\u00e4rmitaignast iirise kringel"}]},{"@type":"WebSite","@id":"https:\/\/miilakoogid.ee\/#website","url":"https:\/\/miilakoogid.ee\/","name":"Miila koogid","description":"K\u00fcpsetamise veebikoolitused","publisher":{"@id":"https:\/\/miilakoogid.ee\/#organization"},"potentialAction":[{"@type":"SearchAction","target":{"@type":"EntryPoint","urlTemplate":"https:\/\/miilakoogid.ee\/?s={search_term_string}"},"query-input":{"@type":"PropertyValueSpecification","valueRequired":true,"valueName":"search_term_string"}}],"inLanguage":"en-US"},{"@type":"Organization","@id":"https:\/\/miilakoogid.ee\/#organization","name":"Miila koogid","url":"https:\/\/miilakoogid.ee\/","logo":{"@type":"ImageObject","inLanguage":"en-US","@id":"https:\/\/miilakoogid.ee\/#\/schema\/logo\/image\/","url":"https:\/\/miilakoogid.ee\/wp-content\/uploads\/2024\/10\/Miila-koogid-1.svg","contentUrl":"https:\/\/miilakoogid.ee\/wp-content\/uploads\/2024\/10\/Miila-koogid-1.svg","width":100,"height":100,"caption":"Miila koogid"},"image":{"@id":"https:\/\/miilakoogid.ee\/#\/schema\/logo\/image\/"}}]}},"_links":{"self":[{"href":"https:\/\/miilakoogid.ee\/en\/wp-json\/wp\/v2\/product\/4450","targetHints":{"allow":["GET"]}}],"collection":[{"href":"https:\/\/miilakoogid.ee\/en\/wp-json\/wp\/v2\/product"}],"about":[{"href":"https:\/\/miilakoogid.ee\/en\/wp-json\/wp\/v2\/types\/product"}],"replies":[{"embeddable":true,"href":"https:\/\/miilakoogid.ee\/en\/wp-json\/wp\/v2\/comments?post=4450"}],"version-history":[{"count":1,"href":"https:\/\/miilakoogid.ee\/en\/wp-json\/wp\/v2\/product\/4450\/revisions"}],"predecessor-version":[{"id":5147,"href":"https:\/\/miilakoogid.ee\/en\/wp-json\/wp\/v2\/product\/4450\/revisions\/5147"}],"wp:featuredmedia":[{"embeddable":true,"href":"https:\/\/miilakoogid.ee\/en\/wp-json\/wp\/v2\/media\/4431"}],"wp:attachment":[{"href":"https:\/\/miilakoogid.ee\/en\/wp-json\/wp\/v2\/media?parent=4450"}],"wp:term":[{"taxonomy":"product_brand","embeddable":true,"href":"https:\/\/miilakoogid.ee\/en\/wp-json\/wp\/v2\/product_brand?post=4450"},{"taxonomy":"product_cat","embeddable":true,"href":"https:\/\/miilakoogid.ee\/en\/wp-json\/wp\/v2\/product_cat?post=4450"},{"taxonomy":"product_tag","embeddable":true,"href":"https:\/\/miilakoogid.ee\/en\/wp-json\/wp\/v2\/product_tag?post=4450"}],"curies":[{"name":"wp","href":"https:\/\/api.w.org\/{rel}","templated":true}]}}