{"id":4147,"date":"2025-08-27T03:43:36","date_gmt":"2025-08-27T03:43:36","guid":{"rendered":"https:\/\/miilakoogid.ee\/?post_type=product&#038;p=4147"},"modified":"2026-03-13T19:13:01","modified_gmt":"2026-03-13T17:13:01","slug":"veebikoolitus-pulgakoogid","status":"publish","type":"product","link":"https:\/\/miilakoogid.ee\/en\/product\/veebikoolitus-pulgakoogid\/","title":{"rendered":"Online course \"Cake pops\""},"content":{"rendered":"<p><strong>Topics covered in the training:<\/strong><\/p>\n<ul>\n<li><em><span style=\"font-weight: 400;\">Kirsimoosi valmistamine<\/span><\/em><\/li>\n<li><em><span style=\"font-weight: 400;\">Brownie k\u00fcpsetamine<\/span><\/em><\/li>\n<li><em><span style=\"font-weight: 400;\">Toorjuustukreemi valmistamine ja j\u00e4\u00e4tise kujuliste kookide kokkupanek<\/span><\/em><\/li>\n<li><em><span style=\"font-weight: 400;\">Sidrunibiskviidi k\u00fcpsetamine<\/span><\/em><\/li>\n<li><em><span style=\"font-weight: 400;\">Passioniv\u00f5ide valmistamine<\/span><\/em><\/li>\n<li><em><span style=\"font-weight: 400;\">Sidruni-passioni pulgakookide taigna valmistamine ja kookide vormimine<\/span><\/em><\/li>\n<li><em><span style=\"font-weight: 400;\">K\u00fcpsise pulgakookide taigna valmistamine ja kookide vormimine<\/span><\/em><\/li>\n<li><em><span style=\"font-weight: 400;\">\u00dcmmarguste brownie kookide taigna valmistamine ja kookide vormimine<\/span><\/em><\/li>\n<li><em><span style=\"font-weight: 400;\">\u0160okolaadiglasuuri valimine ja kasutamine<\/span><\/em><\/li>\n<li><em><span style=\"font-weight: 400;\">Kookide katmine ja kaunistamine<\/span><\/em><span style=\"font-weight: 400;\"><br \/>\n<\/span><span style=\"font-weight: 400;\"><br \/>\n<\/span><strong>The training includes:<\/strong><\/li>\n<li><em><span style=\"font-weight: 400;\">Pulgakookide \u00f5ppevideo 1h 29 minutit. (ajalist ligip\u00e4\u00e4su piirangut koolitusele ei ole)<\/span><\/em><\/li>\n<li><em><span style=\"font-weight: 400;\">Allalaetavat faili retseptide ja valmistamis\u00f5petusega. (15tk A4)<\/span><\/em><\/li>\n<\/ul>","protected":false},"excerpt":{"rendered":"<p><em>Kas siiani on glasuurimine sulle parajat peavalu tekitanud, v\u00f5i pole veel julgust, et alustada? Siis see koolitus on just Sinu jaoks.<br \/>\nLisaks erinevatele retseptidele, saad teada kuidas valmistada \u00f5ige konsistentsiga koogitainast ja \u00fchtlast glasuuri, mis ei pragune.<\/em><\/p>\n<p><em><strong>Veebikoolitusel valmivad j\u00e4\u00e4tise kujulised pulgakoogid, millel sisuks:<\/strong><\/em><\/p>\n<ul>\n<li><span style=\"font-weight: 400;\">M\u00f5nusalt tummine brownie, hapukas kirsimoos ja \u00f5huline toorjuustukreem.<\/span><\/li>\n<\/ul>\n<p><strong style=\"font-size: 16px;\"><em>\u00dcmmargustest kookidest valmivad:<\/em><\/strong><\/p>\n<ul>\n<li><span style=\"font-weight: 400;\">Kookosk\u00fcpsistest koogid<\/span><\/li>\n<li><span style=\"font-weight: 400;\">Sidrunibiskviidi ja passioniv\u00f5idega koogid<\/span><\/li>\n<li><span style=\"font-weight: 400;\">Brownie pulgakoogid<\/span><\/li>\n<\/ul>\n<p>Olles soetanud veebikoolituse, saad liituda <a href=\"https:\/\/www.facebook.com\/groups\/1345815353548352\">Miila Koogiklubiga<\/a>&#8211; s\u00f5bralik Facebooki grupp, kus jagame ideid, nippe ja retseptide edasiarendusi. Seal saad k\u00fcsida k\u00fcsimusi, jagada oma \u00f5nnestumisi ja leida toetust teistelt k\u00fcpsetajatelt.<\/p>","protected":false},"featured_media":4150,"comment_status":"open","ping_status":"closed","template":"","meta":{"site-sidebar-layout":"default","site-content-layout":"","ast-site-content-layout":"default","site-content-style":"default","site-sidebar-style":"default","ast-global-header-display":"","ast-banner-title-visibility":"","ast-main-header-display":"","ast-hfb-above-header-display":"","ast-hfb-below-header-display":"","ast-hfb-mobile-header-display":"","site-post-title":"","ast-breadcrumbs-content":"","ast-featured-img":"","footer-sml-layout":"","ast-disable-related-posts":"","theme-transparent-header-meta":"default","adv-header-id-meta":"","stick-header-meta":"","header-above-stick-meta":"","header-main-stick-meta":"","header-below-stick-meta":"","astra-migrate-meta-layouts":"set","ast-page-background-enabled":"default","ast-page-background-meta":{"desktop":{"background-color":"","background-image":"","background-repeat":"repeat","background-position":"center center","background-size":"auto","background-attachment":"scroll","background-type":"","background-media":"","overlay-type":"","overlay-color":"","overlay-opacity":"","overlay-gradient":""},"tablet":{"background-color":"","background-image":"","background-repeat":"repeat","background-position":"center center","background-size":"auto","background-attachment":"scroll","background-type":"","background-media":"","overlay-type":"","overlay-color":"","overlay-opacity":"","overlay-gradient":""},"mobile":{"background-color":"","background-image":"","background-repeat":"repeat","background-position":"center center","background-size":"auto","background-attachment":"scroll","background-type":"","background-media":"","overlay-type":"","overlay-color":"","overlay-opacity":"","overlay-gradient":""}},"ast-content-background-meta":{"desktop":{"background-color":"var(--ast-global-color-5)","background-image":"","background-repeat":"repeat","background-position":"center center","background-size":"auto","background-attachment":"scroll","background-type":"","background-media":"","overlay-type":"","overlay-color":"","overlay-opacity":"","overlay-gradient":""},"tablet":{"background-color":"var(--ast-global-color-5)","background-image":"","background-repeat":"repeat","background-position":"center center","background-size":"auto","background-attachment":"scroll","background-type":"","background-media":"","overlay-type":"","overlay-color":"","overlay-opacity":"","overlay-gradient":""},"mobile":{"background-color":"var(--ast-global-color-5)","background-image":"","background-repeat":"repeat","background-position":"center center","background-size":"auto","background-attachment":"scroll","background-type":"","background-media":"","overlay-type":"","overlay-color":"","overlay-opacity":"","overlay-gradient":""}}},"product_brand":[],"product_cat":[24],"product_tag":[94,84,72],"class_list":{"0":"post-4147","1":"product","2":"type-product","3":"status-publish","4":"has-post-thumbnail","6":"product_cat-veebikoolitused","7":"product_tag-pulgakoogid","8":"product_tag-retsept","9":"product_tag-veebikoolitus","10":"desktop-align-center","11":"tablet-align-left","12":"mobile-align-left","14":"first","15":"instock","16":"downloadable","17":"virtual","18":"sold-individually","19":"taxable","20":"purchasable","21":"product-type-course"},"yoast_head":"<!-- This site is optimized with the Yoast SEO plugin v27.4 - https:\/\/yoast.com\/product\/yoast-seo-wordpress\/ -->\n<title>Veebikoolitus &quot;Pulgakoogid&quot; - Miila koogid<\/title>\n<meta name=\"description\" content=\"Efektsed ja igal \u00fcritusel \u00fcllatust pakkuvad h\u00f5rgud pulgakoogid.\" \/>\n<meta name=\"robots\" content=\"index, follow, max-snippet:-1, max-image-preview:large, max-video-preview:-1\" \/>\n<link rel=\"canonical\" href=\"https:\/\/miilakoogid.ee\/en\/product\/veebikoolitus-pulgakoogid\/\" \/>\n<meta property=\"og:locale\" content=\"en_US\" \/>\n<meta property=\"og:type\" content=\"article\" \/>\n<meta property=\"og:title\" content=\"Veebikoolitus &quot;Pulgakoogid&quot; - Miila koogid\" \/>\n<meta property=\"og:description\" content=\"Efektsed ja igal \u00fcritusel \u00fcllatust pakkuvad h\u00f5rgud pulgakoogid.\" \/>\n<meta property=\"og:url\" content=\"https:\/\/miilakoogid.ee\/en\/product\/veebikoolitus-pulgakoogid\/\" \/>\n<meta property=\"og:site_name\" content=\"Miila koogid\" \/>\n<meta property=\"article:modified_time\" content=\"2026-03-13T17:13:01+00:00\" \/>\n<meta property=\"og:image\" content=\"https:\/\/miilakoogid.ee\/wp-content\/uploads\/2024\/09\/Pulgakoogid-4.png\" \/>\n\t<meta property=\"og:image:width\" content=\"1080\" \/>\n\t<meta property=\"og:image:height\" content=\"1080\" \/>\n\t<meta property=\"og:image:type\" content=\"image\/png\" \/>\n<meta name=\"twitter:card\" content=\"summary_large_image\" \/>\n<meta name=\"twitter:label1\" content=\"Est. reading time\" \/>\n\t<meta name=\"twitter:data1\" content=\"1 minute\" \/>\n<script type=\"application\/ld+json\" class=\"yoast-schema-graph\">{\"@context\":\"https:\\\/\\\/schema.org\",\"@graph\":[{\"@type\":\"WebPage\",\"@id\":\"https:\\\/\\\/miilakoogid.ee\\\/product\\\/veebikoolitus-pulgakoogid\\\/\",\"url\":\"https:\\\/\\\/miilakoogid.ee\\\/product\\\/veebikoolitus-pulgakoogid\\\/\",\"name\":\"Veebikoolitus \\\"Pulgakoogid\\\" - Miila koogid\",\"isPartOf\":{\"@id\":\"https:\\\/\\\/miilakoogid.ee\\\/#website\"},\"primaryImageOfPage\":{\"@id\":\"https:\\\/\\\/miilakoogid.ee\\\/product\\\/veebikoolitus-pulgakoogid\\\/#primaryimage\"},\"image\":{\"@id\":\"https:\\\/\\\/miilakoogid.ee\\\/product\\\/veebikoolitus-pulgakoogid\\\/#primaryimage\"},\"thumbnailUrl\":\"https:\\\/\\\/miilakoogid.ee\\\/wp-content\\\/uploads\\\/2024\\\/09\\\/Pulgakoogid-4.png\",\"datePublished\":\"2025-08-27T03:43:36+00:00\",\"dateModified\":\"2026-03-13T17:13:01+00:00\",\"description\":\"Efektsed ja igal \u00fcritusel \u00fcllatust pakkuvad h\u00f5rgud pulgakoogid.\",\"breadcrumb\":{\"@id\":\"https:\\\/\\\/miilakoogid.ee\\\/product\\\/veebikoolitus-pulgakoogid\\\/#breadcrumb\"},\"inLanguage\":\"en-US\",\"potentialAction\":[{\"@type\":\"ReadAction\",\"target\":[\"https:\\\/\\\/miilakoogid.ee\\\/product\\\/veebikoolitus-pulgakoogid\\\/\"]}]},{\"@type\":\"ImageObject\",\"inLanguage\":\"en-US\",\"@id\":\"https:\\\/\\\/miilakoogid.ee\\\/product\\\/veebikoolitus-pulgakoogid\\\/#primaryimage\",\"url\":\"https:\\\/\\\/miilakoogid.ee\\\/wp-content\\\/uploads\\\/2024\\\/09\\\/Pulgakoogid-4.png\",\"contentUrl\":\"https:\\\/\\\/miilakoogid.ee\\\/wp-content\\\/uploads\\\/2024\\\/09\\\/Pulgakoogid-4.png\",\"width\":1080,\"height\":1080},{\"@type\":\"BreadcrumbList\",\"@id\":\"https:\\\/\\\/miilakoogid.ee\\\/product\\\/veebikoolitus-pulgakoogid\\\/#breadcrumb\",\"itemListElement\":[{\"@type\":\"ListItem\",\"position\":1,\"name\":\"Esileht\",\"item\":\"https:\\\/\\\/miilakoogid.ee\\\/\"},{\"@type\":\"ListItem\",\"position\":2,\"name\":\"E-Pood\",\"item\":\"https:\\\/\\\/miilakoogid.ee\\\/e-pood\\\/\"},{\"@type\":\"ListItem\",\"position\":3,\"name\":\"Veebikoolitus &#8220;Pulgakoogid&#8221;\"}]},{\"@type\":\"WebSite\",\"@id\":\"https:\\\/\\\/miilakoogid.ee\\\/#website\",\"url\":\"https:\\\/\\\/miilakoogid.ee\\\/\",\"name\":\"Miila koogid\",\"description\":\"K\u00fcpsetamise veebikoolitused\",\"publisher\":{\"@id\":\"https:\\\/\\\/miilakoogid.ee\\\/#organization\"},\"potentialAction\":[{\"@type\":\"SearchAction\",\"target\":{\"@type\":\"EntryPoint\",\"urlTemplate\":\"https:\\\/\\\/miilakoogid.ee\\\/?s={search_term_string}\"},\"query-input\":{\"@type\":\"PropertyValueSpecification\",\"valueRequired\":true,\"valueName\":\"search_term_string\"}}],\"inLanguage\":\"en-US\"},{\"@type\":\"Organization\",\"@id\":\"https:\\\/\\\/miilakoogid.ee\\\/#organization\",\"name\":\"Miila koogid\",\"url\":\"https:\\\/\\\/miilakoogid.ee\\\/\",\"logo\":{\"@type\":\"ImageObject\",\"inLanguage\":\"en-US\",\"@id\":\"https:\\\/\\\/miilakoogid.ee\\\/#\\\/schema\\\/logo\\\/image\\\/\",\"url\":\"https:\\\/\\\/miilakoogid.ee\\\/wp-content\\\/uploads\\\/2024\\\/10\\\/Miila-koogid-1.svg\",\"contentUrl\":\"https:\\\/\\\/miilakoogid.ee\\\/wp-content\\\/uploads\\\/2024\\\/10\\\/Miila-koogid-1.svg\",\"width\":100,\"height\":100,\"caption\":\"Miila koogid\"},\"image\":{\"@id\":\"https:\\\/\\\/miilakoogid.ee\\\/#\\\/schema\\\/logo\\\/image\\\/\"}}]}<\/script>\n<!-- \/ Yoast SEO plugin. -->","yoast_head_json":{"title":"Veebikoolitus \"Pulgakoogid\" - Miila koogid","description":"Efektsed ja igal \u00fcritusel \u00fcllatust pakkuvad h\u00f5rgud pulgakoogid.","robots":{"index":"index","follow":"follow","max-snippet":"max-snippet:-1","max-image-preview":"max-image-preview:large","max-video-preview":"max-video-preview:-1"},"canonical":"https:\/\/miilakoogid.ee\/en\/product\/veebikoolitus-pulgakoogid\/","og_locale":"en_US","og_type":"article","og_title":"Veebikoolitus \"Pulgakoogid\" - Miila koogid","og_description":"Efektsed ja igal \u00fcritusel \u00fcllatust pakkuvad h\u00f5rgud pulgakoogid.","og_url":"https:\/\/miilakoogid.ee\/en\/product\/veebikoolitus-pulgakoogid\/","og_site_name":"Miila koogid","article_modified_time":"2026-03-13T17:13:01+00:00","og_image":[{"width":1080,"height":1080,"url":"https:\/\/miilakoogid.ee\/wp-content\/uploads\/2024\/09\/Pulgakoogid-4.png","type":"image\/png"}],"twitter_card":"summary_large_image","twitter_misc":{"Est. reading time":"1 minute"},"schema":{"@context":"https:\/\/schema.org","@graph":[{"@type":"WebPage","@id":"https:\/\/miilakoogid.ee\/product\/veebikoolitus-pulgakoogid\/","url":"https:\/\/miilakoogid.ee\/product\/veebikoolitus-pulgakoogid\/","name":"Veebikoolitus \"Pulgakoogid\" - Miila koogid","isPartOf":{"@id":"https:\/\/miilakoogid.ee\/#website"},"primaryImageOfPage":{"@id":"https:\/\/miilakoogid.ee\/product\/veebikoolitus-pulgakoogid\/#primaryimage"},"image":{"@id":"https:\/\/miilakoogid.ee\/product\/veebikoolitus-pulgakoogid\/#primaryimage"},"thumbnailUrl":"https:\/\/miilakoogid.ee\/wp-content\/uploads\/2024\/09\/Pulgakoogid-4.png","datePublished":"2025-08-27T03:43:36+00:00","dateModified":"2026-03-13T17:13:01+00:00","description":"Efektsed ja igal \u00fcritusel \u00fcllatust pakkuvad h\u00f5rgud pulgakoogid.","breadcrumb":{"@id":"https:\/\/miilakoogid.ee\/product\/veebikoolitus-pulgakoogid\/#breadcrumb"},"inLanguage":"en-US","potentialAction":[{"@type":"ReadAction","target":["https:\/\/miilakoogid.ee\/product\/veebikoolitus-pulgakoogid\/"]}]},{"@type":"ImageObject","inLanguage":"en-US","@id":"https:\/\/miilakoogid.ee\/product\/veebikoolitus-pulgakoogid\/#primaryimage","url":"https:\/\/miilakoogid.ee\/wp-content\/uploads\/2024\/09\/Pulgakoogid-4.png","contentUrl":"https:\/\/miilakoogid.ee\/wp-content\/uploads\/2024\/09\/Pulgakoogid-4.png","width":1080,"height":1080},{"@type":"BreadcrumbList","@id":"https:\/\/miilakoogid.ee\/product\/veebikoolitus-pulgakoogid\/#breadcrumb","itemListElement":[{"@type":"ListItem","position":1,"name":"Esileht","item":"https:\/\/miilakoogid.ee\/"},{"@type":"ListItem","position":2,"name":"E-Pood","item":"https:\/\/miilakoogid.ee\/e-pood\/"},{"@type":"ListItem","position":3,"name":"Veebikoolitus &#8220;Pulgakoogid&#8221;"}]},{"@type":"WebSite","@id":"https:\/\/miilakoogid.ee\/#website","url":"https:\/\/miilakoogid.ee\/","name":"Miila koogid","description":"K\u00fcpsetamise veebikoolitused","publisher":{"@id":"https:\/\/miilakoogid.ee\/#organization"},"potentialAction":[{"@type":"SearchAction","target":{"@type":"EntryPoint","urlTemplate":"https:\/\/miilakoogid.ee\/?s={search_term_string}"},"query-input":{"@type":"PropertyValueSpecification","valueRequired":true,"valueName":"search_term_string"}}],"inLanguage":"en-US"},{"@type":"Organization","@id":"https:\/\/miilakoogid.ee\/#organization","name":"Miila koogid","url":"https:\/\/miilakoogid.ee\/","logo":{"@type":"ImageObject","inLanguage":"en-US","@id":"https:\/\/miilakoogid.ee\/#\/schema\/logo\/image\/","url":"https:\/\/miilakoogid.ee\/wp-content\/uploads\/2024\/10\/Miila-koogid-1.svg","contentUrl":"https:\/\/miilakoogid.ee\/wp-content\/uploads\/2024\/10\/Miila-koogid-1.svg","width":100,"height":100,"caption":"Miila koogid"},"image":{"@id":"https:\/\/miilakoogid.ee\/#\/schema\/logo\/image\/"}}]}},"_links":{"self":[{"href":"https:\/\/miilakoogid.ee\/en\/wp-json\/wp\/v2\/product\/4147","targetHints":{"allow":["GET"]}}],"collection":[{"href":"https:\/\/miilakoogid.ee\/en\/wp-json\/wp\/v2\/product"}],"about":[{"href":"https:\/\/miilakoogid.ee\/en\/wp-json\/wp\/v2\/types\/product"}],"replies":[{"embeddable":true,"href":"https:\/\/miilakoogid.ee\/en\/wp-json\/wp\/v2\/comments?post=4147"}],"version-history":[{"count":2,"href":"https:\/\/miilakoogid.ee\/en\/wp-json\/wp\/v2\/product\/4147\/revisions"}],"predecessor-version":[{"id":9575,"href":"https:\/\/miilakoogid.ee\/en\/wp-json\/wp\/v2\/product\/4147\/revisions\/9575"}],"wp:featuredmedia":[{"embeddable":true,"href":"https:\/\/miilakoogid.ee\/en\/wp-json\/wp\/v2\/media\/4150"}],"wp:attachment":[{"href":"https:\/\/miilakoogid.ee\/en\/wp-json\/wp\/v2\/media?parent=4147"}],"wp:term":[{"taxonomy":"product_brand","embeddable":true,"href":"https:\/\/miilakoogid.ee\/en\/wp-json\/wp\/v2\/product_brand?post=4147"},{"taxonomy":"product_cat","embeddable":true,"href":"https:\/\/miilakoogid.ee\/en\/wp-json\/wp\/v2\/product_cat?post=4147"},{"taxonomy":"product_tag","embeddable":true,"href":"https:\/\/miilakoogid.ee\/en\/wp-json\/wp\/v2\/product_tag?post=4147"}],"curies":[{"name":"wp","href":"https:\/\/api.w.org\/{rel}","templated":true}]}}