{"id":3686,"date":"2025-05-25T16:24:49","date_gmt":"2025-05-25T16:24:49","guid":{"rendered":"https:\/\/miilakoogid.ee\/?post_type=product&#038;p=3686"},"modified":"2025-11-15T17:22:29","modified_gmt":"2025-11-15T15:22:29","slug":"veebikoolitus-kupsisetort","status":"publish","type":"product","link":"https:\/\/miilakoogid.ee\/en\/product\/veebikoolitus-kupsisetort\/","title":{"rendered":"Online course \"Cookie cake\""},"content":{"rendered":"<p><b>Koolitusel k\u00e4sitletavad teemad<\/b><span style=\"font-weight: 400;\">:<\/span><\/p>\n<ul>\n<li style=\"font-weight: 400;\" aria-level=\"1\"><span style=\"font-weight: 400;\">Kreemide valmistamine<\/span><\/li>\n<li aria-level=\"1\">Korrektne tordi kokkupanek<\/li>\n<li aria-level=\"1\">Tordi katmine kreemiga<\/li>\n<li aria-level=\"1\">Kreemi toonimine<\/li>\n<li aria-level=\"1\">Sirgete servade ja sileda kreemi saavutamine<\/li>\n<li aria-level=\"1\">Erinevaid t\u00fcllesid kasutades kreemi pritsimine<\/li>\n<li aria-level=\"1\">\u0160veitsi meetodil beseek\u00fcpsiste valmistamine<\/li>\n<li aria-level=\"1\">Beseek\u00fcpsiste pritsimine<\/li>\n<li aria-level=\"1\">Tordi kaunistamise p\u00f5him\u00f5tted<\/li>\n<\/ul>\n<p><b>Veebikoolitus sisaldab<\/b><span style=\"font-weight: 400;\">:<\/span><\/p>\n<ul>\n<li style=\"font-weight: 400;\" aria-level=\"1\"><span style=\"font-weight: 400;\">P\u00f5hjalikke materjale ( A4 11tk) koos abistavate piltidega t\u00f6\u00f6k\u00e4igust ja tooraine soetamiseks vajalikud lingid.<\/span><\/li>\n<li style=\"font-weight: 400;\" aria-level=\"1\"><span style=\"font-weight: 400;\">Maasika ja halvaa k\u00fcpsisetordi valmistamise \u00f5ppevideo (57 minutit)<\/span><\/li>\n<\/ul>","protected":false},"excerpt":{"rendered":"<p><strong>Sinu j\u00e4rgmine tort paneb k\u00fclalised imestunult k\u00fcsimas: \u201cKus kohast tellisid?\u201d<\/strong><\/p>\n<p><strong>2 tordi retsepti<\/strong><\/p>\n<p><span style=\"font-weight: 400;\">Minu enda toote valikus olev laste kui ka t\u00e4iskasvanute lemmik:<\/span><\/p>\n<ul>\n<li><em><span style=\"font-weight: 400;\">K\u00fcpsisetort musta s\u00f5stra p\u00fcree ja banaanidega<\/span><\/em><\/li>\n<li><em>K\u00fcpsisetort maasikate ja halvaaga (videos)<\/em><\/li>\n<\/ul>\n<p><span style=\"font-weight: 400;\">Lisaks \u00f5pid tegema neid efektseid ja maitsvad beseek\u00fcpsised, mida saad kasutada tortide kaunistamisel v\u00f5i haarata kiireks magusaks ampsuks.<\/span><\/p>\n<p><em><span style=\"font-weight: 400;\">Sel korral panen r\u00f5hku korrektsele tordi katmisele ja kaunistamisele.<\/span><\/em><\/p>\n<p>&nbsp;<\/p>\n<p><img fetchpriority=\"high\" decoding=\"async\" class=\"alignnone wp-image-3696 size-large\" src=\"https:\/\/www.miilakoogid.ee\/wp-content\/uploads\/2024\/05\/IMG_1677-scaled-e1716470359630-1024x791.jpg\" alt=\"\" width=\"1024\" height=\"791\" srcset=\"https:\/\/miilakoogid.ee\/wp-content\/uploads\/2024\/05\/IMG_1677-scaled-e1716470359630-1024x791.jpg 1024w, https:\/\/miilakoogid.ee\/wp-content\/uploads\/2024\/05\/IMG_1677-scaled-e1716470359630-300x232.jpg 300w, https:\/\/miilakoogid.ee\/wp-content\/uploads\/2024\/05\/IMG_1677-scaled-e1716470359630-768x594.jpg 768w, https:\/\/miilakoogid.ee\/wp-content\/uploads\/2024\/05\/IMG_1677-scaled-e1716470359630-1536x1187.jpg 1536w, https:\/\/miilakoogid.ee\/wp-content\/uploads\/2024\/05\/IMG_1677-scaled-e1716470359630-600x464.jpg 600w, https:\/\/miilakoogid.ee\/wp-content\/uploads\/2024\/05\/IMG_1677-scaled-e1716470359630.jpg 1920w\" sizes=\"(max-width: 1024px) 100vw, 1024px\" \/><\/p>\n<p>&nbsp;<\/p>","protected":false},"featured_media":3689,"comment_status":"open","ping_status":"closed","template":"","meta":{"site-sidebar-layout":"default","site-content-layout":"","ast-site-content-layout":"default","site-content-style":"default","site-sidebar-style":"default","ast-global-header-display":"","ast-banner-title-visibility":"","ast-main-header-display":"","ast-hfb-above-header-display":"","ast-hfb-below-header-display":"","ast-hfb-mobile-header-display":"","site-post-title":"","ast-breadcrumbs-content":"","ast-featured-img":"","footer-sml-layout":"","ast-disable-related-posts":"","theme-transparent-header-meta":"default","adv-header-id-meta":"","stick-header-meta":"","header-above-stick-meta":"","header-main-stick-meta":"","header-below-stick-meta":"","astra-migrate-meta-layouts":"set","ast-page-background-enabled":"default","ast-page-background-meta":{"desktop":{"background-color":"","background-image":"","background-repeat":"repeat","background-position":"center center","background-size":"auto","background-attachment":"scroll","background-type":"","background-media":"","overlay-type":"","overlay-color":"","overlay-opacity":"","overlay-gradient":""},"tablet":{"background-color":"","background-image":"","background-repeat":"repeat","background-position":"center center","background-size":"auto","background-attachment":"scroll","background-type":"","background-media":"","overlay-type":"","overlay-color":"","overlay-opacity":"","overlay-gradient":""},"mobile":{"background-color":"","background-image":"","background-repeat":"repeat","background-position":"center center","background-size":"auto","background-attachment":"scroll","background-type":"","background-media":"","overlay-type":"","overlay-color":"","overlay-opacity":"","overlay-gradient":""}},"ast-content-background-meta":{"desktop":{"background-color":"var(--ast-global-color-5)","background-image":"","background-repeat":"repeat","background-position":"center center","background-size":"auto","background-attachment":"scroll","background-type":"","background-media":"","overlay-type":"","overlay-color":"","overlay-opacity":"","overlay-gradient":""},"tablet":{"background-color":"var(--ast-global-color-5)","background-image":"","background-repeat":"repeat","background-position":"center center","background-size":"auto","background-attachment":"scroll","background-type":"","background-media":"","overlay-type":"","overlay-color":"","overlay-opacity":"","overlay-gradient":""},"mobile":{"background-color":"var(--ast-global-color-5)","background-image":"","background-repeat":"repeat","background-position":"center center","background-size":"auto","background-attachment":"scroll","background-type":"","background-media":"","overlay-type":"","overlay-color":"","overlay-opacity":"","overlay-gradient":""}}},"product_brand":[],"product_cat":[24],"product_tag":[99,98,84,72],"class_list":{"0":"post-3686","1":"product","2":"type-product","3":"status-publish","4":"has-post-thumbnail","6":"product_cat-veebikoolitused","7":"product_tag-beseekupsised","8":"product_tag-kupsisetort","9":"product_tag-retsept","10":"product_tag-veebikoolitus","11":"desktop-align-center","12":"tablet-align-left","13":"mobile-align-left","15":"first","16":"instock","17":"downloadable","18":"virtual","19":"sold-individually","20":"taxable","21":"purchasable","22":"product-type-course"},"yoast_head":"<!-- This site is optimized with the Yoast SEO plugin v27.4 - https:\/\/yoast.com\/product\/yoast-seo-wordpress\/ -->\n<title>Veebikoolitus &quot;K\u00fcpsisetort&quot; - Miila koogid<\/title>\n<meta name=\"description\" content=\"Sinu j\u00e4rgmine tort paneb k\u00fclalised imestunult k\u00fcsimas: \u201cKus kohast tellisid?\u201d\" \/>\n<meta name=\"robots\" content=\"index, follow, max-snippet:-1, max-image-preview:large, max-video-preview:-1\" \/>\n<link rel=\"canonical\" href=\"https:\/\/miilakoogid.ee\/en\/product\/veebikoolitus-kupsisetort\/\" \/>\n<meta property=\"og:locale\" content=\"en_US\" \/>\n<meta property=\"og:type\" content=\"article\" \/>\n<meta property=\"og:title\" content=\"Veebikoolitus &quot;K\u00fcpsisetort&quot; - Miila koogid\" \/>\n<meta property=\"og:description\" content=\"Sinu j\u00e4rgmine tort paneb k\u00fclalised imestunult k\u00fcsimas: \u201cKus kohast tellisid?\u201d\" \/>\n<meta property=\"og:url\" content=\"https:\/\/miilakoogid.ee\/en\/product\/veebikoolitus-kupsisetort\/\" \/>\n<meta property=\"og:site_name\" content=\"Miila koogid\" \/>\n<meta property=\"article:modified_time\" content=\"2025-11-15T15:22:29+00:00\" \/>\n<meta property=\"og:image\" content=\"https:\/\/miilakoogid.ee\/wp-content\/uploads\/2024\/05\/Kupsisetort-3.png\" \/>\n\t<meta property=\"og:image:width\" content=\"1080\" \/>\n\t<meta property=\"og:image:height\" content=\"1080\" \/>\n\t<meta property=\"og:image:type\" content=\"image\/png\" \/>\n<meta name=\"twitter:card\" content=\"summary_large_image\" \/>\n<meta name=\"twitter:label1\" content=\"Est. reading time\" \/>\n\t<meta name=\"twitter:data1\" content=\"1 minute\" \/>\n<script type=\"application\/ld+json\" class=\"yoast-schema-graph\">{\"@context\":\"https:\\\/\\\/schema.org\",\"@graph\":[{\"@type\":\"WebPage\",\"@id\":\"https:\\\/\\\/miilakoogid.ee\\\/product\\\/veebikoolitus-kupsisetort\\\/\",\"url\":\"https:\\\/\\\/miilakoogid.ee\\\/product\\\/veebikoolitus-kupsisetort\\\/\",\"name\":\"Veebikoolitus \\\"K\u00fcpsisetort\\\" - Miila koogid\",\"isPartOf\":{\"@id\":\"https:\\\/\\\/miilakoogid.ee\\\/#website\"},\"primaryImageOfPage\":{\"@id\":\"https:\\\/\\\/miilakoogid.ee\\\/product\\\/veebikoolitus-kupsisetort\\\/#primaryimage\"},\"image\":{\"@id\":\"https:\\\/\\\/miilakoogid.ee\\\/product\\\/veebikoolitus-kupsisetort\\\/#primaryimage\"},\"thumbnailUrl\":\"https:\\\/\\\/miilakoogid.ee\\\/wp-content\\\/uploads\\\/2024\\\/05\\\/Kupsisetort-3.png\",\"datePublished\":\"2025-05-25T16:24:49+00:00\",\"dateModified\":\"2025-11-15T15:22:29+00:00\",\"description\":\"Sinu j\u00e4rgmine tort paneb k\u00fclalised imestunult k\u00fcsimas: \u201cKus kohast tellisid?\u201d\",\"breadcrumb\":{\"@id\":\"https:\\\/\\\/miilakoogid.ee\\\/product\\\/veebikoolitus-kupsisetort\\\/#breadcrumb\"},\"inLanguage\":\"en-US\",\"potentialAction\":[{\"@type\":\"ReadAction\",\"target\":[\"https:\\\/\\\/miilakoogid.ee\\\/product\\\/veebikoolitus-kupsisetort\\\/\"]}]},{\"@type\":\"ImageObject\",\"inLanguage\":\"en-US\",\"@id\":\"https:\\\/\\\/miilakoogid.ee\\\/product\\\/veebikoolitus-kupsisetort\\\/#primaryimage\",\"url\":\"https:\\\/\\\/miilakoogid.ee\\\/wp-content\\\/uploads\\\/2024\\\/05\\\/Kupsisetort-3.png\",\"contentUrl\":\"https:\\\/\\\/miilakoogid.ee\\\/wp-content\\\/uploads\\\/2024\\\/05\\\/Kupsisetort-3.png\",\"width\":1080,\"height\":1080},{\"@type\":\"BreadcrumbList\",\"@id\":\"https:\\\/\\\/miilakoogid.ee\\\/product\\\/veebikoolitus-kupsisetort\\\/#breadcrumb\",\"itemListElement\":[{\"@type\":\"ListItem\",\"position\":1,\"name\":\"Esileht\",\"item\":\"https:\\\/\\\/miilakoogid.ee\\\/\"},{\"@type\":\"ListItem\",\"position\":2,\"name\":\"E-Pood\",\"item\":\"https:\\\/\\\/miilakoogid.ee\\\/e-pood\\\/\"},{\"@type\":\"ListItem\",\"position\":3,\"name\":\"Veebikoolitus &#8220;K\u00fcpsisetort&#8221;\"}]},{\"@type\":\"WebSite\",\"@id\":\"https:\\\/\\\/miilakoogid.ee\\\/#website\",\"url\":\"https:\\\/\\\/miilakoogid.ee\\\/\",\"name\":\"Miila koogid\",\"description\":\"K\u00fcpsetamise veebikoolitused\",\"publisher\":{\"@id\":\"https:\\\/\\\/miilakoogid.ee\\\/#organization\"},\"potentialAction\":[{\"@type\":\"SearchAction\",\"target\":{\"@type\":\"EntryPoint\",\"urlTemplate\":\"https:\\\/\\\/miilakoogid.ee\\\/?s={search_term_string}\"},\"query-input\":{\"@type\":\"PropertyValueSpecification\",\"valueRequired\":true,\"valueName\":\"search_term_string\"}}],\"inLanguage\":\"en-US\"},{\"@type\":\"Organization\",\"@id\":\"https:\\\/\\\/miilakoogid.ee\\\/#organization\",\"name\":\"Miila koogid\",\"url\":\"https:\\\/\\\/miilakoogid.ee\\\/\",\"logo\":{\"@type\":\"ImageObject\",\"inLanguage\":\"en-US\",\"@id\":\"https:\\\/\\\/miilakoogid.ee\\\/#\\\/schema\\\/logo\\\/image\\\/\",\"url\":\"https:\\\/\\\/miilakoogid.ee\\\/wp-content\\\/uploads\\\/2024\\\/10\\\/Miila-koogid-1.svg\",\"contentUrl\":\"https:\\\/\\\/miilakoogid.ee\\\/wp-content\\\/uploads\\\/2024\\\/10\\\/Miila-koogid-1.svg\",\"width\":100,\"height\":100,\"caption\":\"Miila koogid\"},\"image\":{\"@id\":\"https:\\\/\\\/miilakoogid.ee\\\/#\\\/schema\\\/logo\\\/image\\\/\"}}]}<\/script>\n<!-- \/ Yoast SEO plugin. -->","yoast_head_json":{"title":"Veebikoolitus \"K\u00fcpsisetort\" - Miila koogid","description":"Sinu j\u00e4rgmine tort paneb k\u00fclalised imestunult k\u00fcsimas: \u201cKus kohast tellisid?\u201d","robots":{"index":"index","follow":"follow","max-snippet":"max-snippet:-1","max-image-preview":"max-image-preview:large","max-video-preview":"max-video-preview:-1"},"canonical":"https:\/\/miilakoogid.ee\/en\/product\/veebikoolitus-kupsisetort\/","og_locale":"en_US","og_type":"article","og_title":"Veebikoolitus \"K\u00fcpsisetort\" - Miila koogid","og_description":"Sinu j\u00e4rgmine tort paneb k\u00fclalised imestunult k\u00fcsimas: \u201cKus kohast tellisid?\u201d","og_url":"https:\/\/miilakoogid.ee\/en\/product\/veebikoolitus-kupsisetort\/","og_site_name":"Miila koogid","article_modified_time":"2025-11-15T15:22:29+00:00","og_image":[{"width":1080,"height":1080,"url":"https:\/\/miilakoogid.ee\/wp-content\/uploads\/2024\/05\/Kupsisetort-3.png","type":"image\/png"}],"twitter_card":"summary_large_image","twitter_misc":{"Est. reading time":"1 minute"},"schema":{"@context":"https:\/\/schema.org","@graph":[{"@type":"WebPage","@id":"https:\/\/miilakoogid.ee\/product\/veebikoolitus-kupsisetort\/","url":"https:\/\/miilakoogid.ee\/product\/veebikoolitus-kupsisetort\/","name":"Veebikoolitus \"K\u00fcpsisetort\" - Miila koogid","isPartOf":{"@id":"https:\/\/miilakoogid.ee\/#website"},"primaryImageOfPage":{"@id":"https:\/\/miilakoogid.ee\/product\/veebikoolitus-kupsisetort\/#primaryimage"},"image":{"@id":"https:\/\/miilakoogid.ee\/product\/veebikoolitus-kupsisetort\/#primaryimage"},"thumbnailUrl":"https:\/\/miilakoogid.ee\/wp-content\/uploads\/2024\/05\/Kupsisetort-3.png","datePublished":"2025-05-25T16:24:49+00:00","dateModified":"2025-11-15T15:22:29+00:00","description":"Sinu j\u00e4rgmine tort paneb k\u00fclalised imestunult k\u00fcsimas: \u201cKus kohast tellisid?\u201d","breadcrumb":{"@id":"https:\/\/miilakoogid.ee\/product\/veebikoolitus-kupsisetort\/#breadcrumb"},"inLanguage":"en-US","potentialAction":[{"@type":"ReadAction","target":["https:\/\/miilakoogid.ee\/product\/veebikoolitus-kupsisetort\/"]}]},{"@type":"ImageObject","inLanguage":"en-US","@id":"https:\/\/miilakoogid.ee\/product\/veebikoolitus-kupsisetort\/#primaryimage","url":"https:\/\/miilakoogid.ee\/wp-content\/uploads\/2024\/05\/Kupsisetort-3.png","contentUrl":"https:\/\/miilakoogid.ee\/wp-content\/uploads\/2024\/05\/Kupsisetort-3.png","width":1080,"height":1080},{"@type":"BreadcrumbList","@id":"https:\/\/miilakoogid.ee\/product\/veebikoolitus-kupsisetort\/#breadcrumb","itemListElement":[{"@type":"ListItem","position":1,"name":"Esileht","item":"https:\/\/miilakoogid.ee\/"},{"@type":"ListItem","position":2,"name":"E-Pood","item":"https:\/\/miilakoogid.ee\/e-pood\/"},{"@type":"ListItem","position":3,"name":"Veebikoolitus &#8220;K\u00fcpsisetort&#8221;"}]},{"@type":"WebSite","@id":"https:\/\/miilakoogid.ee\/#website","url":"https:\/\/miilakoogid.ee\/","name":"Miila koogid","description":"K\u00fcpsetamise veebikoolitused","publisher":{"@id":"https:\/\/miilakoogid.ee\/#organization"},"potentialAction":[{"@type":"SearchAction","target":{"@type":"EntryPoint","urlTemplate":"https:\/\/miilakoogid.ee\/?s={search_term_string}"},"query-input":{"@type":"PropertyValueSpecification","valueRequired":true,"valueName":"search_term_string"}}],"inLanguage":"en-US"},{"@type":"Organization","@id":"https:\/\/miilakoogid.ee\/#organization","name":"Miila koogid","url":"https:\/\/miilakoogid.ee\/","logo":{"@type":"ImageObject","inLanguage":"en-US","@id":"https:\/\/miilakoogid.ee\/#\/schema\/logo\/image\/","url":"https:\/\/miilakoogid.ee\/wp-content\/uploads\/2024\/10\/Miila-koogid-1.svg","contentUrl":"https:\/\/miilakoogid.ee\/wp-content\/uploads\/2024\/10\/Miila-koogid-1.svg","width":100,"height":100,"caption":"Miila koogid"},"image":{"@id":"https:\/\/miilakoogid.ee\/#\/schema\/logo\/image\/"}}]}},"_links":{"self":[{"href":"https:\/\/miilakoogid.ee\/en\/wp-json\/wp\/v2\/product\/3686","targetHints":{"allow":["GET"]}}],"collection":[{"href":"https:\/\/miilakoogid.ee\/en\/wp-json\/wp\/v2\/product"}],"about":[{"href":"https:\/\/miilakoogid.ee\/en\/wp-json\/wp\/v2\/types\/product"}],"replies":[{"embeddable":true,"href":"https:\/\/miilakoogid.ee\/en\/wp-json\/wp\/v2\/comments?post=3686"}],"version-history":[{"count":1,"href":"https:\/\/miilakoogid.ee\/en\/wp-json\/wp\/v2\/product\/3686\/revisions"}],"predecessor-version":[{"id":9004,"href":"https:\/\/miilakoogid.ee\/en\/wp-json\/wp\/v2\/product\/3686\/revisions\/9004"}],"wp:featuredmedia":[{"embeddable":true,"href":"https:\/\/miilakoogid.ee\/en\/wp-json\/wp\/v2\/media\/3689"}],"wp:attachment":[{"href":"https:\/\/miilakoogid.ee\/en\/wp-json\/wp\/v2\/media?parent=3686"}],"wp:term":[{"taxonomy":"product_brand","embeddable":true,"href":"https:\/\/miilakoogid.ee\/en\/wp-json\/wp\/v2\/product_brand?post=3686"},{"taxonomy":"product_cat","embeddable":true,"href":"https:\/\/miilakoogid.ee\/en\/wp-json\/wp\/v2\/product_cat?post=3686"},{"taxonomy":"product_tag","embeddable":true,"href":"https:\/\/miilakoogid.ee\/en\/wp-json\/wp\/v2\/product_tag?post=3686"}],"curies":[{"name":"wp","href":"https:\/\/api.w.org\/{rel}","templated":true}]}}