{"id":3087,"date":"2024-04-13T06:42:08","date_gmt":"2024-04-13T06:42:08","guid":{"rendered":"https:\/\/miilakoogid.ee\/?post_type=product&#038;p=3087"},"modified":"2026-04-17T08:12:35","modified_gmt":"2026-04-17T05:12:35","slug":"soolalohe-toorjuustukreem","status":"publish","type":"product","link":"https:\/\/miilakoogid.ee\/en\/product\/soolalohe-toorjuustukreem\/","title":{"rendered":"Soolal\u00f5he- toorjuustukreem"},"content":{"rendered":"<p><strong>Retsept sisaldab:<\/strong><\/p>\n<ul>\n<li>vajaminevat toorainet<\/li>\n<li>kreemi valmistamise \u00f5petust<\/li>\n<\/ul>","protected":false},"excerpt":{"rendered":"<p>Vahukoore- toorjuustukreem l\u00f5hega. V\u00e4rskust annab kurk ja s\u00e4rtsu lisab sidrunimahl.<br \/>\nKasuta kreemi leivakorvikestes v\u00f5i m\u00e4\u00e4ri lihtsalt saiale. Soolal\u00f5he asemel v\u00f5id kasutada ka suitsul\u00f5he.<br \/>\nKaunistamisel kasuta oma fantaasiat.<\/p>","protected":false},"featured_media":3089,"comment_status":"open","ping_status":"closed","template":"","meta":{"site-sidebar-layout":"default","site-content-layout":"","ast-site-content-layout":"default","site-content-style":"default","site-sidebar-style":"default","ast-global-header-display":"","ast-banner-title-visibility":"","ast-main-header-display":"","ast-hfb-above-header-display":"","ast-hfb-below-header-display":"","ast-hfb-mobile-header-display":"","site-post-title":"","ast-breadcrumbs-content":"","ast-featured-img":"","footer-sml-layout":"","ast-disable-related-posts":"","theme-transparent-header-meta":"default","adv-header-id-meta":"","stick-header-meta":"","header-above-stick-meta":"","header-main-stick-meta":"","header-below-stick-meta":"","astra-migrate-meta-layouts":"set","ast-page-background-enabled":"default","ast-page-background-meta":{"desktop":{"background-color":"","background-image":"","background-repeat":"repeat","background-position":"center center","background-size":"auto","background-attachment":"scroll","background-type":"","background-media":"","overlay-type":"","overlay-color":"","overlay-opacity":"","overlay-gradient":""},"tablet":{"background-color":"","background-image":"","background-repeat":"repeat","background-position":"center center","background-size":"auto","background-attachment":"scroll","background-type":"","background-media":"","overlay-type":"","overlay-color":"","overlay-opacity":"","overlay-gradient":""},"mobile":{"background-color":"","background-image":"","background-repeat":"repeat","background-position":"center center","background-size":"auto","background-attachment":"scroll","background-type":"","background-media":"","overlay-type":"","overlay-color":"","overlay-opacity":"","overlay-gradient":""}},"ast-content-background-meta":{"desktop":{"background-color":"var(--ast-global-color-5)","background-image":"","background-repeat":"repeat","background-position":"center center","background-size":"auto","background-attachment":"scroll","background-type":"","background-media":"","overlay-type":"","overlay-color":"","overlay-opacity":"","overlay-gradient":""},"tablet":{"background-color":"var(--ast-global-color-5)","background-image":"","background-repeat":"repeat","background-position":"center center","background-size":"auto","background-attachment":"scroll","background-type":"","background-media":"","overlay-type":"","overlay-color":"","overlay-opacity":"","overlay-gradient":""},"mobile":{"background-color":"var(--ast-global-color-5)","background-image":"","background-repeat":"repeat","background-position":"center center","background-size":"auto","background-attachment":"scroll","background-type":"","background-media":"","overlay-type":"","overlay-color":"","overlay-opacity":"","overlay-gradient":""}}},"product_brand":[],"product_cat":[37],"product_tag":[84,90,89],"class_list":{"0":"post-3087","1":"product","2":"type-product","3":"status-publish","4":"has-post-thumbnail","6":"product_cat-retseptid","7":"product_tag-retsept","8":"product_tag-soolalohe","9":"product_tag-toorjuustukreem","10":"desktop-align-center","11":"tablet-align-left","12":"mobile-align-left","14":"first","15":"instock","16":"downloadable","17":"virtual","18":"sold-individually","19":"taxable","20":"purchasable","21":"product-type-simple"},"yoast_head":"<!-- This site is optimized with the Yoast SEO plugin v27.4 - https:\/\/yoast.com\/product\/yoast-seo-wordpress\/ -->\n<title>Soolal\u00f5he- toorjuustukreem - Miila koogid<\/title>\n<meta name=\"description\" content=\"Soolal\u00f5he- toorjuustukreem suupistete tegemisest v\u00f5i v\u00f5ileivale m\u00e4\u00e4rimiseks.\" \/>\n<meta name=\"robots\" content=\"index, follow, max-snippet:-1, max-image-preview:large, max-video-preview:-1\" \/>\n<link rel=\"canonical\" href=\"https:\/\/miilakoogid.ee\/en\/product\/soolalohe-toorjuustukreem\/\" \/>\n<meta property=\"og:locale\" content=\"en_US\" \/>\n<meta property=\"og:type\" content=\"article\" \/>\n<meta property=\"og:title\" content=\"Soolal\u00f5he- toorjuustukreem - Miila koogid\" \/>\n<meta property=\"og:description\" content=\"Soolal\u00f5he- toorjuustukreem suupistete tegemisest v\u00f5i v\u00f5ileivale m\u00e4\u00e4rimiseks.\" \/>\n<meta property=\"og:url\" content=\"https:\/\/miilakoogid.ee\/en\/product\/soolalohe-toorjuustukreem\/\" \/>\n<meta property=\"og:site_name\" content=\"Miila koogid\" \/>\n<meta property=\"article:modified_time\" content=\"2026-04-17T05:12:35+00:00\" \/>\n<meta property=\"og:image\" content=\"https:\/\/miilakoogid.ee\/wp-content\/uploads\/2024\/04\/Soolalohe-toorjuustukreem.png\" \/>\n\t<meta property=\"og:image:width\" content=\"1080\" \/>\n\t<meta property=\"og:image:height\" content=\"1080\" \/>\n\t<meta property=\"og:image:type\" content=\"image\/png\" \/>\n<meta name=\"twitter:card\" content=\"summary_large_image\" \/>\n<meta name=\"twitter:label1\" content=\"Est. reading time\" \/>\n\t<meta name=\"twitter:data1\" content=\"1 minute\" \/>\n<script type=\"application\/ld+json\" class=\"yoast-schema-graph\">{\"@context\":\"https:\\\/\\\/schema.org\",\"@graph\":[{\"@type\":\"WebPage\",\"@id\":\"https:\\\/\\\/miilakoogid.ee\\\/product\\\/soolalohe-toorjuustukreem\\\/\",\"url\":\"https:\\\/\\\/miilakoogid.ee\\\/product\\\/soolalohe-toorjuustukreem\\\/\",\"name\":\"Soolal\u00f5he- toorjuustukreem - Miila koogid\",\"isPartOf\":{\"@id\":\"https:\\\/\\\/miilakoogid.ee\\\/#website\"},\"primaryImageOfPage\":{\"@id\":\"https:\\\/\\\/miilakoogid.ee\\\/product\\\/soolalohe-toorjuustukreem\\\/#primaryimage\"},\"image\":{\"@id\":\"https:\\\/\\\/miilakoogid.ee\\\/product\\\/soolalohe-toorjuustukreem\\\/#primaryimage\"},\"thumbnailUrl\":\"https:\\\/\\\/miilakoogid.ee\\\/wp-content\\\/uploads\\\/2024\\\/04\\\/Soolalohe-toorjuustukreem.png\",\"datePublished\":\"2024-04-13T06:42:08+00:00\",\"dateModified\":\"2026-04-17T05:12:35+00:00\",\"description\":\"Soolal\u00f5he- toorjuustukreem suupistete tegemisest v\u00f5i v\u00f5ileivale m\u00e4\u00e4rimiseks.\",\"breadcrumb\":{\"@id\":\"https:\\\/\\\/miilakoogid.ee\\\/product\\\/soolalohe-toorjuustukreem\\\/#breadcrumb\"},\"inLanguage\":\"en-US\",\"potentialAction\":[{\"@type\":\"ReadAction\",\"target\":[\"https:\\\/\\\/miilakoogid.ee\\\/product\\\/soolalohe-toorjuustukreem\\\/\"]}]},{\"@type\":\"ImageObject\",\"inLanguage\":\"en-US\",\"@id\":\"https:\\\/\\\/miilakoogid.ee\\\/product\\\/soolalohe-toorjuustukreem\\\/#primaryimage\",\"url\":\"https:\\\/\\\/miilakoogid.ee\\\/wp-content\\\/uploads\\\/2024\\\/04\\\/Soolalohe-toorjuustukreem.png\",\"contentUrl\":\"https:\\\/\\\/miilakoogid.ee\\\/wp-content\\\/uploads\\\/2024\\\/04\\\/Soolalohe-toorjuustukreem.png\",\"width\":1080,\"height\":1080},{\"@type\":\"BreadcrumbList\",\"@id\":\"https:\\\/\\\/miilakoogid.ee\\\/product\\\/soolalohe-toorjuustukreem\\\/#breadcrumb\",\"itemListElement\":[{\"@type\":\"ListItem\",\"position\":1,\"name\":\"Esileht\",\"item\":\"https:\\\/\\\/miilakoogid.ee\\\/\"},{\"@type\":\"ListItem\",\"position\":2,\"name\":\"E-Pood\",\"item\":\"https:\\\/\\\/miilakoogid.ee\\\/e-pood\\\/\"},{\"@type\":\"ListItem\",\"position\":3,\"name\":\"Soolal\u00f5he- toorjuustukreem\"}]},{\"@type\":\"WebSite\",\"@id\":\"https:\\\/\\\/miilakoogid.ee\\\/#website\",\"url\":\"https:\\\/\\\/miilakoogid.ee\\\/\",\"name\":\"Miila koogid\",\"description\":\"K\u00fcpsetamise veebikoolitused\",\"publisher\":{\"@id\":\"https:\\\/\\\/miilakoogid.ee\\\/#organization\"},\"potentialAction\":[{\"@type\":\"SearchAction\",\"target\":{\"@type\":\"EntryPoint\",\"urlTemplate\":\"https:\\\/\\\/miilakoogid.ee\\\/?s={search_term_string}\"},\"query-input\":{\"@type\":\"PropertyValueSpecification\",\"valueRequired\":true,\"valueName\":\"search_term_string\"}}],\"inLanguage\":\"en-US\"},{\"@type\":\"Organization\",\"@id\":\"https:\\\/\\\/miilakoogid.ee\\\/#organization\",\"name\":\"Miila koogid\",\"url\":\"https:\\\/\\\/miilakoogid.ee\\\/\",\"logo\":{\"@type\":\"ImageObject\",\"inLanguage\":\"en-US\",\"@id\":\"https:\\\/\\\/miilakoogid.ee\\\/#\\\/schema\\\/logo\\\/image\\\/\",\"url\":\"https:\\\/\\\/miilakoogid.ee\\\/wp-content\\\/uploads\\\/2024\\\/10\\\/Miila-koogid-1.svg\",\"contentUrl\":\"https:\\\/\\\/miilakoogid.ee\\\/wp-content\\\/uploads\\\/2024\\\/10\\\/Miila-koogid-1.svg\",\"width\":100,\"height\":100,\"caption\":\"Miila koogid\"},\"image\":{\"@id\":\"https:\\\/\\\/miilakoogid.ee\\\/#\\\/schema\\\/logo\\\/image\\\/\"}}]}<\/script>\n<!-- \/ Yoast SEO plugin. -->","yoast_head_json":{"title":"Soolal\u00f5he- toorjuustukreem - Miila koogid","description":"Soolal\u00f5he- toorjuustukreem suupistete tegemisest v\u00f5i v\u00f5ileivale m\u00e4\u00e4rimiseks.","robots":{"index":"index","follow":"follow","max-snippet":"max-snippet:-1","max-image-preview":"max-image-preview:large","max-video-preview":"max-video-preview:-1"},"canonical":"https:\/\/miilakoogid.ee\/en\/product\/soolalohe-toorjuustukreem\/","og_locale":"en_US","og_type":"article","og_title":"Soolal\u00f5he- toorjuustukreem - Miila koogid","og_description":"Soolal\u00f5he- toorjuustukreem suupistete tegemisest v\u00f5i v\u00f5ileivale m\u00e4\u00e4rimiseks.","og_url":"https:\/\/miilakoogid.ee\/en\/product\/soolalohe-toorjuustukreem\/","og_site_name":"Miila koogid","article_modified_time":"2026-04-17T05:12:35+00:00","og_image":[{"width":1080,"height":1080,"url":"https:\/\/miilakoogid.ee\/wp-content\/uploads\/2024\/04\/Soolalohe-toorjuustukreem.png","type":"image\/png"}],"twitter_card":"summary_large_image","twitter_misc":{"Est. reading time":"1 minute"},"schema":{"@context":"https:\/\/schema.org","@graph":[{"@type":"WebPage","@id":"https:\/\/miilakoogid.ee\/product\/soolalohe-toorjuustukreem\/","url":"https:\/\/miilakoogid.ee\/product\/soolalohe-toorjuustukreem\/","name":"Soolal\u00f5he- toorjuustukreem - Miila koogid","isPartOf":{"@id":"https:\/\/miilakoogid.ee\/#website"},"primaryImageOfPage":{"@id":"https:\/\/miilakoogid.ee\/product\/soolalohe-toorjuustukreem\/#primaryimage"},"image":{"@id":"https:\/\/miilakoogid.ee\/product\/soolalohe-toorjuustukreem\/#primaryimage"},"thumbnailUrl":"https:\/\/miilakoogid.ee\/wp-content\/uploads\/2024\/04\/Soolalohe-toorjuustukreem.png","datePublished":"2024-04-13T06:42:08+00:00","dateModified":"2026-04-17T05:12:35+00:00","description":"Soolal\u00f5he- toorjuustukreem suupistete tegemisest v\u00f5i v\u00f5ileivale m\u00e4\u00e4rimiseks.","breadcrumb":{"@id":"https:\/\/miilakoogid.ee\/product\/soolalohe-toorjuustukreem\/#breadcrumb"},"inLanguage":"en-US","potentialAction":[{"@type":"ReadAction","target":["https:\/\/miilakoogid.ee\/product\/soolalohe-toorjuustukreem\/"]}]},{"@type":"ImageObject","inLanguage":"en-US","@id":"https:\/\/miilakoogid.ee\/product\/soolalohe-toorjuustukreem\/#primaryimage","url":"https:\/\/miilakoogid.ee\/wp-content\/uploads\/2024\/04\/Soolalohe-toorjuustukreem.png","contentUrl":"https:\/\/miilakoogid.ee\/wp-content\/uploads\/2024\/04\/Soolalohe-toorjuustukreem.png","width":1080,"height":1080},{"@type":"BreadcrumbList","@id":"https:\/\/miilakoogid.ee\/product\/soolalohe-toorjuustukreem\/#breadcrumb","itemListElement":[{"@type":"ListItem","position":1,"name":"Esileht","item":"https:\/\/miilakoogid.ee\/"},{"@type":"ListItem","position":2,"name":"E-Pood","item":"https:\/\/miilakoogid.ee\/e-pood\/"},{"@type":"ListItem","position":3,"name":"Soolal\u00f5he- toorjuustukreem"}]},{"@type":"WebSite","@id":"https:\/\/miilakoogid.ee\/#website","url":"https:\/\/miilakoogid.ee\/","name":"Miila koogid","description":"K\u00fcpsetamise veebikoolitused","publisher":{"@id":"https:\/\/miilakoogid.ee\/#organization"},"potentialAction":[{"@type":"SearchAction","target":{"@type":"EntryPoint","urlTemplate":"https:\/\/miilakoogid.ee\/?s={search_term_string}"},"query-input":{"@type":"PropertyValueSpecification","valueRequired":true,"valueName":"search_term_string"}}],"inLanguage":"en-US"},{"@type":"Organization","@id":"https:\/\/miilakoogid.ee\/#organization","name":"Miila koogid","url":"https:\/\/miilakoogid.ee\/","logo":{"@type":"ImageObject","inLanguage":"en-US","@id":"https:\/\/miilakoogid.ee\/#\/schema\/logo\/image\/","url":"https:\/\/miilakoogid.ee\/wp-content\/uploads\/2024\/10\/Miila-koogid-1.svg","contentUrl":"https:\/\/miilakoogid.ee\/wp-content\/uploads\/2024\/10\/Miila-koogid-1.svg","width":100,"height":100,"caption":"Miila koogid"},"image":{"@id":"https:\/\/miilakoogid.ee\/#\/schema\/logo\/image\/"}}]}},"_links":{"self":[{"href":"https:\/\/miilakoogid.ee\/en\/wp-json\/wp\/v2\/product\/3087","targetHints":{"allow":["GET"]}}],"collection":[{"href":"https:\/\/miilakoogid.ee\/en\/wp-json\/wp\/v2\/product"}],"about":[{"href":"https:\/\/miilakoogid.ee\/en\/wp-json\/wp\/v2\/types\/product"}],"replies":[{"embeddable":true,"href":"https:\/\/miilakoogid.ee\/en\/wp-json\/wp\/v2\/comments?post=3087"}],"version-history":[{"count":0,"href":"https:\/\/miilakoogid.ee\/en\/wp-json\/wp\/v2\/product\/3087\/revisions"}],"wp:featuredmedia":[{"embeddable":true,"href":"https:\/\/miilakoogid.ee\/en\/wp-json\/wp\/v2\/media\/3089"}],"wp:attachment":[{"href":"https:\/\/miilakoogid.ee\/en\/wp-json\/wp\/v2\/media?parent=3087"}],"wp:term":[{"taxonomy":"product_brand","embeddable":true,"href":"https:\/\/miilakoogid.ee\/en\/wp-json\/wp\/v2\/product_brand?post=3087"},{"taxonomy":"product_cat","embeddable":true,"href":"https:\/\/miilakoogid.ee\/en\/wp-json\/wp\/v2\/product_cat?post=3087"},{"taxonomy":"product_tag","embeddable":true,"href":"https:\/\/miilakoogid.ee\/en\/wp-json\/wp\/v2\/product_tag?post=3087"}],"curies":[{"name":"wp","href":"https:\/\/api.w.org\/{rel}","templated":true}]}}