{"id":2905,"date":"2024-08-22T09:39:37","date_gmt":"2024-08-22T09:39:37","guid":{"rendered":"https:\/\/miilakoogid.ee\/?post_type=product&#038;p=2905"},"modified":"2025-09-11T20:49:54","modified_gmt":"2025-09-11T20:49:54","slug":"veebikoolitus-brownie-tassikoogid-soolakaramelli-ja-toorjuustukreemiga","status":"publish","type":"product","link":"https:\/\/miilakoogid.ee\/en\/product\/veebikoolitus-brownie-tassikoogid-soolakaramelli-ja-toorjuustukreemiga\/","title":{"rendered":"Online course \"Brownie cupcakes with salted caramel and cream cheese frosting\""},"content":{"rendered":"<p><strong>Topics covered in the training:<\/strong><\/p>\n<ul>\n<li><span style=\"font-weight: 400;\">Brownie muffini valmistamine<\/span><\/li>\n<li><span style=\"font-weight: 400;\">Making salted caramel<\/span><\/li>\n<li><span style=\"font-weight: 400;\">Vahukoore-toorjuustukreemi valmistamine<\/span><\/li>\n<li><span style=\"font-weight: 400;\">Tassikookide kokkupanek<\/span><\/li>\n<\/ul>\n<p><b>Veebikoolitus sisaldab<\/b><span style=\"font-weight: 400;\">:<\/span><\/p>\n<ul>\n<li style=\"font-weight: 400;\" aria-level=\"1\"><span style=\"font-weight: 400;\">Retseptid ja t\u00f6\u00f6juhend (allalaetav)<\/span><\/li>\n<li style=\"font-weight: 400;\" aria-level=\"1\"><span style=\"font-weight: 400;\">Vajaminevate t\u00f6\u00f6vahendite ja tooraine tellimislingid<\/span><\/li>\n<li style=\"font-weight: 400;\" aria-level=\"1\"><span style=\"font-weight: 400;\">Brownie tassikookide valmistamise \u00f5ppevideo<\/span><\/li>\n<\/ul>","protected":false},"excerpt":{"rendered":"<p><span style=\"font-weight: 400;\">Need m\u00f5nusalt \u0161okolaadised ja soolase karamelliga tassikoogid v\u00f5iksid kaunistada sinu j\u00e4rgmist peolauda. Tule \u00f5pi neid ise valmistama.<\/span><\/p>\n<p>Koolitus sisaldab \u00f5ppevideo ja p\u00f5hjalikke allalaetavaid materjale.<\/p>","protected":false},"featured_media":1892,"comment_status":"open","ping_status":"closed","template":"","meta":{"site-sidebar-layout":"default","site-content-layout":"","ast-site-content-layout":"default","site-content-style":"default","site-sidebar-style":"default","ast-global-header-display":"","ast-banner-title-visibility":"","ast-main-header-display":"","ast-hfb-above-header-display":"","ast-hfb-below-header-display":"","ast-hfb-mobile-header-display":"","site-post-title":"","ast-breadcrumbs-content":"","ast-featured-img":"","footer-sml-layout":"","ast-disable-related-posts":"","theme-transparent-header-meta":"default","adv-header-id-meta":"","stick-header-meta":"","header-above-stick-meta":"","header-main-stick-meta":"","header-below-stick-meta":"","astra-migrate-meta-layouts":"set","ast-page-background-enabled":"default","ast-page-background-meta":{"desktop":{"background-color":"","background-image":"","background-repeat":"repeat","background-position":"center center","background-size":"auto","background-attachment":"scroll","background-type":"","background-media":"","overlay-type":"","overlay-color":"","overlay-opacity":"","overlay-gradient":""},"tablet":{"background-color":"","background-image":"","background-repeat":"repeat","background-position":"center center","background-size":"auto","background-attachment":"scroll","background-type":"","background-media":"","overlay-type":"","overlay-color":"","overlay-opacity":"","overlay-gradient":""},"mobile":{"background-color":"","background-image":"","background-repeat":"repeat","background-position":"center center","background-size":"auto","background-attachment":"scroll","background-type":"","background-media":"","overlay-type":"","overlay-color":"","overlay-opacity":"","overlay-gradient":""}},"ast-content-background-meta":{"desktop":{"background-color":"var(--ast-global-color-5)","background-image":"","background-repeat":"repeat","background-position":"center center","background-size":"auto","background-attachment":"scroll","background-type":"","background-media":"","overlay-type":"","overlay-color":"","overlay-opacity":"","overlay-gradient":""},"tablet":{"background-color":"var(--ast-global-color-5)","background-image":"","background-repeat":"repeat","background-position":"center center","background-size":"auto","background-attachment":"scroll","background-type":"","background-media":"","overlay-type":"","overlay-color":"","overlay-opacity":"","overlay-gradient":""},"mobile":{"background-color":"var(--ast-global-color-5)","background-image":"","background-repeat":"repeat","background-position":"center center","background-size":"auto","background-attachment":"scroll","background-type":"","background-media":"","overlay-type":"","overlay-color":"","overlay-opacity":"","overlay-gradient":""}}},"product_brand":[],"product_cat":[24],"product_tag":[73,74,75,71,72],"class_list":{"0":"post-2905","1":"product","2":"type-product","3":"status-publish","4":"has-post-thumbnail","6":"product_cat-veebikoolitused","7":"product_tag-brownie","8":"product_tag-muffin","9":"product_tag-soolakaramell","10":"product_tag-tassikoogid","11":"product_tag-veebikoolitus","12":"desktop-align-center","13":"tablet-align-left","14":"mobile-align-left","16":"first","17":"instock","18":"downloadable","19":"virtual","20":"sold-individually","21":"taxable","22":"purchasable","23":"product-type-course"},"yoast_head":"<!-- This site is optimized with the Yoast SEO plugin v27.4 - https:\/\/yoast.com\/product\/yoast-seo-wordpress\/ -->\n<title>Veebikoolitus &quot;Brownie tassikoogid soolakaramelli ja toorjuustukreemiga&quot; - Miila koogid<\/title>\n<meta name=\"description\" content=\"Need m\u00f5nusalt \u0161okolaadised ja soolase karamelliga tassikoogid v\u00f5iksid kaunistada sinu j\u00e4rgmist pidulauda. \u00d5pi ise valmistama neid h\u00f5rgutisi.\" \/>\n<meta name=\"robots\" content=\"index, follow, max-snippet:-1, max-image-preview:large, max-video-preview:-1\" \/>\n<link rel=\"canonical\" href=\"https:\/\/miilakoogid.ee\/en\/product\/veebikoolitus-brownie-tassikoogid-soolakaramelli-ja-toorjuustukreemiga\/\" \/>\n<meta property=\"og:locale\" content=\"en_US\" \/>\n<meta property=\"og:type\" content=\"article\" \/>\n<meta property=\"og:title\" content=\"Veebikoolitus &quot;Brownie tassikoogid soolakaramelli ja toorjuustukreemiga&quot; - Miila koogid\" \/>\n<meta property=\"og:description\" content=\"Need m\u00f5nusalt \u0161okolaadised ja soolase karamelliga tassikoogid v\u00f5iksid kaunistada sinu j\u00e4rgmist pidulauda. \u00d5pi ise valmistama neid h\u00f5rgutisi.\" \/>\n<meta property=\"og:url\" content=\"https:\/\/miilakoogid.ee\/en\/product\/veebikoolitus-brownie-tassikoogid-soolakaramelli-ja-toorjuustukreemiga\/\" \/>\n<meta property=\"og:site_name\" content=\"Miila koogid\" \/>\n<meta property=\"article:modified_time\" content=\"2025-09-11T20:49:54+00:00\" \/>\n<meta property=\"og:image\" content=\"https:\/\/miilakoogid.ee\/wp-content\/uploads\/2024\/03\/Tassikoogid-2.png\" \/>\n\t<meta property=\"og:image:width\" content=\"1080\" \/>\n\t<meta property=\"og:image:height\" content=\"1080\" \/>\n\t<meta property=\"og:image:type\" content=\"image\/png\" \/>\n<meta name=\"twitter:card\" content=\"summary_large_image\" \/>\n<meta name=\"twitter:label1\" content=\"Est. reading time\" \/>\n\t<meta name=\"twitter:data1\" content=\"1 minute\" \/>\n<script type=\"application\/ld+json\" class=\"yoast-schema-graph\">{\"@context\":\"https:\\\/\\\/schema.org\",\"@graph\":[{\"@type\":\"WebPage\",\"@id\":\"https:\\\/\\\/miilakoogid.ee\\\/product\\\/veebikoolitus-brownie-tassikoogid-soolakaramelli-ja-toorjuustukreemiga\\\/\",\"url\":\"https:\\\/\\\/miilakoogid.ee\\\/product\\\/veebikoolitus-brownie-tassikoogid-soolakaramelli-ja-toorjuustukreemiga\\\/\",\"name\":\"Veebikoolitus \\\"Brownie tassikoogid soolakaramelli ja toorjuustukreemiga\\\" - Miila koogid\",\"isPartOf\":{\"@id\":\"https:\\\/\\\/miilakoogid.ee\\\/#website\"},\"primaryImageOfPage\":{\"@id\":\"https:\\\/\\\/miilakoogid.ee\\\/product\\\/veebikoolitus-brownie-tassikoogid-soolakaramelli-ja-toorjuustukreemiga\\\/#primaryimage\"},\"image\":{\"@id\":\"https:\\\/\\\/miilakoogid.ee\\\/product\\\/veebikoolitus-brownie-tassikoogid-soolakaramelli-ja-toorjuustukreemiga\\\/#primaryimage\"},\"thumbnailUrl\":\"https:\\\/\\\/miilakoogid.ee\\\/wp-content\\\/uploads\\\/2024\\\/03\\\/Tassikoogid-2.png\",\"datePublished\":\"2024-08-22T09:39:37+00:00\",\"dateModified\":\"2025-09-11T20:49:54+00:00\",\"description\":\"Need m\u00f5nusalt \u0161okolaadised ja soolase karamelliga tassikoogid v\u00f5iksid kaunistada sinu j\u00e4rgmist pidulauda. \u00d5pi ise valmistama neid h\u00f5rgutisi.\",\"breadcrumb\":{\"@id\":\"https:\\\/\\\/miilakoogid.ee\\\/product\\\/veebikoolitus-brownie-tassikoogid-soolakaramelli-ja-toorjuustukreemiga\\\/#breadcrumb\"},\"inLanguage\":\"en-US\",\"potentialAction\":[{\"@type\":\"ReadAction\",\"target\":[\"https:\\\/\\\/miilakoogid.ee\\\/product\\\/veebikoolitus-brownie-tassikoogid-soolakaramelli-ja-toorjuustukreemiga\\\/\"]}]},{\"@type\":\"ImageObject\",\"inLanguage\":\"en-US\",\"@id\":\"https:\\\/\\\/miilakoogid.ee\\\/product\\\/veebikoolitus-brownie-tassikoogid-soolakaramelli-ja-toorjuustukreemiga\\\/#primaryimage\",\"url\":\"https:\\\/\\\/miilakoogid.ee\\\/wp-content\\\/uploads\\\/2024\\\/03\\\/Tassikoogid-2.png\",\"contentUrl\":\"https:\\\/\\\/miilakoogid.ee\\\/wp-content\\\/uploads\\\/2024\\\/03\\\/Tassikoogid-2.png\",\"width\":1080,\"height\":1080},{\"@type\":\"BreadcrumbList\",\"@id\":\"https:\\\/\\\/miilakoogid.ee\\\/product\\\/veebikoolitus-brownie-tassikoogid-soolakaramelli-ja-toorjuustukreemiga\\\/#breadcrumb\",\"itemListElement\":[{\"@type\":\"ListItem\",\"position\":1,\"name\":\"Esileht\",\"item\":\"https:\\\/\\\/miilakoogid.ee\\\/\"},{\"@type\":\"ListItem\",\"position\":2,\"name\":\"E-Pood\",\"item\":\"https:\\\/\\\/miilakoogid.ee\\\/e-pood\\\/\"},{\"@type\":\"ListItem\",\"position\":3,\"name\":\"Veebikoolitus &#8220;Brownie tassikoogid soolakaramelli ja toorjuustukreemiga&#8221;\"}]},{\"@type\":\"WebSite\",\"@id\":\"https:\\\/\\\/miilakoogid.ee\\\/#website\",\"url\":\"https:\\\/\\\/miilakoogid.ee\\\/\",\"name\":\"Miila koogid\",\"description\":\"K\u00fcpsetamise veebikoolitused\",\"publisher\":{\"@id\":\"https:\\\/\\\/miilakoogid.ee\\\/#organization\"},\"potentialAction\":[{\"@type\":\"SearchAction\",\"target\":{\"@type\":\"EntryPoint\",\"urlTemplate\":\"https:\\\/\\\/miilakoogid.ee\\\/?s={search_term_string}\"},\"query-input\":{\"@type\":\"PropertyValueSpecification\",\"valueRequired\":true,\"valueName\":\"search_term_string\"}}],\"inLanguage\":\"en-US\"},{\"@type\":\"Organization\",\"@id\":\"https:\\\/\\\/miilakoogid.ee\\\/#organization\",\"name\":\"Miila koogid\",\"url\":\"https:\\\/\\\/miilakoogid.ee\\\/\",\"logo\":{\"@type\":\"ImageObject\",\"inLanguage\":\"en-US\",\"@id\":\"https:\\\/\\\/miilakoogid.ee\\\/#\\\/schema\\\/logo\\\/image\\\/\",\"url\":\"https:\\\/\\\/miilakoogid.ee\\\/wp-content\\\/uploads\\\/2024\\\/10\\\/Miila-koogid-1.svg\",\"contentUrl\":\"https:\\\/\\\/miilakoogid.ee\\\/wp-content\\\/uploads\\\/2024\\\/10\\\/Miila-koogid-1.svg\",\"width\":100,\"height\":100,\"caption\":\"Miila koogid\"},\"image\":{\"@id\":\"https:\\\/\\\/miilakoogid.ee\\\/#\\\/schema\\\/logo\\\/image\\\/\"}}]}<\/script>\n<!-- \/ Yoast SEO plugin. -->","yoast_head_json":{"title":"Veebikoolitus \"Brownie tassikoogid soolakaramelli ja toorjuustukreemiga\" - Miila koogid","description":"Need m\u00f5nusalt \u0161okolaadised ja soolase karamelliga tassikoogid v\u00f5iksid kaunistada sinu j\u00e4rgmist pidulauda. \u00d5pi ise valmistama neid h\u00f5rgutisi.","robots":{"index":"index","follow":"follow","max-snippet":"max-snippet:-1","max-image-preview":"max-image-preview:large","max-video-preview":"max-video-preview:-1"},"canonical":"https:\/\/miilakoogid.ee\/en\/product\/veebikoolitus-brownie-tassikoogid-soolakaramelli-ja-toorjuustukreemiga\/","og_locale":"en_US","og_type":"article","og_title":"Veebikoolitus \"Brownie tassikoogid soolakaramelli ja toorjuustukreemiga\" - Miila koogid","og_description":"Need m\u00f5nusalt \u0161okolaadised ja soolase karamelliga tassikoogid v\u00f5iksid kaunistada sinu j\u00e4rgmist pidulauda. \u00d5pi ise valmistama neid h\u00f5rgutisi.","og_url":"https:\/\/miilakoogid.ee\/en\/product\/veebikoolitus-brownie-tassikoogid-soolakaramelli-ja-toorjuustukreemiga\/","og_site_name":"Miila koogid","article_modified_time":"2025-09-11T20:49:54+00:00","og_image":[{"width":1080,"height":1080,"url":"https:\/\/miilakoogid.ee\/wp-content\/uploads\/2024\/03\/Tassikoogid-2.png","type":"image\/png"}],"twitter_card":"summary_large_image","twitter_misc":{"Est. reading time":"1 minute"},"schema":{"@context":"https:\/\/schema.org","@graph":[{"@type":"WebPage","@id":"https:\/\/miilakoogid.ee\/product\/veebikoolitus-brownie-tassikoogid-soolakaramelli-ja-toorjuustukreemiga\/","url":"https:\/\/miilakoogid.ee\/product\/veebikoolitus-brownie-tassikoogid-soolakaramelli-ja-toorjuustukreemiga\/","name":"Veebikoolitus \"Brownie tassikoogid soolakaramelli ja toorjuustukreemiga\" - Miila koogid","isPartOf":{"@id":"https:\/\/miilakoogid.ee\/#website"},"primaryImageOfPage":{"@id":"https:\/\/miilakoogid.ee\/product\/veebikoolitus-brownie-tassikoogid-soolakaramelli-ja-toorjuustukreemiga\/#primaryimage"},"image":{"@id":"https:\/\/miilakoogid.ee\/product\/veebikoolitus-brownie-tassikoogid-soolakaramelli-ja-toorjuustukreemiga\/#primaryimage"},"thumbnailUrl":"https:\/\/miilakoogid.ee\/wp-content\/uploads\/2024\/03\/Tassikoogid-2.png","datePublished":"2024-08-22T09:39:37+00:00","dateModified":"2025-09-11T20:49:54+00:00","description":"Need m\u00f5nusalt \u0161okolaadised ja soolase karamelliga tassikoogid v\u00f5iksid kaunistada sinu j\u00e4rgmist pidulauda. \u00d5pi ise valmistama neid h\u00f5rgutisi.","breadcrumb":{"@id":"https:\/\/miilakoogid.ee\/product\/veebikoolitus-brownie-tassikoogid-soolakaramelli-ja-toorjuustukreemiga\/#breadcrumb"},"inLanguage":"en-US","potentialAction":[{"@type":"ReadAction","target":["https:\/\/miilakoogid.ee\/product\/veebikoolitus-brownie-tassikoogid-soolakaramelli-ja-toorjuustukreemiga\/"]}]},{"@type":"ImageObject","inLanguage":"en-US","@id":"https:\/\/miilakoogid.ee\/product\/veebikoolitus-brownie-tassikoogid-soolakaramelli-ja-toorjuustukreemiga\/#primaryimage","url":"https:\/\/miilakoogid.ee\/wp-content\/uploads\/2024\/03\/Tassikoogid-2.png","contentUrl":"https:\/\/miilakoogid.ee\/wp-content\/uploads\/2024\/03\/Tassikoogid-2.png","width":1080,"height":1080},{"@type":"BreadcrumbList","@id":"https:\/\/miilakoogid.ee\/product\/veebikoolitus-brownie-tassikoogid-soolakaramelli-ja-toorjuustukreemiga\/#breadcrumb","itemListElement":[{"@type":"ListItem","position":1,"name":"Esileht","item":"https:\/\/miilakoogid.ee\/"},{"@type":"ListItem","position":2,"name":"E-Pood","item":"https:\/\/miilakoogid.ee\/e-pood\/"},{"@type":"ListItem","position":3,"name":"Veebikoolitus &#8220;Brownie tassikoogid soolakaramelli ja toorjuustukreemiga&#8221;"}]},{"@type":"WebSite","@id":"https:\/\/miilakoogid.ee\/#website","url":"https:\/\/miilakoogid.ee\/","name":"Miila koogid","description":"K\u00fcpsetamise veebikoolitused","publisher":{"@id":"https:\/\/miilakoogid.ee\/#organization"},"potentialAction":[{"@type":"SearchAction","target":{"@type":"EntryPoint","urlTemplate":"https:\/\/miilakoogid.ee\/?s={search_term_string}"},"query-input":{"@type":"PropertyValueSpecification","valueRequired":true,"valueName":"search_term_string"}}],"inLanguage":"en-US"},{"@type":"Organization","@id":"https:\/\/miilakoogid.ee\/#organization","name":"Miila koogid","url":"https:\/\/miilakoogid.ee\/","logo":{"@type":"ImageObject","inLanguage":"en-US","@id":"https:\/\/miilakoogid.ee\/#\/schema\/logo\/image\/","url":"https:\/\/miilakoogid.ee\/wp-content\/uploads\/2024\/10\/Miila-koogid-1.svg","contentUrl":"https:\/\/miilakoogid.ee\/wp-content\/uploads\/2024\/10\/Miila-koogid-1.svg","width":100,"height":100,"caption":"Miila koogid"},"image":{"@id":"https:\/\/miilakoogid.ee\/#\/schema\/logo\/image\/"}}]}},"_links":{"self":[{"href":"https:\/\/miilakoogid.ee\/en\/wp-json\/wp\/v2\/product\/2905","targetHints":{"allow":["GET"]}}],"collection":[{"href":"https:\/\/miilakoogid.ee\/en\/wp-json\/wp\/v2\/product"}],"about":[{"href":"https:\/\/miilakoogid.ee\/en\/wp-json\/wp\/v2\/types\/product"}],"replies":[{"embeddable":true,"href":"https:\/\/miilakoogid.ee\/en\/wp-json\/wp\/v2\/comments?post=2905"}],"version-history":[{"count":1,"href":"https:\/\/miilakoogid.ee\/en\/wp-json\/wp\/v2\/product\/2905\/revisions"}],"predecessor-version":[{"id":8997,"href":"https:\/\/miilakoogid.ee\/en\/wp-json\/wp\/v2\/product\/2905\/revisions\/8997"}],"wp:featuredmedia":[{"embeddable":true,"href":"https:\/\/miilakoogid.ee\/en\/wp-json\/wp\/v2\/media\/1892"}],"wp:attachment":[{"href":"https:\/\/miilakoogid.ee\/en\/wp-json\/wp\/v2\/media?parent=2905"}],"wp:term":[{"taxonomy":"product_brand","embeddable":true,"href":"https:\/\/miilakoogid.ee\/en\/wp-json\/wp\/v2\/product_brand?post=2905"},{"taxonomy":"product_cat","embeddable":true,"href":"https:\/\/miilakoogid.ee\/en\/wp-json\/wp\/v2\/product_cat?post=2905"},{"taxonomy":"product_tag","embeddable":true,"href":"https:\/\/miilakoogid.ee\/en\/wp-json\/wp\/v2\/product_tag?post=2905"}],"curies":[{"name":"wp","href":"https:\/\/api.w.org\/{rel}","templated":true}]}}