{"id":2904,"date":"2025-01-13T09:37:57","date_gmt":"2025-01-13T07:37:57","guid":{"rendered":"https:\/\/miilakoogid.ee\/?post_type=product&#038;p=2904"},"modified":"2026-03-29T09:01:57","modified_gmt":"2026-03-29T06:01:57","slug":"veebikoolitus-vastlakuklid","status":"publish","type":"product","link":"https:\/\/miilakoogid.ee\/en\/product\/veebikoolitus-vastlakuklid\/","title":{"rendered":"Online course \u201cShrove Tuesday Buns\u201d"},"content":{"rendered":"<p>Koolitus on sobilik t\u00e4iesti algajale kodukokkajale, piisab vaid suurest k\u00fcpsetushuvist.<\/p>\n<p><strong>Topics covered in the training:<\/strong><\/p>\n<ul>\n<li><span style=\"font-weight: 400;\">Pre-fermentation<\/span><\/li>\n<li><span style=\"font-weight: 400;\">Dough preparation + rising<\/span><\/li>\n<li><span style=\"font-weight: 400;\">Shaping the buns<\/span><\/li>\n<li><span style=\"font-weight: 400;\">Bakng the buns<\/span><\/li>\n<li><span style=\"font-weight: 400;\">Black currant jam<\/span><\/li>\n<li>Cherry jam<\/li>\n<li><span style=\"font-weight: 400;\">Almond paste<\/span><\/li>\n<li>Marzipan filling<\/li>\n<li><span style=\"font-weight: 400;\">Whipped cream and chocolate cream<\/span><\/li>\n<li>Assembling the buns<\/li>\n<\/ul>\n<p><b>Veebikoolitus sisaldab<\/b><span style=\"font-weight: 400;\">:<\/span><\/p>\n<ul>\n<li data-start=\"1227\" data-end=\"1288\">Samm-sammulisi \u00f5ppevideosid vastlakuklite valmistamiseks<\/li>\n<li data-start=\"1227\" data-end=\"1288\">Allalaetavat faili retseptide ja valmistamis\u00f5petustega<\/li>\n<li data-start=\"1348\" data-end=\"1451\">\n<p data-start=\"1350\" data-end=\"1451\">Piiramatut ligip\u00e4\u00e4su \u00f5ppevideotele ja \u00f5ppematerjalidele \u2013 saad \u00f5ppida endale sobival ajal ja tempos<\/p>\n<\/li>\n<\/ul>","protected":false},"excerpt":{"rendered":"<p>You've surely eaten plenty of muffins in your life and repeatedly wondered how they're so soft and delicious?<br \/>\nN\u00fc\u00fcd on sul v\u00f5imalus teha ise pagarikoja v\u00e4\u00e4rilised vastlakuklid.<\/p>\n<p>\u00d5pid tegema eelkergitusega \u00f5hulist kardemoni kuklit, erinevaid t\u00e4idiseid kukli sisse ja rammusat vahukoorekreemi.<\/p>\n<ul>\n<li><strong>Vastlakukkel musta s\u00f5stra moosi ja vahukoorega<\/strong><\/li>\n<li><strong>Vastlakukkel kirsimoosi ja \u0161okolaadivahuga<\/strong><\/li>\n<li><strong>Vastlakukkel martsipani ja vahukoorega<\/strong><\/li>\n<\/ul>\n<p>Ps! Lisaks leiad allalaetavate materjalide hulgast <strong>hamburgerikuklite<\/strong> retsepti ja <strong>peedikuklite<\/strong> valmistamiseks juhised.<\/p>\n<p>Olles soetanud veebikoolituse, saad liituda <a href=\"https:\/\/www.facebook.com\/groups\/1345815353548352\">Miila Koogiklubiga<\/a>&#8211; s\u00f5bralik Facebooki grupp, kus jagame ideid, nippe ja retseptide edasiarendusi. Seal saad k\u00fcsida k\u00fcsimusi, jagada oma \u00f5nnestumisi ja leida toetust teistelt k\u00fcpsetajatelt.<\/p>","protected":false},"featured_media":10963,"comment_status":"open","ping_status":"closed","template":"","meta":{"site-sidebar-layout":"default","site-content-layout":"","ast-site-content-layout":"default","site-content-style":"default","site-sidebar-style":"default","ast-global-header-display":"","ast-banner-title-visibility":"","ast-main-header-display":"","ast-hfb-above-header-display":"","ast-hfb-below-header-display":"","ast-hfb-mobile-header-display":"","site-post-title":"","ast-breadcrumbs-content":"","ast-featured-img":"","footer-sml-layout":"","ast-disable-related-posts":"","theme-transparent-header-meta":"default","adv-header-id-meta":"","stick-header-meta":"","header-above-stick-meta":"","header-main-stick-meta":"","header-below-stick-meta":"","astra-migrate-meta-layouts":"set","ast-page-background-enabled":"default","ast-page-background-meta":{"desktop":{"background-color":"","background-image":"","background-repeat":"repeat","background-position":"center center","background-size":"auto","background-attachment":"scroll","background-type":"","background-media":"","overlay-type":"","overlay-color":"","overlay-opacity":"","overlay-gradient":""},"tablet":{"background-color":"","background-image":"","background-repeat":"repeat","background-position":"center center","background-size":"auto","background-attachment":"scroll","background-type":"","background-media":"","overlay-type":"","overlay-color":"","overlay-opacity":"","overlay-gradient":""},"mobile":{"background-color":"","background-image":"","background-repeat":"repeat","background-position":"center center","background-size":"auto","background-attachment":"scroll","background-type":"","background-media":"","overlay-type":"","overlay-color":"","overlay-opacity":"","overlay-gradient":""}},"ast-content-background-meta":{"desktop":{"background-color":"var(--ast-global-color-5)","background-image":"","background-repeat":"repeat","background-position":"center center","background-size":"auto","background-attachment":"scroll","background-type":"","background-media":"","overlay-type":"","overlay-color":"","overlay-opacity":"","overlay-gradient":""},"tablet":{"background-color":"var(--ast-global-color-5)","background-image":"","background-repeat":"repeat","background-position":"center center","background-size":"auto","background-attachment":"scroll","background-type":"","background-media":"","overlay-type":"","overlay-color":"","overlay-opacity":"","overlay-gradient":""},"mobile":{"background-color":"var(--ast-global-color-5)","background-image":"","background-repeat":"repeat","background-position":"center center","background-size":"auto","background-attachment":"scroll","background-type":"","background-media":"","overlay-type":"","overlay-color":"","overlay-opacity":"","overlay-gradient":""}}},"product_brand":[],"product_cat":[24],"product_tag":[77,76,78,72],"class_list":{"0":"post-2904","1":"product","2":"type-product","3":"status-publish","4":"has-post-thumbnail","6":"product_cat-veebikoolitused","7":"product_tag-parmitainas","8":"product_tag-vastlakuklid","9":"product_tag-vastlapaev","10":"product_tag-veebikoolitus","11":"desktop-align-center","12":"tablet-align-left","13":"mobile-align-left","15":"first","16":"instock","17":"downloadable","18":"virtual","19":"sold-individually","20":"taxable","21":"purchasable","22":"product-type-course"},"yoast_head":"<!-- This site is optimized with the Yoast SEO plugin v27.4 - https:\/\/yoast.com\/product\/yoast-seo-wordpress\/ -->\n<title>Veebikoolitus &quot;Vastlakuklid&quot; - Miila koogid<\/title>\n<meta name=\"description\" content=\"Kindlasti oled elu jooksul palju kukleid s\u00f6\u00f6nud ja korduvalt m\u00f5elnud, et kuidas need ikkagi nii pehmed ja maitsvad on? N\u00fc\u00fcd on sul v\u00f5imalus teha ise pagarikoja v\u00e4\u00e4rilised vastlakuklid.\" \/>\n<meta name=\"robots\" content=\"index, follow, max-snippet:-1, max-image-preview:large, max-video-preview:-1\" \/>\n<link rel=\"canonical\" href=\"https:\/\/miilakoogid.ee\/en\/product\/veebikoolitus-vastlakuklid\/\" \/>\n<meta property=\"og:locale\" content=\"en_US\" \/>\n<meta property=\"og:type\" content=\"article\" \/>\n<meta property=\"og:title\" content=\"Veebikoolitus &quot;Vastlakuklid&quot; - Miila koogid\" \/>\n<meta property=\"og:description\" content=\"Kindlasti oled elu jooksul palju kukleid s\u00f6\u00f6nud ja korduvalt m\u00f5elnud, et kuidas need ikkagi nii pehmed ja maitsvad on? N\u00fc\u00fcd on sul v\u00f5imalus teha ise pagarikoja v\u00e4\u00e4rilised vastlakuklid.\" \/>\n<meta property=\"og:url\" content=\"https:\/\/miilakoogid.ee\/en\/product\/veebikoolitus-vastlakuklid\/\" \/>\n<meta property=\"og:site_name\" content=\"Miila koogid\" \/>\n<meta property=\"article:modified_time\" content=\"2026-03-29T06:01:57+00:00\" \/>\n<meta property=\"og:image\" content=\"https:\/\/miilakoogid.ee\/wp-content\/uploads\/2024\/04\/MII01730-scaled-e1768123339401.jpg\" \/>\n\t<meta property=\"og:image:width\" content=\"1707\" \/>\n\t<meta property=\"og:image:height\" content=\"1707\" \/>\n\t<meta property=\"og:image:type\" content=\"image\/jpeg\" \/>\n<meta name=\"twitter:card\" content=\"summary_large_image\" \/>\n<meta name=\"twitter:label1\" content=\"Est. reading time\" \/>\n\t<meta name=\"twitter:data1\" content=\"1 minute\" \/>\n<script type=\"application\/ld+json\" class=\"yoast-schema-graph\">{\"@context\":\"https:\\\/\\\/schema.org\",\"@graph\":[{\"@type\":\"WebPage\",\"@id\":\"https:\\\/\\\/miilakoogid.ee\\\/product\\\/veebikoolitus-vastlakuklid\\\/\",\"url\":\"https:\\\/\\\/miilakoogid.ee\\\/product\\\/veebikoolitus-vastlakuklid\\\/\",\"name\":\"Veebikoolitus \\\"Vastlakuklid\\\" - Miila koogid\",\"isPartOf\":{\"@id\":\"https:\\\/\\\/miilakoogid.ee\\\/#website\"},\"primaryImageOfPage\":{\"@id\":\"https:\\\/\\\/miilakoogid.ee\\\/product\\\/veebikoolitus-vastlakuklid\\\/#primaryimage\"},\"image\":{\"@id\":\"https:\\\/\\\/miilakoogid.ee\\\/product\\\/veebikoolitus-vastlakuklid\\\/#primaryimage\"},\"thumbnailUrl\":\"https:\\\/\\\/miilakoogid.ee\\\/wp-content\\\/uploads\\\/2024\\\/04\\\/MII01730-scaled-e1768123339401.jpg\",\"datePublished\":\"2025-01-13T07:37:57+00:00\",\"dateModified\":\"2026-03-29T06:01:57+00:00\",\"description\":\"Kindlasti oled elu jooksul palju kukleid s\u00f6\u00f6nud ja korduvalt m\u00f5elnud, et kuidas need ikkagi nii pehmed ja maitsvad on? N\u00fc\u00fcd on sul v\u00f5imalus teha ise pagarikoja v\u00e4\u00e4rilised vastlakuklid.\",\"breadcrumb\":{\"@id\":\"https:\\\/\\\/miilakoogid.ee\\\/product\\\/veebikoolitus-vastlakuklid\\\/#breadcrumb\"},\"inLanguage\":\"en-US\",\"potentialAction\":[{\"@type\":\"ReadAction\",\"target\":[\"https:\\\/\\\/miilakoogid.ee\\\/product\\\/veebikoolitus-vastlakuklid\\\/\"]}]},{\"@type\":\"ImageObject\",\"inLanguage\":\"en-US\",\"@id\":\"https:\\\/\\\/miilakoogid.ee\\\/product\\\/veebikoolitus-vastlakuklid\\\/#primaryimage\",\"url\":\"https:\\\/\\\/miilakoogid.ee\\\/wp-content\\\/uploads\\\/2024\\\/04\\\/MII01730-scaled-e1768123339401.jpg\",\"contentUrl\":\"https:\\\/\\\/miilakoogid.ee\\\/wp-content\\\/uploads\\\/2024\\\/04\\\/MII01730-scaled-e1768123339401.jpg\",\"width\":1707,\"height\":1707},{\"@type\":\"BreadcrumbList\",\"@id\":\"https:\\\/\\\/miilakoogid.ee\\\/product\\\/veebikoolitus-vastlakuklid\\\/#breadcrumb\",\"itemListElement\":[{\"@type\":\"ListItem\",\"position\":1,\"name\":\"Esileht\",\"item\":\"https:\\\/\\\/miilakoogid.ee\\\/\"},{\"@type\":\"ListItem\",\"position\":2,\"name\":\"E-Pood\",\"item\":\"https:\\\/\\\/miilakoogid.ee\\\/e-pood\\\/\"},{\"@type\":\"ListItem\",\"position\":3,\"name\":\"Veebikoolitus &#8220;Vastlakuklid&#8221;\"}]},{\"@type\":\"WebSite\",\"@id\":\"https:\\\/\\\/miilakoogid.ee\\\/#website\",\"url\":\"https:\\\/\\\/miilakoogid.ee\\\/\",\"name\":\"Miila koogid\",\"description\":\"K\u00fcpsetamise veebikoolitused\",\"publisher\":{\"@id\":\"https:\\\/\\\/miilakoogid.ee\\\/#organization\"},\"potentialAction\":[{\"@type\":\"SearchAction\",\"target\":{\"@type\":\"EntryPoint\",\"urlTemplate\":\"https:\\\/\\\/miilakoogid.ee\\\/?s={search_term_string}\"},\"query-input\":{\"@type\":\"PropertyValueSpecification\",\"valueRequired\":true,\"valueName\":\"search_term_string\"}}],\"inLanguage\":\"en-US\"},{\"@type\":\"Organization\",\"@id\":\"https:\\\/\\\/miilakoogid.ee\\\/#organization\",\"name\":\"Miila koogid\",\"url\":\"https:\\\/\\\/miilakoogid.ee\\\/\",\"logo\":{\"@type\":\"ImageObject\",\"inLanguage\":\"en-US\",\"@id\":\"https:\\\/\\\/miilakoogid.ee\\\/#\\\/schema\\\/logo\\\/image\\\/\",\"url\":\"https:\\\/\\\/miilakoogid.ee\\\/wp-content\\\/uploads\\\/2024\\\/10\\\/Miila-koogid-1.svg\",\"contentUrl\":\"https:\\\/\\\/miilakoogid.ee\\\/wp-content\\\/uploads\\\/2024\\\/10\\\/Miila-koogid-1.svg\",\"width\":100,\"height\":100,\"caption\":\"Miila koogid\"},\"image\":{\"@id\":\"https:\\\/\\\/miilakoogid.ee\\\/#\\\/schema\\\/logo\\\/image\\\/\"}}]}<\/script>\n<!-- \/ Yoast SEO plugin. -->","yoast_head_json":{"title":"Veebikoolitus \"Vastlakuklid\" - Miila koogid","description":"Kindlasti oled elu jooksul palju kukleid s\u00f6\u00f6nud ja korduvalt m\u00f5elnud, et kuidas need ikkagi nii pehmed ja maitsvad on? N\u00fc\u00fcd on sul v\u00f5imalus teha ise pagarikoja v\u00e4\u00e4rilised vastlakuklid.","robots":{"index":"index","follow":"follow","max-snippet":"max-snippet:-1","max-image-preview":"max-image-preview:large","max-video-preview":"max-video-preview:-1"},"canonical":"https:\/\/miilakoogid.ee\/en\/product\/veebikoolitus-vastlakuklid\/","og_locale":"en_US","og_type":"article","og_title":"Veebikoolitus \"Vastlakuklid\" - Miila koogid","og_description":"Kindlasti oled elu jooksul palju kukleid s\u00f6\u00f6nud ja korduvalt m\u00f5elnud, et kuidas need ikkagi nii pehmed ja maitsvad on? N\u00fc\u00fcd on sul v\u00f5imalus teha ise pagarikoja v\u00e4\u00e4rilised vastlakuklid.","og_url":"https:\/\/miilakoogid.ee\/en\/product\/veebikoolitus-vastlakuklid\/","og_site_name":"Miila koogid","article_modified_time":"2026-03-29T06:01:57+00:00","og_image":[{"width":1707,"height":1707,"url":"https:\/\/miilakoogid.ee\/wp-content\/uploads\/2024\/04\/MII01730-scaled-e1768123339401.jpg","type":"image\/jpeg"}],"twitter_card":"summary_large_image","twitter_misc":{"Est. reading time":"1 minute"},"schema":{"@context":"https:\/\/schema.org","@graph":[{"@type":"WebPage","@id":"https:\/\/miilakoogid.ee\/product\/veebikoolitus-vastlakuklid\/","url":"https:\/\/miilakoogid.ee\/product\/veebikoolitus-vastlakuklid\/","name":"Veebikoolitus \"Vastlakuklid\" - Miila koogid","isPartOf":{"@id":"https:\/\/miilakoogid.ee\/#website"},"primaryImageOfPage":{"@id":"https:\/\/miilakoogid.ee\/product\/veebikoolitus-vastlakuklid\/#primaryimage"},"image":{"@id":"https:\/\/miilakoogid.ee\/product\/veebikoolitus-vastlakuklid\/#primaryimage"},"thumbnailUrl":"https:\/\/miilakoogid.ee\/wp-content\/uploads\/2024\/04\/MII01730-scaled-e1768123339401.jpg","datePublished":"2025-01-13T07:37:57+00:00","dateModified":"2026-03-29T06:01:57+00:00","description":"Kindlasti oled elu jooksul palju kukleid s\u00f6\u00f6nud ja korduvalt m\u00f5elnud, et kuidas need ikkagi nii pehmed ja maitsvad on? N\u00fc\u00fcd on sul v\u00f5imalus teha ise pagarikoja v\u00e4\u00e4rilised vastlakuklid.","breadcrumb":{"@id":"https:\/\/miilakoogid.ee\/product\/veebikoolitus-vastlakuklid\/#breadcrumb"},"inLanguage":"en-US","potentialAction":[{"@type":"ReadAction","target":["https:\/\/miilakoogid.ee\/product\/veebikoolitus-vastlakuklid\/"]}]},{"@type":"ImageObject","inLanguage":"en-US","@id":"https:\/\/miilakoogid.ee\/product\/veebikoolitus-vastlakuklid\/#primaryimage","url":"https:\/\/miilakoogid.ee\/wp-content\/uploads\/2024\/04\/MII01730-scaled-e1768123339401.jpg","contentUrl":"https:\/\/miilakoogid.ee\/wp-content\/uploads\/2024\/04\/MII01730-scaled-e1768123339401.jpg","width":1707,"height":1707},{"@type":"BreadcrumbList","@id":"https:\/\/miilakoogid.ee\/product\/veebikoolitus-vastlakuklid\/#breadcrumb","itemListElement":[{"@type":"ListItem","position":1,"name":"Esileht","item":"https:\/\/miilakoogid.ee\/"},{"@type":"ListItem","position":2,"name":"E-Pood","item":"https:\/\/miilakoogid.ee\/e-pood\/"},{"@type":"ListItem","position":3,"name":"Veebikoolitus &#8220;Vastlakuklid&#8221;"}]},{"@type":"WebSite","@id":"https:\/\/miilakoogid.ee\/#website","url":"https:\/\/miilakoogid.ee\/","name":"Miila koogid","description":"K\u00fcpsetamise veebikoolitused","publisher":{"@id":"https:\/\/miilakoogid.ee\/#organization"},"potentialAction":[{"@type":"SearchAction","target":{"@type":"EntryPoint","urlTemplate":"https:\/\/miilakoogid.ee\/?s={search_term_string}"},"query-input":{"@type":"PropertyValueSpecification","valueRequired":true,"valueName":"search_term_string"}}],"inLanguage":"en-US"},{"@type":"Organization","@id":"https:\/\/miilakoogid.ee\/#organization","name":"Miila koogid","url":"https:\/\/miilakoogid.ee\/","logo":{"@type":"ImageObject","inLanguage":"en-US","@id":"https:\/\/miilakoogid.ee\/#\/schema\/logo\/image\/","url":"https:\/\/miilakoogid.ee\/wp-content\/uploads\/2024\/10\/Miila-koogid-1.svg","contentUrl":"https:\/\/miilakoogid.ee\/wp-content\/uploads\/2024\/10\/Miila-koogid-1.svg","width":100,"height":100,"caption":"Miila koogid"},"image":{"@id":"https:\/\/miilakoogid.ee\/#\/schema\/logo\/image\/"}}]}},"_links":{"self":[{"href":"https:\/\/miilakoogid.ee\/en\/wp-json\/wp\/v2\/product\/2904","targetHints":{"allow":["GET"]}}],"collection":[{"href":"https:\/\/miilakoogid.ee\/en\/wp-json\/wp\/v2\/product"}],"about":[{"href":"https:\/\/miilakoogid.ee\/en\/wp-json\/wp\/v2\/types\/product"}],"replies":[{"embeddable":true,"href":"https:\/\/miilakoogid.ee\/en\/wp-json\/wp\/v2\/comments?post=2904"}],"version-history":[{"count":5,"href":"https:\/\/miilakoogid.ee\/en\/wp-json\/wp\/v2\/product\/2904\/revisions"}],"predecessor-version":[{"id":11130,"href":"https:\/\/miilakoogid.ee\/en\/wp-json\/wp\/v2\/product\/2904\/revisions\/11130"}],"wp:featuredmedia":[{"embeddable":true,"href":"https:\/\/miilakoogid.ee\/en\/wp-json\/wp\/v2\/media\/10963"}],"wp:attachment":[{"href":"https:\/\/miilakoogid.ee\/en\/wp-json\/wp\/v2\/media?parent=2904"}],"wp:term":[{"taxonomy":"product_brand","embeddable":true,"href":"https:\/\/miilakoogid.ee\/en\/wp-json\/wp\/v2\/product_brand?post=2904"},{"taxonomy":"product_cat","embeddable":true,"href":"https:\/\/miilakoogid.ee\/en\/wp-json\/wp\/v2\/product_cat?post=2904"},{"taxonomy":"product_tag","embeddable":true,"href":"https:\/\/miilakoogid.ee\/en\/wp-json\/wp\/v2\/product_tag?post=2904"}],"curies":[{"name":"wp","href":"https:\/\/api.w.org\/{rel}","templated":true}]}}