{"id":2888,"date":"2024-04-05T19:00:50","date_gmt":"2024-04-05T19:00:50","guid":{"rendered":"https:\/\/miilakoogid.ee\/?post_type=product&#038;p=2888"},"modified":"2025-08-08T11:05:00","modified_gmt":"2025-08-08T11:05:00","slug":"parmitaignast-tooted-retseptid","status":"publish","type":"product","link":"https:\/\/miilakoogid.ee\/en\/product\/parmitaignast-tooted-retseptid\/","title":{"rendered":"P\u00e4rmitaignast tooted"},"content":{"rendered":"<p><b>Materjalid sisaldavad retsepte ja juhiseid, et valmistada:<\/b><\/p>\n<ul>\n<li>Eelkergituseta p\u00e4rmitainast<\/li>\n<li>Basiilikupestot<\/li>\n<li>Pesto ja mozzarella babka vormimine ja k\u00fcpsetamine<\/li>\n<li>\u0160okolaadi- banaani p\u00f5imiku vormimine ja k\u00fcpsetamine<\/li>\n<li>Toorjuustut\u00e4idist<\/li>\n<li>Kookoskr\u00f5bedikku<\/li>\n<li>Vaarika- toorjuusturullide vormimine ja k\u00fcpsetamine<\/li>\n<\/ul>\n<p><em>Retseptidele ligip\u00e4\u00e4suks registreeri kasutajaks v\u00f5i logi sisse. Peale ostu sooritamist saab materjalid alla laadida &#8220;minu konto&#8221; alt.<\/em><\/p>","protected":false},"excerpt":{"rendered":"<p><span style=\"font-weight: 400;\">1 tainas, 3 t\u00e4iesti eri v\u00e4limuse ja maitsega k\u00fcpsetist.<\/span><\/p>\n<ul>\n<li><strong>Banaani- \u0161okolaadi p\u00f5imik<\/strong><\/li>\n<li><strong>Vaarika- toorjuusturullid kookoskr\u00f5bedikuga<\/strong><\/li>\n<li><strong>Pesto ja mozzarella babka<\/strong><\/li>\n<\/ul>\n<p><span style=\"font-weight: 400;\">Babka on vormis k\u00fcpsetatud sai, mis j\u00e4tab k\u00fcpsetise eriti mahlaseks ja pehmeks. Lahti l\u00f5igates on imelised rohelised viirud, mis tulevad basiilikupestost.<br \/>\n<\/span><span style=\"font-weight: 400;\">Banaani- \u0161okolaadi p\u00f5imik on \u00fcks \u00fctlemata kiire ettevalmistusajaga k\u00fcpsetis.<br \/>\n<\/span><span style=\"font-weight: 400;\">Kreemise toorjuustut\u00e4idise sees on m\u00f5nusad hapud vaarikad, saiakesele lisab tekstuuri kookoskr\u00f5bedik.<\/span><\/p>\n<p><em>Ps! Ainult retseptid sobivad edasij\u00f5udnutele. P\u00f5hjalikumaks \u00f5ppeks soovitan soetada veebikoolituse (sisaldab ka \u00f5ppevideo).<\/em><\/p>\n<p>&nbsp;<\/p>","protected":false},"featured_media":2518,"comment_status":"open","ping_status":"closed","template":"","meta":{"site-sidebar-layout":"default","site-content-layout":"","ast-site-content-layout":"default","site-content-style":"default","site-sidebar-style":"default","ast-global-header-display":"","ast-banner-title-visibility":"","ast-main-header-display":"","ast-hfb-above-header-display":"","ast-hfb-below-header-display":"","ast-hfb-mobile-header-display":"","site-post-title":"","ast-breadcrumbs-content":"","ast-featured-img":"","footer-sml-layout":"","ast-disable-related-posts":"","theme-transparent-header-meta":"default","adv-header-id-meta":"","stick-header-meta":"","header-above-stick-meta":"","header-main-stick-meta":"","header-below-stick-meta":"","astra-migrate-meta-layouts":"set","ast-page-background-enabled":"default","ast-page-background-meta":{"desktop":{"background-color":"","background-image":"","background-repeat":"repeat","background-position":"center center","background-size":"auto","background-attachment":"scroll","background-type":"","background-media":"","overlay-type":"","overlay-color":"","overlay-opacity":"","overlay-gradient":""},"tablet":{"background-color":"","background-image":"","background-repeat":"repeat","background-position":"center center","background-size":"auto","background-attachment":"scroll","background-type":"","background-media":"","overlay-type":"","overlay-color":"","overlay-opacity":"","overlay-gradient":""},"mobile":{"background-color":"","background-image":"","background-repeat":"repeat","background-position":"center center","background-size":"auto","background-attachment":"scroll","background-type":"","background-media":"","overlay-type":"","overlay-color":"","overlay-opacity":"","overlay-gradient":""}},"ast-content-background-meta":{"desktop":{"background-color":"var(--ast-global-color-5)","background-image":"","background-repeat":"repeat","background-position":"center center","background-size":"auto","background-attachment":"scroll","background-type":"","background-media":"","overlay-type":"","overlay-color":"","overlay-opacity":"","overlay-gradient":""},"tablet":{"background-color":"var(--ast-global-color-5)","background-image":"","background-repeat":"repeat","background-position":"center center","background-size":"auto","background-attachment":"scroll","background-type":"","background-media":"","overlay-type":"","overlay-color":"","overlay-opacity":"","overlay-gradient":""},"mobile":{"background-color":"var(--ast-global-color-5)","background-image":"","background-repeat":"repeat","background-position":"center center","background-size":"auto","background-attachment":"scroll","background-type":"","background-media":"","overlay-type":"","overlay-color":"","overlay-opacity":"","overlay-gradient":""}}},"product_brand":[],"product_cat":[37],"product_tag":[79,80,77,81,84,83,82],"class_list":{"0":"post-2888","1":"product","2":"type-product","3":"status-publish","4":"has-post-thumbnail","6":"product_cat-retseptid","7":"product_tag-babka","8":"product_tag-kupsetised","9":"product_tag-parmitainas","10":"product_tag-pesto-ja-mozzarella-sai","11":"product_tag-retsept","12":"product_tag-sokolaadisai","13":"product_tag-toorjuusturullid","14":"desktop-align-center","15":"tablet-align-left","16":"mobile-align-left","18":"first","19":"instock","20":"downloadable","21":"virtual","22":"sold-individually","23":"taxable","24":"purchasable","25":"product-type-simple"},"yoast_head":"<!-- This site is optimized with the Yoast SEO plugin v27.4 - https:\/\/yoast.com\/product\/yoast-seo-wordpress\/ -->\n<title>P\u00e4rmitaignast tooted - Miila koogid<\/title>\n<meta name=\"description\" content=\"Iseseisvaks valmistamiseks allalaetavad retseptid. 3 p\u00e4rmitaignast toodet.\" \/>\n<meta name=\"robots\" content=\"index, follow, max-snippet:-1, max-image-preview:large, max-video-preview:-1\" \/>\n<link rel=\"canonical\" href=\"https:\/\/miilakoogid.ee\/en\/product\/parmitaignast-tooted-retseptid\/\" \/>\n<meta property=\"og:locale\" content=\"en_US\" \/>\n<meta property=\"og:type\" content=\"article\" \/>\n<meta property=\"og:title\" content=\"P\u00e4rmitaignast tooted - Miila koogid\" \/>\n<meta property=\"og:description\" content=\"Iseseisvaks valmistamiseks allalaetavad retseptid. 3 p\u00e4rmitaignast toodet.\" \/>\n<meta property=\"og:url\" content=\"https:\/\/miilakoogid.ee\/en\/product\/parmitaignast-tooted-retseptid\/\" \/>\n<meta property=\"og:site_name\" content=\"Miila koogid\" \/>\n<meta property=\"article:modified_time\" content=\"2025-08-08T11:05:00+00:00\" \/>\n<meta property=\"og:image\" content=\"https:\/\/miilakoogid.ee\/wp-content\/uploads\/2024\/04\/Parmitaignast-kupsetised-scaled.jpg\" \/>\n\t<meta property=\"og:image:width\" content=\"1920\" \/>\n\t<meta property=\"og:image:height\" content=\"2560\" \/>\n\t<meta property=\"og:image:type\" content=\"image\/jpeg\" \/>\n<meta name=\"twitter:card\" content=\"summary_large_image\" \/>\n<meta name=\"twitter:label1\" content=\"Est. reading time\" \/>\n\t<meta name=\"twitter:data1\" content=\"1 minute\" \/>\n<script type=\"application\/ld+json\" class=\"yoast-schema-graph\">{\"@context\":\"https:\\\/\\\/schema.org\",\"@graph\":[{\"@type\":\"WebPage\",\"@id\":\"https:\\\/\\\/miilakoogid.ee\\\/product\\\/parmitaignast-tooted-retseptid\\\/\",\"url\":\"https:\\\/\\\/miilakoogid.ee\\\/product\\\/parmitaignast-tooted-retseptid\\\/\",\"name\":\"P\u00e4rmitaignast tooted - Miila koogid\",\"isPartOf\":{\"@id\":\"https:\\\/\\\/miilakoogid.ee\\\/#website\"},\"primaryImageOfPage\":{\"@id\":\"https:\\\/\\\/miilakoogid.ee\\\/product\\\/parmitaignast-tooted-retseptid\\\/#primaryimage\"},\"image\":{\"@id\":\"https:\\\/\\\/miilakoogid.ee\\\/product\\\/parmitaignast-tooted-retseptid\\\/#primaryimage\"},\"thumbnailUrl\":\"https:\\\/\\\/miilakoogid.ee\\\/wp-content\\\/uploads\\\/2024\\\/04\\\/Parmitaignast-kupsetised-scaled-e1756710774235.jpg\",\"datePublished\":\"2024-04-05T19:00:50+00:00\",\"dateModified\":\"2025-08-08T11:05:00+00:00\",\"description\":\"Iseseisvaks valmistamiseks allalaetavad retseptid. 3 p\u00e4rmitaignast toodet.\",\"breadcrumb\":{\"@id\":\"https:\\\/\\\/miilakoogid.ee\\\/product\\\/parmitaignast-tooted-retseptid\\\/#breadcrumb\"},\"inLanguage\":\"en-US\",\"potentialAction\":[{\"@type\":\"ReadAction\",\"target\":[\"https:\\\/\\\/miilakoogid.ee\\\/product\\\/parmitaignast-tooted-retseptid\\\/\"]}]},{\"@type\":\"ImageObject\",\"inLanguage\":\"en-US\",\"@id\":\"https:\\\/\\\/miilakoogid.ee\\\/product\\\/parmitaignast-tooted-retseptid\\\/#primaryimage\",\"url\":\"https:\\\/\\\/miilakoogid.ee\\\/wp-content\\\/uploads\\\/2024\\\/04\\\/Parmitaignast-kupsetised-scaled-e1756710774235.jpg\",\"contentUrl\":\"https:\\\/\\\/miilakoogid.ee\\\/wp-content\\\/uploads\\\/2024\\\/04\\\/Parmitaignast-kupsetised-scaled-e1756710774235.jpg\",\"width\":1920,\"height\":1920},{\"@type\":\"BreadcrumbList\",\"@id\":\"https:\\\/\\\/miilakoogid.ee\\\/product\\\/parmitaignast-tooted-retseptid\\\/#breadcrumb\",\"itemListElement\":[{\"@type\":\"ListItem\",\"position\":1,\"name\":\"Esileht\",\"item\":\"https:\\\/\\\/miilakoogid.ee\\\/\"},{\"@type\":\"ListItem\",\"position\":2,\"name\":\"E-Pood\",\"item\":\"https:\\\/\\\/miilakoogid.ee\\\/e-pood\\\/\"},{\"@type\":\"ListItem\",\"position\":3,\"name\":\"P\u00e4rmitaignast tooted\"}]},{\"@type\":\"WebSite\",\"@id\":\"https:\\\/\\\/miilakoogid.ee\\\/#website\",\"url\":\"https:\\\/\\\/miilakoogid.ee\\\/\",\"name\":\"Miila koogid\",\"description\":\"K\u00fcpsetamise veebikoolitused\",\"publisher\":{\"@id\":\"https:\\\/\\\/miilakoogid.ee\\\/#organization\"},\"potentialAction\":[{\"@type\":\"SearchAction\",\"target\":{\"@type\":\"EntryPoint\",\"urlTemplate\":\"https:\\\/\\\/miilakoogid.ee\\\/?s={search_term_string}\"},\"query-input\":{\"@type\":\"PropertyValueSpecification\",\"valueRequired\":true,\"valueName\":\"search_term_string\"}}],\"inLanguage\":\"en-US\"},{\"@type\":\"Organization\",\"@id\":\"https:\\\/\\\/miilakoogid.ee\\\/#organization\",\"name\":\"Miila koogid\",\"url\":\"https:\\\/\\\/miilakoogid.ee\\\/\",\"logo\":{\"@type\":\"ImageObject\",\"inLanguage\":\"en-US\",\"@id\":\"https:\\\/\\\/miilakoogid.ee\\\/#\\\/schema\\\/logo\\\/image\\\/\",\"url\":\"https:\\\/\\\/miilakoogid.ee\\\/wp-content\\\/uploads\\\/2024\\\/10\\\/Miila-koogid-1.svg\",\"contentUrl\":\"https:\\\/\\\/miilakoogid.ee\\\/wp-content\\\/uploads\\\/2024\\\/10\\\/Miila-koogid-1.svg\",\"width\":100,\"height\":100,\"caption\":\"Miila koogid\"},\"image\":{\"@id\":\"https:\\\/\\\/miilakoogid.ee\\\/#\\\/schema\\\/logo\\\/image\\\/\"}}]}<\/script>\n<!-- \/ Yoast SEO plugin. -->","yoast_head_json":{"title":"P\u00e4rmitaignast tooted - Miila koogid","description":"Iseseisvaks valmistamiseks allalaetavad retseptid. 3 p\u00e4rmitaignast toodet.","robots":{"index":"index","follow":"follow","max-snippet":"max-snippet:-1","max-image-preview":"max-image-preview:large","max-video-preview":"max-video-preview:-1"},"canonical":"https:\/\/miilakoogid.ee\/en\/product\/parmitaignast-tooted-retseptid\/","og_locale":"en_US","og_type":"article","og_title":"P\u00e4rmitaignast tooted - Miila koogid","og_description":"Iseseisvaks valmistamiseks allalaetavad retseptid. 3 p\u00e4rmitaignast toodet.","og_url":"https:\/\/miilakoogid.ee\/en\/product\/parmitaignast-tooted-retseptid\/","og_site_name":"Miila koogid","article_modified_time":"2025-08-08T11:05:00+00:00","og_image":[{"width":1920,"height":2560,"url":"https:\/\/miilakoogid.ee\/wp-content\/uploads\/2024\/04\/Parmitaignast-kupsetised-scaled.jpg","type":"image\/jpeg"}],"twitter_card":"summary_large_image","twitter_misc":{"Est. reading time":"1 minute"},"schema":{"@context":"https:\/\/schema.org","@graph":[{"@type":"WebPage","@id":"https:\/\/miilakoogid.ee\/product\/parmitaignast-tooted-retseptid\/","url":"https:\/\/miilakoogid.ee\/product\/parmitaignast-tooted-retseptid\/","name":"P\u00e4rmitaignast tooted - Miila koogid","isPartOf":{"@id":"https:\/\/miilakoogid.ee\/#website"},"primaryImageOfPage":{"@id":"https:\/\/miilakoogid.ee\/product\/parmitaignast-tooted-retseptid\/#primaryimage"},"image":{"@id":"https:\/\/miilakoogid.ee\/product\/parmitaignast-tooted-retseptid\/#primaryimage"},"thumbnailUrl":"https:\/\/miilakoogid.ee\/wp-content\/uploads\/2024\/04\/Parmitaignast-kupsetised-scaled-e1756710774235.jpg","datePublished":"2024-04-05T19:00:50+00:00","dateModified":"2025-08-08T11:05:00+00:00","description":"Iseseisvaks valmistamiseks allalaetavad retseptid. 3 p\u00e4rmitaignast toodet.","breadcrumb":{"@id":"https:\/\/miilakoogid.ee\/product\/parmitaignast-tooted-retseptid\/#breadcrumb"},"inLanguage":"en-US","potentialAction":[{"@type":"ReadAction","target":["https:\/\/miilakoogid.ee\/product\/parmitaignast-tooted-retseptid\/"]}]},{"@type":"ImageObject","inLanguage":"en-US","@id":"https:\/\/miilakoogid.ee\/product\/parmitaignast-tooted-retseptid\/#primaryimage","url":"https:\/\/miilakoogid.ee\/wp-content\/uploads\/2024\/04\/Parmitaignast-kupsetised-scaled-e1756710774235.jpg","contentUrl":"https:\/\/miilakoogid.ee\/wp-content\/uploads\/2024\/04\/Parmitaignast-kupsetised-scaled-e1756710774235.jpg","width":1920,"height":1920},{"@type":"BreadcrumbList","@id":"https:\/\/miilakoogid.ee\/product\/parmitaignast-tooted-retseptid\/#breadcrumb","itemListElement":[{"@type":"ListItem","position":1,"name":"Esileht","item":"https:\/\/miilakoogid.ee\/"},{"@type":"ListItem","position":2,"name":"E-Pood","item":"https:\/\/miilakoogid.ee\/e-pood\/"},{"@type":"ListItem","position":3,"name":"P\u00e4rmitaignast tooted"}]},{"@type":"WebSite","@id":"https:\/\/miilakoogid.ee\/#website","url":"https:\/\/miilakoogid.ee\/","name":"Miila koogid","description":"K\u00fcpsetamise veebikoolitused","publisher":{"@id":"https:\/\/miilakoogid.ee\/#organization"},"potentialAction":[{"@type":"SearchAction","target":{"@type":"EntryPoint","urlTemplate":"https:\/\/miilakoogid.ee\/?s={search_term_string}"},"query-input":{"@type":"PropertyValueSpecification","valueRequired":true,"valueName":"search_term_string"}}],"inLanguage":"en-US"},{"@type":"Organization","@id":"https:\/\/miilakoogid.ee\/#organization","name":"Miila koogid","url":"https:\/\/miilakoogid.ee\/","logo":{"@type":"ImageObject","inLanguage":"en-US","@id":"https:\/\/miilakoogid.ee\/#\/schema\/logo\/image\/","url":"https:\/\/miilakoogid.ee\/wp-content\/uploads\/2024\/10\/Miila-koogid-1.svg","contentUrl":"https:\/\/miilakoogid.ee\/wp-content\/uploads\/2024\/10\/Miila-koogid-1.svg","width":100,"height":100,"caption":"Miila koogid"},"image":{"@id":"https:\/\/miilakoogid.ee\/#\/schema\/logo\/image\/"}}]}},"_links":{"self":[{"href":"https:\/\/miilakoogid.ee\/en\/wp-json\/wp\/v2\/product\/2888","targetHints":{"allow":["GET"]}}],"collection":[{"href":"https:\/\/miilakoogid.ee\/en\/wp-json\/wp\/v2\/product"}],"about":[{"href":"https:\/\/miilakoogid.ee\/en\/wp-json\/wp\/v2\/types\/product"}],"replies":[{"embeddable":true,"href":"https:\/\/miilakoogid.ee\/en\/wp-json\/wp\/v2\/comments?post=2888"}],"version-history":[{"count":0,"href":"https:\/\/miilakoogid.ee\/en\/wp-json\/wp\/v2\/product\/2888\/revisions"}],"wp:featuredmedia":[{"embeddable":true,"href":"https:\/\/miilakoogid.ee\/en\/wp-json\/wp\/v2\/media\/2518"}],"wp:attachment":[{"href":"https:\/\/miilakoogid.ee\/en\/wp-json\/wp\/v2\/media?parent=2888"}],"wp:term":[{"taxonomy":"product_brand","embeddable":true,"href":"https:\/\/miilakoogid.ee\/en\/wp-json\/wp\/v2\/product_brand?post=2888"},{"taxonomy":"product_cat","embeddable":true,"href":"https:\/\/miilakoogid.ee\/en\/wp-json\/wp\/v2\/product_cat?post=2888"},{"taxonomy":"product_tag","embeddable":true,"href":"https:\/\/miilakoogid.ee\/en\/wp-json\/wp\/v2\/product_tag?post=2888"}],"curies":[{"name":"wp","href":"https:\/\/api.w.org\/{rel}","templated":true}]}}