{"id":2083,"date":"2024-03-30T12:57:45","date_gmt":"2024-03-30T12:57:45","guid":{"rendered":"https:\/\/miilakoogid.ee\/?post_type=product&#038;p=2083"},"modified":"2025-10-28T10:22:06","modified_gmt":"2025-10-28T08:22:06","slug":"kalendri-retseptid","status":"publish","type":"product","link":"https:\/\/miilakoogid.ee\/en\/product\/kalendri-retseptid\/","title":{"rendered":"Kalendri retseptid"},"content":{"rendered":"<p>V\u00e4ike sissejuhatus kalendrisse:<br \/>\nJaanuar\u2013 alustame aastat tuunikala v\u00f5ileivatordiga<br \/>\nVeebruar\u2013 klassikaliste vastlakuklite asemel on siin peedikuklid moosi ja vahukoorega<br \/>\nM\u00e4rts\u2013 lihtsad kookoskommid<br \/>\nAprill\u2013 suitsukana- kurgikringel<br \/>\nMai\u2013 vastavalt hooajale ikka rabarberi kohupiimakook<br \/>\nJuuni\u2013 tassikookide hitt: brownie tassikoogid soolakaramelliga<br \/>\nJuuli\u2013 v\u00e4rskete marjade hooajaks k\u00fcpseta \u00f5huline pavlova sidruniv\u00f5ide ja toorjuustukreemiga<br \/>\nAugust\u2013 peale esimest mustikal k\u00e4imist k\u00fcpseta kohupiimakorpe<br \/>\nSeptember\u2013 uut \u00f5ppeaastat t\u00e4histame ikka tordiga: toorjuustutort valge \u0161okolaadi ja kirsimoosiga<br \/>\nOktoober\u2013 kiired \u0161okolaadit\u00fckkidega k\u00fcpsised s\u00f5bra juurde kaasa v\u00f5tmiseks<br \/>\nNovember\u2013 k\u00fclmal novembri kuu n\u00e4dalavahetusel hea ette v\u00f5tta Napoleoni koogi tegu, kergelt apelsinise keedukreemi ja pohlamoosiga<br \/>\nDetsember\u2013 j\u00f5ulukuul tahame \u00fcllatada oma k\u00f5ige kallimaid ja teha neile hoolega valmistatud maitsev kingitus.<\/p>\n<p>Read more <a href=\"https:\/\/miilakoogid.ee\/en\/retseptikalender\/\">siit<\/a><\/p>","protected":false},"excerpt":{"rendered":"<p data-start=\"290\" data-end=\"435\">Klientide poolt armastatud ja minu enda lemmik retseptid on n\u00fc\u00fcd \u00fches kaunis digitaalses kogumikus.<br data-start=\"372\" data-end=\"375\" \/>12 hoolikalt valitud retsepti \u2013 igaks kuuks oma maitser\u00e4nnak.<\/p>\n<p data-start=\"437\" data-end=\"649\"><strong data-start=\"440\" data-end=\"485\">Tegu on digitaalse tootega (PDF-failiga).<\/strong><br data-start=\"485\" data-end=\"488\" \/>P\u00e4rast ostu saad faili kohe alla laadida oma arvutisse, telefoni v\u00f5i tahvlisse.<br data-start=\"567\" data-end=\"570\" \/>F\u00fc\u00fcsilist kalendrit ei saadeta \u2013 vajadusel saad retseptid ise v\u00e4lja printida.<\/p>\n<p>Loe kalendri valmimise lugu <a href=\"https:\/\/miilakoogid.ee\/en\/retseptikalender\/\">siit<\/a><\/p>","protected":false},"featured_media":2065,"comment_status":"open","ping_status":"closed","template":"","meta":{"site-sidebar-layout":"default","site-content-layout":"","ast-site-content-layout":"default","site-content-style":"default","site-sidebar-style":"default","ast-global-header-display":"","ast-banner-title-visibility":"","ast-main-header-display":"","ast-hfb-above-header-display":"","ast-hfb-below-header-display":"","ast-hfb-mobile-header-display":"","site-post-title":"","ast-breadcrumbs-content":"","ast-featured-img":"","footer-sml-layout":"","ast-disable-related-posts":"","theme-transparent-header-meta":"default","adv-header-id-meta":"","stick-header-meta":"","header-above-stick-meta":"","header-main-stick-meta":"","header-below-stick-meta":"","astra-migrate-meta-layouts":"set","ast-page-background-enabled":"default","ast-page-background-meta":{"desktop":{"background-color":"","background-image":"","background-repeat":"repeat","background-position":"center center","background-size":"auto","background-attachment":"scroll","background-type":"","background-media":"","overlay-type":"","overlay-color":"","overlay-opacity":"","overlay-gradient":""},"tablet":{"background-color":"","background-image":"","background-repeat":"repeat","background-position":"center center","background-size":"auto","background-attachment":"scroll","background-type":"","background-media":"","overlay-type":"","overlay-color":"","overlay-opacity":"","overlay-gradient":""},"mobile":{"background-color":"","background-image":"","background-repeat":"repeat","background-position":"center center","background-size":"auto","background-attachment":"scroll","background-type":"","background-media":"","overlay-type":"","overlay-color":"","overlay-opacity":"","overlay-gradient":""}},"ast-content-background-meta":{"desktop":{"background-color":"var(--ast-global-color-5)","background-image":"","background-repeat":"repeat","background-position":"center center","background-size":"auto","background-attachment":"scroll","background-type":"","background-media":"","overlay-type":"","overlay-color":"","overlay-opacity":"","overlay-gradient":""},"tablet":{"background-color":"var(--ast-global-color-5)","background-image":"","background-repeat":"repeat","background-position":"center center","background-size":"auto","background-attachment":"scroll","background-type":"","background-media":"","overlay-type":"","overlay-color":"","overlay-opacity":"","overlay-gradient":""},"mobile":{"background-color":"var(--ast-global-color-5)","background-image":"","background-repeat":"repeat","background-position":"center center","background-size":"auto","background-attachment":"scroll","background-type":"","background-media":"","overlay-type":"","overlay-color":"","overlay-opacity":"","overlay-gradient":""}}},"product_brand":[],"product_cat":[37],"product_tag":[87,84,88],"class_list":{"0":"post-2083","1":"product","2":"type-product","3":"status-publish","4":"has-post-thumbnail","6":"product_cat-retseptid","7":"product_tag-kalender","8":"product_tag-retsept","9":"product_tag-retseptikalender","10":"desktop-align-center","11":"tablet-align-left","12":"mobile-align-left","14":"first","15":"instock","16":"sale","17":"downloadable","18":"virtual","19":"sold-individually","20":"taxable","21":"purchasable","22":"product-type-simple"},"yoast_head":"<!-- This site is optimized with the Yoast SEO plugin v27.4 - https:\/\/yoast.com\/product\/yoast-seo-wordpress\/ -->\n<title>Kalendri retseptid - Miila koogid<\/title>\n<meta name=\"description\" content=\"Koogikalendri retseptid \u00fches digitaalses failis \u2013 12 armastatud retsepti mugavalt PDF-formaadis. Lae kohe alla ja soovi korral prindi v\u00e4lja!\" \/>\n<meta name=\"robots\" content=\"index, follow, max-snippet:-1, max-image-preview:large, max-video-preview:-1\" \/>\n<link rel=\"canonical\" href=\"https:\/\/miilakoogid.ee\/en\/product\/kalendri-retseptid\/\" \/>\n<meta property=\"og:locale\" content=\"en_US\" \/>\n<meta property=\"og:type\" content=\"article\" \/>\n<meta property=\"og:title\" content=\"Kalendri retseptid - Miila koogid\" \/>\n<meta property=\"og:description\" content=\"Koogikalendri retseptid \u00fches digitaalses failis \u2013 12 armastatud retsepti mugavalt PDF-formaadis. Lae kohe alla ja soovi korral prindi v\u00e4lja!\" \/>\n<meta property=\"og:url\" content=\"https:\/\/miilakoogid.ee\/en\/product\/kalendri-retseptid\/\" \/>\n<meta property=\"og:site_name\" content=\"Miila koogid\" \/>\n<meta property=\"article:modified_time\" content=\"2025-10-28T08:22:06+00:00\" \/>\n<meta property=\"og:image\" content=\"https:\/\/miilakoogid.ee\/wp-content\/uploads\/2024\/03\/Retseptikalender.png\" \/>\n\t<meta property=\"og:image:width\" content=\"1080\" \/>\n\t<meta property=\"og:image:height\" content=\"1080\" \/>\n\t<meta property=\"og:image:type\" content=\"image\/png\" \/>\n<meta name=\"twitter:card\" content=\"summary_large_image\" \/>\n<meta name=\"twitter:label1\" content=\"Est. reading time\" \/>\n\t<meta name=\"twitter:data1\" content=\"1 minute\" \/>\n<script type=\"application\/ld+json\" class=\"yoast-schema-graph\">{\"@context\":\"https:\\\/\\\/schema.org\",\"@graph\":[{\"@type\":\"WebPage\",\"@id\":\"https:\\\/\\\/miilakoogid.ee\\\/product\\\/kalendri-retseptid\\\/\",\"url\":\"https:\\\/\\\/miilakoogid.ee\\\/product\\\/kalendri-retseptid\\\/\",\"name\":\"Kalendri retseptid - Miila koogid\",\"isPartOf\":{\"@id\":\"https:\\\/\\\/miilakoogid.ee\\\/#website\"},\"primaryImageOfPage\":{\"@id\":\"https:\\\/\\\/miilakoogid.ee\\\/product\\\/kalendri-retseptid\\\/#primaryimage\"},\"image\":{\"@id\":\"https:\\\/\\\/miilakoogid.ee\\\/product\\\/kalendri-retseptid\\\/#primaryimage\"},\"thumbnailUrl\":\"https:\\\/\\\/miilakoogid.ee\\\/wp-content\\\/uploads\\\/2024\\\/03\\\/Retseptikalender.png\",\"datePublished\":\"2024-03-30T12:57:45+00:00\",\"dateModified\":\"2025-10-28T08:22:06+00:00\",\"description\":\"Koogikalendri retseptid \u00fches digitaalses failis \u2013 12 armastatud retsepti mugavalt PDF-formaadis. Lae kohe alla ja soovi korral prindi v\u00e4lja!\",\"breadcrumb\":{\"@id\":\"https:\\\/\\\/miilakoogid.ee\\\/product\\\/kalendri-retseptid\\\/#breadcrumb\"},\"inLanguage\":\"en-US\",\"potentialAction\":[{\"@type\":\"ReadAction\",\"target\":[\"https:\\\/\\\/miilakoogid.ee\\\/product\\\/kalendri-retseptid\\\/\"]}]},{\"@type\":\"ImageObject\",\"inLanguage\":\"en-US\",\"@id\":\"https:\\\/\\\/miilakoogid.ee\\\/product\\\/kalendri-retseptid\\\/#primaryimage\",\"url\":\"https:\\\/\\\/miilakoogid.ee\\\/wp-content\\\/uploads\\\/2024\\\/03\\\/Retseptikalender.png\",\"contentUrl\":\"https:\\\/\\\/miilakoogid.ee\\\/wp-content\\\/uploads\\\/2024\\\/03\\\/Retseptikalender.png\",\"width\":1080,\"height\":1080},{\"@type\":\"BreadcrumbList\",\"@id\":\"https:\\\/\\\/miilakoogid.ee\\\/product\\\/kalendri-retseptid\\\/#breadcrumb\",\"itemListElement\":[{\"@type\":\"ListItem\",\"position\":1,\"name\":\"Esileht\",\"item\":\"https:\\\/\\\/miilakoogid.ee\\\/\"},{\"@type\":\"ListItem\",\"position\":2,\"name\":\"E-Pood\",\"item\":\"https:\\\/\\\/miilakoogid.ee\\\/e-pood\\\/\"},{\"@type\":\"ListItem\",\"position\":3,\"name\":\"Kalendri retseptid\"}]},{\"@type\":\"WebSite\",\"@id\":\"https:\\\/\\\/miilakoogid.ee\\\/#website\",\"url\":\"https:\\\/\\\/miilakoogid.ee\\\/\",\"name\":\"Miila koogid\",\"description\":\"K\u00fcpsetamise veebikoolitused\",\"publisher\":{\"@id\":\"https:\\\/\\\/miilakoogid.ee\\\/#organization\"},\"potentialAction\":[{\"@type\":\"SearchAction\",\"target\":{\"@type\":\"EntryPoint\",\"urlTemplate\":\"https:\\\/\\\/miilakoogid.ee\\\/?s={search_term_string}\"},\"query-input\":{\"@type\":\"PropertyValueSpecification\",\"valueRequired\":true,\"valueName\":\"search_term_string\"}}],\"inLanguage\":\"en-US\"},{\"@type\":\"Organization\",\"@id\":\"https:\\\/\\\/miilakoogid.ee\\\/#organization\",\"name\":\"Miila koogid\",\"url\":\"https:\\\/\\\/miilakoogid.ee\\\/\",\"logo\":{\"@type\":\"ImageObject\",\"inLanguage\":\"en-US\",\"@id\":\"https:\\\/\\\/miilakoogid.ee\\\/#\\\/schema\\\/logo\\\/image\\\/\",\"url\":\"https:\\\/\\\/miilakoogid.ee\\\/wp-content\\\/uploads\\\/2024\\\/10\\\/Miila-koogid-1.svg\",\"contentUrl\":\"https:\\\/\\\/miilakoogid.ee\\\/wp-content\\\/uploads\\\/2024\\\/10\\\/Miila-koogid-1.svg\",\"width\":100,\"height\":100,\"caption\":\"Miila koogid\"},\"image\":{\"@id\":\"https:\\\/\\\/miilakoogid.ee\\\/#\\\/schema\\\/logo\\\/image\\\/\"}}]}<\/script>\n<!-- \/ Yoast SEO plugin. -->","yoast_head_json":{"title":"Kalendri retseptid - Miila koogid","description":"Koogikalendri retseptid \u00fches digitaalses failis \u2013 12 armastatud retsepti mugavalt PDF-formaadis. Lae kohe alla ja soovi korral prindi v\u00e4lja!","robots":{"index":"index","follow":"follow","max-snippet":"max-snippet:-1","max-image-preview":"max-image-preview:large","max-video-preview":"max-video-preview:-1"},"canonical":"https:\/\/miilakoogid.ee\/en\/product\/kalendri-retseptid\/","og_locale":"en_US","og_type":"article","og_title":"Kalendri retseptid - Miila koogid","og_description":"Koogikalendri retseptid \u00fches digitaalses failis \u2013 12 armastatud retsepti mugavalt PDF-formaadis. Lae kohe alla ja soovi korral prindi v\u00e4lja!","og_url":"https:\/\/miilakoogid.ee\/en\/product\/kalendri-retseptid\/","og_site_name":"Miila koogid","article_modified_time":"2025-10-28T08:22:06+00:00","og_image":[{"width":1080,"height":1080,"url":"https:\/\/miilakoogid.ee\/wp-content\/uploads\/2024\/03\/Retseptikalender.png","type":"image\/png"}],"twitter_card":"summary_large_image","twitter_misc":{"Est. reading time":"1 minute"},"schema":{"@context":"https:\/\/schema.org","@graph":[{"@type":"WebPage","@id":"https:\/\/miilakoogid.ee\/product\/kalendri-retseptid\/","url":"https:\/\/miilakoogid.ee\/product\/kalendri-retseptid\/","name":"Kalendri retseptid - Miila koogid","isPartOf":{"@id":"https:\/\/miilakoogid.ee\/#website"},"primaryImageOfPage":{"@id":"https:\/\/miilakoogid.ee\/product\/kalendri-retseptid\/#primaryimage"},"image":{"@id":"https:\/\/miilakoogid.ee\/product\/kalendri-retseptid\/#primaryimage"},"thumbnailUrl":"https:\/\/miilakoogid.ee\/wp-content\/uploads\/2024\/03\/Retseptikalender.png","datePublished":"2024-03-30T12:57:45+00:00","dateModified":"2025-10-28T08:22:06+00:00","description":"Koogikalendri retseptid \u00fches digitaalses failis \u2013 12 armastatud retsepti mugavalt PDF-formaadis. Lae kohe alla ja soovi korral prindi v\u00e4lja!","breadcrumb":{"@id":"https:\/\/miilakoogid.ee\/product\/kalendri-retseptid\/#breadcrumb"},"inLanguage":"en-US","potentialAction":[{"@type":"ReadAction","target":["https:\/\/miilakoogid.ee\/product\/kalendri-retseptid\/"]}]},{"@type":"ImageObject","inLanguage":"en-US","@id":"https:\/\/miilakoogid.ee\/product\/kalendri-retseptid\/#primaryimage","url":"https:\/\/miilakoogid.ee\/wp-content\/uploads\/2024\/03\/Retseptikalender.png","contentUrl":"https:\/\/miilakoogid.ee\/wp-content\/uploads\/2024\/03\/Retseptikalender.png","width":1080,"height":1080},{"@type":"BreadcrumbList","@id":"https:\/\/miilakoogid.ee\/product\/kalendri-retseptid\/#breadcrumb","itemListElement":[{"@type":"ListItem","position":1,"name":"Esileht","item":"https:\/\/miilakoogid.ee\/"},{"@type":"ListItem","position":2,"name":"E-Pood","item":"https:\/\/miilakoogid.ee\/e-pood\/"},{"@type":"ListItem","position":3,"name":"Kalendri retseptid"}]},{"@type":"WebSite","@id":"https:\/\/miilakoogid.ee\/#website","url":"https:\/\/miilakoogid.ee\/","name":"Miila koogid","description":"K\u00fcpsetamise veebikoolitused","publisher":{"@id":"https:\/\/miilakoogid.ee\/#organization"},"potentialAction":[{"@type":"SearchAction","target":{"@type":"EntryPoint","urlTemplate":"https:\/\/miilakoogid.ee\/?s={search_term_string}"},"query-input":{"@type":"PropertyValueSpecification","valueRequired":true,"valueName":"search_term_string"}}],"inLanguage":"en-US"},{"@type":"Organization","@id":"https:\/\/miilakoogid.ee\/#organization","name":"Miila koogid","url":"https:\/\/miilakoogid.ee\/","logo":{"@type":"ImageObject","inLanguage":"en-US","@id":"https:\/\/miilakoogid.ee\/#\/schema\/logo\/image\/","url":"https:\/\/miilakoogid.ee\/wp-content\/uploads\/2024\/10\/Miila-koogid-1.svg","contentUrl":"https:\/\/miilakoogid.ee\/wp-content\/uploads\/2024\/10\/Miila-koogid-1.svg","width":100,"height":100,"caption":"Miila koogid"},"image":{"@id":"https:\/\/miilakoogid.ee\/#\/schema\/logo\/image\/"}}]}},"_links":{"self":[{"href":"https:\/\/miilakoogid.ee\/en\/wp-json\/wp\/v2\/product\/2083","targetHints":{"allow":["GET"]}}],"collection":[{"href":"https:\/\/miilakoogid.ee\/en\/wp-json\/wp\/v2\/product"}],"about":[{"href":"https:\/\/miilakoogid.ee\/en\/wp-json\/wp\/v2\/types\/product"}],"replies":[{"embeddable":true,"href":"https:\/\/miilakoogid.ee\/en\/wp-json\/wp\/v2\/comments?post=2083"}],"version-history":[{"count":1,"href":"https:\/\/miilakoogid.ee\/en\/wp-json\/wp\/v2\/product\/2083\/revisions"}],"predecessor-version":[{"id":9917,"href":"https:\/\/miilakoogid.ee\/en\/wp-json\/wp\/v2\/product\/2083\/revisions\/9917"}],"wp:featuredmedia":[{"embeddable":true,"href":"https:\/\/miilakoogid.ee\/en\/wp-json\/wp\/v2\/media\/2065"}],"wp:attachment":[{"href":"https:\/\/miilakoogid.ee\/en\/wp-json\/wp\/v2\/media?parent=2083"}],"wp:term":[{"taxonomy":"product_brand","embeddable":true,"href":"https:\/\/miilakoogid.ee\/en\/wp-json\/wp\/v2\/product_brand?post=2083"},{"taxonomy":"product_cat","embeddable":true,"href":"https:\/\/miilakoogid.ee\/en\/wp-json\/wp\/v2\/product_cat?post=2083"},{"taxonomy":"product_tag","embeddable":true,"href":"https:\/\/miilakoogid.ee\/en\/wp-json\/wp\/v2\/product_tag?post=2083"}],"curies":[{"name":"wp","href":"https:\/\/api.w.org\/{rel}","templated":true}]}}