{"id":11871,"date":"2026-04-14T19:45:51","date_gmt":"2026-04-14T16:45:51","guid":{"rendered":"https:\/\/miilakoogid.ee\/?post_type=product&#038;p=11871"},"modified":"2026-04-14T19:48:10","modified_gmt":"2026-04-14T16:48:10","slug":"veebikoolitus-tassikoogid-ja-muffinid","status":"publish","type":"product","link":"https:\/\/miilakoogid.ee\/en\/product\/veebikoolitus-tassikoogid-ja-muffinid\/","title":{"rendered":"Veebikoolitus &#8220;Tassikoogid ja muffinid&#8221;"},"content":{"rendered":"<p>Koolitus sobib nii magusas\u00f5brale, kes soovib \u00f5ppida tassikookide valmistamist, kui ka kogenud k\u00fcpsetajale, kes tahab viimistleda oma oskusi ja t\u00f6\u00f6v\u00f5tteid.<\/p>\n<p><b>Topics covered in the training:<\/b><\/p>\n<ul>\n<li data-start=\"826\" data-end=\"874\">Laimimuffini valmistamine<\/li>\n<li data-start=\"826\" data-end=\"874\">Laimiv\u00f5ide valmistamine<\/li>\n<li data-start=\"826\" data-end=\"874\">Kookost\u00e4idise valmistamine<\/li>\n<li data-start=\"826\" data-end=\"874\">Hiidmuffini vormide valmistamine<\/li>\n<li data-start=\"826\" data-end=\"874\">Hiidmuffini taina valmistamine ja k\u00fcpsetamine<\/li>\n<li data-start=\"826\" data-end=\"874\">Tassikookide kokkupanek<\/li>\n<li data-start=\"826\" data-end=\"874\">Toorjuustukreemi valmistamine ja sobivate t\u00fcllede valimine<\/li>\n<li data-start=\"826\" data-end=\"874\">Tassikookide kaunistamine<\/li>\n<li data-start=\"826\" data-end=\"874\">Tassikookide ja muffinite s\u00e4ilitamine<\/li>\n<\/ul>\n<p><b>The training includes:<\/b><\/p>\n<ul>\n<li data-start=\"1227\" data-end=\"1288\">Samm-sammulisi \u00f5ppevideosid tassikookide ja muffinite valmistamiseks<\/li>\n<li data-start=\"1227\" data-end=\"1288\"><span style=\"font-size: 16px;\">Allalaetavat faili retseptide ja valmistamis\u00f5petustega<\/span><\/li>\n<li data-start=\"1348\" data-end=\"1451\">\n<p data-start=\"1350\" data-end=\"1451\">Piiramatut ligip\u00e4\u00e4su \u00f5ppevideotele ja \u00f5ppematerjalidele \u2013 saad \u00f5ppida endale sobival ajal ja tempos<\/p>\n<\/li>\n<\/ul>","protected":false},"excerpt":{"rendered":"<div class=\"woocommerce-product-details__short-description\">\n<p data-path-to-node=\"6\"><b data-path-to-node=\"6\" data-index-in-node=\"0\">Koolitusel valmistatavad tooted:<\/b><\/p>\n<p data-path-to-node=\"7,0,0\"><b data-path-to-node=\"7,0,0\" data-index-in-node=\"0\">Hiidmuffinid vaarikate ja valge \u0161okolaadiga<\/b> \u2013 suured, \u00f5hulised ja marjased muffinid, mille valmistamiseks \u00f5pime tegema ka ise stiilseid &#8220;tulbi&#8221; vorme.<br \/>\n<b data-path-to-node=\"7,1,0\" data-index-in-node=\"0\">Laimimuffinid kookost\u00e4idise v\u00f5i laimiv\u00f5idega<\/b> \u2013 v\u00e4rskusest pakatavad muffinid, mille sisse saad valida hapuka laimiv\u00f5ide v\u00f5i magusama kookost\u00e4idise mille peale on professionaalselt pritsitud toorjuustukreem.<\/p>\n<p data-pm-slice=\"1 1 []\"><em>Olles soetanud veebikoolituse, saad liituda <strong><a href=\"https:\/\/www.facebook.com\/groups\/1345815353548352\">Miila Koogiklubiga<\/a>\u2013<\/strong> s\u00f5bralik Facebooki grupp, kus jagame ideid, nippe ja retseptide edasiarendusi. Seal saad k\u00fcsida k\u00fcsimusi, jagada oma \u00f5nnestumisi ja leida toetust teistelt k\u00fcpsetajatelt.<\/em><\/p>\n<\/div>","protected":false},"featured_media":11898,"comment_status":"open","ping_status":"closed","template":"","meta":{"site-sidebar-layout":"default","site-content-layout":"","ast-site-content-layout":"default","site-content-style":"default","site-sidebar-style":"default","ast-global-header-display":"","ast-banner-title-visibility":"","ast-main-header-display":"","ast-hfb-above-header-display":"","ast-hfb-below-header-display":"","ast-hfb-mobile-header-display":"","site-post-title":"","ast-breadcrumbs-content":"","ast-featured-img":"","footer-sml-layout":"","ast-disable-related-posts":"","theme-transparent-header-meta":"default","adv-header-id-meta":"","stick-header-meta":"","header-above-stick-meta":"","header-main-stick-meta":"","header-below-stick-meta":"","astra-migrate-meta-layouts":"set","ast-page-background-enabled":"default","ast-page-background-meta":{"desktop":{"background-color":"","background-image":"","background-repeat":"repeat","background-position":"center center","background-size":"auto","background-attachment":"scroll","background-type":"","background-media":"","overlay-type":"","overlay-color":"","overlay-opacity":"","overlay-gradient":""},"tablet":{"background-color":"","background-image":"","background-repeat":"repeat","background-position":"center center","background-size":"auto","background-attachment":"scroll","background-type":"","background-media":"","overlay-type":"","overlay-color":"","overlay-opacity":"","overlay-gradient":""},"mobile":{"background-color":"","background-image":"","background-repeat":"repeat","background-position":"center center","background-size":"auto","background-attachment":"scroll","background-type":"","background-media":"","overlay-type":"","overlay-color":"","overlay-opacity":"","overlay-gradient":""}},"ast-content-background-meta":{"desktop":{"background-color":"var(--ast-global-color-5)","background-image":"","background-repeat":"repeat","background-position":"center center","background-size":"auto","background-attachment":"scroll","background-type":"","background-media":"","overlay-type":"","overlay-color":"","overlay-opacity":"","overlay-gradient":""},"tablet":{"background-color":"var(--ast-global-color-5)","background-image":"","background-repeat":"repeat","background-position":"center center","background-size":"auto","background-attachment":"scroll","background-type":"","background-media":"","overlay-type":"","overlay-color":"","overlay-opacity":"","overlay-gradient":""},"mobile":{"background-color":"var(--ast-global-color-5)","background-image":"","background-repeat":"repeat","background-position":"center center","background-size":"auto","background-attachment":"scroll","background-type":"","background-media":"","overlay-type":"","overlay-color":"","overlay-opacity":"","overlay-gradient":""}}},"product_brand":[],"product_cat":[24],"product_tag":[463,462,74,71,86,464,465],"class_list":{"0":"post-11871","1":"product","2":"type-product","3":"status-publish","4":"has-post-thumbnail","6":"product_cat-veebikoolitused","7":"product_tag-kookostaidis","8":"product_tag-laimivoie","9":"product_tag-muffin","10":"product_tag-tassikoogid","11":"product_tag-tassikook","12":"product_tag-vaarikamuffin","13":"product_tag-valge-sokolaadi-muffin","14":"desktop-align-center","15":"tablet-align-left","16":"mobile-align-left","18":"first","19":"instock","20":"downloadable","21":"virtual","22":"sold-individually","23":"taxable","24":"purchasable","25":"product-type-course"},"yoast_head":"<!-- This site is optimized with the Yoast SEO plugin v27.4 - https:\/\/yoast.com\/product\/yoast-seo-wordpress\/ -->\n<title>Veebikoolitus &quot;Tassikoogid ja muffinid&quot; - Miila koogid<\/title>\n<meta name=\"description\" content=\"\u00d5pi valmistama t\u00e4iuslikke hiidmuffineid ja luksuslikke tassikooke! Veebikoolitus sisaldab p\u00f5hjalikke retsepte, koos samm-sammuliste videotega.\" \/>\n<meta name=\"robots\" content=\"index, follow, max-snippet:-1, max-image-preview:large, max-video-preview:-1\" \/>\n<link rel=\"canonical\" href=\"https:\/\/miilakoogid.ee\/en\/product\/veebikoolitus-tassikoogid-ja-muffinid\/\" \/>\n<meta property=\"og:locale\" content=\"en_US\" \/>\n<meta property=\"og:type\" content=\"article\" \/>\n<meta property=\"og:title\" content=\"Veebikoolitus &quot;Tassikoogid ja muffinid&quot; - Miila koogid\" \/>\n<meta property=\"og:description\" content=\"\u00d5pi valmistama t\u00e4iuslikke hiidmuffineid ja luksuslikke tassikooke! Veebikoolitus sisaldab p\u00f5hjalikke retsepte, koos samm-sammuliste videotega.\" \/>\n<meta property=\"og:url\" content=\"https:\/\/miilakoogid.ee\/en\/product\/veebikoolitus-tassikoogid-ja-muffinid\/\" \/>\n<meta property=\"og:site_name\" content=\"Miila koogid\" \/>\n<meta property=\"article:modified_time\" content=\"2026-04-14T16:48:10+00:00\" \/>\n<meta property=\"og:image\" content=\"https:\/\/miilakoogid.ee\/wp-content\/uploads\/2026\/04\/MII04154-scaled-e1776147785703.jpg\" \/>\n\t<meta property=\"og:image:width\" content=\"1707\" \/>\n\t<meta property=\"og:image:height\" content=\"1707\" \/>\n\t<meta property=\"og:image:type\" content=\"image\/jpeg\" \/>\n<meta name=\"twitter:card\" content=\"summary_large_image\" \/>\n<meta name=\"twitter:label1\" content=\"Est. reading time\" \/>\n\t<meta name=\"twitter:data1\" content=\"1 minute\" \/>\n<script type=\"application\/ld+json\" class=\"yoast-schema-graph\">{\"@context\":\"https:\\\/\\\/schema.org\",\"@graph\":[{\"@type\":\"WebPage\",\"@id\":\"https:\\\/\\\/miilakoogid.ee\\\/product\\\/veebikoolitus-tassikoogid-ja-muffinid\\\/\",\"url\":\"https:\\\/\\\/miilakoogid.ee\\\/product\\\/veebikoolitus-tassikoogid-ja-muffinid\\\/\",\"name\":\"Veebikoolitus \\\"Tassikoogid ja muffinid\\\" - Miila koogid\",\"isPartOf\":{\"@id\":\"https:\\\/\\\/miilakoogid.ee\\\/#website\"},\"primaryImageOfPage\":{\"@id\":\"https:\\\/\\\/miilakoogid.ee\\\/product\\\/veebikoolitus-tassikoogid-ja-muffinid\\\/#primaryimage\"},\"image\":{\"@id\":\"https:\\\/\\\/miilakoogid.ee\\\/product\\\/veebikoolitus-tassikoogid-ja-muffinid\\\/#primaryimage\"},\"thumbnailUrl\":\"https:\\\/\\\/miilakoogid.ee\\\/wp-content\\\/uploads\\\/2026\\\/04\\\/MII04154-scaled-e1776147785703.jpg\",\"datePublished\":\"2026-04-14T16:45:51+00:00\",\"dateModified\":\"2026-04-14T16:48:10+00:00\",\"description\":\"\u00d5pi valmistama t\u00e4iuslikke hiidmuffineid ja luksuslikke tassikooke! Veebikoolitus sisaldab p\u00f5hjalikke retsepte, koos samm-sammuliste videotega.\",\"breadcrumb\":{\"@id\":\"https:\\\/\\\/miilakoogid.ee\\\/product\\\/veebikoolitus-tassikoogid-ja-muffinid\\\/#breadcrumb\"},\"inLanguage\":\"en-US\",\"potentialAction\":[{\"@type\":\"ReadAction\",\"target\":[\"https:\\\/\\\/miilakoogid.ee\\\/product\\\/veebikoolitus-tassikoogid-ja-muffinid\\\/\"]}]},{\"@type\":\"ImageObject\",\"inLanguage\":\"en-US\",\"@id\":\"https:\\\/\\\/miilakoogid.ee\\\/product\\\/veebikoolitus-tassikoogid-ja-muffinid\\\/#primaryimage\",\"url\":\"https:\\\/\\\/miilakoogid.ee\\\/wp-content\\\/uploads\\\/2026\\\/04\\\/MII04154-scaled-e1776147785703.jpg\",\"contentUrl\":\"https:\\\/\\\/miilakoogid.ee\\\/wp-content\\\/uploads\\\/2026\\\/04\\\/MII04154-scaled-e1776147785703.jpg\",\"width\":1707,\"height\":1707},{\"@type\":\"BreadcrumbList\",\"@id\":\"https:\\\/\\\/miilakoogid.ee\\\/product\\\/veebikoolitus-tassikoogid-ja-muffinid\\\/#breadcrumb\",\"itemListElement\":[{\"@type\":\"ListItem\",\"position\":1,\"name\":\"Esileht\",\"item\":\"https:\\\/\\\/miilakoogid.ee\\\/\"},{\"@type\":\"ListItem\",\"position\":2,\"name\":\"E-Pood\",\"item\":\"https:\\\/\\\/miilakoogid.ee\\\/e-pood\\\/\"},{\"@type\":\"ListItem\",\"position\":3,\"name\":\"Veebikoolitus &#8220;Tassikoogid ja muffinid&#8221;\"}]},{\"@type\":\"WebSite\",\"@id\":\"https:\\\/\\\/miilakoogid.ee\\\/#website\",\"url\":\"https:\\\/\\\/miilakoogid.ee\\\/\",\"name\":\"Miila koogid\",\"description\":\"K\u00fcpsetamise veebikoolitused\",\"publisher\":{\"@id\":\"https:\\\/\\\/miilakoogid.ee\\\/#organization\"},\"potentialAction\":[{\"@type\":\"SearchAction\",\"target\":{\"@type\":\"EntryPoint\",\"urlTemplate\":\"https:\\\/\\\/miilakoogid.ee\\\/?s={search_term_string}\"},\"query-input\":{\"@type\":\"PropertyValueSpecification\",\"valueRequired\":true,\"valueName\":\"search_term_string\"}}],\"inLanguage\":\"en-US\"},{\"@type\":\"Organization\",\"@id\":\"https:\\\/\\\/miilakoogid.ee\\\/#organization\",\"name\":\"Miila koogid\",\"url\":\"https:\\\/\\\/miilakoogid.ee\\\/\",\"logo\":{\"@type\":\"ImageObject\",\"inLanguage\":\"en-US\",\"@id\":\"https:\\\/\\\/miilakoogid.ee\\\/#\\\/schema\\\/logo\\\/image\\\/\",\"url\":\"https:\\\/\\\/miilakoogid.ee\\\/wp-content\\\/uploads\\\/2024\\\/10\\\/Miila-koogid-1.svg\",\"contentUrl\":\"https:\\\/\\\/miilakoogid.ee\\\/wp-content\\\/uploads\\\/2024\\\/10\\\/Miila-koogid-1.svg\",\"width\":100,\"height\":100,\"caption\":\"Miila koogid\"},\"image\":{\"@id\":\"https:\\\/\\\/miilakoogid.ee\\\/#\\\/schema\\\/logo\\\/image\\\/\"}}]}<\/script>\n<!-- \/ Yoast SEO plugin. -->","yoast_head_json":{"title":"Veebikoolitus \"Tassikoogid ja muffinid\" - Miila koogid","description":"\u00d5pi valmistama t\u00e4iuslikke hiidmuffineid ja luksuslikke tassikooke! Veebikoolitus sisaldab p\u00f5hjalikke retsepte, koos samm-sammuliste videotega.","robots":{"index":"index","follow":"follow","max-snippet":"max-snippet:-1","max-image-preview":"max-image-preview:large","max-video-preview":"max-video-preview:-1"},"canonical":"https:\/\/miilakoogid.ee\/en\/product\/veebikoolitus-tassikoogid-ja-muffinid\/","og_locale":"en_US","og_type":"article","og_title":"Veebikoolitus \"Tassikoogid ja muffinid\" - Miila koogid","og_description":"\u00d5pi valmistama t\u00e4iuslikke hiidmuffineid ja luksuslikke tassikooke! Veebikoolitus sisaldab p\u00f5hjalikke retsepte, koos samm-sammuliste videotega.","og_url":"https:\/\/miilakoogid.ee\/en\/product\/veebikoolitus-tassikoogid-ja-muffinid\/","og_site_name":"Miila koogid","article_modified_time":"2026-04-14T16:48:10+00:00","og_image":[{"width":1707,"height":1707,"url":"https:\/\/miilakoogid.ee\/wp-content\/uploads\/2026\/04\/MII04154-scaled-e1776147785703.jpg","type":"image\/jpeg"}],"twitter_card":"summary_large_image","twitter_misc":{"Est. reading time":"1 minute"},"schema":{"@context":"https:\/\/schema.org","@graph":[{"@type":"WebPage","@id":"https:\/\/miilakoogid.ee\/product\/veebikoolitus-tassikoogid-ja-muffinid\/","url":"https:\/\/miilakoogid.ee\/product\/veebikoolitus-tassikoogid-ja-muffinid\/","name":"Veebikoolitus \"Tassikoogid ja muffinid\" - Miila koogid","isPartOf":{"@id":"https:\/\/miilakoogid.ee\/#website"},"primaryImageOfPage":{"@id":"https:\/\/miilakoogid.ee\/product\/veebikoolitus-tassikoogid-ja-muffinid\/#primaryimage"},"image":{"@id":"https:\/\/miilakoogid.ee\/product\/veebikoolitus-tassikoogid-ja-muffinid\/#primaryimage"},"thumbnailUrl":"https:\/\/miilakoogid.ee\/wp-content\/uploads\/2026\/04\/MII04154-scaled-e1776147785703.jpg","datePublished":"2026-04-14T16:45:51+00:00","dateModified":"2026-04-14T16:48:10+00:00","description":"\u00d5pi valmistama t\u00e4iuslikke hiidmuffineid ja luksuslikke tassikooke! Veebikoolitus sisaldab p\u00f5hjalikke retsepte, koos samm-sammuliste videotega.","breadcrumb":{"@id":"https:\/\/miilakoogid.ee\/product\/veebikoolitus-tassikoogid-ja-muffinid\/#breadcrumb"},"inLanguage":"en-US","potentialAction":[{"@type":"ReadAction","target":["https:\/\/miilakoogid.ee\/product\/veebikoolitus-tassikoogid-ja-muffinid\/"]}]},{"@type":"ImageObject","inLanguage":"en-US","@id":"https:\/\/miilakoogid.ee\/product\/veebikoolitus-tassikoogid-ja-muffinid\/#primaryimage","url":"https:\/\/miilakoogid.ee\/wp-content\/uploads\/2026\/04\/MII04154-scaled-e1776147785703.jpg","contentUrl":"https:\/\/miilakoogid.ee\/wp-content\/uploads\/2026\/04\/MII04154-scaled-e1776147785703.jpg","width":1707,"height":1707},{"@type":"BreadcrumbList","@id":"https:\/\/miilakoogid.ee\/product\/veebikoolitus-tassikoogid-ja-muffinid\/#breadcrumb","itemListElement":[{"@type":"ListItem","position":1,"name":"Esileht","item":"https:\/\/miilakoogid.ee\/"},{"@type":"ListItem","position":2,"name":"E-Pood","item":"https:\/\/miilakoogid.ee\/e-pood\/"},{"@type":"ListItem","position":3,"name":"Veebikoolitus &#8220;Tassikoogid ja muffinid&#8221;"}]},{"@type":"WebSite","@id":"https:\/\/miilakoogid.ee\/#website","url":"https:\/\/miilakoogid.ee\/","name":"Miila koogid","description":"K\u00fcpsetamise veebikoolitused","publisher":{"@id":"https:\/\/miilakoogid.ee\/#organization"},"potentialAction":[{"@type":"SearchAction","target":{"@type":"EntryPoint","urlTemplate":"https:\/\/miilakoogid.ee\/?s={search_term_string}"},"query-input":{"@type":"PropertyValueSpecification","valueRequired":true,"valueName":"search_term_string"}}],"inLanguage":"en-US"},{"@type":"Organization","@id":"https:\/\/miilakoogid.ee\/#organization","name":"Miila koogid","url":"https:\/\/miilakoogid.ee\/","logo":{"@type":"ImageObject","inLanguage":"en-US","@id":"https:\/\/miilakoogid.ee\/#\/schema\/logo\/image\/","url":"https:\/\/miilakoogid.ee\/wp-content\/uploads\/2024\/10\/Miila-koogid-1.svg","contentUrl":"https:\/\/miilakoogid.ee\/wp-content\/uploads\/2024\/10\/Miila-koogid-1.svg","width":100,"height":100,"caption":"Miila koogid"},"image":{"@id":"https:\/\/miilakoogid.ee\/#\/schema\/logo\/image\/"}}]}},"_links":{"self":[{"href":"https:\/\/miilakoogid.ee\/en\/wp-json\/wp\/v2\/product\/11871","targetHints":{"allow":["GET"]}}],"collection":[{"href":"https:\/\/miilakoogid.ee\/en\/wp-json\/wp\/v2\/product"}],"about":[{"href":"https:\/\/miilakoogid.ee\/en\/wp-json\/wp\/v2\/types\/product"}],"replies":[{"embeddable":true,"href":"https:\/\/miilakoogid.ee\/en\/wp-json\/wp\/v2\/comments?post=11871"}],"version-history":[{"count":5,"href":"https:\/\/miilakoogid.ee\/en\/wp-json\/wp\/v2\/product\/11871\/revisions"}],"predecessor-version":[{"id":11951,"href":"https:\/\/miilakoogid.ee\/en\/wp-json\/wp\/v2\/product\/11871\/revisions\/11951"}],"wp:featuredmedia":[{"embeddable":true,"href":"https:\/\/miilakoogid.ee\/en\/wp-json\/wp\/v2\/media\/11898"}],"wp:attachment":[{"href":"https:\/\/miilakoogid.ee\/en\/wp-json\/wp\/v2\/media?parent=11871"}],"wp:term":[{"taxonomy":"product_brand","embeddable":true,"href":"https:\/\/miilakoogid.ee\/en\/wp-json\/wp\/v2\/product_brand?post=11871"},{"taxonomy":"product_cat","embeddable":true,"href":"https:\/\/miilakoogid.ee\/en\/wp-json\/wp\/v2\/product_cat?post=11871"},{"taxonomy":"product_tag","embeddable":true,"href":"https:\/\/miilakoogid.ee\/en\/wp-json\/wp\/v2\/product_tag?post=11871"}],"curies":[{"name":"wp","href":"https:\/\/api.w.org\/{rel}","templated":true}]}}