{"id":11683,"date":"2026-04-02T14:31:39","date_gmt":"2026-04-02T11:31:39","guid":{"rendered":"https:\/\/miilakoogid.ee\/?post_type=product&#038;p=11683"},"modified":"2026-04-02T14:36:54","modified_gmt":"2026-04-02T11:36:54","slug":"magusad-ja-soolased-minipannkoogid-kastmetega","status":"publish","type":"product","link":"https:\/\/miilakoogid.ee\/en\/product\/magusad-ja-soolased-minipannkoogid-kastmetega\/","title":{"rendered":"Magusad ja soolased minipannkoogid kastmetega"},"content":{"rendered":"<p data-path-to-node=\"8\"><strong>Mida sellest retseptifailist leiad?<\/strong><\/p>\n<ul>\n<li data-path-to-node=\"9,0,0\"><b data-path-to-node=\"9,0,0\" data-index-in-node=\"0\">Universaalse keefiri baasil pannkoogitaigna retsepti<\/b><\/li>\n<li data-path-to-node=\"9,0,0\"><b data-path-to-node=\"9,1,0\" data-index-in-node=\"0\">Kaks-\u00fches lahendus:<\/b> Sama tainas sobib nii magusate kui ka soolase t\u00e4idisega kookide jaoks.<\/li>\n<li data-path-to-node=\"9,0,0\"><b data-path-to-node=\"9,2,0\" data-index-in-node=\"0\">Minu nipid k\u00fcpsetamiseks:<\/b> Kuidas tainast doseerida, panni \u00f5litada, mis kuumusel k\u00fcpsetada ja millega mugavalt kooke keerata.<\/li>\n<li data-path-to-node=\"9,0,0\"><b data-path-to-node=\"9,3,0\" data-index-in-node=\"0\">Soolane singi-juustu t\u00e4idis:<\/b> T\u00e4psed kogused ja juhend kuidas t\u00e4idis koogi sisse peita.<\/li>\n<\/ul>\n<p data-path-to-node=\"10\"><strong>Retseptid rikkalikeks lisanditeks:<br \/>\n<\/strong>Failist leiad ka lisandite valmistamise juhised:<\/p>\n<ul>\n<li data-path-to-node=\"12,0,0\"><strong>Toormoos <\/strong>v\u00e4rsketest v\u00f5i k\u00fclmutatud marjadest.<\/li>\n<li data-path-to-node=\"12,0,0\"><b data-path-to-node=\"12,1,0\" data-index-in-node=\"0\">Isetehtud soolakaramell<\/b> \u2013 siidine ja kergelt soolakas kaste.<\/li>\n<li data-path-to-node=\"12,0,0\"><b data-path-to-node=\"12,2,0\" data-index-in-node=\"0\">M\u00f5nus \u0161okolaadikaste<\/b> t\u00f5elistele \u0161okohoolikutele.<\/li>\n<li data-path-to-node=\"12,0,0\"><b data-path-to-node=\"12,3,0\" data-index-in-node=\"0\">Soolane hapukoore-majoneesikaste<\/b> v\u00e4rskete \u00fcrtidega.<\/li>\n<\/ul>\n<p data-path-to-node=\"13\">Iga retseptiga on kaasas t\u00e4psed kogused grammides ja samm-sammuline juhend. Lisaks jagan soovitusi ja linke, kust tellida mugavaid serveerimis- ja hoiustamisn\u00f5usid ja puidust s\u00f6\u00f6giriistu.<\/p>\n<p><em style=\"font-size: 16px;\">Retseptidele ligip\u00e4\u00e4suks registreeri kasutajaks v\u00f5i logi sisse. Peale ostu sooritamist saab materjalid alla laadida &#8220;minu konto&#8221; alt.<\/em><\/p>","protected":false},"excerpt":{"rendered":"<p data-path-to-node=\"4\"><b data-path-to-node=\"4\" data-index-in-node=\"0\">V\u00e4ikesed, kohevad ja l\u00f5putute lisanditega ampsud!<\/b><br \/>\nNeed minipannkoogid on minu enda t\u00e4htp\u00e4evadel nii suurte kui ka v\u00e4ikeste vaieldamatud lemmikud! \u00dchest ja samast taignast saad teha nii klassikalisi magusaid kooke kui ka suussulavaid soolaseid ampsusid singi-juustut\u00e4idisega.<\/p>\n<p data-path-to-node=\"5\">Retsept on m\u00f5eldud spetsiaalse pannkoogipanniga k\u00fcpsetamiseks. <strong>Boonusena<\/strong> annan kaasa ka oma lemmikute lisandite retseptid \u2013 alates hapukoore-majoneesikastmest kuni omatehtud soolakaramellini. K\u00fcpseta kodus perele, kutsu s\u00f5brad p\u00fchap\u00e4evasele brunchile v\u00f5i alusta oma pannkoogi\u00e4riga.<\/p>","protected":false},"featured_media":11684,"comment_status":"open","ping_status":"closed","template":"","meta":{"site-sidebar-layout":"default","site-content-layout":"","ast-site-content-layout":"default","site-content-style":"default","site-sidebar-style":"default","ast-global-header-display":"","ast-banner-title-visibility":"","ast-main-header-display":"","ast-hfb-above-header-display":"","ast-hfb-below-header-display":"","ast-hfb-mobile-header-display":"","site-post-title":"","ast-breadcrumbs-content":"","ast-featured-img":"","footer-sml-layout":"","ast-disable-related-posts":"","theme-transparent-header-meta":"default","adv-header-id-meta":"","stick-header-meta":"","header-above-stick-meta":"","header-main-stick-meta":"","header-below-stick-meta":"","astra-migrate-meta-layouts":"set","ast-page-background-enabled":"default","ast-page-background-meta":{"desktop":{"background-color":"","background-image":"","background-repeat":"repeat","background-position":"center center","background-size":"auto","background-attachment":"scroll","background-type":"","background-media":"","overlay-type":"","overlay-color":"","overlay-opacity":"","overlay-gradient":""},"tablet":{"background-color":"","background-image":"","background-repeat":"repeat","background-position":"center center","background-size":"auto","background-attachment":"scroll","background-type":"","background-media":"","overlay-type":"","overlay-color":"","overlay-opacity":"","overlay-gradient":""},"mobile":{"background-color":"","background-image":"","background-repeat":"repeat","background-position":"center center","background-size":"auto","background-attachment":"scroll","background-type":"","background-media":"","overlay-type":"","overlay-color":"","overlay-opacity":"","overlay-gradient":""}},"ast-content-background-meta":{"desktop":{"background-color":"var(--ast-global-color-5)","background-image":"","background-repeat":"repeat","background-position":"center center","background-size":"auto","background-attachment":"scroll","background-type":"","background-media":"","overlay-type":"","overlay-color":"","overlay-opacity":"","overlay-gradient":""},"tablet":{"background-color":"var(--ast-global-color-5)","background-image":"","background-repeat":"repeat","background-position":"center center","background-size":"auto","background-attachment":"scroll","background-type":"","background-media":"","overlay-type":"","overlay-color":"","overlay-opacity":"","overlay-gradient":""},"mobile":{"background-color":"var(--ast-global-color-5)","background-image":"","background-repeat":"repeat","background-position":"center center","background-size":"auto","background-attachment":"scroll","background-type":"","background-media":"","overlay-type":"","overlay-color":"","overlay-opacity":"","overlay-gradient":""}}},"product_brand":[],"product_cat":[37],"product_tag":[457,454,459,455,460,75,461,456,458],"class_list":{"0":"post-11683","1":"product","2":"type-product","3":"status-publish","4":"has-post-thumbnail","6":"product_cat-retseptid","7":"product_tag-magusad-pannkoogid","8":"product_tag-minipannkoogid","9":"product_tag-moos","10":"product_tag-pannkoogid","11":"product_tag-sokolaadikaste","12":"product_tag-soolakaramell","13":"product_tag-soolane-kaste","14":"product_tag-soolased-pannkoogid","15":"product_tag-toormoos","16":"desktop-align-center","17":"tablet-align-left","18":"mobile-align-left","20":"first","21":"instock","22":"downloadable","23":"virtual","24":"sold-individually","25":"taxable","26":"purchasable","27":"product-type-simple"},"yoast_head":"<!-- This site is optimized with the Yoast SEO plugin v27.3 - https:\/\/yoast.com\/product\/yoast-seo-wordpress\/ -->\n<title>Magusad ja soolased minipannkoogid kastmetega - Miila koogid<\/title>\n<meta name=\"description\" content=\"Avasta ideaalselt kohevate minipannkookide retsept! \u00dcks taigen nii magusate ampsude kui ka soolaste singi-juustukookide jaoks + 4 maitsva lisandi retsepti.\" \/>\n<meta name=\"robots\" content=\"index, follow, max-snippet:-1, max-image-preview:large, max-video-preview:-1\" \/>\n<link rel=\"canonical\" href=\"https:\/\/miilakoogid.ee\/en\/product\/magusad-ja-soolased-minipannkoogid-kastmetega\/\" \/>\n<meta property=\"og:locale\" content=\"en_US\" \/>\n<meta property=\"og:type\" content=\"article\" \/>\n<meta property=\"og:title\" content=\"Magusad ja soolased minipannkoogid kastmetega - Miila koogid\" \/>\n<meta property=\"og:description\" content=\"Avasta ideaalselt kohevate minipannkookide retsept! \u00dcks taigen nii magusate ampsude kui ka soolaste singi-juustukookide jaoks + 4 maitsva lisandi retsepti.\" \/>\n<meta property=\"og:url\" content=\"https:\/\/miilakoogid.ee\/en\/product\/magusad-ja-soolased-minipannkoogid-kastmetega\/\" \/>\n<meta property=\"og:site_name\" content=\"Miila koogid\" \/>\n<meta property=\"article:modified_time\" content=\"2026-04-02T11:36:54+00:00\" \/>\n<meta property=\"og:image\" content=\"https:\/\/miilakoogid.ee\/wp-content\/uploads\/2026\/04\/IMG_1904-scaled-e1775123060436.jpg\" \/>\n\t<meta property=\"og:image:width\" content=\"1920\" \/>\n\t<meta property=\"og:image:height\" content=\"1920\" \/>\n\t<meta property=\"og:image:type\" content=\"image\/jpeg\" \/>\n<meta name=\"twitter:card\" content=\"summary_large_image\" \/>\n<meta name=\"twitter:label1\" content=\"Est. reading time\" \/>\n\t<meta name=\"twitter:data1\" content=\"1 minute\" \/>\n<script type=\"application\/ld+json\" class=\"yoast-schema-graph\">{\"@context\":\"https:\\\/\\\/schema.org\",\"@graph\":[{\"@type\":\"WebPage\",\"@id\":\"https:\\\/\\\/miilakoogid.ee\\\/product\\\/magusad-ja-soolased-minipannkoogid-kastmetega\\\/\",\"url\":\"https:\\\/\\\/miilakoogid.ee\\\/product\\\/magusad-ja-soolased-minipannkoogid-kastmetega\\\/\",\"name\":\"Magusad ja soolased minipannkoogid kastmetega - Miila koogid\",\"isPartOf\":{\"@id\":\"https:\\\/\\\/miilakoogid.ee\\\/#website\"},\"primaryImageOfPage\":{\"@id\":\"https:\\\/\\\/miilakoogid.ee\\\/product\\\/magusad-ja-soolased-minipannkoogid-kastmetega\\\/#primaryimage\"},\"image\":{\"@id\":\"https:\\\/\\\/miilakoogid.ee\\\/product\\\/magusad-ja-soolased-minipannkoogid-kastmetega\\\/#primaryimage\"},\"thumbnailUrl\":\"https:\\\/\\\/miilakoogid.ee\\\/wp-content\\\/uploads\\\/2026\\\/04\\\/IMG_1904-scaled-e1775123060436.jpg\",\"datePublished\":\"2026-04-02T11:31:39+00:00\",\"dateModified\":\"2026-04-02T11:36:54+00:00\",\"description\":\"Avasta ideaalselt kohevate minipannkookide retsept! \u00dcks taigen nii magusate ampsude kui ka soolaste singi-juustukookide jaoks + 4 maitsva lisandi retsepti.\",\"breadcrumb\":{\"@id\":\"https:\\\/\\\/miilakoogid.ee\\\/product\\\/magusad-ja-soolased-minipannkoogid-kastmetega\\\/#breadcrumb\"},\"inLanguage\":\"en-US\",\"potentialAction\":[{\"@type\":\"ReadAction\",\"target\":[\"https:\\\/\\\/miilakoogid.ee\\\/product\\\/magusad-ja-soolased-minipannkoogid-kastmetega\\\/\"]}]},{\"@type\":\"ImageObject\",\"inLanguage\":\"en-US\",\"@id\":\"https:\\\/\\\/miilakoogid.ee\\\/product\\\/magusad-ja-soolased-minipannkoogid-kastmetega\\\/#primaryimage\",\"url\":\"https:\\\/\\\/miilakoogid.ee\\\/wp-content\\\/uploads\\\/2026\\\/04\\\/IMG_1904-scaled-e1775123060436.jpg\",\"contentUrl\":\"https:\\\/\\\/miilakoogid.ee\\\/wp-content\\\/uploads\\\/2026\\\/04\\\/IMG_1904-scaled-e1775123060436.jpg\",\"width\":1920,\"height\":1920},{\"@type\":\"BreadcrumbList\",\"@id\":\"https:\\\/\\\/miilakoogid.ee\\\/product\\\/magusad-ja-soolased-minipannkoogid-kastmetega\\\/#breadcrumb\",\"itemListElement\":[{\"@type\":\"ListItem\",\"position\":1,\"name\":\"Esileht\",\"item\":\"https:\\\/\\\/miilakoogid.ee\\\/\"},{\"@type\":\"ListItem\",\"position\":2,\"name\":\"E-Pood\",\"item\":\"https:\\\/\\\/miilakoogid.ee\\\/e-pood\\\/\"},{\"@type\":\"ListItem\",\"position\":3,\"name\":\"Magusad ja soolased minipannkoogid kastmetega\"}]},{\"@type\":\"WebSite\",\"@id\":\"https:\\\/\\\/miilakoogid.ee\\\/#website\",\"url\":\"https:\\\/\\\/miilakoogid.ee\\\/\",\"name\":\"Miila koogid\",\"description\":\"K\u00fcpsetamise veebikoolitused\",\"publisher\":{\"@id\":\"https:\\\/\\\/miilakoogid.ee\\\/#organization\"},\"potentialAction\":[{\"@type\":\"SearchAction\",\"target\":{\"@type\":\"EntryPoint\",\"urlTemplate\":\"https:\\\/\\\/miilakoogid.ee\\\/?s={search_term_string}\"},\"query-input\":{\"@type\":\"PropertyValueSpecification\",\"valueRequired\":true,\"valueName\":\"search_term_string\"}}],\"inLanguage\":\"en-US\"},{\"@type\":\"Organization\",\"@id\":\"https:\\\/\\\/miilakoogid.ee\\\/#organization\",\"name\":\"Miila koogid\",\"url\":\"https:\\\/\\\/miilakoogid.ee\\\/\",\"logo\":{\"@type\":\"ImageObject\",\"inLanguage\":\"en-US\",\"@id\":\"https:\\\/\\\/miilakoogid.ee\\\/#\\\/schema\\\/logo\\\/image\\\/\",\"url\":\"https:\\\/\\\/miilakoogid.ee\\\/wp-content\\\/uploads\\\/2024\\\/10\\\/Miila-koogid-1.svg\",\"contentUrl\":\"https:\\\/\\\/miilakoogid.ee\\\/wp-content\\\/uploads\\\/2024\\\/10\\\/Miila-koogid-1.svg\",\"width\":100,\"height\":100,\"caption\":\"Miila koogid\"},\"image\":{\"@id\":\"https:\\\/\\\/miilakoogid.ee\\\/#\\\/schema\\\/logo\\\/image\\\/\"}}]}<\/script>\n<!-- \/ Yoast SEO plugin. -->","yoast_head_json":{"title":"Magusad ja soolased minipannkoogid kastmetega - Miila koogid","description":"Avasta ideaalselt kohevate minipannkookide retsept! \u00dcks taigen nii magusate ampsude kui ka soolaste singi-juustukookide jaoks + 4 maitsva lisandi retsepti.","robots":{"index":"index","follow":"follow","max-snippet":"max-snippet:-1","max-image-preview":"max-image-preview:large","max-video-preview":"max-video-preview:-1"},"canonical":"https:\/\/miilakoogid.ee\/en\/product\/magusad-ja-soolased-minipannkoogid-kastmetega\/","og_locale":"en_US","og_type":"article","og_title":"Magusad ja soolased minipannkoogid kastmetega - Miila koogid","og_description":"Avasta ideaalselt kohevate minipannkookide retsept! \u00dcks taigen nii magusate ampsude kui ka soolaste singi-juustukookide jaoks + 4 maitsva lisandi retsepti.","og_url":"https:\/\/miilakoogid.ee\/en\/product\/magusad-ja-soolased-minipannkoogid-kastmetega\/","og_site_name":"Miila koogid","article_modified_time":"2026-04-02T11:36:54+00:00","og_image":[{"width":1920,"height":1920,"url":"https:\/\/miilakoogid.ee\/wp-content\/uploads\/2026\/04\/IMG_1904-scaled-e1775123060436.jpg","type":"image\/jpeg"}],"twitter_card":"summary_large_image","twitter_misc":{"Est. reading time":"1 minute"},"schema":{"@context":"https:\/\/schema.org","@graph":[{"@type":"WebPage","@id":"https:\/\/miilakoogid.ee\/product\/magusad-ja-soolased-minipannkoogid-kastmetega\/","url":"https:\/\/miilakoogid.ee\/product\/magusad-ja-soolased-minipannkoogid-kastmetega\/","name":"Magusad ja soolased minipannkoogid kastmetega - Miila koogid","isPartOf":{"@id":"https:\/\/miilakoogid.ee\/#website"},"primaryImageOfPage":{"@id":"https:\/\/miilakoogid.ee\/product\/magusad-ja-soolased-minipannkoogid-kastmetega\/#primaryimage"},"image":{"@id":"https:\/\/miilakoogid.ee\/product\/magusad-ja-soolased-minipannkoogid-kastmetega\/#primaryimage"},"thumbnailUrl":"https:\/\/miilakoogid.ee\/wp-content\/uploads\/2026\/04\/IMG_1904-scaled-e1775123060436.jpg","datePublished":"2026-04-02T11:31:39+00:00","dateModified":"2026-04-02T11:36:54+00:00","description":"Avasta ideaalselt kohevate minipannkookide retsept! \u00dcks taigen nii magusate ampsude kui ka soolaste singi-juustukookide jaoks + 4 maitsva lisandi retsepti.","breadcrumb":{"@id":"https:\/\/miilakoogid.ee\/product\/magusad-ja-soolased-minipannkoogid-kastmetega\/#breadcrumb"},"inLanguage":"en-US","potentialAction":[{"@type":"ReadAction","target":["https:\/\/miilakoogid.ee\/product\/magusad-ja-soolased-minipannkoogid-kastmetega\/"]}]},{"@type":"ImageObject","inLanguage":"en-US","@id":"https:\/\/miilakoogid.ee\/product\/magusad-ja-soolased-minipannkoogid-kastmetega\/#primaryimage","url":"https:\/\/miilakoogid.ee\/wp-content\/uploads\/2026\/04\/IMG_1904-scaled-e1775123060436.jpg","contentUrl":"https:\/\/miilakoogid.ee\/wp-content\/uploads\/2026\/04\/IMG_1904-scaled-e1775123060436.jpg","width":1920,"height":1920},{"@type":"BreadcrumbList","@id":"https:\/\/miilakoogid.ee\/product\/magusad-ja-soolased-minipannkoogid-kastmetega\/#breadcrumb","itemListElement":[{"@type":"ListItem","position":1,"name":"Esileht","item":"https:\/\/miilakoogid.ee\/"},{"@type":"ListItem","position":2,"name":"E-Pood","item":"https:\/\/miilakoogid.ee\/e-pood\/"},{"@type":"ListItem","position":3,"name":"Magusad ja soolased minipannkoogid kastmetega"}]},{"@type":"WebSite","@id":"https:\/\/miilakoogid.ee\/#website","url":"https:\/\/miilakoogid.ee\/","name":"Miila koogid","description":"K\u00fcpsetamise veebikoolitused","publisher":{"@id":"https:\/\/miilakoogid.ee\/#organization"},"potentialAction":[{"@type":"SearchAction","target":{"@type":"EntryPoint","urlTemplate":"https:\/\/miilakoogid.ee\/?s={search_term_string}"},"query-input":{"@type":"PropertyValueSpecification","valueRequired":true,"valueName":"search_term_string"}}],"inLanguage":"en-US"},{"@type":"Organization","@id":"https:\/\/miilakoogid.ee\/#organization","name":"Miila koogid","url":"https:\/\/miilakoogid.ee\/","logo":{"@type":"ImageObject","inLanguage":"en-US","@id":"https:\/\/miilakoogid.ee\/#\/schema\/logo\/image\/","url":"https:\/\/miilakoogid.ee\/wp-content\/uploads\/2024\/10\/Miila-koogid-1.svg","contentUrl":"https:\/\/miilakoogid.ee\/wp-content\/uploads\/2024\/10\/Miila-koogid-1.svg","width":100,"height":100,"caption":"Miila koogid"},"image":{"@id":"https:\/\/miilakoogid.ee\/#\/schema\/logo\/image\/"}}]}},"_links":{"self":[{"href":"https:\/\/miilakoogid.ee\/en\/wp-json\/wp\/v2\/product\/11683","targetHints":{"allow":["GET"]}}],"collection":[{"href":"https:\/\/miilakoogid.ee\/en\/wp-json\/wp\/v2\/product"}],"about":[{"href":"https:\/\/miilakoogid.ee\/en\/wp-json\/wp\/v2\/types\/product"}],"replies":[{"embeddable":true,"href":"https:\/\/miilakoogid.ee\/en\/wp-json\/wp\/v2\/comments?post=11683"}],"version-history":[{"count":9,"href":"https:\/\/miilakoogid.ee\/en\/wp-json\/wp\/v2\/product\/11683\/revisions"}],"predecessor-version":[{"id":11698,"href":"https:\/\/miilakoogid.ee\/en\/wp-json\/wp\/v2\/product\/11683\/revisions\/11698"}],"wp:featuredmedia":[{"embeddable":true,"href":"https:\/\/miilakoogid.ee\/en\/wp-json\/wp\/v2\/media\/11684"}],"wp:attachment":[{"href":"https:\/\/miilakoogid.ee\/en\/wp-json\/wp\/v2\/media?parent=11683"}],"wp:term":[{"taxonomy":"product_brand","embeddable":true,"href":"https:\/\/miilakoogid.ee\/en\/wp-json\/wp\/v2\/product_brand?post=11683"},{"taxonomy":"product_cat","embeddable":true,"href":"https:\/\/miilakoogid.ee\/en\/wp-json\/wp\/v2\/product_cat?post=11683"},{"taxonomy":"product_tag","embeddable":true,"href":"https:\/\/miilakoogid.ee\/en\/wp-json\/wp\/v2\/product_tag?post=11683"}],"curies":[{"name":"wp","href":"https:\/\/api.w.org\/{rel}","templated":true}]}}