{"id":11172,"date":"2026-01-26T15:07:27","date_gmt":"2026-01-26T13:07:27","guid":{"rendered":"https:\/\/miilakoogid.ee\/?post_type=product&#038;p=11172"},"modified":"2026-03-06T19:31:18","modified_gmt":"2026-03-06T17:31:18","slug":"sobrapakk-brownie-ja-kuuma-sokolaadi-kinkekomplekt","status":"publish","type":"product","link":"https:\/\/miilakoogid.ee\/en\/product\/sobrapakk-brownie-ja-kuuma-sokolaadi-kinkekomplekt\/","title":{"rendered":"&#8220;Magus kinkepakk&#8221;- Brownie ja kuuma \u0161okolaadi kinkekomplekt"},"content":{"rendered":"<p data-start=\"688\" data-end=\"927\">&#8220;Magus kinkepakk&#8221; on kaunilt pakitud ja roosa satiinpaelaga kinnitatud. S<span style=\"font-size: 16px;\">obib ideaalselt s\u00fcnnip\u00e4evaks v\u00f5i lihtsalt armsaks \u00fcllatuseks. Pakk on turvaliselt pakendatud ja valmis saatmiseks kasv\u00f5i otse sinu s\u00f5brale, lisaks saan juurde kirjutada tervituskaardi Sinu poolt.<\/span><\/p>","protected":false},"excerpt":{"rendered":"<p dir=\"ltr\">Magus kinkepakk brownie ja kuuma \u0161okolaadi valmistamiseks \u2013 k\u00f5ik vajalik m\u00f5nusaks \u0161okolaadihetkeks \u00fches karbis.<\/p>\n<p data-start=\"452\" data-end=\"686\">Pakis leiad:<br \/>\n<strong>Brownie k\u00fcpsetussegu<\/strong> \u2013 lihtne ja kiire valmistada<br \/>\n<strong>K\u00fcpsetusvorm<\/strong> \u2013 kohe kasutusvalmis<br \/>\n<strong>Kuuma \u0161okolaadi segu<\/strong> \u2013 m\u00f5nusalt \u0161okolaadine ja soojendav<br \/>\n<strong>Valmistamisjuhised ja retseptid<\/strong> \u2013 samm-sammult ja arusaadavalt<\/p>\n<p data-start=\"452\" data-end=\"686\">Valmistamine on lihtne ja mugav ning retseptid j\u00e4\u00e4vad alles, et saaksid samu h\u00f5rgutisi valmistada ka hiljem, ikka ja j\u00e4lle.<\/p>","protected":false},"featured_media":11173,"comment_status":"open","ping_status":"closed","template":"","meta":{"site-sidebar-layout":"default","site-content-layout":"","ast-site-content-layout":"default","site-content-style":"default","site-sidebar-style":"default","ast-global-header-display":"","ast-banner-title-visibility":"","ast-main-header-display":"","ast-hfb-above-header-display":"","ast-hfb-below-header-display":"","ast-hfb-mobile-header-display":"","site-post-title":"","ast-breadcrumbs-content":"","ast-featured-img":"","footer-sml-layout":"","ast-disable-related-posts":"","theme-transparent-header-meta":"default","adv-header-id-meta":"","stick-header-meta":"","header-above-stick-meta":"","header-main-stick-meta":"","header-below-stick-meta":"","astra-migrate-meta-layouts":"set","ast-page-background-enabled":"default","ast-page-background-meta":{"desktop":{"background-color":"","background-image":"","background-repeat":"repeat","background-position":"center center","background-size":"auto","background-attachment":"scroll","background-type":"","background-media":"","overlay-type":"","overlay-color":"","overlay-opacity":"","overlay-gradient":""},"tablet":{"background-color":"","background-image":"","background-repeat":"repeat","background-position":"center center","background-size":"auto","background-attachment":"scroll","background-type":"","background-media":"","overlay-type":"","overlay-color":"","overlay-opacity":"","overlay-gradient":""},"mobile":{"background-color":"","background-image":"","background-repeat":"repeat","background-position":"center center","background-size":"auto","background-attachment":"scroll","background-type":"","background-media":"","overlay-type":"","overlay-color":"","overlay-opacity":"","overlay-gradient":""}},"ast-content-background-meta":{"desktop":{"background-color":"var(--ast-global-color-5)","background-image":"","background-repeat":"repeat","background-position":"center center","background-size":"auto","background-attachment":"scroll","background-type":"","background-media":"","overlay-type":"","overlay-color":"","overlay-opacity":"","overlay-gradient":""},"tablet":{"background-color":"var(--ast-global-color-5)","background-image":"","background-repeat":"repeat","background-position":"center center","background-size":"auto","background-attachment":"scroll","background-type":"","background-media":"","overlay-type":"","overlay-color":"","overlay-opacity":"","overlay-gradient":""},"mobile":{"background-color":"var(--ast-global-color-5)","background-image":"","background-repeat":"repeat","background-position":"center center","background-size":"auto","background-attachment":"scroll","background-type":"","background-media":"","overlay-type":"","overlay-color":"","overlay-opacity":"","overlay-gradient":""}}},"product_brand":[],"product_cat":[97],"product_tag":[73,135,434,288,144,151,286],"class_list":{"0":"post-11172","1":"product","2":"type-product","3":"status-publish","4":"has-post-thumbnail","6":"product_cat-kinkekarbid","7":"product_tag-brownie","8":"product_tag-kingitus","9":"product_tag-kinkekomplekt","10":"product_tag-kuum-sokolaad","11":"product_tag-sobrapaev","12":"product_tag-sobrapaeva-kinkekarp","13":"product_tag-soodav-kingitus","14":"desktop-align-center","15":"tablet-align-left","16":"mobile-align-left","18":"first","19":"instock","20":"taxable","21":"shipping-taxable","22":"purchasable","23":"product-type-simple"},"yoast_head":"<!-- This site is optimized with the Yoast SEO plugin v27.4 - https:\/\/yoast.com\/product\/yoast-seo-wordpress\/ -->\n<title>&quot;Magus kinkepakk&quot;- Brownie ja kuuma \u0161okolaadi kinkekomplekt - Miila koogid<\/title>\n<meta name=\"description\" content=\"Magus kinkepakk on brownie ja kuuma \u0161okolaadi kinkekomplekt. Kaunilt pakitud ja valmis saatmiseks kasv\u00f5i otse s\u00f5brale, s\u00fcnnip\u00e4evaks v\u00f5i lihtsalt \u00fcllatuseks.\" \/>\n<meta name=\"robots\" content=\"index, follow, max-snippet:-1, max-image-preview:large, max-video-preview:-1\" \/>\n<link rel=\"canonical\" href=\"https:\/\/miilakoogid.ee\/en\/product\/sobrapakk-brownie-ja-kuuma-sokolaadi-kinkekomplekt\/\" \/>\n<meta property=\"og:locale\" content=\"en_US\" \/>\n<meta property=\"og:type\" content=\"article\" \/>\n<meta property=\"og:title\" content=\"&quot;Magus kinkepakk&quot;- Brownie ja kuuma \u0161okolaadi kinkekomplekt - Miila koogid\" \/>\n<meta property=\"og:description\" content=\"Magus kinkepakk on brownie ja kuuma \u0161okolaadi kinkekomplekt. Kaunilt pakitud ja valmis saatmiseks kasv\u00f5i otse s\u00f5brale, s\u00fcnnip\u00e4evaks v\u00f5i lihtsalt \u00fcllatuseks.\" \/>\n<meta property=\"og:url\" content=\"https:\/\/miilakoogid.ee\/en\/product\/sobrapakk-brownie-ja-kuuma-sokolaadi-kinkekomplekt\/\" \/>\n<meta property=\"og:site_name\" content=\"Miila koogid\" \/>\n<meta property=\"article:modified_time\" content=\"2026-03-06T17:31:18+00:00\" \/>\n<meta property=\"og:image\" content=\"https:\/\/miilakoogid.ee\/wp-content\/uploads\/2026\/01\/Sobrapaki-sisu.png\" \/>\n\t<meta property=\"og:image:width\" content=\"1080\" \/>\n\t<meta property=\"og:image:height\" content=\"1080\" \/>\n\t<meta property=\"og:image:type\" content=\"image\/png\" \/>\n<meta name=\"twitter:card\" content=\"summary_large_image\" \/>\n<meta name=\"twitter:label1\" content=\"Est. reading time\" \/>\n\t<meta name=\"twitter:data1\" content=\"1 minute\" \/>\n<script type=\"application\/ld+json\" class=\"yoast-schema-graph\">{\"@context\":\"https:\\\/\\\/schema.org\",\"@graph\":[{\"@type\":\"WebPage\",\"@id\":\"https:\\\/\\\/miilakoogid.ee\\\/product\\\/sobrapakk-brownie-ja-kuuma-sokolaadi-kinkekomplekt\\\/\",\"url\":\"https:\\\/\\\/miilakoogid.ee\\\/product\\\/sobrapakk-brownie-ja-kuuma-sokolaadi-kinkekomplekt\\\/\",\"name\":\"\\\"Magus kinkepakk\\\"- Brownie ja kuuma \u0161okolaadi kinkekomplekt - Miila koogid\",\"isPartOf\":{\"@id\":\"https:\\\/\\\/miilakoogid.ee\\\/#website\"},\"primaryImageOfPage\":{\"@id\":\"https:\\\/\\\/miilakoogid.ee\\\/product\\\/sobrapakk-brownie-ja-kuuma-sokolaadi-kinkekomplekt\\\/#primaryimage\"},\"image\":{\"@id\":\"https:\\\/\\\/miilakoogid.ee\\\/product\\\/sobrapakk-brownie-ja-kuuma-sokolaadi-kinkekomplekt\\\/#primaryimage\"},\"thumbnailUrl\":\"https:\\\/\\\/miilakoogid.ee\\\/wp-content\\\/uploads\\\/2026\\\/01\\\/Sobrapaki-sisu.png\",\"datePublished\":\"2026-01-26T13:07:27+00:00\",\"dateModified\":\"2026-03-06T17:31:18+00:00\",\"description\":\"Magus kinkepakk on brownie ja kuuma \u0161okolaadi kinkekomplekt. Kaunilt pakitud ja valmis saatmiseks kasv\u00f5i otse s\u00f5brale, s\u00fcnnip\u00e4evaks v\u00f5i lihtsalt \u00fcllatuseks.\",\"breadcrumb\":{\"@id\":\"https:\\\/\\\/miilakoogid.ee\\\/product\\\/sobrapakk-brownie-ja-kuuma-sokolaadi-kinkekomplekt\\\/#breadcrumb\"},\"inLanguage\":\"en-US\",\"potentialAction\":[{\"@type\":\"ReadAction\",\"target\":[\"https:\\\/\\\/miilakoogid.ee\\\/product\\\/sobrapakk-brownie-ja-kuuma-sokolaadi-kinkekomplekt\\\/\"]}]},{\"@type\":\"ImageObject\",\"inLanguage\":\"en-US\",\"@id\":\"https:\\\/\\\/miilakoogid.ee\\\/product\\\/sobrapakk-brownie-ja-kuuma-sokolaadi-kinkekomplekt\\\/#primaryimage\",\"url\":\"https:\\\/\\\/miilakoogid.ee\\\/wp-content\\\/uploads\\\/2026\\\/01\\\/Sobrapaki-sisu.png\",\"contentUrl\":\"https:\\\/\\\/miilakoogid.ee\\\/wp-content\\\/uploads\\\/2026\\\/01\\\/Sobrapaki-sisu.png\",\"width\":1080,\"height\":1080},{\"@type\":\"BreadcrumbList\",\"@id\":\"https:\\\/\\\/miilakoogid.ee\\\/product\\\/sobrapakk-brownie-ja-kuuma-sokolaadi-kinkekomplekt\\\/#breadcrumb\",\"itemListElement\":[{\"@type\":\"ListItem\",\"position\":1,\"name\":\"Esileht\",\"item\":\"https:\\\/\\\/miilakoogid.ee\\\/\"},{\"@type\":\"ListItem\",\"position\":2,\"name\":\"E-Pood\",\"item\":\"https:\\\/\\\/miilakoogid.ee\\\/e-pood\\\/\"},{\"@type\":\"ListItem\",\"position\":3,\"name\":\"&#8220;Magus kinkepakk&#8221;- Brownie ja kuuma \u0161okolaadi kinkekomplekt\"}]},{\"@type\":\"WebSite\",\"@id\":\"https:\\\/\\\/miilakoogid.ee\\\/#website\",\"url\":\"https:\\\/\\\/miilakoogid.ee\\\/\",\"name\":\"Miila koogid\",\"description\":\"K\u00fcpsetamise veebikoolitused\",\"publisher\":{\"@id\":\"https:\\\/\\\/miilakoogid.ee\\\/#organization\"},\"potentialAction\":[{\"@type\":\"SearchAction\",\"target\":{\"@type\":\"EntryPoint\",\"urlTemplate\":\"https:\\\/\\\/miilakoogid.ee\\\/?s={search_term_string}\"},\"query-input\":{\"@type\":\"PropertyValueSpecification\",\"valueRequired\":true,\"valueName\":\"search_term_string\"}}],\"inLanguage\":\"en-US\"},{\"@type\":\"Organization\",\"@id\":\"https:\\\/\\\/miilakoogid.ee\\\/#organization\",\"name\":\"Miila koogid\",\"url\":\"https:\\\/\\\/miilakoogid.ee\\\/\",\"logo\":{\"@type\":\"ImageObject\",\"inLanguage\":\"en-US\",\"@id\":\"https:\\\/\\\/miilakoogid.ee\\\/#\\\/schema\\\/logo\\\/image\\\/\",\"url\":\"https:\\\/\\\/miilakoogid.ee\\\/wp-content\\\/uploads\\\/2024\\\/10\\\/Miila-koogid-1.svg\",\"contentUrl\":\"https:\\\/\\\/miilakoogid.ee\\\/wp-content\\\/uploads\\\/2024\\\/10\\\/Miila-koogid-1.svg\",\"width\":100,\"height\":100,\"caption\":\"Miila koogid\"},\"image\":{\"@id\":\"https:\\\/\\\/miilakoogid.ee\\\/#\\\/schema\\\/logo\\\/image\\\/\"}}]}<\/script>\n<!-- \/ Yoast SEO plugin. -->","yoast_head_json":{"title":"\"Magus kinkepakk\"- Brownie ja kuuma \u0161okolaadi kinkekomplekt - Miila koogid","description":"Magus kinkepakk on brownie ja kuuma \u0161okolaadi kinkekomplekt. Kaunilt pakitud ja valmis saatmiseks kasv\u00f5i otse s\u00f5brale, s\u00fcnnip\u00e4evaks v\u00f5i lihtsalt \u00fcllatuseks.","robots":{"index":"index","follow":"follow","max-snippet":"max-snippet:-1","max-image-preview":"max-image-preview:large","max-video-preview":"max-video-preview:-1"},"canonical":"https:\/\/miilakoogid.ee\/en\/product\/sobrapakk-brownie-ja-kuuma-sokolaadi-kinkekomplekt\/","og_locale":"en_US","og_type":"article","og_title":"\"Magus kinkepakk\"- Brownie ja kuuma \u0161okolaadi kinkekomplekt - Miila koogid","og_description":"Magus kinkepakk on brownie ja kuuma \u0161okolaadi kinkekomplekt. Kaunilt pakitud ja valmis saatmiseks kasv\u00f5i otse s\u00f5brale, s\u00fcnnip\u00e4evaks v\u00f5i lihtsalt \u00fcllatuseks.","og_url":"https:\/\/miilakoogid.ee\/en\/product\/sobrapakk-brownie-ja-kuuma-sokolaadi-kinkekomplekt\/","og_site_name":"Miila koogid","article_modified_time":"2026-03-06T17:31:18+00:00","og_image":[{"width":1080,"height":1080,"url":"https:\/\/miilakoogid.ee\/wp-content\/uploads\/2026\/01\/Sobrapaki-sisu.png","type":"image\/png"}],"twitter_card":"summary_large_image","twitter_misc":{"Est. reading time":"1 minute"},"schema":{"@context":"https:\/\/schema.org","@graph":[{"@type":"WebPage","@id":"https:\/\/miilakoogid.ee\/product\/sobrapakk-brownie-ja-kuuma-sokolaadi-kinkekomplekt\/","url":"https:\/\/miilakoogid.ee\/product\/sobrapakk-brownie-ja-kuuma-sokolaadi-kinkekomplekt\/","name":"\"Magus kinkepakk\"- Brownie ja kuuma \u0161okolaadi kinkekomplekt - Miila koogid","isPartOf":{"@id":"https:\/\/miilakoogid.ee\/#website"},"primaryImageOfPage":{"@id":"https:\/\/miilakoogid.ee\/product\/sobrapakk-brownie-ja-kuuma-sokolaadi-kinkekomplekt\/#primaryimage"},"image":{"@id":"https:\/\/miilakoogid.ee\/product\/sobrapakk-brownie-ja-kuuma-sokolaadi-kinkekomplekt\/#primaryimage"},"thumbnailUrl":"https:\/\/miilakoogid.ee\/wp-content\/uploads\/2026\/01\/Sobrapaki-sisu.png","datePublished":"2026-01-26T13:07:27+00:00","dateModified":"2026-03-06T17:31:18+00:00","description":"Magus kinkepakk on brownie ja kuuma \u0161okolaadi kinkekomplekt. Kaunilt pakitud ja valmis saatmiseks kasv\u00f5i otse s\u00f5brale, s\u00fcnnip\u00e4evaks v\u00f5i lihtsalt \u00fcllatuseks.","breadcrumb":{"@id":"https:\/\/miilakoogid.ee\/product\/sobrapakk-brownie-ja-kuuma-sokolaadi-kinkekomplekt\/#breadcrumb"},"inLanguage":"en-US","potentialAction":[{"@type":"ReadAction","target":["https:\/\/miilakoogid.ee\/product\/sobrapakk-brownie-ja-kuuma-sokolaadi-kinkekomplekt\/"]}]},{"@type":"ImageObject","inLanguage":"en-US","@id":"https:\/\/miilakoogid.ee\/product\/sobrapakk-brownie-ja-kuuma-sokolaadi-kinkekomplekt\/#primaryimage","url":"https:\/\/miilakoogid.ee\/wp-content\/uploads\/2026\/01\/Sobrapaki-sisu.png","contentUrl":"https:\/\/miilakoogid.ee\/wp-content\/uploads\/2026\/01\/Sobrapaki-sisu.png","width":1080,"height":1080},{"@type":"BreadcrumbList","@id":"https:\/\/miilakoogid.ee\/product\/sobrapakk-brownie-ja-kuuma-sokolaadi-kinkekomplekt\/#breadcrumb","itemListElement":[{"@type":"ListItem","position":1,"name":"Esileht","item":"https:\/\/miilakoogid.ee\/"},{"@type":"ListItem","position":2,"name":"E-Pood","item":"https:\/\/miilakoogid.ee\/e-pood\/"},{"@type":"ListItem","position":3,"name":"&#8220;Magus kinkepakk&#8221;- Brownie ja kuuma \u0161okolaadi kinkekomplekt"}]},{"@type":"WebSite","@id":"https:\/\/miilakoogid.ee\/#website","url":"https:\/\/miilakoogid.ee\/","name":"Miila koogid","description":"K\u00fcpsetamise veebikoolitused","publisher":{"@id":"https:\/\/miilakoogid.ee\/#organization"},"potentialAction":[{"@type":"SearchAction","target":{"@type":"EntryPoint","urlTemplate":"https:\/\/miilakoogid.ee\/?s={search_term_string}"},"query-input":{"@type":"PropertyValueSpecification","valueRequired":true,"valueName":"search_term_string"}}],"inLanguage":"en-US"},{"@type":"Organization","@id":"https:\/\/miilakoogid.ee\/#organization","name":"Miila koogid","url":"https:\/\/miilakoogid.ee\/","logo":{"@type":"ImageObject","inLanguage":"en-US","@id":"https:\/\/miilakoogid.ee\/#\/schema\/logo\/image\/","url":"https:\/\/miilakoogid.ee\/wp-content\/uploads\/2024\/10\/Miila-koogid-1.svg","contentUrl":"https:\/\/miilakoogid.ee\/wp-content\/uploads\/2024\/10\/Miila-koogid-1.svg","width":100,"height":100,"caption":"Miila koogid"},"image":{"@id":"https:\/\/miilakoogid.ee\/#\/schema\/logo\/image\/"}}]}},"_links":{"self":[{"href":"https:\/\/miilakoogid.ee\/en\/wp-json\/wp\/v2\/product\/11172","targetHints":{"allow":["GET"]}}],"collection":[{"href":"https:\/\/miilakoogid.ee\/en\/wp-json\/wp\/v2\/product"}],"about":[{"href":"https:\/\/miilakoogid.ee\/en\/wp-json\/wp\/v2\/types\/product"}],"replies":[{"embeddable":true,"href":"https:\/\/miilakoogid.ee\/en\/wp-json\/wp\/v2\/comments?post=11172"}],"version-history":[{"count":4,"href":"https:\/\/miilakoogid.ee\/en\/wp-json\/wp\/v2\/product\/11172\/revisions"}],"predecessor-version":[{"id":11512,"href":"https:\/\/miilakoogid.ee\/en\/wp-json\/wp\/v2\/product\/11172\/revisions\/11512"}],"wp:featuredmedia":[{"embeddable":true,"href":"https:\/\/miilakoogid.ee\/en\/wp-json\/wp\/v2\/media\/11173"}],"wp:attachment":[{"href":"https:\/\/miilakoogid.ee\/en\/wp-json\/wp\/v2\/media?parent=11172"}],"wp:term":[{"taxonomy":"product_brand","embeddable":true,"href":"https:\/\/miilakoogid.ee\/en\/wp-json\/wp\/v2\/product_brand?post=11172"},{"taxonomy":"product_cat","embeddable":true,"href":"https:\/\/miilakoogid.ee\/en\/wp-json\/wp\/v2\/product_cat?post=11172"},{"taxonomy":"product_tag","embeddable":true,"href":"https:\/\/miilakoogid.ee\/en\/wp-json\/wp\/v2\/product_tag?post=11172"}],"curies":[{"name":"wp","href":"https:\/\/api.w.org\/{rel}","templated":true}]}}