{"id":10569,"date":"2023-11-26T15:14:19","date_gmt":"2023-11-26T13:14:19","guid":{"rendered":"https:\/\/miilakoogid.ee\/?post_type=product&#038;p=10569"},"modified":"2026-01-26T15:10:01","modified_gmt":"2026-01-26T13:10:01","slug":"veebikoolitus-soodavad-kingitused","status":"publish","type":"product","link":"https:\/\/miilakoogid.ee\/en\/product\/veebikoolitus-soodavad-kingitused\/","title":{"rendered":"Online course \"Edible gifts\""},"content":{"rendered":"<p data-start=\"406\" data-end=\"447\"><strong data-start=\"410\" data-end=\"447\">Koolituse k\u00e4igus \u00f5pid valmistama:<\/strong><\/p>\n<ul>\n<li data-start=\"450\" data-end=\"521\">aromaatset j\u00f5ulukeeksi \u2013 k\u00fcpsetamine, kaunistamine ja s\u00e4ilitamine<\/li>\n<li data-start=\"450\" data-end=\"521\">kodust gl\u00f6gi \u2013 t\u00f5eliselt j\u00f5ulune ja soe<\/li>\n<li data-start=\"572\" data-end=\"643\">v\u00fcrtsikat punast pestot, mis sobib nii kinkimiseks kui pidulauale<\/li>\n<li data-start=\"572\" data-end=\"643\">h\u00f5rku j\u00f5hvika-juustumoosi, mida saad lisada kasv\u00f5i verivorstile<\/li>\n<li data-start=\"706\" data-end=\"800\">\n<p data-start=\"708\" data-end=\"800\">k\u00f5igi toodete\u00a0pakendamist, et kingid n\u00e4eksid professionaalsed v\u00e4lja<\/p>\n<\/li>\n<\/ul>\n<p data-start=\"802\" data-end=\"828\"><strong data-start=\"806\" data-end=\"828\">The training includes:<\/strong><\/p>\n<ul>\n<li data-start=\"831\" data-end=\"911\">samm-sammulisi \u00f5ppevideosid, mis sobivad nii algajale kui kogenud tegijale<\/li>\n<li data-start=\"831\" data-end=\"911\">allalaetavat retseptifaili koos valmistamis\u00f5petustega<\/li>\n<li data-start=\"974\" data-end=\"1073\">\n<p data-start=\"976\" data-end=\"1073\">piiramatut ligip\u00e4\u00e4su k\u00f5igile materjalidele<\/p>\n<\/li>\n<\/ul>","protected":false},"excerpt":{"rendered":"<p data-start=\"309\" data-end=\"615\">\u00d5petan sulle samm-sammult, kuidas valmistada pidulikke h\u00f5rgutisi, mis sobivad nii kingikotti, kinkekarpi kui ka enda j\u00f5ululauale.<\/p>\n<p data-start=\"1109\" data-end=\"1183\">Koolitus sobib k\u00f5igile, kes soovivad j\u00f5uludeks teha isetehtud ja s\u00fcdamega kingitusi. Neile, kes vajavad lihtsaid, selgeid ja t\u00f6\u00f6tavaid retsepte ja kes soovivad oma j\u00f5ulukingikotti lisada midagi erilist ja meeldej\u00e4\u00e4vat.<\/p>\n<p data-start=\"1336\" data-end=\"1435\"><em style=\"font-size: 16px;\">Olles soetanud veebikoolituse, saad liituda <strong><a href=\"https:\/\/www.facebook.com\/groups\/1345815353548352\">Miila Koogiklubiga<\/a>\u2013<\/strong> s\u00f5bralik Facebooki grupp, kus jagame ideid, nippe ja retseptide edasiarendusi. Seal saad k\u00fcsida k\u00fcsimusi, jagada oma \u00f5nnestumisi ja leida toetust teistelt k\u00fcpsetajatelt.<\/em><\/p>","protected":false},"featured_media":10531,"comment_status":"open","ping_status":"closed","template":"","meta":{"site-sidebar-layout":"default","site-content-layout":"","ast-site-content-layout":"default","site-content-style":"default","site-sidebar-style":"default","ast-global-header-display":"","ast-banner-title-visibility":"","ast-main-header-display":"","ast-hfb-above-header-display":"","ast-hfb-below-header-display":"","ast-hfb-mobile-header-display":"","site-post-title":"","ast-breadcrumbs-content":"","ast-featured-img":"","footer-sml-layout":"","ast-disable-related-posts":"","theme-transparent-header-meta":"default","adv-header-id-meta":"","stick-header-meta":"","header-above-stick-meta":"","header-main-stick-meta":"","header-below-stick-meta":"","astra-migrate-meta-layouts":"set","ast-page-background-enabled":"default","ast-page-background-meta":{"desktop":{"background-color":"","background-image":"","background-repeat":"repeat","background-position":"center center","background-size":"auto","background-attachment":"scroll","background-type":"","background-media":"","overlay-type":"","overlay-color":"","overlay-opacity":"","overlay-gradient":""},"tablet":{"background-color":"","background-image":"","background-repeat":"repeat","background-position":"center center","background-size":"auto","background-attachment":"scroll","background-type":"","background-media":"","overlay-type":"","overlay-color":"","overlay-opacity":"","overlay-gradient":""},"mobile":{"background-color":"","background-image":"","background-repeat":"repeat","background-position":"center center","background-size":"auto","background-attachment":"scroll","background-type":"","background-media":"","overlay-type":"","overlay-color":"","overlay-opacity":"","overlay-gradient":""}},"ast-content-background-meta":{"desktop":{"background-color":"var(--ast-global-color-5)","background-image":"","background-repeat":"repeat","background-position":"center center","background-size":"auto","background-attachment":"scroll","background-type":"","background-media":"","overlay-type":"","overlay-color":"","overlay-opacity":"","overlay-gradient":""},"tablet":{"background-color":"var(--ast-global-color-5)","background-image":"","background-repeat":"repeat","background-position":"center center","background-size":"auto","background-attachment":"scroll","background-type":"","background-media":"","overlay-type":"","overlay-color":"","overlay-opacity":"","overlay-gradient":""},"mobile":{"background-color":"var(--ast-global-color-5)","background-image":"","background-repeat":"repeat","background-position":"center center","background-size":"auto","background-attachment":"scroll","background-type":"","background-media":"","overlay-type":"","overlay-color":"","overlay-opacity":"","overlay-gradient":""}}},"product_brand":[],"product_cat":[24],"product_tag":[282,279,120,281,276,277,278,280],"class_list":{"0":"post-10569","1":"product","2":"type-product","3":"status-publish","4":"has-post-thumbnail","6":"product_cat-veebikoolitused","7":"product_tag-glogi","8":"product_tag-johvikamoos","9":"product_tag-joulud","10":"product_tag-joulukeeks","11":"product_tag-joulukingitused","12":"product_tag-joulukink","13":"product_tag-soodavad-kingitused","14":"product_tag-vurtsikas-pesto","15":"desktop-align-center","16":"tablet-align-left","17":"mobile-align-left","19":"first","20":"instock","21":"downloadable","22":"virtual","23":"sold-individually","24":"taxable","25":"purchasable","26":"product-type-course"},"yoast_head":"<!-- This site is optimized with the Yoast SEO plugin v27.4 - https:\/\/yoast.com\/product\/yoast-seo-wordpress\/ -->\n<title>Veebikoolitus &quot;S\u00f6\u00f6davad kingitused&quot; - Miila koogid<\/title>\n<meta name=\"description\" content=\"Veebikoolitusel \u00f5pid valmistama j\u00f5ulukeeksi, gl\u00f6gi, pestot ja j\u00f5hvikamoosi ning neid kaunilt kinkekarpi pakkima. Sisaldab videoid ja retsepte.\" \/>\n<meta name=\"robots\" content=\"index, follow, max-snippet:-1, max-image-preview:large, max-video-preview:-1\" \/>\n<link rel=\"canonical\" href=\"https:\/\/miilakoogid.ee\/en\/product\/veebikoolitus-soodavad-kingitused\/\" \/>\n<meta property=\"og:locale\" content=\"en_US\" \/>\n<meta property=\"og:type\" content=\"article\" \/>\n<meta property=\"og:title\" content=\"Veebikoolitus &quot;S\u00f6\u00f6davad kingitused&quot; - Miila koogid\" \/>\n<meta property=\"og:description\" content=\"Veebikoolitusel \u00f5pid valmistama j\u00f5ulukeeksi, gl\u00f6gi, pestot ja j\u00f5hvikamoosi ning neid kaunilt kinkekarpi pakkima. Sisaldab videoid ja retsepte.\" \/>\n<meta property=\"og:url\" content=\"https:\/\/miilakoogid.ee\/en\/product\/veebikoolitus-soodavad-kingitused\/\" \/>\n<meta property=\"og:site_name\" content=\"Miila koogid\" \/>\n<meta property=\"article:modified_time\" content=\"2026-01-26T13:10:01+00:00\" \/>\n<meta property=\"og:image\" content=\"https:\/\/miilakoogid.ee\/wp-content\/uploads\/2025\/11\/IMG_7975-1-scaled-e1764155225456.jpg\" \/>\n\t<meta property=\"og:image:width\" content=\"1920\" \/>\n\t<meta property=\"og:image:height\" content=\"1920\" \/>\n\t<meta property=\"og:image:type\" content=\"image\/jpeg\" \/>\n<meta name=\"twitter:card\" content=\"summary_large_image\" \/>\n<meta name=\"twitter:label1\" content=\"Est. reading time\" \/>\n\t<meta name=\"twitter:data1\" content=\"1 minute\" \/>\n<script type=\"application\/ld+json\" class=\"yoast-schema-graph\">{\"@context\":\"https:\\\/\\\/schema.org\",\"@graph\":[{\"@type\":\"WebPage\",\"@id\":\"https:\\\/\\\/miilakoogid.ee\\\/product\\\/veebikoolitus-soodavad-kingitused\\\/\",\"url\":\"https:\\\/\\\/miilakoogid.ee\\\/product\\\/veebikoolitus-soodavad-kingitused\\\/\",\"name\":\"Veebikoolitus \\\"S\u00f6\u00f6davad kingitused\\\" - Miila koogid\",\"isPartOf\":{\"@id\":\"https:\\\/\\\/miilakoogid.ee\\\/#website\"},\"primaryImageOfPage\":{\"@id\":\"https:\\\/\\\/miilakoogid.ee\\\/product\\\/veebikoolitus-soodavad-kingitused\\\/#primaryimage\"},\"image\":{\"@id\":\"https:\\\/\\\/miilakoogid.ee\\\/product\\\/veebikoolitus-soodavad-kingitused\\\/#primaryimage\"},\"thumbnailUrl\":\"https:\\\/\\\/miilakoogid.ee\\\/wp-content\\\/uploads\\\/2025\\\/11\\\/IMG_7975-1-scaled-e1764155225456.jpg\",\"datePublished\":\"2023-11-26T13:14:19+00:00\",\"dateModified\":\"2026-01-26T13:10:01+00:00\",\"description\":\"Veebikoolitusel \u00f5pid valmistama j\u00f5ulukeeksi, gl\u00f6gi, pestot ja j\u00f5hvikamoosi ning neid kaunilt kinkekarpi pakkima. Sisaldab videoid ja retsepte.\",\"breadcrumb\":{\"@id\":\"https:\\\/\\\/miilakoogid.ee\\\/product\\\/veebikoolitus-soodavad-kingitused\\\/#breadcrumb\"},\"inLanguage\":\"en-US\",\"potentialAction\":[{\"@type\":\"ReadAction\",\"target\":[\"https:\\\/\\\/miilakoogid.ee\\\/product\\\/veebikoolitus-soodavad-kingitused\\\/\"]}]},{\"@type\":\"ImageObject\",\"inLanguage\":\"en-US\",\"@id\":\"https:\\\/\\\/miilakoogid.ee\\\/product\\\/veebikoolitus-soodavad-kingitused\\\/#primaryimage\",\"url\":\"https:\\\/\\\/miilakoogid.ee\\\/wp-content\\\/uploads\\\/2025\\\/11\\\/IMG_7975-1-scaled-e1764155225456.jpg\",\"contentUrl\":\"https:\\\/\\\/miilakoogid.ee\\\/wp-content\\\/uploads\\\/2025\\\/11\\\/IMG_7975-1-scaled-e1764155225456.jpg\",\"width\":1920,\"height\":1920},{\"@type\":\"BreadcrumbList\",\"@id\":\"https:\\\/\\\/miilakoogid.ee\\\/product\\\/veebikoolitus-soodavad-kingitused\\\/#breadcrumb\",\"itemListElement\":[{\"@type\":\"ListItem\",\"position\":1,\"name\":\"Esileht\",\"item\":\"https:\\\/\\\/miilakoogid.ee\\\/\"},{\"@type\":\"ListItem\",\"position\":2,\"name\":\"E-Pood\",\"item\":\"https:\\\/\\\/miilakoogid.ee\\\/e-pood\\\/\"},{\"@type\":\"ListItem\",\"position\":3,\"name\":\"Veebikoolitus &#8220;S\u00f6\u00f6davad kingitused&#8221;\"}]},{\"@type\":\"WebSite\",\"@id\":\"https:\\\/\\\/miilakoogid.ee\\\/#website\",\"url\":\"https:\\\/\\\/miilakoogid.ee\\\/\",\"name\":\"Miila koogid\",\"description\":\"K\u00fcpsetamise veebikoolitused\",\"publisher\":{\"@id\":\"https:\\\/\\\/miilakoogid.ee\\\/#organization\"},\"potentialAction\":[{\"@type\":\"SearchAction\",\"target\":{\"@type\":\"EntryPoint\",\"urlTemplate\":\"https:\\\/\\\/miilakoogid.ee\\\/?s={search_term_string}\"},\"query-input\":{\"@type\":\"PropertyValueSpecification\",\"valueRequired\":true,\"valueName\":\"search_term_string\"}}],\"inLanguage\":\"en-US\"},{\"@type\":\"Organization\",\"@id\":\"https:\\\/\\\/miilakoogid.ee\\\/#organization\",\"name\":\"Miila koogid\",\"url\":\"https:\\\/\\\/miilakoogid.ee\\\/\",\"logo\":{\"@type\":\"ImageObject\",\"inLanguage\":\"en-US\",\"@id\":\"https:\\\/\\\/miilakoogid.ee\\\/#\\\/schema\\\/logo\\\/image\\\/\",\"url\":\"https:\\\/\\\/miilakoogid.ee\\\/wp-content\\\/uploads\\\/2024\\\/10\\\/Miila-koogid-1.svg\",\"contentUrl\":\"https:\\\/\\\/miilakoogid.ee\\\/wp-content\\\/uploads\\\/2024\\\/10\\\/Miila-koogid-1.svg\",\"width\":100,\"height\":100,\"caption\":\"Miila koogid\"},\"image\":{\"@id\":\"https:\\\/\\\/miilakoogid.ee\\\/#\\\/schema\\\/logo\\\/image\\\/\"}}]}<\/script>\n<!-- \/ Yoast SEO plugin. -->","yoast_head_json":{"title":"Veebikoolitus \"S\u00f6\u00f6davad kingitused\" - Miila koogid","description":"Veebikoolitusel \u00f5pid valmistama j\u00f5ulukeeksi, gl\u00f6gi, pestot ja j\u00f5hvikamoosi ning neid kaunilt kinkekarpi pakkima. Sisaldab videoid ja retsepte.","robots":{"index":"index","follow":"follow","max-snippet":"max-snippet:-1","max-image-preview":"max-image-preview:large","max-video-preview":"max-video-preview:-1"},"canonical":"https:\/\/miilakoogid.ee\/en\/product\/veebikoolitus-soodavad-kingitused\/","og_locale":"en_US","og_type":"article","og_title":"Veebikoolitus \"S\u00f6\u00f6davad kingitused\" - Miila koogid","og_description":"Veebikoolitusel \u00f5pid valmistama j\u00f5ulukeeksi, gl\u00f6gi, pestot ja j\u00f5hvikamoosi ning neid kaunilt kinkekarpi pakkima. Sisaldab videoid ja retsepte.","og_url":"https:\/\/miilakoogid.ee\/en\/product\/veebikoolitus-soodavad-kingitused\/","og_site_name":"Miila koogid","article_modified_time":"2026-01-26T13:10:01+00:00","og_image":[{"width":1920,"height":1920,"url":"https:\/\/miilakoogid.ee\/wp-content\/uploads\/2025\/11\/IMG_7975-1-scaled-e1764155225456.jpg","type":"image\/jpeg"}],"twitter_card":"summary_large_image","twitter_misc":{"Est. reading time":"1 minute"},"schema":{"@context":"https:\/\/schema.org","@graph":[{"@type":"WebPage","@id":"https:\/\/miilakoogid.ee\/product\/veebikoolitus-soodavad-kingitused\/","url":"https:\/\/miilakoogid.ee\/product\/veebikoolitus-soodavad-kingitused\/","name":"Veebikoolitus \"S\u00f6\u00f6davad kingitused\" - Miila koogid","isPartOf":{"@id":"https:\/\/miilakoogid.ee\/#website"},"primaryImageOfPage":{"@id":"https:\/\/miilakoogid.ee\/product\/veebikoolitus-soodavad-kingitused\/#primaryimage"},"image":{"@id":"https:\/\/miilakoogid.ee\/product\/veebikoolitus-soodavad-kingitused\/#primaryimage"},"thumbnailUrl":"https:\/\/miilakoogid.ee\/wp-content\/uploads\/2025\/11\/IMG_7975-1-scaled-e1764155225456.jpg","datePublished":"2023-11-26T13:14:19+00:00","dateModified":"2026-01-26T13:10:01+00:00","description":"Veebikoolitusel \u00f5pid valmistama j\u00f5ulukeeksi, gl\u00f6gi, pestot ja j\u00f5hvikamoosi ning neid kaunilt kinkekarpi pakkima. Sisaldab videoid ja retsepte.","breadcrumb":{"@id":"https:\/\/miilakoogid.ee\/product\/veebikoolitus-soodavad-kingitused\/#breadcrumb"},"inLanguage":"en-US","potentialAction":[{"@type":"ReadAction","target":["https:\/\/miilakoogid.ee\/product\/veebikoolitus-soodavad-kingitused\/"]}]},{"@type":"ImageObject","inLanguage":"en-US","@id":"https:\/\/miilakoogid.ee\/product\/veebikoolitus-soodavad-kingitused\/#primaryimage","url":"https:\/\/miilakoogid.ee\/wp-content\/uploads\/2025\/11\/IMG_7975-1-scaled-e1764155225456.jpg","contentUrl":"https:\/\/miilakoogid.ee\/wp-content\/uploads\/2025\/11\/IMG_7975-1-scaled-e1764155225456.jpg","width":1920,"height":1920},{"@type":"BreadcrumbList","@id":"https:\/\/miilakoogid.ee\/product\/veebikoolitus-soodavad-kingitused\/#breadcrumb","itemListElement":[{"@type":"ListItem","position":1,"name":"Esileht","item":"https:\/\/miilakoogid.ee\/"},{"@type":"ListItem","position":2,"name":"E-Pood","item":"https:\/\/miilakoogid.ee\/e-pood\/"},{"@type":"ListItem","position":3,"name":"Veebikoolitus &#8220;S\u00f6\u00f6davad kingitused&#8221;"}]},{"@type":"WebSite","@id":"https:\/\/miilakoogid.ee\/#website","url":"https:\/\/miilakoogid.ee\/","name":"Miila koogid","description":"K\u00fcpsetamise veebikoolitused","publisher":{"@id":"https:\/\/miilakoogid.ee\/#organization"},"potentialAction":[{"@type":"SearchAction","target":{"@type":"EntryPoint","urlTemplate":"https:\/\/miilakoogid.ee\/?s={search_term_string}"},"query-input":{"@type":"PropertyValueSpecification","valueRequired":true,"valueName":"search_term_string"}}],"inLanguage":"en-US"},{"@type":"Organization","@id":"https:\/\/miilakoogid.ee\/#organization","name":"Miila koogid","url":"https:\/\/miilakoogid.ee\/","logo":{"@type":"ImageObject","inLanguage":"en-US","@id":"https:\/\/miilakoogid.ee\/#\/schema\/logo\/image\/","url":"https:\/\/miilakoogid.ee\/wp-content\/uploads\/2024\/10\/Miila-koogid-1.svg","contentUrl":"https:\/\/miilakoogid.ee\/wp-content\/uploads\/2024\/10\/Miila-koogid-1.svg","width":100,"height":100,"caption":"Miila koogid"},"image":{"@id":"https:\/\/miilakoogid.ee\/#\/schema\/logo\/image\/"}}]}},"_links":{"self":[{"href":"https:\/\/miilakoogid.ee\/en\/wp-json\/wp\/v2\/product\/10569","targetHints":{"allow":["GET"]}}],"collection":[{"href":"https:\/\/miilakoogid.ee\/en\/wp-json\/wp\/v2\/product"}],"about":[{"href":"https:\/\/miilakoogid.ee\/en\/wp-json\/wp\/v2\/types\/product"}],"replies":[{"embeddable":true,"href":"https:\/\/miilakoogid.ee\/en\/wp-json\/wp\/v2\/comments?post=10569"}],"version-history":[{"count":5,"href":"https:\/\/miilakoogid.ee\/en\/wp-json\/wp\/v2\/product\/10569\/revisions"}],"predecessor-version":[{"id":10678,"href":"https:\/\/miilakoogid.ee\/en\/wp-json\/wp\/v2\/product\/10569\/revisions\/10678"}],"wp:featuredmedia":[{"embeddable":true,"href":"https:\/\/miilakoogid.ee\/en\/wp-json\/wp\/v2\/media\/10531"}],"wp:attachment":[{"href":"https:\/\/miilakoogid.ee\/en\/wp-json\/wp\/v2\/media?parent=10569"}],"wp:term":[{"taxonomy":"product_brand","embeddable":true,"href":"https:\/\/miilakoogid.ee\/en\/wp-json\/wp\/v2\/product_brand?post=10569"},{"taxonomy":"product_cat","embeddable":true,"href":"https:\/\/miilakoogid.ee\/en\/wp-json\/wp\/v2\/product_cat?post=10569"},{"taxonomy":"product_tag","embeddable":true,"href":"https:\/\/miilakoogid.ee\/en\/wp-json\/wp\/v2\/product_tag?post=10569"}],"curies":[{"name":"wp","href":"https:\/\/api.w.org\/{rel}","templated":true}]}}